{"id":92,"date":"2025-05-20T16:20:12","date_gmt":"2025-05-20T14:20:12","guid":{"rendered":"https:\/\/www.sj-cluny.org\/nous-rejoindre\/prier-pour-les-missions\/"},"modified":"2025-10-02T21:08:38","modified_gmt":"2025-10-02T19:08:38","slug":"prier-pour-les-missions","status":"publish","type":"page","link":"https:\/\/www.sj-cluny.org\/pt\/nous-rejoindre\/prier-pour-les-missions\/","title":{"rendered":"Rezar pelas miss\u00f5es"},"content":{"rendered":"<div data-elementor-type=\"wp-page\" data-elementor-id=\"92\" class=\"elementor elementor-92\" data-elementor-post-type=\"page\">\n\t\t\t\t<div class=\"elementor-element elementor-element-dd5af8e e-con-full e-flex e-con e-child\" data-id=\"dd5af8e\" data-element_type=\"container\">\n\t\t\t\t<div class=\"elementor-element elementor-element-673ba9d elementor-widget elementor-widget-text-editor\" data-id=\"673ba9d\" data-element_type=\"widget\" data-widget_type=\"text-editor.default\">\n\t\t\t\t<div class=\"elementor-widget-container\">\n\t\t\t\t\t\t\t\t\t<p>Todos os dias, as Irm\u00e3s de S\u00e3o Jos\u00e9 de Cluny rezam por uma miss\u00e3o numa determinada \u00e1rea geogr\u00e1fica do mundo. A lista abaixo indica o dia do m\u00eas e a entidade por quem se rezada. Reze com a Congrega\u00e7\u00e3o pelas Irm\u00e3s e pela sua miss\u00e3o, como indicado abaixo:<\/p>\t\t\t\t\t\t\t\t<\/div>\n\t\t\t\t<\/div>\n\t\t\t\t<div class=\"elementor-element elementor-element-3dd68f6 elementor-widget elementor-widget-image\" data-id=\"3dd68f6\" data-element_type=\"widget\" data-widget_type=\"image.default\">\n\t\t\t\t<div class=\"elementor-widget-container\">\n\t\t\t\t\t\t\t\t\t\t\t\t\t\t\t<img fetchpriority=\"high\" decoding=\"async\" width=\"800\" height=\"320\" src=\"https:\/\/www.sj-cluny.org\/wp-content\/uploads\/2025\/07\/3-1-1024x410.jpg\" class=\"attachment-large size-large wp-image-1284\" alt=\"\" srcset=\"https:\/\/www.sj-cluny.org\/wp-content\/uploads\/2025\/07\/3-1-1024x410.jpg 1024w, https:\/\/www.sj-cluny.org\/wp-content\/uploads\/2025\/07\/3-1-300x120.jpg 300w, https:\/\/www.sj-cluny.org\/wp-content\/uploads\/2025\/07\/3-1-768x307.jpg 768w, https:\/\/www.sj-cluny.org\/wp-content\/uploads\/2025\/07\/3-1.jpg 1500w\" sizes=\"(max-width: 800px) 100vw, 800px\" \/>\t\t\t\t\t\t\t\t\t\t\t\t\t\t\t<\/div>\n\t\t\t\t<\/div>\n\t\t\t\t<div class=\"elementor-element elementor-element-d18238b elementor-widget elementor-widget-text-editor\" data-id=\"d18238b\" data-element_type=\"widget\" data-widget_type=\"text-editor.default\">\n\t\t\t\t<div class=\"elementor-widget-container\">\n\t\t\t\t\t\t\t\t\t<h3><strong>Dias de ora\u00e7\u00e3o do m\u00eas para as prov\u00edncias\/vice-prov\u00edncias\/regi\u00f5es :<\/strong><\/h3>\t\t\t\t\t\t\t\t<\/div>\n\t\t\t\t<\/div>\n\t\t\t\t<div class=\"elementor-element elementor-element-5140940 elementor-widget__width-initial elementor-widget elementor-widget-text-editor\" data-id=\"5140940\" data-element_type=\"widget\" data-widget_type=\"text-editor.default\">\n\t\t\t\t<div class=\"elementor-widget-container\">\n\t\t\t\t\t\t\t\t\t<ol>\n<li>Agrupamento General\u00edcio<\/li>\n<li>Fran\u00e7a \/ Su\u00ed\u00e7a \/ S\u00e3o Pedro e Miquelon<\/li>\n<li>Irlanda \/ Gr\u00e3-Bretanha<\/li>\n<li>Portugal<\/li>\n<li>Espanha<\/li>\n<li>Reuni\u00e3o<\/li>\n<li>Madag\u00e1scar<\/li>\n<li>Seicheles \/ Tanz\u00e2nia<\/li>\n<li>Afrique de l\u2019Ouest francophone (Senegal, N\u00edger, Togo, Burkina Faso)<\/li>\n<li>West Africa (Serra Leoa, G\u00e2mbia, Gana)<\/li>\n<li>\u00c1frica Central<\/li>\n<li>Angola \/ Guin\u00e9-Bissau \/ Nam\u00edbia<\/li>\n<li>Mo\u00e7ambique<\/li>\n<li>Guin\u00e9 Conacri<\/li>\n<li>Antilles \/ Guyane<\/li>\n<li>West Indies<\/li>\n<li>\n<p>Haiti<\/p>\n<\/li>\n<li>Per\u00fa \/ Cuba<\/li>\n<li>\n<p>Brasil<\/p>\n<\/li>\n<li>\n<p>Paraguai \/ Argentina<\/p>\n<\/li>\n<li>\n<p>Estados Unidos \/ Canad\u00e1<\/p>\n<\/li>\n<li>\n<p>Sudeste da \u00cdndia (Pondicherry)<\/p>\n<\/li>\n<li>\n<p>Sul da \u00cdndia (Trichy)<\/p>\n<\/li>\n<li>\n<p>Sudoeste da \u00cdndia (Bangalore)<\/p>\n<\/li>\n<li>\n<p>Centro-Sul da \u00cdndia (Salem)<\/p>\n<\/li>\n<li>\n<p>Nordeste da \u00cdndia \/ Nepal<\/p>\n<\/li>\n<li>\n<p>Plan\u00edcies do Norte da \u00cdndia<\/p>\n<\/li>\n<li>\n<p>Pac\u00edfico<\/p>\n<\/li>\n<li>\n<p>Nova Zel\u00e2ndia \/ Filipinas<\/p>\n<\/li>\n<li>\n<p>Austr\u00e1lia \/ Papua Nova Guin\u00e9<\/p>\n<\/li>\n<li>\n<p>Para as voca\u00e7\u00f5es<\/p>\n<\/li>\n<\/ol>\t\t\t\t\t\t\t\t<\/div>\n\t\t\t\t<\/div>\n\t\t\t\t<div class=\"elementor-element elementor-element-0050982 elementor--h-position-center elementor--v-position-middle elementor-arrows-position-inside elementor-widget elementor-widget-slides\" data-id=\"0050982\" data-element_type=\"widget\" data-settings=\"{&quot;transition_speed&quot;:200,&quot;navigation&quot;:&quot;arrows&quot;,&quot;autoplay_speed&quot;:4000,&quot;autoplay&quot;:&quot;yes&quot;,&quot;pause_on_hover&quot;:&quot;yes&quot;,&quot;pause_on_interaction&quot;:&quot;yes&quot;,&quot;infinite&quot;:&quot;yes&quot;,&quot;transition&quot;:&quot;slide&quot;}\" data-widget_type=\"slides.default\">\n\t\t\t\t<div class=\"elementor-widget-container\">\n\t\t\t\t\t\t\t\t\t<div class=\"elementor-swiper\">\n\t\t\t\t\t<div class=\"elementor-slides-wrapper elementor-main-swiper swiper\" role=\"region\" aria-roledescription=\"carousel\" aria-label=\"Deslizamentos\" dir=\"ltr\" data-animation=\"\">\n\t\t\t\t<div class=\"swiper-wrapper elementor-slides\">\n\t\t\t\t\t\t\t\t\t\t<div class=\"elementor-repeater-item-4177dad swiper-slide\" role=\"group\" aria-roledescription=\"slide\"><div class=\"swiper-slide-bg\" role=\"img\" aria-label=\"53928982035_4658929e7f_c\"><\/div><div class=\"swiper-slide-inner\" ><div class=\"swiper-slide-contents\"><\/div><\/div><\/div><div class=\"elementor-repeater-item-bc9f68a swiper-slide\" role=\"group\" aria-roledescription=\"slide\"><div class=\"swiper-slide-bg\" role=\"img\" aria-label=\"53928879034_bbbdcf8ebb_c\"><\/div><div class=\"swiper-slide-inner\" ><div class=\"swiper-slide-contents\"><\/div><\/div><\/div><div class=\"elementor-repeater-item-14a9efd swiper-slide\" role=\"group\" aria-roledescription=\"slide\"><div class=\"swiper-slide-bg\" role=\"img\" aria-label=\"53928878999_1ecc937f74_c\"><\/div><div class=\"swiper-slide-inner\" ><div class=\"swiper-slide-contents\"><\/div><\/div><\/div><div class=\"elementor-repeater-item-90a5f1d swiper-slide\" role=\"group\" aria-roledescription=\"slide\"><div class=\"swiper-slide-bg\" role=\"img\" aria-label=\"53928533296_1643a5a1b5_c\"><\/div><div class=\"swiper-slide-inner\" ><div class=\"swiper-slide-contents\"><\/div><\/div><\/div><div class=\"elementor-repeater-item-86fb354 swiper-slide\" role=\"group\" aria-roledescription=\"slide\"><div class=\"swiper-slide-bg\" role=\"img\" aria-label=\"53928981480_1471c1f597_c\"><\/div><div class=\"swiper-slide-inner\" ><div class=\"swiper-slide-contents\"><\/div><\/div><\/div><div class=\"elementor-repeater-item-639119d swiper-slide\" role=\"group\" aria-roledescription=\"slide\"><div class=\"swiper-slide-bg\" role=\"img\" aria-label=\"53928879544_1322f0b562_c\"><\/div><div class=\"swiper-slide-inner\" ><div class=\"swiper-slide-contents\"><\/div><\/div><\/div><div class=\"elementor-repeater-item-60c7b0a swiper-slide\" role=\"group\" aria-roledescription=\"slide\"><div class=\"swiper-slide-bg\" role=\"img\" aria-label=\"53928879364_aa6bc4c836_c\"><\/div><div class=\"swiper-slide-inner\" ><div class=\"swiper-slide-contents\"><\/div><\/div><\/div><div class=\"elementor-repeater-item-160d64e swiper-slide\" role=\"group\" aria-roledescription=\"slide\"><div class=\"swiper-slide-bg\" role=\"img\" aria-label=\"53928981945_315d15dba0_c\"><\/div><div class=\"swiper-slide-inner\" ><div class=\"swiper-slide-contents\"><\/div><\/div><\/div><div class=\"elementor-repeater-item-04870a2 swiper-slide\" role=\"group\" aria-roledescription=\"slide\"><div class=\"swiper-slide-bg\" role=\"img\" aria-label=\"53928879554_305f14e5bd_c\"><\/div><div class=\"swiper-slide-inner\" ><div class=\"swiper-slide-contents\"><\/div><\/div><\/div>\t\t\t\t<\/div>\n\t\t\t\t\t\t\t\t\t\t\t\t\t\t\t<div class=\"elementor-swiper-button elementor-swiper-button-prev\" role=\"button\" tabindex=\"0\" aria-label=\"Deslizamento anterior\" data-no-translation-aria-label=\"\">\n\t\t\t\t\t\t\t<svg aria-hidden=\"true\" class=\"e-font-icon-svg e-eicon-chevron-left\" viewbox=\"0 0 1000 1000\" xmlns=\"http:\/\/www.w3.org\/2000\/svg\"><path d=\"M646 125C629 125 613 133 604 142L308 442C296 454 292 471 292 487 292 504 296 521 308 533L604 854C617 867 629 875 646 875 663 875 679 871 692 858 704 846 713 829 713 812 713 796 708 779 692 767L438 487 692 225C700 217 708 204 708 187 708 171 704 154 692 142 675 129 663 125 646 125Z\"><\/path><\/svg>\t\t\t\t\t\t<\/div>\n\t\t\t\t\t\t<div class=\"elementor-swiper-button elementor-swiper-button-next\" role=\"button\" tabindex=\"0\" aria-label=\"Pr\u00f3ximo slide\" data-no-translation-aria-label=\"\">\n\t\t\t\t\t\t\t<svg aria-hidden=\"true\" class=\"e-font-icon-svg e-eicon-chevron-right\" viewbox=\"0 0 1000 1000\" xmlns=\"http:\/\/www.w3.org\/2000\/svg\"><path d=\"M696 533C708 521 713 504 713 487 713 471 708 454 696 446L400 146C388 133 375 125 354 125 338 125 325 129 313 142 300 154 292 171 292 187 292 204 296 221 308 233L563 492 304 771C292 783 288 800 288 817 288 833 296 850 308 863 321 871 338 875 354 875 371 875 388 867 400 854L696 533Z\"><\/path><\/svg>\t\t\t\t\t\t<\/div>\n\t\t\t\t\t\t\t\t\t\t\t\t\t\t\t\t\t<\/div>\n\t\t\t\t<\/div>\n\t\t\t\t\t\t\t\t<\/div>\n\t\t\t\t<\/div>\n\t\t\t\t<div class=\"elementor-element elementor-element-a0d0233 elementor-widget__width-initial elementor-widget elementor-widget-text-editor\" data-id=\"a0d0233\" data-element_type=\"widget\" data-widget_type=\"text-editor.default\">\n\t\t\t\t<div class=\"elementor-widget-container\">\n\t\t\t\t\t\t\t\t\t<p>\u00a0<\/p><p>\u00a0<\/p>\t\t\t\t\t\t\t\t<\/div>\n\t\t\t\t<\/div>\n\t\t\t\t<\/div>\n\t\t\t\t<\/div>","protected":false},"excerpt":{"rendered":"<p>Chaque jour, les S\u0153urs de Saint Joseph de Cluny prient pour une mission dans une zone g\u00e9ographique particuli\u00e8re du monde. La liste ci-dessous indique le jour du mois au cours [&hellip;]<\/p>","protected":false},"author":1,"featured_media":0,"parent":73,"menu_order":4,"comment_status":"closed","ping_status":"closed","template":"","meta":{"_acf_changed":false,"footnotes":""},"class_list":["post-92","page","type-page","status-publish","hentry"],"acf":[],"yoast_head":"<!-- This site is optimized with the Yoast SEO plugin v26.3 - https:\/\/yoast.com\/wordpress\/plugins\/seo\/ -->\n<title>Prier pour les missions - S\u0153urs de Saint-Joseph de Cluny<\/title>\n<meta name=\"robots\" content=\"index, follow, max-snippet:-1, max-image-preview:large, max-video-preview:-1\" \/>\n<link rel=\"canonical\" href=\"https:\/\/www.sj-cluny.org\/pt\/nous-rejoindre\/prier-pour-les-missions\/\" \/>\n<meta property=\"og:locale\" content=\"pt_PT\" \/>\n<meta property=\"og:type\" content=\"article\" \/>\n<meta property=\"og:title\" content=\"Prier pour les missions - S\u0153urs de Saint-Joseph de Cluny\" \/>\n<meta property=\"og:description\" content=\"Chaque jour, les S\u0153urs de Saint Joseph de Cluny prient pour une mission dans une zone g\u00e9ographique particuli\u00e8re du monde. La liste ci-dessous indique le jour du mois au cours [&hellip;]\" \/>\n<meta property=\"og:url\" content=\"https:\/\/www.sj-cluny.org\/pt\/nous-rejoindre\/prier-pour-les-missions\/\" \/>\n<meta property=\"og:site_name\" content=\"S\u0153urs de Saint-Joseph de Cluny\" \/>\n<meta property=\"article:modified_time\" content=\"2025-10-02T19:08:38+00:00\" \/>\n<meta property=\"og:image\" content=\"https:\/\/www.sj-cluny.org\/wp-content\/uploads\/2025\/07\/3-1.jpg\" \/>\n\t<meta property=\"og:image:width\" content=\"1500\" \/>\n\t<meta property=\"og:image:height\" content=\"600\" \/>\n\t<meta property=\"og:image:type\" content=\"image\/jpeg\" \/>\n<meta name=\"twitter:card\" content=\"summary_large_image\" \/>\n<meta name=\"twitter:label1\" content=\"Est. reading time\" \/>\n\t<meta name=\"twitter:data1\" content=\"1 minute\" \/>\n<script type=\"application\/ld+json\" class=\"yoast-schema-graph\">{\"@context\":\"https:\/\/schema.org\",\"@graph\":[{\"@type\":\"WebPage\",\"@id\":\"https:\/\/www.sj-cluny.org\/nous-rejoindre\/prier-pour-les-missions\/\",\"url\":\"https:\/\/www.sj-cluny.org\/nous-rejoindre\/prier-pour-les-missions\/\",\"name\":\"Prier pour les missions - S\u0153urs de Saint-Joseph de Cluny\",\"isPartOf\":{\"@id\":\"https:\/\/www.sj-cluny.org\/#website\"},\"primaryImageOfPage\":{\"@id\":\"https:\/\/www.sj-cluny.org\/nous-rejoindre\/prier-pour-les-missions\/#primaryimage\"},\"image\":{\"@id\":\"https:\/\/www.sj-cluny.org\/nous-rejoindre\/prier-pour-les-missions\/#primaryimage\"},\"thumbnailUrl\":\"https:\/\/www.sj-cluny.org\/wp-content\/uploads\/2025\/07\/3-1-1024x410.jpg\",\"datePublished\":\"2025-05-20T14:20:12+00:00\",\"dateModified\":\"2025-10-02T19:08:38+00:00\",\"breadcrumb\":{\"@id\":\"https:\/\/www.sj-cluny.org\/nous-rejoindre\/prier-pour-les-missions\/#breadcrumb\"},\"inLanguage\":\"pt-PT\",\"potentialAction\":[{\"@type\":\"ReadAction\",\"target\":[\"https:\/\/www.sj-cluny.org\/nous-rejoindre\/prier-pour-les-missions\/\"]}]},{\"@type\":\"ImageObject\",\"inLanguage\":\"pt-PT\",\"@id\":\"https:\/\/www.sj-cluny.org\/nous-rejoindre\/prier-pour-les-missions\/#primaryimage\",\"url\":\"https:\/\/www.sj-cluny.org\/wp-content\/uploads\/2025\/07\/3-1-1024x410.jpg\",\"contentUrl\":\"https:\/\/www.sj-cluny.org\/wp-content\/uploads\/2025\/07\/3-1-1024x410.jpg\"},{\"@type\":\"BreadcrumbList\",\"@id\":\"https:\/\/www.sj-cluny.org\/nous-rejoindre\/prier-pour-les-missions\/#breadcrumb\",\"itemListElement\":[{\"@type\":\"ListItem\",\"position\":1,\"name\":\"Accueil\",\"item\":\"https:\/\/www.sj-cluny.org\/\"},{\"@type\":\"ListItem\",\"position\":2,\"name\":\"Nous rejoindre\",\"item\":\"https:\/\/www.sj-cluny.org\/nous-rejoindre\/\"},{\"@type\":\"ListItem\",\"position\":3,\"name\":\"Prier pour les missions\"}]},{\"@type\":\"WebSite\",\"@id\":\"https:\/\/www.sj-cluny.org\/#website\",\"url\":\"https:\/\/www.sj-cluny.org\/\",\"name\":\"S\u0153urs de Saint-Joseph de Cluny\",\"description\":\"\",\"potentialAction\":[{\"@type\":\"SearchAction\",\"target\":{\"@type\":\"EntryPoint\",\"urlTemplate\":\"https:\/\/www.sj-cluny.org\/?s={search_term_string}\"},\"query-input\":{\"@type\":\"PropertyValueSpecification\",\"valueRequired\":true,\"valueName\":\"search_term_string\"}}],\"inLanguage\":\"pt-PT\"}]}<\/script>\n<!-- \/ Yoast SEO plugin. -->","yoast_head_json":{"title":"Prier pour les missions - S\u0153urs de Saint-Joseph de Cluny","robots":{"index":"index","follow":"follow","max-snippet":"max-snippet:-1","max-image-preview":"max-image-preview:large","max-video-preview":"max-video-preview:-1"},"canonical":"https:\/\/www.sj-cluny.org\/pt\/nous-rejoindre\/prier-pour-les-missions\/","og_locale":"pt_PT","og_type":"article","og_title":"Prier pour les missions - S\u0153urs de Saint-Joseph de Cluny","og_description":"Chaque jour, les S\u0153urs de Saint Joseph de Cluny prient pour une mission dans une zone g\u00e9ographique particuli\u00e8re du monde. La liste ci-dessous indique le jour du mois au cours [&hellip;]","og_url":"https:\/\/www.sj-cluny.org\/pt\/nous-rejoindre\/prier-pour-les-missions\/","og_site_name":"S\u0153urs de Saint-Joseph de Cluny","article_modified_time":"2025-10-02T19:08:38+00:00","og_image":[{"width":1500,"height":600,"url":"https:\/\/www.sj-cluny.org\/wp-content\/uploads\/2025\/07\/3-1.jpg","type":"image\/jpeg"}],"twitter_card":"summary_large_image","twitter_misc":{"Est. reading time":"1 minute"},"schema":{"@context":"https:\/\/schema.org","@graph":[{"@type":"WebPage","@id":"https:\/\/www.sj-cluny.org\/nous-rejoindre\/prier-pour-les-missions\/","url":"https:\/\/www.sj-cluny.org\/nous-rejoindre\/prier-pour-les-missions\/","name":"Prier pour les missions - S\u0153urs de Saint-Joseph de Cluny","isPartOf":{"@id":"https:\/\/www.sj-cluny.org\/#website"},"primaryImageOfPage":{"@id":"https:\/\/www.sj-cluny.org\/nous-rejoindre\/prier-pour-les-missions\/#primaryimage"},"image":{"@id":"https:\/\/www.sj-cluny.org\/nous-rejoindre\/prier-pour-les-missions\/#primaryimage"},"thumbnailUrl":"https:\/\/www.sj-cluny.org\/wp-content\/uploads\/2025\/07\/3-1-1024x410.jpg","datePublished":"2025-05-20T14:20:12+00:00","dateModified":"2025-10-02T19:08:38+00:00","breadcrumb":{"@id":"https:\/\/www.sj-cluny.org\/nous-rejoindre\/prier-pour-les-missions\/#breadcrumb"},"inLanguage":"pt-PT","potentialAction":[{"@type":"ReadAction","target":["https:\/\/www.sj-cluny.org\/nous-rejoindre\/prier-pour-les-missions\/"]}]},{"@type":"ImageObject","inLanguage":"pt-PT","@id":"https:\/\/www.sj-cluny.org\/nous-rejoindre\/prier-pour-les-missions\/#primaryimage","url":"https:\/\/www.sj-cluny.org\/wp-content\/uploads\/2025\/07\/3-1-1024x410.jpg","contentUrl":"https:\/\/www.sj-cluny.org\/wp-content\/uploads\/2025\/07\/3-1-1024x410.jpg"},{"@type":"BreadcrumbList","@id":"https:\/\/www.sj-cluny.org\/nous-rejoindre\/prier-pour-les-missions\/#breadcrumb","itemListElement":[{"@type":"ListItem","position":1,"name":"Accueil","item":"https:\/\/www.sj-cluny.org\/"},{"@type":"ListItem","position":2,"name":"Nous rejoindre","item":"https:\/\/www.sj-cluny.org\/nous-rejoindre\/"},{"@type":"ListItem","position":3,"name":"Prier pour les missions"}]},{"@type":"WebSite","@id":"https:\/\/www.sj-cluny.org\/#website","url":"https:\/\/www.sj-cluny.org\/","name":"Irm\u00e3s de S\u00e3o Jos\u00e9 de Cluny","description":"","potentialAction":[{"@type":"SearchAction","target":{"@type":"EntryPoint","urlTemplate":"https:\/\/www.sj-cluny.org\/?s={search_term_string}"},"query-input":{"@type":"PropertyValueSpecification","valueRequired":true,"valueName":"search_term_string"}}],"inLanguage":"pt-PT"}]}},"_links":{"self":[{"href":"https:\/\/www.sj-cluny.org\/pt\/wp-json\/wp\/v2\/pages\/92","targetHints":{"allow":["GET"]}}],"collection":[{"href":"https:\/\/www.sj-cluny.org\/pt\/wp-json\/wp\/v2\/pages"}],"about":[{"href":"https:\/\/www.sj-cluny.org\/pt\/wp-json\/wp\/v2\/types\/page"}],"author":[{"embeddable":true,"href":"https:\/\/www.sj-cluny.org\/pt\/wp-json\/wp\/v2\/users\/1"}],"replies":[{"embeddable":true,"href":"https:\/\/www.sj-cluny.org\/pt\/wp-json\/wp\/v2\/comments?post=92"}],"version-history":[{"count":10,"href":"https:\/\/www.sj-cluny.org\/pt\/wp-json\/wp\/v2\/pages\/92\/revisions"}],"predecessor-version":[{"id":4014,"href":"https:\/\/www.sj-cluny.org\/pt\/wp-json\/wp\/v2\/pages\/92\/revisions\/4014"}],"up":[{"embeddable":true,"href":"https:\/\/www.sj-cluny.org\/pt\/wp-json\/wp\/v2\/pages\/73"}],"wp:attachment":[{"href":"https:\/\/www.sj-cluny.org\/pt\/wp-json\/wp\/v2\/media?parent=92"}],"curies":[{"name":"wp","href":"https:\/\/api.w.org\/{rel}","templated":true}]}}