{"id":84,"date":"2025-05-20T16:19:12","date_gmt":"2025-05-20T14:19:12","guid":{"rendered":"https:\/\/www.sj-cluny.org\/notre-histoire\/anne-marie-javouhey\/prieres-a-amj\/"},"modified":"2025-09-08T22:24:50","modified_gmt":"2025-09-08T20:24:50","slug":"prieres-a-amj","status":"publish","type":"page","link":"https:\/\/www.sj-cluny.org\/pt\/notre-histoire\/anne-marie-javouhey\/prieres-a-amj\/","title":{"rendered":"Ora\u00e7\u00f5es para AMJ"},"content":{"rendered":"<div data-elementor-type=\"wp-page\" data-elementor-id=\"84\" class=\"elementor elementor-84\" data-elementor-post-type=\"page\">\n\t\t\t\t<div class=\"elementor-element elementor-element-35b34c12 e-flex e-con-boxed e-con e-parent\" data-id=\"35b34c12\" data-element_type=\"container\">\n\t\t\t\t\t<div class=\"e-con-inner\">\n\t\t\t\t<div class=\"elementor-element elementor-element-67fa1ccd elementor-widget elementor-widget-text-editor\" data-id=\"67fa1ccd\" data-element_type=\"widget\" data-widget_type=\"text-editor.default\">\n\t\t\t\t<div class=\"elementor-widget-container\">\n\t\t\t\t\t\t\t\t\t<p>Como membros da mesma fam\u00edlia de Cluny, as Irm\u00e3s de S\u00e3o Jos\u00e9 de Cluny est\u00e3o unidas na ora\u00e7\u00e3o quotidiana \u00e0 sua fundadora, a Beata Ana Maria Javouhey. Como ela, pedimos a Deus que nos encha do seu amor para nos ajudar a fazer a sua santa vontade em todos os momentos e em todos os lugares. Rezai com as irm\u00e3s de S\u00e3o Jos\u00e9 de Cluny para que esta grande mission\u00e1ria nos oriente diariamente na busca da vontade de Deus!<\/p>\t\t\t\t\t\t\t\t<\/div>\n\t\t\t\t<\/div>\n\t\t\t\t<div class=\"elementor-element elementor-element-0dd96ec elementor-widget elementor-widget-heading\" data-id=\"0dd96ec\" data-element_type=\"widget\" data-widget_type=\"heading.default\">\n\t\t\t\t<div class=\"elementor-widget-container\">\n\t\t\t\t\t<h2 class=\"elementor-heading-title elementor-size-default\">Obtende-nos um cora\u00e7\u00e3o como o vosso<\/h2>\t\t\t\t<\/div>\n\t\t\t\t<\/div>\n\t\t\t\t<div class=\"elementor-element elementor-element-4177da90 elementor-widget elementor-widget-text-editor\" data-id=\"4177da90\" data-element_type=\"widget\" data-widget_type=\"text-editor.default\">\n\t\t\t\t<div class=\"elementor-widget-container\">\n\t\t\t\t\t\t\t\t\t<blockquote><p>\u00d3 Bem Ana Maria Javouhey, aventurada  cora\u00e7\u00e3o s\u00f3 batia por Deus e pelas almas, ensinai-nos a amar como v\u00f3s, a rezar como v\u00f3s, a sofrer e a perdoar como v\u00f3s, a darmo-nos como v\u00f3s. Obtende-nos um cora\u00e7\u00e3o como o vosso, apaixonado pela vontade de Deus, crendo no seu amor atrav\u00e9s de tudo, um cora\u00e7\u00e3o forte e bom, ardente e puro, leal e fiel, humilde e confiante, um cora\u00e7\u00e3o pronto para qualquer sacrif\u00edcio, um cora\u00e7\u00e3o como os de Jesus, Maria e Jos\u00e9. Am\u00e9m<\/p><\/blockquote>\t\t\t\t\t\t\t\t<\/div>\n\t\t\t\t<\/div>\n\t\t\t\t<div class=\"elementor-element elementor-element-b3012e1 elementor-widget elementor-widget-heading\" data-id=\"b3012e1\" data-element_type=\"widget\" data-widget_type=\"heading.default\">\n\t\t\t\t<div class=\"elementor-widget-container\">\n\t\t\t\t\t<h2 class=\"elementor-heading-title elementor-size-default\">Obtende-nos a vossa f\u00e9 ardente<\/h2>\t\t\t\t<\/div>\n\t\t\t\t<\/div>\n\t\t\t\t<div class=\"elementor-element elementor-element-2d8d9da elementor-widget elementor-widget-text-editor\" data-id=\"2d8d9da\" data-element_type=\"widget\" data-widget_type=\"text-editor.default\">\n\t\t\t\t<div class=\"elementor-widget-container\">\n\t\t\t\t\t\t\t\t\t<blockquote><p>\u00d3 Beata Ana Maria, que, a exemplo de Cristo, fizeste da vontade do Pai o teu alimento e da salva\u00e7\u00e3o das almas o objeto constante do teu zelo,<br \/>Alcan\u00e7ai-nos a vossa f\u00e9 ardente que nos faz reconhecer, amar e cumprir toda a vontade de Deus: a vossa her\u00f3ica confian\u00e7a e abandono na Provid\u00eancia, o vosso amor soberano a Deus e \u00e0s almas. Am\u00e9m<\/p><\/blockquote>\t\t\t\t\t\t\t\t<\/div>\n\t\t\t\t<\/div>\n\t\t\t\t<div class=\"elementor-element elementor-element-6202306 elementor-widget elementor-widget-spyrit_elementor_widget_masonry\" data-id=\"6202306\" data-element_type=\"widget\" data-widget_type=\"spyrit_elementor_widget_masonry.default\">\n\t\t\t\t<div class=\"elementor-widget-container\">\n\t\t\t\t\t        <div class='spyrit-elementor-widget widget-masonry'>\n            <div class=\"masonry-grid v2\">\n                <div class=\"col-1\">\n                                            <img decoding=\"async\" class=\"image-1\" src=\"https:\/\/www.sj-cluny.org\/wp-content\/uploads\/2025\/07\/amj-logo.jpg\" alt=\"\">\n                    \n                    \n                                            <img decoding=\"async\" class=\"image-2\" src=\"https:\/\/www.sj-cluny.org\/wp-content\/uploads\/2025\/07\/iris-for-web-scaled.jpg\" alt=\"\">\n                    \n                                    <\/div>\n                <div class=\"col-2\">\n                    \n                                            <img decoding=\"async\" class=\"image-3\" src=\"https:\/\/www.sj-cluny.org\/wp-content\/uploads\/2025\/07\/candlelogo.jpg\" alt=\"\">\n                                    <\/div>\n            <\/div>\n        <\/div>\n        \t\t\t\t<\/div>\n\t\t\t\t<\/div>\n\t\t\t\t<div class=\"elementor-element elementor-element-423e43d elementor-widget elementor-widget-heading\" data-id=\"423e43d\" data-element_type=\"widget\" data-widget_type=\"heading.default\">\n\t\t\t\t<div class=\"elementor-widget-container\">\n\t\t\t\t\t<h2 class=\"elementor-heading-title elementor-size-default\">Ana-Maria, sempre procurou a luz<\/h2>\t\t\t\t<\/div>\n\t\t\t\t<\/div>\n\t\t\t\t<div class=\"elementor-element elementor-element-74eadcc elementor-widget elementor-widget-text-editor\" data-id=\"74eadcc\" data-element_type=\"widget\" data-widget_type=\"text-editor.default\">\n\t\t\t\t<div class=\"elementor-widget-container\">\n\t\t\t\t\t\t\t\t\t<blockquote><p>Beata Ana Maria, sempre procuraste luz e for\u00e7a no cora\u00e7\u00e3o de Cristo. Ensina-nos a viver em constante comunh\u00e3o com Ele, para que possamos fazer a vontade do Pai sem reservas. Guia-nos pelo caminho do amor que passa pela pobreza, abnega\u00e7\u00e3o e disponibilidade. Permite-nos revelar a presen\u00e7a e a ternura de Deus aos nossos irm\u00e3os e irm\u00e3s, para gl\u00f3ria do Pai, do Filho e do Esp\u00edrito. Am\u00e9m<\/p><\/blockquote>\t\t\t\t\t\t\t\t<\/div>\n\t\t\t\t<\/div>\n\t\t\t\t<div class=\"elementor-element elementor-element-29f4e5d elementor-widget elementor-widget-heading\" data-id=\"29f4e5d\" data-element_type=\"widget\" data-widget_type=\"heading.default\">\n\t\t\t\t<div class=\"elementor-widget-container\">\n\t\t\t\t\t<h2 class=\"elementor-heading-title elementor-size-default\">A gra\u00e7a da sua canoniza\u00e7\u00e3o<\/h2>\t\t\t\t<\/div>\n\t\t\t\t<\/div>\n\t\t\t\t<div class=\"elementor-element elementor-element-f30ee0b elementor-widget elementor-widget-text-editor\" data-id=\"f30ee0b\" data-element_type=\"widget\" data-widget_type=\"text-editor.default\">\n\t\t\t\t<div class=\"elementor-widget-container\">\n\t\t\t\t\t\t\t\t\t<blockquote><p>Senhor nosso Deus, destes \u00e0 Beata Ana Maria o dom de se dedicar de todas as maneiras a fazer a vossa santa vontade e de estar atenta aos vossos apelos na pessoa dos seus irm\u00e3os mais pobres. Concedei-nos que, na Igreja do nosso tempo, prossigamos com entusiasmo a obra que lhe confiastes. Por sua intercess\u00e3o, ouvi as nossas preces junto de v\u00f3s...<br \/>Na Vossa bondade, concedei-nos a gra\u00e7a da sua canoniza\u00e7\u00e3o para Vossa gl\u00f3ria e para a vinda do Vosso Reino de amor, de justi\u00e7a e de paz. Am\u00e9m<\/p><\/blockquote>\t\t\t\t\t\t\t\t<\/div>\n\t\t\t\t<\/div>\n\t\t\t\t\t<\/div>\n\t\t\t\t<\/div>\n\t\t\t\t<\/div>","protected":false},"excerpt":{"rendered":"<p>En tant que membres d\u2019une m\u00eame famille de Cluny, les s\u0153urs de Saint Joseph de Cluny sont unies dans la pri\u00e8re quotidienne \u00e0 leur fondatrice, la bienheureuse Anne-Marie Javouhey. Comme [&hellip;]<\/p>","protected":false},"author":1,"featured_media":0,"parent":79,"menu_order":3,"comment_status":"closed","ping_status":"closed","template":"","meta":{"_acf_changed":false,"footnotes":""},"class_list":["post-84","page","type-page","status-publish","hentry"],"acf":[],"yoast_head":"<!-- This site is optimized with the Yoast SEO plugin v26.3 - https:\/\/yoast.com\/wordpress\/plugins\/seo\/ -->\n<title>Pri\u00e8res \u00e0 AMJ - S\u0153urs de Saint-Joseph de Cluny<\/title>\n<meta name=\"robots\" content=\"index, follow, max-snippet:-1, max-image-preview:large, max-video-preview:-1\" \/>\n<link rel=\"canonical\" href=\"https:\/\/www.sj-cluny.org\/pt\/notre-histoire\/anne-marie-javouhey\/prieres-a-amj\/\" \/>\n<meta property=\"og:locale\" content=\"pt_PT\" \/>\n<meta property=\"og:type\" content=\"article\" \/>\n<meta property=\"og:title\" content=\"Pri\u00e8res \u00e0 AMJ - S\u0153urs de Saint-Joseph de Cluny\" \/>\n<meta property=\"og:description\" content=\"En tant que membres d\u2019une m\u00eame famille de Cluny, les s\u0153urs de Saint Joseph de Cluny sont unies dans la pri\u00e8re quotidienne \u00e0 leur fondatrice, la bienheureuse Anne-Marie Javouhey. Comme [&hellip;]\" \/>\n<meta property=\"og:url\" content=\"https:\/\/www.sj-cluny.org\/pt\/notre-histoire\/anne-marie-javouhey\/prieres-a-amj\/\" \/>\n<meta property=\"og:site_name\" content=\"S\u0153urs de Saint-Joseph de Cluny\" \/>\n<meta property=\"article:modified_time\" content=\"2025-09-08T20:24:50+00:00\" \/>\n<meta property=\"og:image\" content=\"https:\/\/www.sj-cluny.org\/wp-content\/uploads\/2025\/07\/amj-logo.jpg\" \/>\n<meta name=\"twitter:card\" content=\"summary_large_image\" \/>\n<meta name=\"twitter:label1\" content=\"Est. reading time\" \/>\n\t<meta name=\"twitter:data1\" content=\"2 minutes\" \/>\n<script type=\"application\/ld+json\" class=\"yoast-schema-graph\">{\"@context\":\"https:\/\/schema.org\",\"@graph\":[{\"@type\":\"WebPage\",\"@id\":\"https:\/\/www.sj-cluny.org\/notre-histoire\/anne-marie-javouhey\/prieres-a-amj\/\",\"url\":\"https:\/\/www.sj-cluny.org\/notre-histoire\/anne-marie-javouhey\/prieres-a-amj\/\",\"name\":\"Pri\u00e8res \u00e0 AMJ - S\u0153urs de Saint-Joseph de Cluny\",\"isPartOf\":{\"@id\":\"https:\/\/www.sj-cluny.org\/#website\"},\"primaryImageOfPage\":{\"@id\":\"https:\/\/www.sj-cluny.org\/notre-histoire\/anne-marie-javouhey\/prieres-a-amj\/#primaryimage\"},\"image\":{\"@id\":\"https:\/\/www.sj-cluny.org\/notre-histoire\/anne-marie-javouhey\/prieres-a-amj\/#primaryimage\"},\"thumbnailUrl\":\"https:\/\/www.sj-cluny.org\/wp-content\/uploads\/2025\/07\/amj-logo.jpg\",\"datePublished\":\"2025-05-20T14:19:12+00:00\",\"dateModified\":\"2025-09-08T20:24:50+00:00\",\"breadcrumb\":{\"@id\":\"https:\/\/www.sj-cluny.org\/notre-histoire\/anne-marie-javouhey\/prieres-a-amj\/#breadcrumb\"},\"inLanguage\":\"pt-PT\",\"potentialAction\":[{\"@type\":\"ReadAction\",\"target\":[\"https:\/\/www.sj-cluny.org\/notre-histoire\/anne-marie-javouhey\/prieres-a-amj\/\"]}]},{\"@type\":\"ImageObject\",\"inLanguage\":\"pt-PT\",\"@id\":\"https:\/\/www.sj-cluny.org\/notre-histoire\/anne-marie-javouhey\/prieres-a-amj\/#primaryimage\",\"url\":\"https:\/\/www.sj-cluny.org\/wp-content\/uploads\/2025\/07\/amj-logo.jpg\",\"contentUrl\":\"https:\/\/www.sj-cluny.org\/wp-content\/uploads\/2025\/07\/amj-logo.jpg\"},{\"@type\":\"BreadcrumbList\",\"@id\":\"https:\/\/www.sj-cluny.org\/notre-histoire\/anne-marie-javouhey\/prieres-a-amj\/#breadcrumb\",\"itemListElement\":[{\"@type\":\"ListItem\",\"position\":1,\"name\":\"Accueil\",\"item\":\"https:\/\/www.sj-cluny.org\/\"},{\"@type\":\"ListItem\",\"position\":2,\"name\":\"Notre histoire\",\"item\":\"https:\/\/www.sj-cluny.org\/notre-histoire\/\"},{\"@type\":\"ListItem\",\"position\":3,\"name\":\"Anne-Marie Javouhey\",\"item\":\"https:\/\/www.sj-cluny.org\/notre-histoire\/anne-marie-javouhey\/\"},{\"@type\":\"ListItem\",\"position\":4,\"name\":\"Pri\u00e8res \u00e0 AMJ\"}]},{\"@type\":\"WebSite\",\"@id\":\"https:\/\/www.sj-cluny.org\/#website\",\"url\":\"https:\/\/www.sj-cluny.org\/\",\"name\":\"S\u0153urs de Saint-Joseph de Cluny\",\"description\":\"\",\"potentialAction\":[{\"@type\":\"SearchAction\",\"target\":{\"@type\":\"EntryPoint\",\"urlTemplate\":\"https:\/\/www.sj-cluny.org\/?s={search_term_string}\"},\"query-input\":{\"@type\":\"PropertyValueSpecification\",\"valueRequired\":true,\"valueName\":\"search_term_string\"}}],\"inLanguage\":\"pt-PT\"}]}<\/script>\n<!-- \/ Yoast SEO plugin. -->","yoast_head_json":{"title":"Pri\u00e8res \u00e0 AMJ - S\u0153urs de Saint-Joseph de Cluny","robots":{"index":"index","follow":"follow","max-snippet":"max-snippet:-1","max-image-preview":"max-image-preview:large","max-video-preview":"max-video-preview:-1"},"canonical":"https:\/\/www.sj-cluny.org\/pt\/notre-histoire\/anne-marie-javouhey\/prieres-a-amj\/","og_locale":"pt_PT","og_type":"article","og_title":"Pri\u00e8res \u00e0 AMJ - S\u0153urs de Saint-Joseph de Cluny","og_description":"En tant que membres d\u2019une m\u00eame famille de Cluny, les s\u0153urs de Saint Joseph de Cluny sont unies dans la pri\u00e8re quotidienne \u00e0 leur fondatrice, la bienheureuse Anne-Marie Javouhey. Comme [&hellip;]","og_url":"https:\/\/www.sj-cluny.org\/pt\/notre-histoire\/anne-marie-javouhey\/prieres-a-amj\/","og_site_name":"S\u0153urs de Saint-Joseph de Cluny","article_modified_time":"2025-09-08T20:24:50+00:00","og_image":[{"url":"https:\/\/www.sj-cluny.org\/wp-content\/uploads\/2025\/07\/amj-logo.jpg","type":"","width":"","height":""}],"twitter_card":"summary_large_image","twitter_misc":{"Est. reading time":"2 minutes"},"schema":{"@context":"https:\/\/schema.org","@graph":[{"@type":"WebPage","@id":"https:\/\/www.sj-cluny.org\/notre-histoire\/anne-marie-javouhey\/prieres-a-amj\/","url":"https:\/\/www.sj-cluny.org\/notre-histoire\/anne-marie-javouhey\/prieres-a-amj\/","name":"Pri\u00e8res \u00e0 AMJ - S\u0153urs de Saint-Joseph de Cluny","isPartOf":{"@id":"https:\/\/www.sj-cluny.org\/#website"},"primaryImageOfPage":{"@id":"https:\/\/www.sj-cluny.org\/notre-histoire\/anne-marie-javouhey\/prieres-a-amj\/#primaryimage"},"image":{"@id":"https:\/\/www.sj-cluny.org\/notre-histoire\/anne-marie-javouhey\/prieres-a-amj\/#primaryimage"},"thumbnailUrl":"https:\/\/www.sj-cluny.org\/wp-content\/uploads\/2025\/07\/amj-logo.jpg","datePublished":"2025-05-20T14:19:12+00:00","dateModified":"2025-09-08T20:24:50+00:00","breadcrumb":{"@id":"https:\/\/www.sj-cluny.org\/notre-histoire\/anne-marie-javouhey\/prieres-a-amj\/#breadcrumb"},"inLanguage":"pt-PT","potentialAction":[{"@type":"ReadAction","target":["https:\/\/www.sj-cluny.org\/notre-histoire\/anne-marie-javouhey\/prieres-a-amj\/"]}]},{"@type":"ImageObject","inLanguage":"pt-PT","@id":"https:\/\/www.sj-cluny.org\/notre-histoire\/anne-marie-javouhey\/prieres-a-amj\/#primaryimage","url":"https:\/\/www.sj-cluny.org\/wp-content\/uploads\/2025\/07\/amj-logo.jpg","contentUrl":"https:\/\/www.sj-cluny.org\/wp-content\/uploads\/2025\/07\/amj-logo.jpg"},{"@type":"BreadcrumbList","@id":"https:\/\/www.sj-cluny.org\/notre-histoire\/anne-marie-javouhey\/prieres-a-amj\/#breadcrumb","itemListElement":[{"@type":"ListItem","position":1,"name":"Accueil","item":"https:\/\/www.sj-cluny.org\/"},{"@type":"ListItem","position":2,"name":"Notre histoire","item":"https:\/\/www.sj-cluny.org\/notre-histoire\/"},{"@type":"ListItem","position":3,"name":"Anne-Marie Javouhey","item":"https:\/\/www.sj-cluny.org\/notre-histoire\/anne-marie-javouhey\/"},{"@type":"ListItem","position":4,"name":"Pri\u00e8res \u00e0 AMJ"}]},{"@type":"WebSite","@id":"https:\/\/www.sj-cluny.org\/#website","url":"https:\/\/www.sj-cluny.org\/","name":"Irm\u00e3s de S\u00e3o Jos\u00e9 de Cluny","description":"","potentialAction":[{"@type":"SearchAction","target":{"@type":"EntryPoint","urlTemplate":"https:\/\/www.sj-cluny.org\/?s={search_term_string}"},"query-input":{"@type":"PropertyValueSpecification","valueRequired":true,"valueName":"search_term_string"}}],"inLanguage":"pt-PT"}]}},"_links":{"self":[{"href":"https:\/\/www.sj-cluny.org\/pt\/wp-json\/wp\/v2\/pages\/84","targetHints":{"allow":["GET"]}}],"collection":[{"href":"https:\/\/www.sj-cluny.org\/pt\/wp-json\/wp\/v2\/pages"}],"about":[{"href":"https:\/\/www.sj-cluny.org\/pt\/wp-json\/wp\/v2\/types\/page"}],"author":[{"embeddable":true,"href":"https:\/\/www.sj-cluny.org\/pt\/wp-json\/wp\/v2\/users\/1"}],"replies":[{"embeddable":true,"href":"https:\/\/www.sj-cluny.org\/pt\/wp-json\/wp\/v2\/comments?post=84"}],"version-history":[{"count":10,"href":"https:\/\/www.sj-cluny.org\/pt\/wp-json\/wp\/v2\/pages\/84\/revisions"}],"predecessor-version":[{"id":3303,"href":"https:\/\/www.sj-cluny.org\/pt\/wp-json\/wp\/v2\/pages\/84\/revisions\/3303"}],"up":[{"embeddable":true,"href":"https:\/\/www.sj-cluny.org\/pt\/wp-json\/wp\/v2\/pages\/79"}],"wp:attachment":[{"href":"https:\/\/www.sj-cluny.org\/pt\/wp-json\/wp\/v2\/media?parent=84"}],"curies":[{"name":"wp","href":"https:\/\/api.w.org\/{rel}","templated":true}]}}