{"id":82,"date":"2025-05-20T16:19:12","date_gmt":"2025-05-20T14:19:12","guid":{"rendered":"https:\/\/www.sj-cluny.org\/notre-histoire\/anne-marie-javouhey\/histoire\/"},"modified":"2025-09-08T21:48:17","modified_gmt":"2025-09-08T19:48:17","slug":"histoire","status":"publish","type":"page","link":"https:\/\/www.sj-cluny.org\/pt\/notre-histoire\/anne-marie-javouhey\/histoire\/","title":{"rendered":"Hist\u00f3ria"},"content":{"rendered":"<div data-elementor-type=\"wp-page\" data-elementor-id=\"82\" class=\"elementor elementor-82\" data-elementor-post-type=\"page\">\n\t\t\t\t<div class=\"elementor-element elementor-element-3339dabb e-flex e-con-boxed e-con e-parent\" data-id=\"3339dabb\" data-element_type=\"container\">\n\t\t\t\t\t<div class=\"e-con-inner\">\n\t\t<div class=\"elementor-element elementor-element-24f6a4c e-con-full e-flex e-con e-child\" data-id=\"24f6a4c\" data-element_type=\"container\">\n\t\t<div class=\"elementor-element elementor-element-bb2b242 e-con-full e-flex e-con e-child\" data-id=\"bb2b242\" data-element_type=\"container\">\n\t\t\t\t<div class=\"elementor-element elementor-element-7ac304d elementor-widget elementor-widget-text-editor\" data-id=\"7ac304d\" data-element_type=\"widget\" data-widget_type=\"text-editor.default\">\n\t\t\t\t<div class=\"elementor-widget-container\">\n\t\t\t\t\t\t\t\t\t<p>Ana-Marie Javouhey, nascida a 10 de novembro de 1779 na aldeia de Chamblanc, na Borgonha, ouviu o chamamento de Deus para proclamar o seu amor a todos os homens dos cinco continentes, independentemente da sua cultura, religi\u00e3o ou condi\u00e7\u00e3o social. Eis as datas mais importantes da sua vida.<\/p>\t\t\t\t\t\t\t\t<\/div>\n\t\t\t\t<\/div>\n\t\t\t\t<\/div>\n\t\t<div class=\"elementor-element elementor-element-73b51fd e-con-full e-flex e-con e-child\" data-id=\"73b51fd\" data-element_type=\"container\">\n\t\t\t\t<div class=\"elementor-element elementor-element-54ee271 elementor-widget elementor-widget-image\" data-id=\"54ee271\" data-element_type=\"widget\" data-widget_type=\"image.default\">\n\t\t\t\t<div class=\"elementor-widget-container\">\n\t\t\t\t\t\t\t\t\t\t\t\t\t\t\t<img fetchpriority=\"high\" decoding=\"async\" width=\"300\" height=\"225\" src=\"https:\/\/www.sj-cluny.org\/wp-content\/uploads\/2025\/08\/signinchamblac-300x225-1.jpg\" class=\"attachment-large size-large wp-image-3030\" alt=\"\" srcset=\"https:\/\/www.sj-cluny.org\/wp-content\/uploads\/2025\/08\/signinchamblac-300x225-1.jpg 300w, https:\/\/www.sj-cluny.org\/wp-content\/uploads\/2025\/08\/signinchamblac-300x225-1-16x12.jpg 16w, https:\/\/www.sj-cluny.org\/wp-content\/uploads\/2025\/08\/signinchamblac-300x225-1-298x225.jpg 298w\" sizes=\"(max-width: 300px) 100vw, 300px\" \/>\t\t\t\t\t\t\t\t\t\t\t\t\t\t\t<\/div>\n\t\t\t\t<\/div>\n\t\t\t\t<\/div>\n\t\t\t\t<\/div>\n\t\t\t\t<div class=\"elementor-element elementor-element-c395647 elementor-widget elementor-widget-heading\" data-id=\"c395647\" data-element_type=\"widget\" data-widget_type=\"heading.default\">\n\t\t\t\t<div class=\"elementor-widget-container\">\n\t\t\t\t\t<h2 class=\"elementor-heading-title elementor-size-default\">Datas importantes<\/h2>\t\t\t\t<\/div>\n\t\t\t\t<\/div>\n\t\t\t\t<div class=\"elementor-element elementor-element-6ff53354 elementor-widget elementor-widget-text-editor\" data-id=\"6ff53354\" data-element_type=\"widget\" data-widget_type=\"text-editor.default\">\n\t\t\t\t<div class=\"elementor-widget-container\">\n\t\t\t\t\t\t\t\t\t<ul><li>1779<b> : <\/b>10 de novembro, nascimento de Anne-Marie Javouhey numa aldeia da Borgonha, em Fran\u00e7a<\/li><li><b style=\"background-color: transparent; text-wrap-mode: initial;\">1798 : <\/b><span style=\"background-color: transparent; text-wrap-mode: initial;\">11 de novembro, consagra\u00e7\u00e3o a Deus durante uma missa clandestina<\/span><\/li><li><strong style=\"background-color: transparent; text-wrap-mode: initial;\">1807 : <\/strong><strong style=\"background-color: transparent; text-wrap-mode: initial;\">Funda\u00e7\u00e3o da congrega\u00e7\u00e3o em Chalon-sur-Sa\u00f4ne<\/strong><\/li><li><b style=\"font-family: var( --e-global-typography-secondary-font-family ), Sans-serif; font-style: var( --e-global-typography-secondary-font-style ); text-transform: var( --e-global-typography-secondary-text-transform ); text-align: var(--text-align);\"><b style=\"text-wrap-mode: initial;\"><b style=\"text-wrap-mode: initial;\"><b style=\"text-wrap-mode: initial;\"><b style=\"text-wrap-mode: initial;\"><strong style=\"text-wrap-mode: initial;\"><strong style=\"background-color: transparent; text-wrap-mode: initial;\">1812<\/strong>\u00a0: <\/strong><span style=\"text-wrap-mode: initial; font-weight: 500;\">Aquisi\u00e7\u00e3o da casa de Cluny; a congrega\u00e7\u00e3o toma o nome de S\u00e3o Jos\u00e9 de Cluny<\/span><\/b><\/b><\/b><\/b><\/b><\/li><\/ul>\t\t\t\t\t\t\t\t<\/div>\n\t\t\t\t<\/div>\n\t\t\t\t<div class=\"elementor-element elementor-element-a32bb48 elementor-widget elementor-widget-text-editor\" data-id=\"a32bb48\" data-element_type=\"widget\" data-widget_type=\"text-editor.default\">\n\t\t\t\t<div class=\"elementor-widget-container\">\n\t\t\t\t\t\t\t\t\t<ul><li><strong>1817 : <\/strong>As Irm\u00e3s partiram para a Ilha de Bourbon (Ilha da Reuni\u00e3o) e mais tarde para o Senegal, as Antilhas francesas e inglesas, Saint Pierre e Miquelon, \u00cdndia, Oce\u00e2nia e Madag\u00e1scar.<\/li><li><strong>1822 : <\/strong>O fundador parte para dois anos em \u00c1frica: Senegal, G\u00e2mbia, Serra Leoa<\/li><li><strong>1828 : <\/strong>Foi para Man\u00e1, na Guiana Francesa, at\u00e9 1833.<\/li><li><strong>1835 : <\/strong>Segunda visita da Madre Javouhey \u00e0 Guiana Francesa, onde o governo lhe confiou a tarefa de preparar a liberta\u00e7\u00e3o de centenas de escravos<\/li><li><strong>1840 : <\/strong>19 de setembro: ordena\u00e7\u00e3o em Paris dos tr\u00eas primeiros sacerdotes senegaleses formados pela Madre Javouhey<\/li><li><strong>1843 : <\/strong>Em agosto, a Madre Javouhey regressa \u00e0 Fran\u00e7a depois de todos os escravos de Man\u00e1 terem sido libertados.<\/li><li><strong>1849 : <\/strong>Aquisi\u00e7\u00e3o da casa que viria a ser a Casa-M\u00e3e, em Faubourg Saint Jacques, Paris<\/li><\/ul>\t\t\t\t\t\t\t\t<\/div>\n\t\t\t\t<\/div>\n\t\t\t\t<div class=\"elementor-element elementor-element-d5e986e elementor-widget elementor-widget-image\" data-id=\"d5e986e\" data-element_type=\"widget\" data-widget_type=\"image.default\">\n\t\t\t\t<div class=\"elementor-widget-container\">\n\t\t\t\t\t\t\t\t\t\t\t\t\t\t\t<img decoding=\"async\" width=\"250\" height=\"188\" src=\"https:\/\/www.sj-cluny.org\/wp-content\/uploads\/2025\/08\/logobackofchapel.jpg\" class=\"attachment-large size-large wp-image-3029\" alt=\"\" srcset=\"https:\/\/www.sj-cluny.org\/wp-content\/uploads\/2025\/08\/logobackofchapel.jpg 250w, https:\/\/www.sj-cluny.org\/wp-content\/uploads\/2025\/08\/logobackofchapel-16x12.jpg 16w\" sizes=\"(max-width: 250px) 100vw, 250px\" \/>\t\t\t\t\t\t\t\t\t\t\t\t\t\t\t<\/div>\n\t\t\t\t<\/div>\n\t\t\t\t<div class=\"elementor-element elementor-element-c036984 elementor-widget elementor-widget-text-editor\" data-id=\"c036984\" data-element_type=\"widget\" data-widget_type=\"text-editor.default\">\n\t\t\t\t<div class=\"elementor-widget-container\">\n\t\t\t\t\t\t\t\t\t<ul><li><strong>1851<\/strong> : 15 de julho: morte de Ana Maria Javouhey em Paris. Deixa mais de 1.000 Irm\u00e3s em 140 comunidades nas cinco partes do mundo.<\/li><li><strong>1950 : <\/strong>Beatifica\u00e7\u00e3o de Ana Maria Javouhey em Roma pelo Papa Pio XII.<\/li><li><strong>2004 : <\/strong>Lan\u00e7adas em 2004 no \u00e2mbito do \"Ano Internacional da Comemora\u00e7\u00e3o da Luta contra a Escravatura e a sua Aboli\u00e7\u00e3o\", Chamblanc, Seurre e Jallanges (cidades de inf\u00e2ncia de Ana-Maria Javouhey) fazem parte do projeto internacional \"Rota da Aboli\u00e7\u00e3o\" da UNESCO.<\/li><li><strong>2011 : <\/strong>Os descendentes dos 185 escravos libertados por Ana-Maria Javouhey em 1838 seguem os passos da sua \"ch\u00e9 M\u00e9\" para plantar a floresta da mem\u00f3ria em tr\u00eas locais: Jallanges, a aldeia onde nasceu, Seurre, onde foi baptizada, e Chamblanc, a aldeia onde cresceu.<\/li><\/ul>\t\t\t\t\t\t\t\t<\/div>\n\t\t\t\t<\/div>\n\t\t\t\t<div class=\"elementor-element elementor-element-a50dad5 elementor-widget elementor-widget-heading\" data-id=\"a50dad5\" data-element_type=\"widget\" data-widget_type=\"heading.default\">\n\t\t\t\t<div class=\"elementor-widget-container\">\n\t\t\t\t\t<h2 class=\"elementor-heading-title elementor-size-default\">Fontes<\/h2>\t\t\t\t<\/div>\n\t\t\t\t<\/div>\n\t\t\t\t<div class=\"elementor-element elementor-element-594651c9 elementor-widget elementor-widget-text-editor\" data-id=\"594651c9\" data-element_type=\"widget\" data-widget_type=\"text-editor.default\">\n\t\t\t\t<div class=\"elementor-widget-container\">\n\t\t\t\t\t\t\t\t\t<p>A nossa congrega\u00e7\u00e3o tem a sorte de ter lugares de origem que nos d\u00e3o uma vis\u00e3o da hist\u00f3ria, do patrim\u00f3nio e da vida da nossa fundadora.<br \/>Em S. Jos\u00e9 de Cluny, h\u00e1 uma s\u00e9rie de lugares na Fran\u00e7a continental que nos s\u00e3o caros e que contam a nossa hist\u00f3ria.<\/p>\t\t\t\t\t\t\t\t<\/div>\n\t\t\t\t<\/div>\n\t\t\t\t<div class=\"elementor-element elementor-element-4b9f259 elementor-widget elementor-widget-image\" data-id=\"4b9f259\" data-element_type=\"widget\" data-widget_type=\"image.default\">\n\t\t\t\t<div class=\"elementor-widget-container\">\n\t\t\t\t\t\t\t\t\t\t\t\t\t\t\t<img decoding=\"async\" width=\"300\" height=\"155\" src=\"https:\/\/www.sj-cluny.org\/wp-content\/uploads\/2025\/08\/cluny-convent-france-300x155-1.jpg\" class=\"attachment-medium_large size-medium_large wp-image-3028\" alt=\"\" srcset=\"https:\/\/www.sj-cluny.org\/wp-content\/uploads\/2025\/08\/cluny-convent-france-300x155-1.jpg 300w, https:\/\/www.sj-cluny.org\/wp-content\/uploads\/2025\/08\/cluny-convent-france-300x155-1-18x9.jpg 18w, https:\/\/www.sj-cluny.org\/wp-content\/uploads\/2025\/08\/cluny-convent-france-300x155-1-298x155.jpg 298w\" sizes=\"(max-width: 300px) 100vw, 300px\" \/>\t\t\t\t\t\t\t\t\t\t\t\t\t\t\t<\/div>\n\t\t\t\t<\/div>\n\t\t\t\t<div class=\"elementor-element elementor-element-5aa395c4 elementor-widget elementor-widget-text-editor\" data-id=\"5aa395c4\" data-element_type=\"widget\" data-widget_type=\"text-editor.default\">\n\t\t\t\t<div class=\"elementor-widget-container\">\n\t\t\t\t\t\t\t\t\t<p><strong>Os centros de recursos das Irm\u00e3s de S\u00e3o Jos\u00e9 de Cluny :<\/strong><\/p><ul><li aria-level=\"1\"><strong>Jallanges<\/strong>onde Ana-Maria Javouhey nasceu e passou a sua primeira inf\u00e2ncia.<\/li><li aria-level=\"1\"><strong>Seurre<\/strong> onde Nanette (Ana-Mara Javouhey) foi baptizada.<\/li><li aria-level=\"1\"><strong>Chamblanc<\/strong>a casa de fam\u00edlia onde passou a sua inf\u00e2ncia e adolesc\u00eancia.<\/li><li aria-level=\"1\"><strong>Cluny<\/strong>que deu o seu nome ao instituto, a primeira Casa-M\u00e3e de 1812 a 1854.<\/li><li aria-level=\"1\"><strong>Autun<\/strong>instala\u00e7\u00e3o da primeira escola \"t\u00e9cnica<\/li><li aria-level=\"1\"><strong>Paris<\/strong>a sua segunda casa, comprada em 1849, local da sua morte.<\/li><li aria-level=\"1\"><strong>Senlis<\/strong> onde foi enterrada.<\/li><\/ul>\t\t\t\t\t\t\t\t<\/div>\n\t\t\t\t<\/div>\n\t\t\t\t\t<\/div>\n\t\t\t\t<\/div>\n\t\t\t\t<\/div>","protected":false},"excerpt":{"rendered":"<p>Anne-Marie Javouhey, n\u00e9e le 10 novembre 1779 dans le village de Chamblanc, en Bourgogne, entend l\u2019appel de Dieu \u00e0 annoncer dans les cinq continents son amour pour tous, sans distinction [&hellip;]<\/p>","protected":false},"author":1,"featured_media":0,"parent":79,"menu_order":1,"comment_status":"closed","ping_status":"closed","template":"","meta":{"_acf_changed":false,"footnotes":""},"class_list":["post-82","page","type-page","status-publish","hentry"],"acf":[],"yoast_head":"<!-- This site is optimized with the Yoast SEO plugin v26.3 - https:\/\/yoast.com\/wordpress\/plugins\/seo\/ -->\n<title>Histoire - S\u0153urs de Saint-Joseph de Cluny<\/title>\n<meta name=\"robots\" content=\"index, follow, max-snippet:-1, max-image-preview:large, max-video-preview:-1\" \/>\n<link rel=\"canonical\" href=\"https:\/\/www.sj-cluny.org\/pt\/notre-histoire\/anne-marie-javouhey\/histoire\/\" \/>\n<meta property=\"og:locale\" content=\"pt_PT\" \/>\n<meta property=\"og:type\" content=\"article\" \/>\n<meta property=\"og:title\" content=\"Histoire - S\u0153urs de Saint-Joseph de Cluny\" \/>\n<meta property=\"og:description\" content=\"Anne-Marie Javouhey, n\u00e9e le 10 novembre 1779 dans le village de Chamblanc, en Bourgogne, entend l\u2019appel de Dieu \u00e0 annoncer dans les cinq continents son amour pour tous, sans distinction [&hellip;]\" \/>\n<meta property=\"og:url\" content=\"https:\/\/www.sj-cluny.org\/pt\/notre-histoire\/anne-marie-javouhey\/histoire\/\" \/>\n<meta property=\"og:site_name\" content=\"S\u0153urs de Saint-Joseph de Cluny\" \/>\n<meta property=\"article:modified_time\" content=\"2025-09-08T19:48:17+00:00\" \/>\n<meta property=\"og:image\" content=\"https:\/\/www.sj-cluny.org\/wp-content\/uploads\/2025\/08\/signinchamblac-300x225-1.jpg\" \/>\n\t<meta property=\"og:image:width\" content=\"300\" \/>\n\t<meta property=\"og:image:height\" content=\"225\" \/>\n\t<meta property=\"og:image:type\" content=\"image\/jpeg\" \/>\n<meta name=\"twitter:card\" content=\"summary_large_image\" \/>\n<meta name=\"twitter:label1\" content=\"Est. reading time\" \/>\n\t<meta name=\"twitter:data1\" content=\"2 minutes\" \/>\n<script type=\"application\/ld+json\" class=\"yoast-schema-graph\">{\"@context\":\"https:\/\/schema.org\",\"@graph\":[{\"@type\":\"WebPage\",\"@id\":\"https:\/\/www.sj-cluny.org\/notre-histoire\/anne-marie-javouhey\/histoire\/\",\"url\":\"https:\/\/www.sj-cluny.org\/notre-histoire\/anne-marie-javouhey\/histoire\/\",\"name\":\"Histoire - S\u0153urs de Saint-Joseph de Cluny\",\"isPartOf\":{\"@id\":\"https:\/\/www.sj-cluny.org\/#website\"},\"primaryImageOfPage\":{\"@id\":\"https:\/\/www.sj-cluny.org\/notre-histoire\/anne-marie-javouhey\/histoire\/#primaryimage\"},\"image\":{\"@id\":\"https:\/\/www.sj-cluny.org\/notre-histoire\/anne-marie-javouhey\/histoire\/#primaryimage\"},\"thumbnailUrl\":\"https:\/\/www.sj-cluny.org\/wp-content\/uploads\/2025\/08\/signinchamblac-300x225-1.jpg\",\"datePublished\":\"2025-05-20T14:19:12+00:00\",\"dateModified\":\"2025-09-08T19:48:17+00:00\",\"breadcrumb\":{\"@id\":\"https:\/\/www.sj-cluny.org\/notre-histoire\/anne-marie-javouhey\/histoire\/#breadcrumb\"},\"inLanguage\":\"pt-PT\",\"potentialAction\":[{\"@type\":\"ReadAction\",\"target\":[\"https:\/\/www.sj-cluny.org\/notre-histoire\/anne-marie-javouhey\/histoire\/\"]}]},{\"@type\":\"ImageObject\",\"inLanguage\":\"pt-PT\",\"@id\":\"https:\/\/www.sj-cluny.org\/notre-histoire\/anne-marie-javouhey\/histoire\/#primaryimage\",\"url\":\"https:\/\/www.sj-cluny.org\/wp-content\/uploads\/2025\/08\/signinchamblac-300x225-1.jpg\",\"contentUrl\":\"https:\/\/www.sj-cluny.org\/wp-content\/uploads\/2025\/08\/signinchamblac-300x225-1.jpg\"},{\"@type\":\"BreadcrumbList\",\"@id\":\"https:\/\/www.sj-cluny.org\/notre-histoire\/anne-marie-javouhey\/histoire\/#breadcrumb\",\"itemListElement\":[{\"@type\":\"ListItem\",\"position\":1,\"name\":\"Accueil\",\"item\":\"https:\/\/www.sj-cluny.org\/\"},{\"@type\":\"ListItem\",\"position\":2,\"name\":\"Notre histoire\",\"item\":\"https:\/\/www.sj-cluny.org\/notre-histoire\/\"},{\"@type\":\"ListItem\",\"position\":3,\"name\":\"Anne-Marie Javouhey\",\"item\":\"https:\/\/www.sj-cluny.org\/notre-histoire\/anne-marie-javouhey\/\"},{\"@type\":\"ListItem\",\"position\":4,\"name\":\"Histoire\"}]},{\"@type\":\"WebSite\",\"@id\":\"https:\/\/www.sj-cluny.org\/#website\",\"url\":\"https:\/\/www.sj-cluny.org\/\",\"name\":\"S\u0153urs de Saint-Joseph de Cluny\",\"description\":\"\",\"potentialAction\":[{\"@type\":\"SearchAction\",\"target\":{\"@type\":\"EntryPoint\",\"urlTemplate\":\"https:\/\/www.sj-cluny.org\/?s={search_term_string}\"},\"query-input\":{\"@type\":\"PropertyValueSpecification\",\"valueRequired\":true,\"valueName\":\"search_term_string\"}}],\"inLanguage\":\"pt-PT\"}]}<\/script>\n<!-- \/ Yoast SEO plugin. -->","yoast_head_json":{"title":"Histoire - S\u0153urs de Saint-Joseph de Cluny","robots":{"index":"index","follow":"follow","max-snippet":"max-snippet:-1","max-image-preview":"max-image-preview:large","max-video-preview":"max-video-preview:-1"},"canonical":"https:\/\/www.sj-cluny.org\/pt\/notre-histoire\/anne-marie-javouhey\/histoire\/","og_locale":"pt_PT","og_type":"article","og_title":"Histoire - S\u0153urs de Saint-Joseph de Cluny","og_description":"Anne-Marie Javouhey, n\u00e9e le 10 novembre 1779 dans le village de Chamblanc, en Bourgogne, entend l\u2019appel de Dieu \u00e0 annoncer dans les cinq continents son amour pour tous, sans distinction [&hellip;]","og_url":"https:\/\/www.sj-cluny.org\/pt\/notre-histoire\/anne-marie-javouhey\/histoire\/","og_site_name":"S\u0153urs de Saint-Joseph de Cluny","article_modified_time":"2025-09-08T19:48:17+00:00","og_image":[{"width":300,"height":225,"url":"https:\/\/www.sj-cluny.org\/wp-content\/uploads\/2025\/08\/signinchamblac-300x225-1.jpg","type":"image\/jpeg"}],"twitter_card":"summary_large_image","twitter_misc":{"Est. reading time":"2 minutes"},"schema":{"@context":"https:\/\/schema.org","@graph":[{"@type":"WebPage","@id":"https:\/\/www.sj-cluny.org\/notre-histoire\/anne-marie-javouhey\/histoire\/","url":"https:\/\/www.sj-cluny.org\/notre-histoire\/anne-marie-javouhey\/histoire\/","name":"Histoire - S\u0153urs de Saint-Joseph de Cluny","isPartOf":{"@id":"https:\/\/www.sj-cluny.org\/#website"},"primaryImageOfPage":{"@id":"https:\/\/www.sj-cluny.org\/notre-histoire\/anne-marie-javouhey\/histoire\/#primaryimage"},"image":{"@id":"https:\/\/www.sj-cluny.org\/notre-histoire\/anne-marie-javouhey\/histoire\/#primaryimage"},"thumbnailUrl":"https:\/\/www.sj-cluny.org\/wp-content\/uploads\/2025\/08\/signinchamblac-300x225-1.jpg","datePublished":"2025-05-20T14:19:12+00:00","dateModified":"2025-09-08T19:48:17+00:00","breadcrumb":{"@id":"https:\/\/www.sj-cluny.org\/notre-histoire\/anne-marie-javouhey\/histoire\/#breadcrumb"},"inLanguage":"pt-PT","potentialAction":[{"@type":"ReadAction","target":["https:\/\/www.sj-cluny.org\/notre-histoire\/anne-marie-javouhey\/histoire\/"]}]},{"@type":"ImageObject","inLanguage":"pt-PT","@id":"https:\/\/www.sj-cluny.org\/notre-histoire\/anne-marie-javouhey\/histoire\/#primaryimage","url":"https:\/\/www.sj-cluny.org\/wp-content\/uploads\/2025\/08\/signinchamblac-300x225-1.jpg","contentUrl":"https:\/\/www.sj-cluny.org\/wp-content\/uploads\/2025\/08\/signinchamblac-300x225-1.jpg"},{"@type":"BreadcrumbList","@id":"https:\/\/www.sj-cluny.org\/notre-histoire\/anne-marie-javouhey\/histoire\/#breadcrumb","itemListElement":[{"@type":"ListItem","position":1,"name":"Accueil","item":"https:\/\/www.sj-cluny.org\/"},{"@type":"ListItem","position":2,"name":"Notre histoire","item":"https:\/\/www.sj-cluny.org\/notre-histoire\/"},{"@type":"ListItem","position":3,"name":"Anne-Marie Javouhey","item":"https:\/\/www.sj-cluny.org\/notre-histoire\/anne-marie-javouhey\/"},{"@type":"ListItem","position":4,"name":"Histoire"}]},{"@type":"WebSite","@id":"https:\/\/www.sj-cluny.org\/#website","url":"https:\/\/www.sj-cluny.org\/","name":"Irm\u00e3s de S\u00e3o Jos\u00e9 de Cluny","description":"","potentialAction":[{"@type":"SearchAction","target":{"@type":"EntryPoint","urlTemplate":"https:\/\/www.sj-cluny.org\/?s={search_term_string}"},"query-input":{"@type":"PropertyValueSpecification","valueRequired":true,"valueName":"search_term_string"}}],"inLanguage":"pt-PT"}]}},"_links":{"self":[{"href":"https:\/\/www.sj-cluny.org\/pt\/wp-json\/wp\/v2\/pages\/82","targetHints":{"allow":["GET"]}}],"collection":[{"href":"https:\/\/www.sj-cluny.org\/pt\/wp-json\/wp\/v2\/pages"}],"about":[{"href":"https:\/\/www.sj-cluny.org\/pt\/wp-json\/wp\/v2\/types\/page"}],"author":[{"embeddable":true,"href":"https:\/\/www.sj-cluny.org\/pt\/wp-json\/wp\/v2\/users\/1"}],"replies":[{"embeddable":true,"href":"https:\/\/www.sj-cluny.org\/pt\/wp-json\/wp\/v2\/comments?post=82"}],"version-history":[{"count":10,"href":"https:\/\/www.sj-cluny.org\/pt\/wp-json\/wp\/v2\/pages\/82\/revisions"}],"predecessor-version":[{"id":3300,"href":"https:\/\/www.sj-cluny.org\/pt\/wp-json\/wp\/v2\/pages\/82\/revisions\/3300"}],"up":[{"embeddable":true,"href":"https:\/\/www.sj-cluny.org\/pt\/wp-json\/wp\/v2\/pages\/79"}],"wp:attachment":[{"href":"https:\/\/www.sj-cluny.org\/pt\/wp-json\/wp\/v2\/media?parent=82"}],"curies":[{"name":"wp","href":"https:\/\/api.w.org\/{rel}","templated":true}]}}