{"id":765,"date":"2025-07-04T15:19:30","date_gmt":"2025-07-04T13:19:30","guid":{"rendered":"https:\/\/www.sj-cluny.org\/notre-mission\/action-sociale\/"},"modified":"2025-08-22T17:25:05","modified_gmt":"2025-08-22T15:25:05","slug":"action-sociale","status":"publish","type":"page","link":"https:\/\/www.sj-cluny.org\/pt\/notre-mission\/action-sociale\/","title":{"rendered":"A\u00e7\u00e3o social"},"content":{"rendered":"<div data-elementor-type=\"wp-page\" data-elementor-id=\"765\" class=\"elementor elementor-765\" data-elementor-post-type=\"page\">\n\t\t\t\t<div class=\"elementor-element elementor-element-1f67fee e-con-full e-flex e-con e-child\" data-id=\"1f67fee\" data-element_type=\"container\">\n\t\t\t\t<div class=\"elementor-element elementor-element-8997217 elementor-widget elementor-widget-text-editor\" data-id=\"8997217\" data-element_type=\"widget\" data-widget_type=\"text-editor.default\">\n\t\t\t\t<div class=\"elementor-widget-container\">\n\t\t\t\t\t\t\t\t\t<p>O apostolado da a\u00e7\u00e3o social desenvolve-se frequentemente no contexto da educa\u00e7\u00e3o, da pastoral, das actividades sanit\u00e1rias e, mais particularmente, junto de certas categorias de pessoas, sobretudo os fracos, os oprimidos, cujas necessidades b\u00e1sicas n\u00e3o s\u00e3o satisfeitas. Trata-se frequentemente de mulheres e crian\u00e7as.<\/p>\t\t\t\t\t\t\t\t<\/div>\n\t\t\t\t<\/div>\n\t\t\t\t<div class=\"elementor-element elementor-element-64d5708 elementor-widget elementor-widget-heading\" data-id=\"64d5708\" data-element_type=\"widget\" data-widget_type=\"heading.default\">\n\t\t\t\t<div class=\"elementor-widget-container\">\n\t\t\t\t\t<h2 class=\"elementor-heading-title elementor-size-default\">As crian\u00e7as<\/h2>\t\t\t\t<\/div>\n\t\t\t\t<\/div>\n\t\t<div class=\"elementor-element elementor-element-3bdab92 e-flex e-con-boxed e-con e-child\" data-id=\"3bdab92\" data-element_type=\"container\">\n\t\t\t\t\t<div class=\"e-con-inner\">\n\t\t\t\t<div class=\"elementor-element elementor-element-1cbdfb4 elementor-widget elementor-widget-image\" data-id=\"1cbdfb4\" data-element_type=\"widget\" data-widget_type=\"image.default\">\n\t\t\t\t<div class=\"elementor-widget-container\">\n\t\t\t\t\t\t\t\t\t\t\t\t\t\t\t<img fetchpriority=\"high\" decoding=\"async\" width=\"800\" height=\"594\" src=\"https:\/\/www.sj-cluny.org\/wp-content\/uploads\/2025\/08\/child-labor-sign-2-1-1024x760.jpeg\" class=\"attachment-large size-large wp-image-2621\" alt=\"\" srcset=\"https:\/\/www.sj-cluny.org\/wp-content\/uploads\/2025\/08\/child-labor-sign-2-1-1024x760.jpeg 1024w, https:\/\/www.sj-cluny.org\/wp-content\/uploads\/2025\/08\/child-labor-sign-2-1-300x223.jpeg 300w, https:\/\/www.sj-cluny.org\/wp-content\/uploads\/2025\/08\/child-labor-sign-2-1-768x570.jpeg 768w, https:\/\/www.sj-cluny.org\/wp-content\/uploads\/2025\/08\/child-labor-sign-2-1.jpeg 1029w\" sizes=\"(max-width: 800px) 100vw, 800px\" \/>\t\t\t\t\t\t\t\t\t\t\t\t\t\t\t<\/div>\n\t\t\t\t<\/div>\n\t\t\t\t<div class=\"elementor-element elementor-element-1991472 elementor-widget elementor-widget-spyrit_elementor_widget_masonry\" data-id=\"1991472\" data-element_type=\"widget\" data-widget_type=\"spyrit_elementor_widget_masonry.default\">\n\t\t\t\t<div class=\"elementor-widget-container\">\n\t\t\t\t\t        <div class='spyrit-elementor-widget widget-masonry'>\n            <div class=\"masonry-grid v1\">\n                <div class=\"col-1\">\n                                            <img decoding=\"async\" class=\"image-1\" src=\"https:\/\/www.sj-cluny.org\/wp-content\/uploads\/2025\/07\/soc5.jpeg\" alt=\"\">\n                    \n                                    <\/div>\n                <div class=\"col-2\">\n                    \n                                            <img decoding=\"async\" class=\"image-2\" src=\"https:\/\/www.sj-cluny.org\/wp-content\/uploads\/2025\/07\/soc12-scaled.jpg\" alt=\"\">\n                    \n                    \n                                    <\/div>\n            <\/div>\n        <\/div>\n        \t\t\t\t<\/div>\n\t\t\t\t<\/div>\n\t\t\t\t\t<\/div>\n\t\t\t\t<\/div>\n\t\t\t\t<div class=\"elementor-element elementor-element-910fa0f elementor-widget elementor-widget-text-editor\" data-id=\"910fa0f\" data-element_type=\"widget\" data-widget_type=\"text-editor.default\">\n\t\t\t\t<div class=\"elementor-widget-container\">\n\t\t\t\t\t\t\t\t\t<p>As irm\u00e3s ajudam crian\u00e7as em risco: \u00f3rf\u00e3os, crian\u00e7as de rua, v\u00edtimas de guerra, crian\u00e7as maltratadas pelas suas fam\u00edlias. Criam abrigos, distribuem alimentos e vestu\u00e1rio e d\u00e3o a estas crian\u00e7as a oportunidade de aprenderem, formarem-se e prepararem-se para o seu futuro.<\/p>\t\t\t\t\t\t\t\t<\/div>\n\t\t\t\t<\/div>\n\t\t\t\t<div class=\"elementor-element elementor-element-8175ad3 elementor-widget elementor-widget-heading\" data-id=\"8175ad3\" data-element_type=\"widget\" data-widget_type=\"heading.default\">\n\t\t\t\t<div class=\"elementor-widget-container\">\n\t\t\t\t\t<h2 class=\"elementor-heading-title elementor-size-default\">A dignidade das mulheres<\/h2>\t\t\t\t<\/div>\n\t\t\t\t<\/div>\n\t\t\t\t<div class=\"elementor-element elementor-element-d76e2ee elementor-widget elementor-widget-spyrit_elementor_widget_masonry\" data-id=\"d76e2ee\" data-element_type=\"widget\" data-widget_type=\"spyrit_elementor_widget_masonry.default\">\n\t\t\t\t<div class=\"elementor-widget-container\">\n\t\t\t\t\t        <div class='spyrit-elementor-widget widget-masonry'>\n            <div class=\"masonry-grid v1\">\n                <div class=\"col-1\">\n                                            <img decoding=\"async\" class=\"image-1\" src=\"https:\/\/www.sj-cluny.org\/wp-content\/uploads\/2025\/08\/work-with-women-namibie.jpg\" alt=\"\">\n                    \n                                    <\/div>\n                <div class=\"col-2\">\n                    \n                                            <img decoding=\"async\" class=\"image-2\" src=\"https:\/\/www.sj-cluny.org\/wp-content\/uploads\/2025\/07\/soc9.jpg\" alt=\"\">\n                    \n                    \n                                    <\/div>\n            <\/div>\n        <\/div>\n        \t\t\t\t<\/div>\n\t\t\t\t<\/div>\n\t\t\t\t<div class=\"elementor-element elementor-element-0f93590 elementor-widget elementor-widget-text-editor\" data-id=\"0f93590\" data-element_type=\"widget\" data-widget_type=\"text-editor.default\">\n\t\t\t\t<div class=\"elementor-widget-container\">\n\t\t\t\t\t\t\t\t\t<p>Para promover a dignidade das mulheres, as irm\u00e3s desenvolvem um vasto leque de actividades, geralmente destinadas a permitir que as mulheres sejam auto-suficientes e ocupem o seu lugar na fam\u00edlia e na sociedade. Formando grupos de mulheres que recebem forma\u00e7\u00e3o e se ajudam mutuamente, elas aprendem a gerir o dinheiro e a progredir na realiza\u00e7\u00e3o de projectos ao seu alcance.<\/p>\t\t\t\t\t\t\t\t<\/div>\n\t\t\t\t<\/div>\n\t\t\t\t<div class=\"elementor-element elementor-element-1ff779c elementor-widget elementor-widget-heading\" data-id=\"1ff779c\" data-element_type=\"widget\" data-widget_type=\"heading.default\">\n\t\t\t\t<div class=\"elementor-widget-container\">\n\t\t\t\t\t<h2 class=\"elementor-heading-title elementor-size-default\">Refugiados, imigrantes e pessoas deslocadas<\/h2>\t\t\t\t<\/div>\n\t\t\t\t<\/div>\n\t\t\t\t<div class=\"elementor-element elementor-element-18f9e13 elementor-widget elementor-widget-spyrit_elementor_widget_masonry\" data-id=\"18f9e13\" data-element_type=\"widget\" data-widget_type=\"spyrit_elementor_widget_masonry.default\">\n\t\t\t\t<div class=\"elementor-widget-container\">\n\t\t\t\t\t        <div class='spyrit-elementor-widget widget-masonry'>\n            <div class=\"masonry-grid v1\">\n                <div class=\"col-1\">\n                                            <img decoding=\"async\" class=\"image-1\" src=\"https:\/\/www.sj-cluny.org\/wp-content\/uploads\/2025\/07\/soc.jpg\" alt=\"\">\n                    \n                                    <\/div>\n                <div class=\"col-2\">\n                    \n                                            <img decoding=\"async\" class=\"image-2\" src=\"https:\/\/www.sj-cluny.org\/wp-content\/uploads\/2025\/07\/soc0.jpg\" alt=\"\">\n                    \n                    \n                                    <\/div>\n            <\/div>\n        <\/div>\n        \t\t\t\t<\/div>\n\t\t\t\t<\/div>\n\t\t\t\t<div class=\"elementor-element elementor-element-2ad51a9 elementor-widget elementor-widget-text-editor\" data-id=\"2ad51a9\" data-element_type=\"widget\" data-widget_type=\"text-editor.default\">\n\t\t\t\t<div class=\"elementor-widget-container\">\n\t\t\t\t\t\t\t\t\t<p>Aos refugiados e \u00e0s pessoas deslocadas, as irm\u00e3s prestam uma assist\u00eancia que varia consoante as circunst\u00e2ncias.<\/p><p>Em v\u00e1rios locais, as irm\u00e3s d\u00e3o o apoio necess\u00e1rio aos imigrantes que procuram trabalho e melhores condi\u00e7\u00f5es de vida. Noutros locais, concentram-se em categorias de pessoas mais ou menos rejeitadas pela sociedade.<\/p>\t\t\t\t\t\t\t\t<\/div>\n\t\t\t\t<\/div>\n\t\t\t\t<div class=\"elementor-element elementor-element-b24ce6d elementor-widget elementor-widget-heading\" data-id=\"b24ce6d\" data-element_type=\"widget\" data-widget_type=\"heading.default\">\n\t\t\t\t<div class=\"elementor-widget-container\">\n\t\t\t\t\t<h2 class=\"elementor-heading-title elementor-size-default\">Justi\u00e7a e Paz<\/h2>\t\t\t\t<\/div>\n\t\t\t\t<\/div>\n\t\t\t\t<div class=\"elementor-element elementor-element-f93e397 elementor-widget elementor-widget-image\" data-id=\"f93e397\" data-element_type=\"widget\" data-widget_type=\"image.default\">\n\t\t\t\t<div class=\"elementor-widget-container\">\n\t\t\t\t\t\t\t\t\t\t\t\t\t\t\t<img decoding=\"async\" width=\"800\" height=\"376\" src=\"https:\/\/www.sj-cluny.org\/wp-content\/uploads\/2025\/07\/paraguay4-1024x481.jpg\" class=\"attachment-large size-large wp-image-1490\" alt=\"\" srcset=\"https:\/\/www.sj-cluny.org\/wp-content\/uploads\/2025\/07\/paraguay4-1024x481.jpg 1024w, https:\/\/www.sj-cluny.org\/wp-content\/uploads\/2025\/07\/paraguay4-300x141.jpg 300w, https:\/\/www.sj-cluny.org\/wp-content\/uploads\/2025\/07\/paraguay4-768x361.jpg 768w, https:\/\/www.sj-cluny.org\/wp-content\/uploads\/2025\/07\/paraguay4.jpg 1167w\" sizes=\"(max-width: 800px) 100vw, 800px\" \/>\t\t\t\t\t\t\t\t\t\t\t\t\t\t\t<\/div>\n\t\t\t\t<\/div>\n\t\t\t\t<div class=\"elementor-element elementor-element-7231ce9 elementor-widget elementor-widget-text-editor\" data-id=\"7231ce9\" data-element_type=\"widget\" data-widget_type=\"text-editor.default\">\n\t\t\t\t<div class=\"elementor-widget-container\">\n\t\t\t\t\t\t\t\t\t<p>Algumas prov\u00edncias t\u00eam comiss\u00f5es de justi\u00e7a, e noutros lugares uma ou outra irm\u00e3 est\u00e1 envolvida em comiss\u00f5es paroquiais ou diocesanas de Justi\u00e7a e Paz.<\/p><p>Em todo o lado, as Irm\u00e3s t\u00eam a preocupa\u00e7\u00e3o de ajudar as pessoas que encontram a progredir para a plenitude da VIDA, de lhes dar os meios para o fazerem e de as acompanhar neste caminho.<\/p>\t\t\t\t\t\t\t\t<\/div>\n\t\t\t\t<\/div>\n\t\t\t\t<\/div>\n\t\t\t\t<\/div>","protected":false},"excerpt":{"rendered":"<p>L&rsquo;apostolat de l\u2019action sociale s\u2019 effectue souvent dans le contexte de l\u2019\u00e9ducation, la pastorale, les activit\u00e9s de sant\u00e9 et plus particuli\u00e8rement avec certaines cat\u00e9gories de personnes, en particulier ceux qui [&hellip;]<\/p>","protected":false},"author":1,"featured_media":0,"parent":71,"menu_order":5,"comment_status":"closed","ping_status":"closed","template":"","meta":{"_acf_changed":false,"footnotes":""},"class_list":["post-765","page","type-page","status-publish","hentry"],"acf":[],"yoast_head":"<!-- This site is optimized with the Yoast SEO plugin v26.3 - https:\/\/yoast.com\/wordpress\/plugins\/seo\/ -->\n<title>Action sociale - S\u0153urs de Saint-Joseph de Cluny<\/title>\n<meta name=\"robots\" content=\"index, follow, max-snippet:-1, max-image-preview:large, max-video-preview:-1\" \/>\n<link rel=\"canonical\" href=\"https:\/\/www.sj-cluny.org\/pt\/notre-mission\/action-sociale\/\" \/>\n<meta property=\"og:locale\" content=\"pt_PT\" \/>\n<meta property=\"og:type\" content=\"article\" \/>\n<meta property=\"og:title\" content=\"Action sociale - S\u0153urs de Saint-Joseph de Cluny\" \/>\n<meta property=\"og:description\" content=\"L&rsquo;apostolat de l\u2019action sociale s\u2019 effectue souvent dans le contexte de l\u2019\u00e9ducation, la pastorale, les activit\u00e9s de sant\u00e9 et plus particuli\u00e8rement avec certaines cat\u00e9gories de personnes, en particulier ceux qui [&hellip;]\" \/>\n<meta property=\"og:url\" content=\"https:\/\/www.sj-cluny.org\/pt\/notre-mission\/action-sociale\/\" \/>\n<meta property=\"og:site_name\" content=\"S\u0153urs de Saint-Joseph de Cluny\" \/>\n<meta property=\"article:modified_time\" content=\"2025-08-22T15:25:05+00:00\" \/>\n<meta property=\"og:image\" content=\"https:\/\/www.sj-cluny.org\/wp-content\/uploads\/2025\/08\/child-labor-sign-2-1.jpeg\" \/>\n\t<meta property=\"og:image:width\" content=\"1029\" \/>\n\t<meta property=\"og:image:height\" content=\"764\" \/>\n\t<meta property=\"og:image:type\" content=\"image\/jpeg\" \/>\n<meta name=\"twitter:card\" content=\"summary_large_image\" \/>\n<meta name=\"twitter:label1\" content=\"Est. reading time\" \/>\n\t<meta name=\"twitter:data1\" content=\"2 minutes\" \/>\n<script type=\"application\/ld+json\" class=\"yoast-schema-graph\">{\"@context\":\"https:\/\/schema.org\",\"@graph\":[{\"@type\":\"WebPage\",\"@id\":\"https:\/\/www.sj-cluny.org\/notre-mission\/action-sociale\/\",\"url\":\"https:\/\/www.sj-cluny.org\/notre-mission\/action-sociale\/\",\"name\":\"Action sociale - S\u0153urs de Saint-Joseph de Cluny\",\"isPartOf\":{\"@id\":\"https:\/\/www.sj-cluny.org\/#website\"},\"primaryImageOfPage\":{\"@id\":\"https:\/\/www.sj-cluny.org\/notre-mission\/action-sociale\/#primaryimage\"},\"image\":{\"@id\":\"https:\/\/www.sj-cluny.org\/notre-mission\/action-sociale\/#primaryimage\"},\"thumbnailUrl\":\"https:\/\/www.sj-cluny.org\/wp-content\/uploads\/2025\/08\/child-labor-sign-2-1-1024x760.jpeg\",\"datePublished\":\"2025-07-04T13:19:30+00:00\",\"dateModified\":\"2025-08-22T15:25:05+00:00\",\"breadcrumb\":{\"@id\":\"https:\/\/www.sj-cluny.org\/notre-mission\/action-sociale\/#breadcrumb\"},\"inLanguage\":\"pt-PT\",\"potentialAction\":[{\"@type\":\"ReadAction\",\"target\":[\"https:\/\/www.sj-cluny.org\/notre-mission\/action-sociale\/\"]}]},{\"@type\":\"ImageObject\",\"inLanguage\":\"pt-PT\",\"@id\":\"https:\/\/www.sj-cluny.org\/notre-mission\/action-sociale\/#primaryimage\",\"url\":\"https:\/\/www.sj-cluny.org\/wp-content\/uploads\/2025\/08\/child-labor-sign-2-1-1024x760.jpeg\",\"contentUrl\":\"https:\/\/www.sj-cluny.org\/wp-content\/uploads\/2025\/08\/child-labor-sign-2-1-1024x760.jpeg\"},{\"@type\":\"BreadcrumbList\",\"@id\":\"https:\/\/www.sj-cluny.org\/notre-mission\/action-sociale\/#breadcrumb\",\"itemListElement\":[{\"@type\":\"ListItem\",\"position\":1,\"name\":\"Accueil\",\"item\":\"https:\/\/www.sj-cluny.org\/\"},{\"@type\":\"ListItem\",\"position\":2,\"name\":\"Notre mission\",\"item\":\"https:\/\/www.sj-cluny.org\/notre-mission\/\"},{\"@type\":\"ListItem\",\"position\":3,\"name\":\"Action sociale\"}]},{\"@type\":\"WebSite\",\"@id\":\"https:\/\/www.sj-cluny.org\/#website\",\"url\":\"https:\/\/www.sj-cluny.org\/\",\"name\":\"S\u0153urs de Saint-Joseph de Cluny\",\"description\":\"\",\"potentialAction\":[{\"@type\":\"SearchAction\",\"target\":{\"@type\":\"EntryPoint\",\"urlTemplate\":\"https:\/\/www.sj-cluny.org\/?s={search_term_string}\"},\"query-input\":{\"@type\":\"PropertyValueSpecification\",\"valueRequired\":true,\"valueName\":\"search_term_string\"}}],\"inLanguage\":\"pt-PT\"}]}<\/script>\n<!-- \/ Yoast SEO plugin. -->","yoast_head_json":{"title":"Action sociale - S\u0153urs de Saint-Joseph de Cluny","robots":{"index":"index","follow":"follow","max-snippet":"max-snippet:-1","max-image-preview":"max-image-preview:large","max-video-preview":"max-video-preview:-1"},"canonical":"https:\/\/www.sj-cluny.org\/pt\/notre-mission\/action-sociale\/","og_locale":"pt_PT","og_type":"article","og_title":"Action sociale - S\u0153urs de Saint-Joseph de Cluny","og_description":"L&rsquo;apostolat de l\u2019action sociale s\u2019 effectue souvent dans le contexte de l\u2019\u00e9ducation, la pastorale, les activit\u00e9s de sant\u00e9 et plus particuli\u00e8rement avec certaines cat\u00e9gories de personnes, en particulier ceux qui [&hellip;]","og_url":"https:\/\/www.sj-cluny.org\/pt\/notre-mission\/action-sociale\/","og_site_name":"S\u0153urs de Saint-Joseph de Cluny","article_modified_time":"2025-08-22T15:25:05+00:00","og_image":[{"width":1029,"height":764,"url":"https:\/\/www.sj-cluny.org\/wp-content\/uploads\/2025\/08\/child-labor-sign-2-1.jpeg","type":"image\/jpeg"}],"twitter_card":"summary_large_image","twitter_misc":{"Est. reading time":"2 minutes"},"schema":{"@context":"https:\/\/schema.org","@graph":[{"@type":"WebPage","@id":"https:\/\/www.sj-cluny.org\/notre-mission\/action-sociale\/","url":"https:\/\/www.sj-cluny.org\/notre-mission\/action-sociale\/","name":"Action sociale - S\u0153urs de Saint-Joseph de Cluny","isPartOf":{"@id":"https:\/\/www.sj-cluny.org\/#website"},"primaryImageOfPage":{"@id":"https:\/\/www.sj-cluny.org\/notre-mission\/action-sociale\/#primaryimage"},"image":{"@id":"https:\/\/www.sj-cluny.org\/notre-mission\/action-sociale\/#primaryimage"},"thumbnailUrl":"https:\/\/www.sj-cluny.org\/wp-content\/uploads\/2025\/08\/child-labor-sign-2-1-1024x760.jpeg","datePublished":"2025-07-04T13:19:30+00:00","dateModified":"2025-08-22T15:25:05+00:00","breadcrumb":{"@id":"https:\/\/www.sj-cluny.org\/notre-mission\/action-sociale\/#breadcrumb"},"inLanguage":"pt-PT","potentialAction":[{"@type":"ReadAction","target":["https:\/\/www.sj-cluny.org\/notre-mission\/action-sociale\/"]}]},{"@type":"ImageObject","inLanguage":"pt-PT","@id":"https:\/\/www.sj-cluny.org\/notre-mission\/action-sociale\/#primaryimage","url":"https:\/\/www.sj-cluny.org\/wp-content\/uploads\/2025\/08\/child-labor-sign-2-1-1024x760.jpeg","contentUrl":"https:\/\/www.sj-cluny.org\/wp-content\/uploads\/2025\/08\/child-labor-sign-2-1-1024x760.jpeg"},{"@type":"BreadcrumbList","@id":"https:\/\/www.sj-cluny.org\/notre-mission\/action-sociale\/#breadcrumb","itemListElement":[{"@type":"ListItem","position":1,"name":"Accueil","item":"https:\/\/www.sj-cluny.org\/"},{"@type":"ListItem","position":2,"name":"Notre mission","item":"https:\/\/www.sj-cluny.org\/notre-mission\/"},{"@type":"ListItem","position":3,"name":"Action sociale"}]},{"@type":"WebSite","@id":"https:\/\/www.sj-cluny.org\/#website","url":"https:\/\/www.sj-cluny.org\/","name":"Irm\u00e3s de S\u00e3o Jos\u00e9 de Cluny","description":"","potentialAction":[{"@type":"SearchAction","target":{"@type":"EntryPoint","urlTemplate":"https:\/\/www.sj-cluny.org\/?s={search_term_string}"},"query-input":{"@type":"PropertyValueSpecification","valueRequired":true,"valueName":"search_term_string"}}],"inLanguage":"pt-PT"}]}},"_links":{"self":[{"href":"https:\/\/www.sj-cluny.org\/pt\/wp-json\/wp\/v2\/pages\/765","targetHints":{"allow":["GET"]}}],"collection":[{"href":"https:\/\/www.sj-cluny.org\/pt\/wp-json\/wp\/v2\/pages"}],"about":[{"href":"https:\/\/www.sj-cluny.org\/pt\/wp-json\/wp\/v2\/types\/page"}],"author":[{"embeddable":true,"href":"https:\/\/www.sj-cluny.org\/pt\/wp-json\/wp\/v2\/users\/1"}],"replies":[{"embeddable":true,"href":"https:\/\/www.sj-cluny.org\/pt\/wp-json\/wp\/v2\/comments?post=765"}],"version-history":[{"count":10,"href":"https:\/\/www.sj-cluny.org\/pt\/wp-json\/wp\/v2\/pages\/765\/revisions"}],"predecessor-version":[{"id":2628,"href":"https:\/\/www.sj-cluny.org\/pt\/wp-json\/wp\/v2\/pages\/765\/revisions\/2628"}],"up":[{"embeddable":true,"href":"https:\/\/www.sj-cluny.org\/pt\/wp-json\/wp\/v2\/pages\/71"}],"wp:attachment":[{"href":"https:\/\/www.sj-cluny.org\/pt\/wp-json\/wp\/v2\/media?parent=765"}],"curies":[{"name":"wp","href":"https:\/\/api.w.org\/{rel}","templated":true}]}}