{"id":763,"date":"2025-07-04T15:19:29","date_gmt":"2025-07-04T13:19:29","guid":{"rendered":"https:\/\/www.sj-cluny.org\/notre-mission\/pastorale\/"},"modified":"2025-08-29T16:23:01","modified_gmt":"2025-08-29T14:23:01","slug":"pastorale","status":"publish","type":"page","link":"https:\/\/www.sj-cluny.org\/pt\/notre-mission\/pastorale\/","title":{"rendered":"Cuidados pastorais"},"content":{"rendered":"<div data-elementor-type=\"wp-page\" data-elementor-id=\"763\" class=\"elementor elementor-763\" data-elementor-post-type=\"page\">\n\t\t\t\t<div class=\"elementor-element elementor-element-6dcd9dd e-con-full e-flex e-con e-child\" data-id=\"6dcd9dd\" data-element_type=\"container\">\n\t\t\t\t<div class=\"elementor-element elementor-element-297c248 elementor-widget elementor-widget-text-editor\" data-id=\"297c248\" data-element_type=\"widget\" data-widget_type=\"text-editor.default\">\n\t\t\t\t<div class=\"elementor-widget-container\">\n\t\t\t\t\t\t\t\t\t<p>\"Partilhar esta mensagem de esperan\u00e7a uns com os outros - na a\u00e7\u00e3o social, no servi\u00e7o, na procura de formas de tornar o nosso mundo um lugar melhor - d\u00e1 vida real a cada um de n\u00f3s e \u00e9 um sinal de esperan\u00e7a para o mundo inteiro.\" (Papa Le\u00e3o XIV, Chicago, 14 de junho de 2025)<\/p><p>Muitas irm\u00e3s est\u00e3o envolvidas na pastoral, na cidade e no campo, em estruturas estabelecidas (par\u00f3quias, escolas, movimentos de jovens ou adultos, etc.) e tamb\u00e9m indo ao encontro das pessoas onde quer que estejam, por vezes isoladas.<\/p>\t\t\t\t\t\t\t\t<\/div>\n\t\t\t\t<\/div>\n\t\t\t\t<div class=\"elementor-element elementor-element-91f561d elementor-widget elementor-widget-spyrit_elementor_widget_masonry\" data-id=\"91f561d\" data-element_type=\"widget\" data-widget_type=\"spyrit_elementor_widget_masonry.default\">\n\t\t\t\t<div class=\"elementor-widget-container\">\n\t\t\t\t\t        <div class='spyrit-elementor-widget widget-masonry'>\n            <div class=\"masonry-grid v1\">\n                <div class=\"col-1\">\n                                            <img decoding=\"async\" class=\"image-1\" src=\"https:\/\/www.sj-cluny.org\/wp-content\/uploads\/2025\/07\/pas3.jpeg\" alt=\"\">\n                    \n                                    <\/div>\n                <div class=\"col-2\">\n                    \n                                            <img decoding=\"async\" class=\"image-2\" src=\"https:\/\/www.sj-cluny.org\/wp-content\/uploads\/2025\/07\/pastoral0.jpg\" alt=\"\">\n                    \n                    \n                                    <\/div>\n            <\/div>\n        <\/div>\n        \t\t\t\t<\/div>\n\t\t\t\t<\/div>\n\t\t\t\t<div class=\"elementor-element elementor-element-1accf9d elementor-widget elementor-widget-text-editor\" data-id=\"1accf9d\" data-element_type=\"widget\" data-widget_type=\"text-editor.default\">\n\t\t\t\t<div class=\"elementor-widget-container\">\n\t\t\t\t\t\t\t\t\t<p><strong>Eis alguns exemplos do seu trabalho pastoral:<\/strong><\/p><ul><li>Prepara\u00e7\u00e3o para a rece\u00e7\u00e3o dos sacramentos nas par\u00f3quias e nas escolas, para adultos e jovens de todas as idades, meninos de rua, fam\u00edlias...<\/li><li>Visitas a par\u00f3quias, dioceses e secretariados paroquiais<\/li><li>Respons\u00e1veis lit\u00fargicos, respons\u00e1veis paroquiais, capel\u00e3es de comunidades estrangeiras<\/li><li>Servi\u00e7o \u00e0s par\u00f3quias, igrejas, semin\u00e1rios, casas diocesanas e nunciaturas<\/li><li>Apoio a programas de forma\u00e7\u00e3o de catequistas, inicia\u00e7\u00e3o crist\u00e3 de adultos e conhecimento da B\u00edblia<\/li><li>Participa\u00e7\u00e3o nos conselhos paroquiais, em numerosas associa\u00e7\u00f5es, na r\u00e1dio cat\u00f3lica e no di\u00e1logo inter-religioso<\/li><\/ul>\t\t\t\t\t\t\t\t<\/div>\n\t\t\t\t<\/div>\n\t\t\t\t<div class=\"elementor-element elementor-element-e0ddd0e elementor-widget elementor-widget-spyrit_elementor_widget_masonry\" data-id=\"e0ddd0e\" data-element_type=\"widget\" data-widget_type=\"spyrit_elementor_widget_masonry.default\">\n\t\t\t\t<div class=\"elementor-widget-container\">\n\t\t\t\t\t        <div class='spyrit-elementor-widget widget-masonry'>\n            <div class=\"masonry-grid v1\">\n                <div class=\"col-1\">\n                                            <img decoding=\"async\" class=\"image-1\" src=\"https:\/\/www.sj-cluny.org\/wp-content\/uploads\/2025\/07\/pas1-1.jpg\" alt=\"\">\n                    \n                                    <\/div>\n                <div class=\"col-2\">\n                    \n                                            <img decoding=\"async\" class=\"image-2\" src=\"https:\/\/www.sj-cluny.org\/wp-content\/uploads\/2025\/07\/first-communion.png\" alt=\"\">\n                    \n                    \n                                    <\/div>\n            <\/div>\n        <\/div>\n        \t\t\t\t<\/div>\n\t\t\t\t<\/div>\n\t\t\t\t<div class=\"elementor-element elementor-element-818fd5f elementor-widget elementor-widget-text-editor\" data-id=\"818fd5f\" data-element_type=\"widget\" data-widget_type=\"text-editor.default\">\n\t\t\t\t<div class=\"elementor-widget-container\">\n\t\t\t\t\t\t\t\t\t<ul><li>Servi\u00e7o de acolhimento para grupos, fam\u00edlias, padres, bispos, irm\u00e3s de outras congrega\u00e7\u00f5es, peregrinos, jovens em busca de ...<\/li><li>Visitas \u00e0s fam\u00edlias, aos idosos, aos doentes em casa ou no hospital, nas aldeias.<\/li><li>Visitas mission\u00e1rias, liderando pequenos grupos de ora\u00e7\u00e3o em aldeias<\/li><li>Visitas e cuidados aos reclusos: visitas, cuidados, acolhimento das fam\u00edlias e das crian\u00e7as, actividades espirituais<\/li><li>Centros de retiro e de renova\u00e7\u00e3o espiritual abertos a todos.<\/li><\/ul>\t\t\t\t\t\t\t\t<\/div>\n\t\t\t\t<\/div>\n\t\t\t\t<\/div>\n\t\t\t\t<\/div>","protected":false},"excerpt":{"rendered":"<p>\u00ab Partager ce message d&rsquo;espoir les uns avec les autres \u2014 dans l&rsquo;action sociale, dans le service, dans la recherche de moyens pour rendre notre monde meilleur \u2014 donne une [&hellip;]<\/p>","protected":false},"author":1,"featured_media":0,"parent":71,"menu_order":3,"comment_status":"closed","ping_status":"closed","template":"","meta":{"_acf_changed":false,"footnotes":""},"class_list":["post-763","page","type-page","status-publish","hentry"],"acf":[],"yoast_head":"<!-- This site is optimized with the Yoast SEO plugin v26.3 - https:\/\/yoast.com\/wordpress\/plugins\/seo\/ -->\n<title>Pastorale - S\u0153urs de Saint-Joseph de Cluny<\/title>\n<meta name=\"robots\" content=\"index, follow, max-snippet:-1, max-image-preview:large, max-video-preview:-1\" \/>\n<link rel=\"canonical\" href=\"https:\/\/www.sj-cluny.org\/pt\/notre-mission\/pastorale\/\" \/>\n<meta property=\"og:locale\" content=\"pt_PT\" \/>\n<meta property=\"og:type\" content=\"article\" \/>\n<meta property=\"og:title\" content=\"Pastorale - S\u0153urs de Saint-Joseph de Cluny\" \/>\n<meta property=\"og:description\" content=\"\u00ab Partager ce message d&rsquo;espoir les uns avec les autres \u2014 dans l&rsquo;action sociale, dans le service, dans la recherche de moyens pour rendre notre monde meilleur \u2014 donne une [&hellip;]\" \/>\n<meta property=\"og:url\" content=\"https:\/\/www.sj-cluny.org\/pt\/notre-mission\/pastorale\/\" \/>\n<meta property=\"og:site_name\" content=\"S\u0153urs de Saint-Joseph de Cluny\" \/>\n<meta property=\"article:modified_time\" content=\"2025-08-29T14:23:01+00:00\" \/>\n<meta property=\"og:image\" content=\"https:\/\/www.sj-cluny.org\/wp-content\/uploads\/2025\/07\/pas3.jpeg\" \/>\n<meta name=\"twitter:card\" content=\"summary_large_image\" \/>\n<meta name=\"twitter:label1\" content=\"Est. reading time\" \/>\n\t<meta name=\"twitter:data1\" content=\"1 minute\" \/>\n<script type=\"application\/ld+json\" class=\"yoast-schema-graph\">{\"@context\":\"https:\/\/schema.org\",\"@graph\":[{\"@type\":\"WebPage\",\"@id\":\"https:\/\/www.sj-cluny.org\/notre-mission\/pastorale\/\",\"url\":\"https:\/\/www.sj-cluny.org\/notre-mission\/pastorale\/\",\"name\":\"Pastorale - S\u0153urs de Saint-Joseph de Cluny\",\"isPartOf\":{\"@id\":\"https:\/\/www.sj-cluny.org\/#website\"},\"primaryImageOfPage\":{\"@id\":\"https:\/\/www.sj-cluny.org\/notre-mission\/pastorale\/#primaryimage\"},\"image\":{\"@id\":\"https:\/\/www.sj-cluny.org\/notre-mission\/pastorale\/#primaryimage\"},\"thumbnailUrl\":\"https:\/\/www.sj-cluny.org\/wp-content\/uploads\/2025\/07\/pas3.jpeg\",\"datePublished\":\"2025-07-04T13:19:29+00:00\",\"dateModified\":\"2025-08-29T14:23:01+00:00\",\"breadcrumb\":{\"@id\":\"https:\/\/www.sj-cluny.org\/notre-mission\/pastorale\/#breadcrumb\"},\"inLanguage\":\"pt-PT\",\"potentialAction\":[{\"@type\":\"ReadAction\",\"target\":[\"https:\/\/www.sj-cluny.org\/notre-mission\/pastorale\/\"]}]},{\"@type\":\"ImageObject\",\"inLanguage\":\"pt-PT\",\"@id\":\"https:\/\/www.sj-cluny.org\/notre-mission\/pastorale\/#primaryimage\",\"url\":\"https:\/\/www.sj-cluny.org\/wp-content\/uploads\/2025\/07\/pas3.jpeg\",\"contentUrl\":\"https:\/\/www.sj-cluny.org\/wp-content\/uploads\/2025\/07\/pas3.jpeg\"},{\"@type\":\"BreadcrumbList\",\"@id\":\"https:\/\/www.sj-cluny.org\/notre-mission\/pastorale\/#breadcrumb\",\"itemListElement\":[{\"@type\":\"ListItem\",\"position\":1,\"name\":\"Accueil\",\"item\":\"https:\/\/www.sj-cluny.org\/\"},{\"@type\":\"ListItem\",\"position\":2,\"name\":\"Notre mission\",\"item\":\"https:\/\/www.sj-cluny.org\/notre-mission\/\"},{\"@type\":\"ListItem\",\"position\":3,\"name\":\"Pastorale\"}]},{\"@type\":\"WebSite\",\"@id\":\"https:\/\/www.sj-cluny.org\/#website\",\"url\":\"https:\/\/www.sj-cluny.org\/\",\"name\":\"S\u0153urs de Saint-Joseph de Cluny\",\"description\":\"\",\"potentialAction\":[{\"@type\":\"SearchAction\",\"target\":{\"@type\":\"EntryPoint\",\"urlTemplate\":\"https:\/\/www.sj-cluny.org\/?s={search_term_string}\"},\"query-input\":{\"@type\":\"PropertyValueSpecification\",\"valueRequired\":true,\"valueName\":\"search_term_string\"}}],\"inLanguage\":\"pt-PT\"}]}<\/script>\n<!-- \/ Yoast SEO plugin. -->","yoast_head_json":{"title":"Pastorale - S\u0153urs de Saint-Joseph de Cluny","robots":{"index":"index","follow":"follow","max-snippet":"max-snippet:-1","max-image-preview":"max-image-preview:large","max-video-preview":"max-video-preview:-1"},"canonical":"https:\/\/www.sj-cluny.org\/pt\/notre-mission\/pastorale\/","og_locale":"pt_PT","og_type":"article","og_title":"Pastorale - S\u0153urs de Saint-Joseph de Cluny","og_description":"\u00ab Partager ce message d&rsquo;espoir les uns avec les autres \u2014 dans l&rsquo;action sociale, dans le service, dans la recherche de moyens pour rendre notre monde meilleur \u2014 donne une [&hellip;]","og_url":"https:\/\/www.sj-cluny.org\/pt\/notre-mission\/pastorale\/","og_site_name":"S\u0153urs de Saint-Joseph de Cluny","article_modified_time":"2025-08-29T14:23:01+00:00","og_image":[{"url":"https:\/\/www.sj-cluny.org\/wp-content\/uploads\/2025\/07\/pas3.jpeg","type":"","width":"","height":""}],"twitter_card":"summary_large_image","twitter_misc":{"Est. reading time":"1 minute"},"schema":{"@context":"https:\/\/schema.org","@graph":[{"@type":"WebPage","@id":"https:\/\/www.sj-cluny.org\/notre-mission\/pastorale\/","url":"https:\/\/www.sj-cluny.org\/notre-mission\/pastorale\/","name":"Pastorale - S\u0153urs de Saint-Joseph de Cluny","isPartOf":{"@id":"https:\/\/www.sj-cluny.org\/#website"},"primaryImageOfPage":{"@id":"https:\/\/www.sj-cluny.org\/notre-mission\/pastorale\/#primaryimage"},"image":{"@id":"https:\/\/www.sj-cluny.org\/notre-mission\/pastorale\/#primaryimage"},"thumbnailUrl":"https:\/\/www.sj-cluny.org\/wp-content\/uploads\/2025\/07\/pas3.jpeg","datePublished":"2025-07-04T13:19:29+00:00","dateModified":"2025-08-29T14:23:01+00:00","breadcrumb":{"@id":"https:\/\/www.sj-cluny.org\/notre-mission\/pastorale\/#breadcrumb"},"inLanguage":"pt-PT","potentialAction":[{"@type":"ReadAction","target":["https:\/\/www.sj-cluny.org\/notre-mission\/pastorale\/"]}]},{"@type":"ImageObject","inLanguage":"pt-PT","@id":"https:\/\/www.sj-cluny.org\/notre-mission\/pastorale\/#primaryimage","url":"https:\/\/www.sj-cluny.org\/wp-content\/uploads\/2025\/07\/pas3.jpeg","contentUrl":"https:\/\/www.sj-cluny.org\/wp-content\/uploads\/2025\/07\/pas3.jpeg"},{"@type":"BreadcrumbList","@id":"https:\/\/www.sj-cluny.org\/notre-mission\/pastorale\/#breadcrumb","itemListElement":[{"@type":"ListItem","position":1,"name":"Accueil","item":"https:\/\/www.sj-cluny.org\/"},{"@type":"ListItem","position":2,"name":"Notre mission","item":"https:\/\/www.sj-cluny.org\/notre-mission\/"},{"@type":"ListItem","position":3,"name":"Pastorale"}]},{"@type":"WebSite","@id":"https:\/\/www.sj-cluny.org\/#website","url":"https:\/\/www.sj-cluny.org\/","name":"Irm\u00e3s de S\u00e3o Jos\u00e9 de Cluny","description":"","potentialAction":[{"@type":"SearchAction","target":{"@type":"EntryPoint","urlTemplate":"https:\/\/www.sj-cluny.org\/?s={search_term_string}"},"query-input":{"@type":"PropertyValueSpecification","valueRequired":true,"valueName":"search_term_string"}}],"inLanguage":"pt-PT"}]}},"_links":{"self":[{"href":"https:\/\/www.sj-cluny.org\/pt\/wp-json\/wp\/v2\/pages\/763","targetHints":{"allow":["GET"]}}],"collection":[{"href":"https:\/\/www.sj-cluny.org\/pt\/wp-json\/wp\/v2\/pages"}],"about":[{"href":"https:\/\/www.sj-cluny.org\/pt\/wp-json\/wp\/v2\/types\/page"}],"author":[{"embeddable":true,"href":"https:\/\/www.sj-cluny.org\/pt\/wp-json\/wp\/v2\/users\/1"}],"replies":[{"embeddable":true,"href":"https:\/\/www.sj-cluny.org\/pt\/wp-json\/wp\/v2\/comments?post=763"}],"version-history":[{"count":10,"href":"https:\/\/www.sj-cluny.org\/pt\/wp-json\/wp\/v2\/pages\/763\/revisions"}],"predecessor-version":[{"id":3026,"href":"https:\/\/www.sj-cluny.org\/pt\/wp-json\/wp\/v2\/pages\/763\/revisions\/3026"}],"up":[{"embeddable":true,"href":"https:\/\/www.sj-cluny.org\/pt\/wp-json\/wp\/v2\/pages\/71"}],"wp:attachment":[{"href":"https:\/\/www.sj-cluny.org\/pt\/wp-json\/wp\/v2\/media?parent=763"}],"curies":[{"name":"wp","href":"https:\/\/api.w.org\/{rel}","templated":true}]}}