{"id":759,"date":"2025-07-04T15:17:02","date_gmt":"2025-07-04T13:17:02","guid":{"rendered":"https:\/\/www.sj-cluny.org\/notre-histoire\/spiritualite\/la-volonte-de-dieu\/"},"modified":"2025-08-29T16:49:50","modified_gmt":"2025-08-29T14:49:50","slug":"la-volonte-de-dieu","status":"publish","type":"page","link":"https:\/\/www.sj-cluny.org\/pt\/notre-histoire\/spiritualite\/la-volonte-de-dieu\/","title":{"rendered":"A vontade de Deus"},"content":{"rendered":"<div data-elementor-type=\"wp-page\" data-elementor-id=\"759\" class=\"elementor elementor-759\" data-elementor-post-type=\"page\">\n\t\t\t\t<div class=\"elementor-element elementor-element-a03a602 e-flex e-con-boxed e-con e-parent\" data-id=\"a03a602\" data-element_type=\"container\">\n\t\t\t\t\t<div class=\"e-con-inner\">\n\t\t\t\t<div class=\"elementor-element elementor-element-0d25d6e elementor-widget elementor-widget-text-editor\" data-id=\"0d25d6e\" data-element_type=\"widget\" data-widget_type=\"text-editor.default\">\n\t\t\t\t<div class=\"elementor-widget-container\">\n\t\t\t\t\t\t\t\t\t<p>Conhecer a vontade divina e cumpri-la foi a norma de pensamento e de a\u00e7\u00e3o da nossa Madre fundadora, o segredo do equil\u00edbrio e da fecundidade da sua vida:<\/p>\t\t\t\t\t\t\t\t<\/div>\n\t\t\t\t<\/div>\n\t\t\t\t<div class=\"elementor-element elementor-element-a3f667b elementor-blockquote--skin-border elementor-widget elementor-widget-blockquote\" data-id=\"a3f667b\" data-element_type=\"widget\" data-widget_type=\"blockquote.default\">\n\t\t\t\t<div class=\"elementor-widget-container\">\n\t\t\t\t\t\t\t<blockquote class=\"elementor-blockquote\">\n\t\t\t<p class=\"elementor-blockquote__content\">\n\t\t\t\t\"Fazer a vontade de Deus \u00e9 tudo!\nDevemos, portanto, v\u00ea-la em tudo, gostar de a cumprir, faz\u00ea-la amarr\".\n(Constitui\u00e7\u00f5es das Irm\u00e3s de S\u00e3o Jos\u00e9 de Cluny)\n\t\t\t<\/p>\n\t\t\t\t\t<\/blockquote>\n\t\t\t\t\t\t<\/div>\n\t\t\t\t<\/div>\n\t\t\t\t<div class=\"elementor-element elementor-element-a6334ff elementor-widget elementor-widget-text-editor\" data-id=\"a6334ff\" data-element_type=\"widget\" data-widget_type=\"text-editor.default\">\n\t\t\t\t<div class=\"elementor-widget-container\">\n\t\t\t\t\t\t\t\t\t<p>A procura da vontade de Deus faz-se atrav\u00e9s do di\u00e1logo, do discernimento e do amor m\u00fatuo.<\/p>\t\t\t\t\t\t\t\t<\/div>\n\t\t\t\t<\/div>\n\t\t\t\t<div class=\"elementor-element elementor-element-b891f47 elementor-widget elementor-widget-heading\" data-id=\"b891f47\" data-element_type=\"widget\" data-widget_type=\"heading.default\">\n\t\t\t\t<div class=\"elementor-widget-container\">\n\t\t\t\t\t<h2 class=\"elementor-heading-title elementor-size-default\">Ana-Maria Javouhey: livre para amar<\/h2>\t\t\t\t<\/div>\n\t\t\t\t<\/div>\n\t\t\t\t<div class=\"elementor-element elementor-element-cc3786f elementor-widget elementor-widget-text-editor\" data-id=\"cc3786f\" data-element_type=\"widget\" data-widget_type=\"text-editor.default\">\n\t\t\t\t<div class=\"elementor-widget-container\">\n\t\t\t\t\t\t\t\t\t<p>A sua vida e as suas cartas mostram a sua \u00edntima uni\u00e3o com Deus, o seu zelo ardente pela salva\u00e7\u00e3o de todos, o seu amor compassivo pelos mais desfavorecidos. A sua aud\u00e1cia mission\u00e1ria baseava-se na certeza de ter sido enviada por Deus para libertar todos das v\u00e1rias formas de escravatura e para restituir a cada pessoa a dignidade de filho de Deus.<\/p>\t\t\t\t\t\t\t\t<\/div>\n\t\t\t\t<\/div>\n\t\t\t\t<div class=\"elementor-element elementor-element-94d1429 elementor-widget elementor-widget-image\" data-id=\"94d1429\" data-element_type=\"widget\" data-widget_type=\"image.default\">\n\t\t\t\t<div class=\"elementor-widget-container\">\n\t\t\t\t\t\t\t\t\t\t\t\t\t\t\t<img decoding=\"async\" width=\"250\" height=\"189\" src=\"https:\/\/www.sj-cluny.org\/wp-content\/uploads\/2025\/07\/6-communityhands.jpg\" class=\"attachment-Banni\u00e8re actualit\u00e9 size-Banni\u00e8re actualit\u00e9 wp-image-1214\" alt=\"\" \/>\t\t\t\t\t\t\t\t\t\t\t\t\t\t\t<\/div>\n\t\t\t\t<\/div>\n\t\t\t\t<div class=\"elementor-element elementor-element-c2d6e91 elementor-widget elementor-widget-heading\" data-id=\"c2d6e91\" data-element_type=\"widget\" data-widget_type=\"heading.default\">\n\t\t\t\t<div class=\"elementor-widget-container\">\n\t\t\t\t\t<h2 class=\"elementor-heading-title elementor-size-default\">Chamados a ser m\u00edsticos e profetas: chamados a libertar-se para a vida em abund\u00e2ncia<\/h2>\t\t\t\t<\/div>\n\t\t\t\t<\/div>\n\t\t\t\t<div class=\"elementor-element elementor-element-04cfe8f elementor-widget elementor-widget-text-editor\" data-id=\"04cfe8f\" data-element_type=\"widget\" data-widget_type=\"text-editor.default\">\n\t\t\t\t<div class=\"elementor-widget-container\">\n\t\t\t\t\t\t\t\t\t<p>Seguindo as pegadas de Ana Maria e aderindo a Cristo, participamos na sua miss\u00e3o e do seu apelo. Todas as nossas ac\u00e7\u00f5es est\u00e3o impregnadas de contempla\u00e7\u00e3o. E a nossa contempla\u00e7\u00e3o leva-nos a sair da nossa zona de conforto, atravessando fronteiras para estarmos presentes no \"outro\", incendiando o mundo com amor e esperan\u00e7a.<\/p><p>A espiritualidade das Irm\u00e3s de S\u00e3o Jos\u00e9 de Cluny \u00e9 uma forma de vida que responde aos sinais dos tempos. \u00c9 a nossa identidade e a nossa unidade. Renova-se \u00e0 medida que a partilhamos. \u00c9 DIN\u00c2MICA, influenciando a nossa vida e inspirando as nossas actividades. Est\u00e1 no centro da nossa vida quotidiana.<\/p>\t\t\t\t\t\t\t\t<\/div>\n\t\t\t\t<\/div>\n\t\t\t\t\t<\/div>\n\t\t\t\t<\/div>\n\t\t<div class=\"elementor-element elementor-element-0cd7c4e e-flex e-con-boxed e-con e-parent\" data-id=\"0cd7c4e\" data-element_type=\"container\">\n\t\t\t\t\t<div class=\"e-con-inner\">\n\t\t\t\t<div class=\"elementor-element elementor-element-23cfa27 elementor-widget elementor-widget-image\" data-id=\"23cfa27\" data-element_type=\"widget\" data-widget_type=\"image.default\">\n\t\t\t\t<div class=\"elementor-widget-container\">\n\t\t\t\t\t\t\t\t\t\t\t\t\t\t\t<img decoding=\"async\" width=\"250\" height=\"188\" src=\"https:\/\/www.sj-cluny.org\/wp-content\/uploads\/2025\/08\/bird1-2-1c254bb54.jpg\" class=\"attachment-large size-large wp-image-1833\" alt=\"\" \/>\t\t\t\t\t\t\t\t\t\t\t\t\t\t\t<\/div>\n\t\t\t\t<\/div>\n\t\t<div class=\"elementor-element elementor-element-ebf3ecf e-con-full e-flex e-con e-child\" data-id=\"ebf3ecf\" data-element_type=\"container\">\n\t\t\t\t<div class=\"elementor-element elementor-element-1c1e0fc elementor-widget elementor-widget-image\" data-id=\"1c1e0fc\" data-element_type=\"widget\" data-widget_type=\"image.default\">\n\t\t\t\t<div class=\"elementor-widget-container\">\n\t\t\t\t\t\t\t\t\t\t\t\t\t\t\t<img decoding=\"async\" width=\"1\" height=\"1\" src=\"https:\/\/www.sj-cluny.org\/wp-content\/uploads\/2025\/05\/coeur.svg\" class=\"attachment-large size-large wp-image-133\" alt=\"\" \/>\t\t\t\t\t\t\t\t\t\t\t\t\t\t\t<\/div>\n\t\t\t\t<\/div>\n\t\t\t\t<div class=\"elementor-element elementor-element-6890693 elementor-widget elementor-widget-text-editor\" data-id=\"6890693\" data-element_type=\"widget\" data-widget_type=\"text-editor.default\">\n\t\t\t\t<div class=\"elementor-widget-container\">\n\t\t\t\t\t\t\t\t\t<h2><strong>Uma Irm\u00e3 de S\u00e3o Jos\u00e9 de Cluny deve \"ser como um p\u00e1ssaro no galho, pronto a voar ao primeiro sinal da obedi\u00eancia\".<\/strong><\/h2>\t\t\t\t\t\t\t\t<\/div>\n\t\t\t\t<\/div>\n\t\t\t\t<div class=\"elementor-element elementor-element-4ea52e7 elementor-widget__width-initial elementor-widget elementor-widget-text-editor\" data-id=\"4ea52e7\" data-element_type=\"widget\" data-widget_type=\"text-editor.default\">\n\t\t\t\t<div class=\"elementor-widget-container\">\n\t\t\t\t\t\t\t\t\t<p>Ana-Maria Javouhey<\/p>\t\t\t\t\t\t\t\t<\/div>\n\t\t\t\t<\/div>\n\t\t\t\t<\/div>\n\t\t\t\t\t<\/div>\n\t\t\t\t<\/div>\n\t\t\t\t<\/div>","protected":false},"excerpt":{"rendered":"<p>Conna\u00eetre le vouloir divin et le faire \u00e9tait la r\u00e8gle de pens\u00e9e et d\u2019action de notre m\u00e8re fondatrice, le secret de l\u2019\u00e9quilibre et de la f\u00e9condit\u00e9 de sa vie : [&hellip;]<\/p>","protected":false},"author":1,"featured_media":0,"parent":80,"menu_order":1,"comment_status":"closed","ping_status":"closed","template":"","meta":{"_acf_changed":false,"footnotes":""},"class_list":["post-759","page","type-page","status-publish","hentry"],"acf":[],"yoast_head":"<!-- This site is optimized with the Yoast SEO plugin v26.3 - https:\/\/yoast.com\/wordpress\/plugins\/seo\/ -->\n<title>La volont\u00e9 de Dieu - S\u0153urs de Saint-Joseph de Cluny<\/title>\n<meta name=\"robots\" content=\"index, follow, max-snippet:-1, max-image-preview:large, max-video-preview:-1\" \/>\n<link rel=\"canonical\" href=\"https:\/\/www.sj-cluny.org\/pt\/notre-histoire\/spiritualite\/la-volonte-de-dieu\/\" \/>\n<meta property=\"og:locale\" content=\"pt_PT\" \/>\n<meta property=\"og:type\" content=\"article\" \/>\n<meta property=\"og:title\" content=\"La volont\u00e9 de Dieu - S\u0153urs de Saint-Joseph de Cluny\" \/>\n<meta property=\"og:description\" content=\"Conna\u00eetre le vouloir divin et le faire \u00e9tait la r\u00e8gle de pens\u00e9e et d\u2019action de notre m\u00e8re fondatrice, le secret de l\u2019\u00e9quilibre et de la f\u00e9condit\u00e9 de sa vie : [&hellip;]\" \/>\n<meta property=\"og:url\" content=\"https:\/\/www.sj-cluny.org\/pt\/notre-histoire\/spiritualite\/la-volonte-de-dieu\/\" \/>\n<meta property=\"og:site_name\" content=\"S\u0153urs de Saint-Joseph de Cluny\" \/>\n<meta property=\"article:modified_time\" content=\"2025-08-29T14:49:50+00:00\" \/>\n<meta property=\"og:image\" content=\"https:\/\/www.sj-cluny.org\/wp-content\/uploads\/2025\/07\/6-communityhands.jpg\" \/>\n\t<meta property=\"og:image:width\" content=\"250\" \/>\n\t<meta property=\"og:image:height\" content=\"189\" \/>\n\t<meta property=\"og:image:type\" content=\"image\/jpeg\" \/>\n<meta name=\"twitter:card\" content=\"summary_large_image\" \/>\n<meta name=\"twitter:label1\" content=\"Est. reading time\" \/>\n\t<meta name=\"twitter:data1\" content=\"2 minutes\" \/>\n<script type=\"application\/ld+json\" class=\"yoast-schema-graph\">{\"@context\":\"https:\/\/schema.org\",\"@graph\":[{\"@type\":\"WebPage\",\"@id\":\"https:\/\/www.sj-cluny.org\/notre-histoire\/spiritualite\/la-volonte-de-dieu\/\",\"url\":\"https:\/\/www.sj-cluny.org\/notre-histoire\/spiritualite\/la-volonte-de-dieu\/\",\"name\":\"La volont\u00e9 de Dieu - S\u0153urs de Saint-Joseph de Cluny\",\"isPartOf\":{\"@id\":\"https:\/\/www.sj-cluny.org\/#website\"},\"primaryImageOfPage\":{\"@id\":\"https:\/\/www.sj-cluny.org\/notre-histoire\/spiritualite\/la-volonte-de-dieu\/#primaryimage\"},\"image\":{\"@id\":\"https:\/\/www.sj-cluny.org\/notre-histoire\/spiritualite\/la-volonte-de-dieu\/#primaryimage\"},\"thumbnailUrl\":\"https:\/\/www.sj-cluny.org\/wp-content\/uploads\/2025\/07\/6-communityhands.jpg\",\"datePublished\":\"2025-07-04T13:17:02+00:00\",\"dateModified\":\"2025-08-29T14:49:50+00:00\",\"breadcrumb\":{\"@id\":\"https:\/\/www.sj-cluny.org\/notre-histoire\/spiritualite\/la-volonte-de-dieu\/#breadcrumb\"},\"inLanguage\":\"pt-PT\",\"potentialAction\":[{\"@type\":\"ReadAction\",\"target\":[\"https:\/\/www.sj-cluny.org\/notre-histoire\/spiritualite\/la-volonte-de-dieu\/\"]}]},{\"@type\":\"ImageObject\",\"inLanguage\":\"pt-PT\",\"@id\":\"https:\/\/www.sj-cluny.org\/notre-histoire\/spiritualite\/la-volonte-de-dieu\/#primaryimage\",\"url\":\"https:\/\/www.sj-cluny.org\/wp-content\/uploads\/2025\/07\/6-communityhands.jpg\",\"contentUrl\":\"https:\/\/www.sj-cluny.org\/wp-content\/uploads\/2025\/07\/6-communityhands.jpg\"},{\"@type\":\"BreadcrumbList\",\"@id\":\"https:\/\/www.sj-cluny.org\/notre-histoire\/spiritualite\/la-volonte-de-dieu\/#breadcrumb\",\"itemListElement\":[{\"@type\":\"ListItem\",\"position\":1,\"name\":\"Accueil\",\"item\":\"https:\/\/www.sj-cluny.org\/\"},{\"@type\":\"ListItem\",\"position\":2,\"name\":\"Notre histoire\",\"item\":\"https:\/\/www.sj-cluny.org\/notre-histoire\/\"},{\"@type\":\"ListItem\",\"position\":3,\"name\":\"Spiritualit\u00e9\",\"item\":\"https:\/\/www.sj-cluny.org\/notre-histoire\/spiritualite\/\"},{\"@type\":\"ListItem\",\"position\":4,\"name\":\"La volont\u00e9 de Dieu\"}]},{\"@type\":\"WebSite\",\"@id\":\"https:\/\/www.sj-cluny.org\/#website\",\"url\":\"https:\/\/www.sj-cluny.org\/\",\"name\":\"S\u0153urs de Saint-Joseph de Cluny\",\"description\":\"\",\"potentialAction\":[{\"@type\":\"SearchAction\",\"target\":{\"@type\":\"EntryPoint\",\"urlTemplate\":\"https:\/\/www.sj-cluny.org\/?s={search_term_string}\"},\"query-input\":{\"@type\":\"PropertyValueSpecification\",\"valueRequired\":true,\"valueName\":\"search_term_string\"}}],\"inLanguage\":\"pt-PT\"}]}<\/script>\n<!-- \/ Yoast SEO plugin. -->","yoast_head_json":{"title":"La volont\u00e9 de Dieu - S\u0153urs de Saint-Joseph de Cluny","robots":{"index":"index","follow":"follow","max-snippet":"max-snippet:-1","max-image-preview":"max-image-preview:large","max-video-preview":"max-video-preview:-1"},"canonical":"https:\/\/www.sj-cluny.org\/pt\/notre-histoire\/spiritualite\/la-volonte-de-dieu\/","og_locale":"pt_PT","og_type":"article","og_title":"La volont\u00e9 de Dieu - S\u0153urs de Saint-Joseph de Cluny","og_description":"Conna\u00eetre le vouloir divin et le faire \u00e9tait la r\u00e8gle de pens\u00e9e et d\u2019action de notre m\u00e8re fondatrice, le secret de l\u2019\u00e9quilibre et de la f\u00e9condit\u00e9 de sa vie : [&hellip;]","og_url":"https:\/\/www.sj-cluny.org\/pt\/notre-histoire\/spiritualite\/la-volonte-de-dieu\/","og_site_name":"S\u0153urs de Saint-Joseph de Cluny","article_modified_time":"2025-08-29T14:49:50+00:00","og_image":[{"width":250,"height":189,"url":"https:\/\/www.sj-cluny.org\/wp-content\/uploads\/2025\/07\/6-communityhands.jpg","type":"image\/jpeg"}],"twitter_card":"summary_large_image","twitter_misc":{"Est. reading time":"2 minutes"},"schema":{"@context":"https:\/\/schema.org","@graph":[{"@type":"WebPage","@id":"https:\/\/www.sj-cluny.org\/notre-histoire\/spiritualite\/la-volonte-de-dieu\/","url":"https:\/\/www.sj-cluny.org\/notre-histoire\/spiritualite\/la-volonte-de-dieu\/","name":"La volont\u00e9 de Dieu - S\u0153urs de Saint-Joseph de Cluny","isPartOf":{"@id":"https:\/\/www.sj-cluny.org\/#website"},"primaryImageOfPage":{"@id":"https:\/\/www.sj-cluny.org\/notre-histoire\/spiritualite\/la-volonte-de-dieu\/#primaryimage"},"image":{"@id":"https:\/\/www.sj-cluny.org\/notre-histoire\/spiritualite\/la-volonte-de-dieu\/#primaryimage"},"thumbnailUrl":"https:\/\/www.sj-cluny.org\/wp-content\/uploads\/2025\/07\/6-communityhands.jpg","datePublished":"2025-07-04T13:17:02+00:00","dateModified":"2025-08-29T14:49:50+00:00","breadcrumb":{"@id":"https:\/\/www.sj-cluny.org\/notre-histoire\/spiritualite\/la-volonte-de-dieu\/#breadcrumb"},"inLanguage":"pt-PT","potentialAction":[{"@type":"ReadAction","target":["https:\/\/www.sj-cluny.org\/notre-histoire\/spiritualite\/la-volonte-de-dieu\/"]}]},{"@type":"ImageObject","inLanguage":"pt-PT","@id":"https:\/\/www.sj-cluny.org\/notre-histoire\/spiritualite\/la-volonte-de-dieu\/#primaryimage","url":"https:\/\/www.sj-cluny.org\/wp-content\/uploads\/2025\/07\/6-communityhands.jpg","contentUrl":"https:\/\/www.sj-cluny.org\/wp-content\/uploads\/2025\/07\/6-communityhands.jpg"},{"@type":"BreadcrumbList","@id":"https:\/\/www.sj-cluny.org\/notre-histoire\/spiritualite\/la-volonte-de-dieu\/#breadcrumb","itemListElement":[{"@type":"ListItem","position":1,"name":"Accueil","item":"https:\/\/www.sj-cluny.org\/"},{"@type":"ListItem","position":2,"name":"Notre histoire","item":"https:\/\/www.sj-cluny.org\/notre-histoire\/"},{"@type":"ListItem","position":3,"name":"Spiritualit\u00e9","item":"https:\/\/www.sj-cluny.org\/notre-histoire\/spiritualite\/"},{"@type":"ListItem","position":4,"name":"La volont\u00e9 de Dieu"}]},{"@type":"WebSite","@id":"https:\/\/www.sj-cluny.org\/#website","url":"https:\/\/www.sj-cluny.org\/","name":"Irm\u00e3s de S\u00e3o Jos\u00e9 de Cluny","description":"","potentialAction":[{"@type":"SearchAction","target":{"@type":"EntryPoint","urlTemplate":"https:\/\/www.sj-cluny.org\/?s={search_term_string}"},"query-input":{"@type":"PropertyValueSpecification","valueRequired":true,"valueName":"search_term_string"}}],"inLanguage":"pt-PT"}]}},"_links":{"self":[{"href":"https:\/\/www.sj-cluny.org\/pt\/wp-json\/wp\/v2\/pages\/759","targetHints":{"allow":["GET"]}}],"collection":[{"href":"https:\/\/www.sj-cluny.org\/pt\/wp-json\/wp\/v2\/pages"}],"about":[{"href":"https:\/\/www.sj-cluny.org\/pt\/wp-json\/wp\/v2\/types\/page"}],"author":[{"embeddable":true,"href":"https:\/\/www.sj-cluny.org\/pt\/wp-json\/wp\/v2\/users\/1"}],"replies":[{"embeddable":true,"href":"https:\/\/www.sj-cluny.org\/pt\/wp-json\/wp\/v2\/comments?post=759"}],"version-history":[{"count":11,"href":"https:\/\/www.sj-cluny.org\/pt\/wp-json\/wp\/v2\/pages\/759\/revisions"}],"predecessor-version":[{"id":3156,"href":"https:\/\/www.sj-cluny.org\/pt\/wp-json\/wp\/v2\/pages\/759\/revisions\/3156"}],"up":[{"embeddable":true,"href":"https:\/\/www.sj-cluny.org\/pt\/wp-json\/wp\/v2\/pages\/80"}],"wp:attachment":[{"href":"https:\/\/www.sj-cluny.org\/pt\/wp-json\/wp\/v2\/media?parent=759"}],"curies":[{"name":"wp","href":"https:\/\/api.w.org\/{rel}","templated":true}]}}