{"id":253,"date":"2025-05-22T15:39:14","date_gmt":"2025-05-22T13:39:14","guid":{"rendered":"https:\/\/www.sj-cluny.org\/?page_id=253"},"modified":"2025-08-18T21:22:48","modified_gmt":"2025-08-18T19:22:48","slug":"politique-de-confidentialite","status":"publish","type":"page","link":"https:\/\/www.sj-cluny.org\/pt\/politique-de-confidentialite\/","title":{"rendered":"Pol\u00edtica de privacidade"},"content":{"rendered":"<div data-elementor-type=\"wp-page\" data-elementor-id=\"253\" class=\"elementor elementor-253\" data-elementor-post-type=\"page\">\n\t\t\t\t<div class=\"elementor-element elementor-element-6c457c71 e-flex e-con-boxed e-con e-parent\" data-id=\"6c457c71\" data-element_type=\"container\" data-settings=\"{&quot;background_background&quot;:&quot;classic&quot;,&quot;shape_divider_bottom&quot;:&quot;waves&quot;}\">\n\t\t\t\t\t<div class=\"e-con-inner\">\n\t\t\t\t<div class=\"elementor-shape elementor-shape-bottom\" aria-hidden=\"true\" data-negative=\"false\">\n\t\t\t<svg xmlns=\"http:\/\/www.w3.org\/2000\/svg\" viewbox=\"0 0 1000 100\" preserveaspectratio=\"none\">\n\t<path class=\"elementor-shape-fill\" d=\"M421.9,6.5c22.6-2.5,51.5,0.4,75.5,5.3c23.6,4.9,70.9,23.5,100.5,35.7c75.8,32.2,133.7,44.5,192.6,49.7\tc23.6,2.1,48.7,3.5,103.4-2.5c54.7-6,106.2-25.6,106.2-25.6V0H0v30.3c0,0,72,32.6,158.4,30.5c39.2-0.7,92.8-6.7,134-22.4\tc21.2-8.1,52.2-18.2,79.7-24.2C399.3,7.9,411.6,7.5,421.9,6.5z\"\/>\n<\/svg>\t\t<\/div>\n\t\t<div class=\"elementor-element elementor-element-7345be7e e-con-full e-flex e-con e-child\" data-id=\"7345be7e\" data-element_type=\"container\">\n\t\t\t\t<div class=\"elementor-element elementor-element-2eae5f36 elementor-absolute elementor-widget elementor-widget-image\" data-id=\"2eae5f36\" data-element_type=\"widget\" data-settings=\"{&quot;_position&quot;:&quot;absolute&quot;}\" data-widget_type=\"image.default\">\n\t\t\t\t<div class=\"elementor-widget-container\">\n\t\t\t\t\t\t\t\t\t\t\t\t\t\t\t<img decoding=\"async\" width=\"1\" height=\"1\" src=\"https:\/\/www.sj-cluny.org\/wp-content\/uploads\/2025\/06\/coeur-blanc.svg\" class=\"attachment-large size-large wp-image-450\" alt=\"\" \/>\t\t\t\t\t\t\t\t\t\t\t\t\t\t\t<\/div>\n\t\t\t\t<\/div>\n\t\t\t\t<\/div>\n\t\t\t\t\t<\/div>\n\t\t\t\t<\/div>\n\t\t<div class=\"elementor-element elementor-element-8c74422 e-flex e-con-boxed e-con e-parent\" data-id=\"8c74422\" data-element_type=\"container\" data-settings=\"{&quot;background_background&quot;:&quot;classic&quot;}\">\n\t\t\t\t\t<div class=\"e-con-inner\">\n\t\t\t\t<div class=\"elementor-element elementor-element-c9c3939 elementor-widget elementor-widget-text-editor\" data-id=\"c9c3939\" data-element_type=\"widget\" data-widget_type=\"text-editor.default\">\n\t\t\t\t<div class=\"elementor-widget-container\">\n\t\t\t\t\t\t\t\t\t<p>A Congrega\u00e7\u00e3o de S\u00e3o Jos\u00e9 de Cluny compromete-se a respeitar, enquanto respons\u00e1vel pelo tratamento dos dados, as disposi\u00e7\u00f5es da Lei n.\u00ba 78-17, de 6 de janeiro de 1978, tal como alterada (Lei da Prote\u00e7\u00e3o de Dados) e o Regulamento Geral de Prote\u00e7\u00e3o de Dados (RGPD - 2016\/679) e qualquer outro texto que possa ser acrescentado.<\/p><p>Na pol\u00edtica de prote\u00e7\u00e3o de dados que se segue, encontrar\u00e1 os meios que implement\u00e1mos para o conseguir.<\/p>\t\t\t\t\t\t\t\t<\/div>\n\t\t\t\t<\/div>\n\t\t\t\t<div class=\"elementor-element elementor-element-4a81f36 elementor-widget elementor-widget-heading\" data-id=\"4a81f36\" data-element_type=\"widget\" data-widget_type=\"heading.default\">\n\t\t\t\t<div class=\"elementor-widget-container\">\n\t\t\t\t\t<h2 class=\"elementor-heading-title elementor-size-default\">1. \u00c2mbito de aplica\u00e7\u00e3o:<\/h2>\t\t\t\t<\/div>\n\t\t\t\t<\/div>\n\t\t\t\t<div class=\"elementor-element elementor-element-ccecba1 elementor-widget elementor-widget-text-editor\" data-id=\"ccecba1\" data-element_type=\"widget\" data-widget_type=\"text-editor.default\">\n\t\t\t\t<div class=\"elementor-widget-container\">\n\t\t\t\t\t\t\t\t\t<p>A presente pol\u00edtica aplica-se a todos os tratamentos de dados pessoais efectuados pela Congr\u00e9gation de Saint Joseph de Cluny, independentemente do suporte em que os dados s\u00e3o recolhidos.<\/p>\t\t\t\t\t\t\t\t<\/div>\n\t\t\t\t<\/div>\n\t\t\t\t<div class=\"elementor-element elementor-element-3514fd9 elementor-widget elementor-widget-heading\" data-id=\"3514fd9\" data-element_type=\"widget\" data-widget_type=\"heading.default\">\n\t\t\t\t<div class=\"elementor-widget-container\">\n\t\t\t\t\t<h2 class=\"elementor-heading-title elementor-size-default\">2. Os dados recolhidos <\/h2>\t\t\t\t<\/div>\n\t\t\t\t<\/div>\n\t\t\t\t<div class=\"elementor-element elementor-element-3d0e294 elementor-widget elementor-widget-text-editor\" data-id=\"3d0e294\" data-element_type=\"widget\" data-widget_type=\"text-editor.default\">\n\t\t\t\t<div class=\"elementor-widget-container\">\n\t\t\t\t\t\t\t\t\t<p>Recolhemos informa\u00e7\u00f5es <strong><em>l<\/em><\/strong>Quando preenche um formul\u00e1rio: para fazer uma pergunta, pedir informa\u00e7\u00f5es ou fazer um donativo. Recolhemos as informa\u00e7\u00f5es que introduz: o seu apelido, nome pr\u00f3prio, endere\u00e7o postal ou endere\u00e7o eletr\u00f3nico, n\u00famero de telefone, etc. Os dados banc\u00e1rios dos seus donativos n\u00e3o s\u00e3o guardados por n\u00f3s, mas pelo nosso banco.<\/p><p>Quando navega no nosso s\u00edtio Web, tamb\u00e9m recolhemos informa\u00e7\u00f5es t\u00e9cnicas sobre o seu dispositivo (endere\u00e7o IP) ou estat\u00edsticas de navega\u00e7\u00e3o.<\/p>\t\t\t\t\t\t\t\t<\/div>\n\t\t\t\t<\/div>\n\t\t\t\t<div class=\"elementor-element elementor-element-2999b25 elementor-widget elementor-widget-heading\" data-id=\"2999b25\" data-element_type=\"widget\" data-widget_type=\"heading.default\">\n\t\t\t\t<div class=\"elementor-widget-container\">\n\t\t\t\t\t<h2 class=\"elementor-heading-title elementor-size-default\">3. O objetivo da recolha de dados:<\/h2>\t\t\t\t<\/div>\n\t\t\t\t<\/div>\n\t\t\t\t<div class=\"elementor-element elementor-element-2862a20 elementor-widget elementor-widget-text-editor\" data-id=\"2862a20\" data-element_type=\"widget\" data-widget_type=\"text-editor.default\">\n\t\t\t\t<div class=\"elementor-widget-container\">\n\t\t\t\t\t\t\t\t\t<p>Todas as informa\u00e7\u00f5es que recolhemos sobre si podem ser utilizadas pelo nosso servi\u00e7o de comunica\u00e7\u00e3o e pelo nosso servi\u00e7o de rela\u00e7\u00f5es com os doadores para diversos fins: gest\u00e3o das rela\u00e7\u00f5es com os doadores e emiss\u00e3o de recibos fiscais. Utilizamos igualmente os seus dados para lhe enviar informa\u00e7\u00f5es personalizadas, para apelar \u00e0 sua generosidade ou para fins estat\u00edsticos, nomeadamente no que se refere \u00e0 navega\u00e7\u00e3o no nosso s\u00edtio Web.<\/p>\t\t\t\t\t\t\t\t<\/div>\n\t\t\t\t<\/div>\n\t\t\t\t<div class=\"elementor-element elementor-element-24841fe elementor-widget elementor-widget-heading\" data-id=\"24841fe\" data-element_type=\"widget\" data-widget_type=\"heading.default\">\n\t\t\t\t<div class=\"elementor-widget-container\">\n\t\t\t\t\t<h2 class=\"elementor-heading-title elementor-size-default\">4. Prazo de validade: <\/h2>\t\t\t\t<\/div>\n\t\t\t\t<\/div>\n\t\t\t\t<div class=\"elementor-element elementor-element-bfbe394 elementor-widget elementor-widget-text-editor\" data-id=\"bfbe394\" data-element_type=\"widget\" data-widget_type=\"text-editor.default\">\n\t\t\t\t<div class=\"elementor-widget-container\">\n\t\t\t\t\t\t\t\t\t<p>A Congr\u00e9gation de Saint Joseph de Cluny conserva os seus dados durante o tempo estritamente necess\u00e1rio para os fins acima referidos.<\/p>\t\t\t\t\t\t\t\t<\/div>\n\t\t\t\t<\/div>\n\t\t\t\t<div class=\"elementor-element elementor-element-1316bc5 elementor-widget elementor-widget-heading\" data-id=\"1316bc5\" data-element_type=\"widget\" data-widget_type=\"heading.default\">\n\t\t\t\t<div class=\"elementor-widget-container\">\n\t\t\t\t\t<h2 class=\"elementor-heading-title elementor-size-default\">5. Armazenamento e seguran\u00e7a dos dados:<\/h2>\t\t\t\t<\/div>\n\t\t\t\t<\/div>\n\t\t\t\t<div class=\"elementor-element elementor-element-9fd0b83 elementor-widget elementor-widget-text-editor\" data-id=\"9fd0b83\" data-element_type=\"widget\" data-widget_type=\"text-editor.default\">\n\t\t\t\t<div class=\"elementor-widget-container\">\n\t\t\t\t\t\t\t\t\t<p>A Congr\u00e9gation de Saint Joseph de Cluny toma todas as medidas necess\u00e1rias para proteger a seguran\u00e7a dos dados pessoais que lhe s\u00e3o confiados. Para o efeito, aplica as medidas t\u00e9cnicas e organizativas necess\u00e1rias para impedir, na medida do poss\u00edvel, qualquer altera\u00e7\u00e3o, perda ou acesso n\u00e3o autorizado aos seus dados.<\/p><p>A Congrega\u00e7\u00e3o de S\u00e3o Jos\u00e9 de Cluny tamb\u00e9m trabalha com prestadores de servi\u00e7os que agem em conformidade com a Lei Francesa de Prote\u00e7\u00e3o de Dados e o Regulamento Geral de Prote\u00e7\u00e3o de Dados. (RGPD).<\/p><p>Os dados pessoais s\u00e3o armazenados na Uni\u00e3o Europeia, no nosso software, sob a forma de c\u00f3pias em papel mantidas em ficheiros e\/ou nos dos nossos prestadores de servi\u00e7os.  No caso de donativos feitos a comunidades fora da Uni\u00e3o Europeia, pode opor-se \u00e0 transmiss\u00e3o apenas dos seus dados postais ou de correio eletr\u00f3nico com o \u00fanico objetivo de a comunidade local lhe enviar os seus agradecimentos.<\/p>\t\t\t\t\t\t\t\t<\/div>\n\t\t\t\t<\/div>\n\t\t\t\t<div class=\"elementor-element elementor-element-46f449d elementor-widget elementor-widget-heading\" data-id=\"46f449d\" data-element_type=\"widget\" data-widget_type=\"heading.default\">\n\t\t\t\t<div class=\"elementor-widget-container\">\n\t\t\t\t\t<h2 class=\"elementor-heading-title elementor-size-default\">6. Direito de acesso:<\/h2>\t\t\t\t<\/div>\n\t\t\t\t<\/div>\n\t\t\t\t<div class=\"elementor-element elementor-element-bb00afa elementor-widget elementor-widget-text-editor\" data-id=\"bb00afa\" data-element_type=\"widget\" data-widget_type=\"text-editor.default\">\n\t\t\t\t<div class=\"elementor-widget-container\">\n\t\t\t\t\t\t\t\t\t<p>Em conformidade com a Lei n.\u00ba 78-17 de 16 de janeiro de 1978 relativa \u00e0 prote\u00e7\u00e3o dos dados pessoais e com o Regulamento Geral sobre a Prote\u00e7\u00e3o de Dados 2016\/679, disp\u00f5e de um direito de acesso, de retifica\u00e7\u00e3o, de limita\u00e7\u00e3o e de supress\u00e3o dos seus dados pessoais.<\/p><p>Pode enviar os seus pedidos \u00e0 Congr\u00e9gation de Saint Joseph de Cluny por correio eletr\u00f3nico para o seguinte endere\u00e7o<\/p><p><em>Endere\u00e7o: Congrega\u00e7\u00e3o de S\u00e3o Jos\u00e9 de Cluny, 21 rue M\u00e9chain, 75014 PARIS<\/em><\/p><p><span style=\"text-decoration: underline;\"><strong><a href=\"https:\/\/www.sj-cluny.org\/pt\/contact\/\"><em>Contactar-nos por correio eletr\u00f3nico<\/em><\/a><\/strong><\/span><\/p>\t\t\t\t\t\t\t\t<\/div>\n\t\t\t\t<\/div>\n\t\t\t\t<div class=\"elementor-element elementor-element-a2231d7 elementor-widget elementor-widget-heading\" data-id=\"a2231d7\" data-element_type=\"widget\" data-widget_type=\"heading.default\">\n\t\t\t\t<div class=\"elementor-widget-container\">\n\t\t\t\t\t<h2 class=\"elementor-heading-title elementor-size-default\">7. Autorizado:<\/h2>\t\t\t\t<\/div>\n\t\t\t\t<\/div>\n\t\t\t\t<div class=\"elementor-element elementor-element-5a7110e elementor-widget elementor-widget-text-editor\" data-id=\"5a7110e\" data-element_type=\"widget\" data-widget_type=\"text-editor.default\">\n\t\t\t\t<div class=\"elementor-widget-container\">\n\t\t\t\t\t\t\t\t\t<p>Ao utilizar o nosso s\u00edtio Web, o utilizador concorda com a nossa pol\u00edtica de privacidade. Para outros meios de comunica\u00e7\u00e3o, s\u00e3o inclu\u00eddas refer\u00eancias em cada documento para o informar da utiliza\u00e7\u00e3o que fazemos dos seus dados pessoais e dos seus direitos a este respeito.<\/p>\t\t\t\t\t\t\t\t<\/div>\n\t\t\t\t<\/div>\n\t\t\t\t\t<\/div>\n\t\t\t\t<\/div>\n\t\t\t\t<\/div>","protected":false},"excerpt":{"rendered":"<p>A Congr\u00e9gation de Saint Joseph de Cluny, na qualidade de respons\u00e1vel pelo tratamento dos dados, compromete-se a respeitar as disposi\u00e7\u00f5es da Lei n.\u00ba 78-17 de 6 de janeiro de 1978, tal como alterada (Lei [...].<\/p>","protected":false},"author":1,"featured_media":0,"parent":0,"menu_order":0,"comment_status":"closed","ping_status":"closed","template":"elementor_header_footer","meta":{"_acf_changed":false,"footnotes":""},"class_list":["post-253","page","type-page","status-publish","hentry"],"acf":[],"yoast_head":"<!-- This site is optimized with the Yoast SEO plugin v26.3 - https:\/\/yoast.com\/wordpress\/plugins\/seo\/ -->\n<title>Politique de confidentialit\u00e9 - S\u0153urs de Saint-Joseph de Cluny<\/title>\n<meta name=\"robots\" content=\"index, follow, max-snippet:-1, max-image-preview:large, max-video-preview:-1\" \/>\n<link rel=\"canonical\" href=\"https:\/\/www.sj-cluny.org\/pt\/politique-de-confidentialite\/\" \/>\n<meta property=\"og:locale\" content=\"pt_PT\" \/>\n<meta property=\"og:type\" content=\"article\" \/>\n<meta property=\"og:title\" content=\"Politique de confidentialit\u00e9 - S\u0153urs de Saint-Joseph de Cluny\" \/>\n<meta property=\"og:description\" content=\"La Congr\u00e9gation de Saint Joseph de Cluny s&rsquo;engage \u00e0 respecter, en tant que responsable de traitement, les dispositions de la Loi n \u00b0 78-17 du 6 janvier 1978 modifi\u00e9e (Loi [&hellip;]\" \/>\n<meta property=\"og:url\" content=\"https:\/\/www.sj-cluny.org\/pt\/politique-de-confidentialite\/\" \/>\n<meta property=\"og:site_name\" content=\"S\u0153urs de Saint-Joseph de Cluny\" \/>\n<meta property=\"article:modified_time\" content=\"2025-08-18T19:22:48+00:00\" \/>\n<meta name=\"twitter:card\" content=\"summary_large_image\" \/>\n<meta name=\"twitter:label1\" content=\"Est. reading time\" \/>\n\t<meta name=\"twitter:data1\" content=\"3 minutes\" \/>\n<script type=\"application\/ld+json\" class=\"yoast-schema-graph\">{\"@context\":\"https:\/\/schema.org\",\"@graph\":[{\"@type\":\"WebPage\",\"@id\":\"https:\/\/www.sj-cluny.org\/politique-de-confidentialite\/\",\"url\":\"https:\/\/www.sj-cluny.org\/politique-de-confidentialite\/\",\"name\":\"Politique de confidentialit\u00e9 - S\u0153urs de Saint-Joseph de Cluny\",\"isPartOf\":{\"@id\":\"https:\/\/www.sj-cluny.org\/#website\"},\"primaryImageOfPage\":{\"@id\":\"https:\/\/www.sj-cluny.org\/politique-de-confidentialite\/#primaryimage\"},\"image\":{\"@id\":\"https:\/\/www.sj-cluny.org\/politique-de-confidentialite\/#primaryimage\"},\"thumbnailUrl\":\"https:\/\/www.sj-cluny.org\/wp-content\/uploads\/2025\/06\/coeur-blanc.svg\",\"datePublished\":\"2025-05-22T13:39:14+00:00\",\"dateModified\":\"2025-08-18T19:22:48+00:00\",\"breadcrumb\":{\"@id\":\"https:\/\/www.sj-cluny.org\/politique-de-confidentialite\/#breadcrumb\"},\"inLanguage\":\"pt-PT\",\"potentialAction\":[{\"@type\":\"ReadAction\",\"target\":[\"https:\/\/www.sj-cluny.org\/politique-de-confidentialite\/\"]}]},{\"@type\":\"ImageObject\",\"inLanguage\":\"pt-PT\",\"@id\":\"https:\/\/www.sj-cluny.org\/politique-de-confidentialite\/#primaryimage\",\"url\":\"https:\/\/www.sj-cluny.org\/wp-content\/uploads\/2025\/06\/coeur-blanc.svg\",\"contentUrl\":\"https:\/\/www.sj-cluny.org\/wp-content\/uploads\/2025\/06\/coeur-blanc.svg\"},{\"@type\":\"BreadcrumbList\",\"@id\":\"https:\/\/www.sj-cluny.org\/politique-de-confidentialite\/#breadcrumb\",\"itemListElement\":[{\"@type\":\"ListItem\",\"position\":1,\"name\":\"Accueil\",\"item\":\"https:\/\/www.sj-cluny.org\/\"},{\"@type\":\"ListItem\",\"position\":2,\"name\":\"Politique de confidentialit\u00e9\"}]},{\"@type\":\"WebSite\",\"@id\":\"https:\/\/www.sj-cluny.org\/#website\",\"url\":\"https:\/\/www.sj-cluny.org\/\",\"name\":\"S\u0153urs de Saint-Joseph de Cluny\",\"description\":\"\",\"potentialAction\":[{\"@type\":\"SearchAction\",\"target\":{\"@type\":\"EntryPoint\",\"urlTemplate\":\"https:\/\/www.sj-cluny.org\/?s={search_term_string}\"},\"query-input\":{\"@type\":\"PropertyValueSpecification\",\"valueRequired\":true,\"valueName\":\"search_term_string\"}}],\"inLanguage\":\"pt-PT\"}]}<\/script>\n<!-- \/ Yoast SEO plugin. -->","yoast_head_json":{"title":"Pol\u00edtica de privacidade - Irm\u00e3s de S\u00e3o Jos\u00e9 de Cluny","robots":{"index":"index","follow":"follow","max-snippet":"max-snippet:-1","max-image-preview":"max-image-preview:large","max-video-preview":"max-video-preview:-1"},"canonical":"https:\/\/www.sj-cluny.org\/pt\/politique-de-confidentialite\/","og_locale":"pt_PT","og_type":"article","og_title":"Politique de confidentialit\u00e9 - S\u0153urs de Saint-Joseph de Cluny","og_description":"La Congr\u00e9gation de Saint Joseph de Cluny s&rsquo;engage \u00e0 respecter, en tant que responsable de traitement, les dispositions de la Loi n \u00b0 78-17 du 6 janvier 1978 modifi\u00e9e (Loi [&hellip;]","og_url":"https:\/\/www.sj-cluny.org\/pt\/politique-de-confidentialite\/","og_site_name":"S\u0153urs de Saint-Joseph de Cluny","article_modified_time":"2025-08-18T19:22:48+00:00","twitter_card":"summary_large_image","twitter_misc":{"Est. reading time":"3 minutes"},"schema":{"@context":"https:\/\/schema.org","@graph":[{"@type":"WebPage","@id":"https:\/\/www.sj-cluny.org\/politique-de-confidentialite\/","url":"https:\/\/www.sj-cluny.org\/politique-de-confidentialite\/","name":"Pol\u00edtica de privacidade - Irm\u00e3s de S\u00e3o Jos\u00e9 de Cluny","isPartOf":{"@id":"https:\/\/www.sj-cluny.org\/#website"},"primaryImageOfPage":{"@id":"https:\/\/www.sj-cluny.org\/politique-de-confidentialite\/#primaryimage"},"image":{"@id":"https:\/\/www.sj-cluny.org\/politique-de-confidentialite\/#primaryimage"},"thumbnailUrl":"https:\/\/www.sj-cluny.org\/wp-content\/uploads\/2025\/06\/coeur-blanc.svg","datePublished":"2025-05-22T13:39:14+00:00","dateModified":"2025-08-18T19:22:48+00:00","breadcrumb":{"@id":"https:\/\/www.sj-cluny.org\/politique-de-confidentialite\/#breadcrumb"},"inLanguage":"pt-PT","potentialAction":[{"@type":"ReadAction","target":["https:\/\/www.sj-cluny.org\/politique-de-confidentialite\/"]}]},{"@type":"ImageObject","inLanguage":"pt-PT","@id":"https:\/\/www.sj-cluny.org\/politique-de-confidentialite\/#primaryimage","url":"https:\/\/www.sj-cluny.org\/wp-content\/uploads\/2025\/06\/coeur-blanc.svg","contentUrl":"https:\/\/www.sj-cluny.org\/wp-content\/uploads\/2025\/06\/coeur-blanc.svg"},{"@type":"BreadcrumbList","@id":"https:\/\/www.sj-cluny.org\/politique-de-confidentialite\/#breadcrumb","itemListElement":[{"@type":"ListItem","position":1,"name":"Accueil","item":"https:\/\/www.sj-cluny.org\/"},{"@type":"ListItem","position":2,"name":"Politique de confidentialit\u00e9"}]},{"@type":"WebSite","@id":"https:\/\/www.sj-cluny.org\/#website","url":"https:\/\/www.sj-cluny.org\/","name":"Irm\u00e3s de S\u00e3o Jos\u00e9 de Cluny","description":"","potentialAction":[{"@type":"SearchAction","target":{"@type":"EntryPoint","urlTemplate":"https:\/\/www.sj-cluny.org\/?s={search_term_string}"},"query-input":{"@type":"PropertyValueSpecification","valueRequired":true,"valueName":"search_term_string"}}],"inLanguage":"pt-PT"}]}},"_links":{"self":[{"href":"https:\/\/www.sj-cluny.org\/pt\/wp-json\/wp\/v2\/pages\/253","targetHints":{"allow":["GET"]}}],"collection":[{"href":"https:\/\/www.sj-cluny.org\/pt\/wp-json\/wp\/v2\/pages"}],"about":[{"href":"https:\/\/www.sj-cluny.org\/pt\/wp-json\/wp\/v2\/types\/page"}],"author":[{"embeddable":true,"href":"https:\/\/www.sj-cluny.org\/pt\/wp-json\/wp\/v2\/users\/1"}],"replies":[{"embeddable":true,"href":"https:\/\/www.sj-cluny.org\/pt\/wp-json\/wp\/v2\/comments?post=253"}],"version-history":[{"count":10,"href":"https:\/\/www.sj-cluny.org\/pt\/wp-json\/wp\/v2\/pages\/253\/revisions"}],"predecessor-version":[{"id":2270,"href":"https:\/\/www.sj-cluny.org\/pt\/wp-json\/wp\/v2\/pages\/253\/revisions\/2270"}],"wp:attachment":[{"href":"https:\/\/www.sj-cluny.org\/pt\/wp-json\/wp\/v2\/media?parent=253"}],"curies":[{"name":"wp","href":"https:\/\/api.w.org\/{rel}","templated":true}]}}