{"id":91,"date":"2025-05-20T16:20:12","date_gmt":"2025-05-20T14:20:12","guid":{"rendered":"https:\/\/www.sj-cluny.org\/nous-rejoindre\/devenir-un-associe-laic\/"},"modified":"2025-08-23T11:17:30","modified_gmt":"2025-08-23T09:17:30","slug":"devenir-un-associe-laic","status":"publish","type":"page","link":"https:\/\/www.sj-cluny.org\/es\/nous-rejoindre\/devenir-un-associe-laic\/","title":{"rendered":"Ser un Asociado Laico"},"content":{"rendered":"<div data-elementor-type=\"wp-page\" data-elementor-id=\"91\" class=\"elementor elementor-91\" data-elementor-post-type=\"page\">\n\t\t\t\t<div class=\"elementor-element elementor-element-7348ffc e-con-full e-flex e-con e-child\" data-id=\"7348ffc\" data-element_type=\"container\">\n\t\t\t\t<div class=\"elementor-element elementor-element-0e678cb elementor-widget elementor-widget-image\" data-id=\"0e678cb\" data-element_type=\"widget\" data-widget_type=\"image.default\">\n\t\t\t\t<div class=\"elementor-widget-container\">\n\t\t\t\t\t\t\t\t\t\t\t\t\t\t\t<img fetchpriority=\"high\" decoding=\"async\" width=\"800\" height=\"400\" src=\"https:\/\/www.sj-cluny.org\/wp-content\/uploads\/2025\/08\/associate.jpg\" class=\"attachment-large size-large wp-image-2412\" alt=\"\" srcset=\"https:\/\/www.sj-cluny.org\/wp-content\/uploads\/2025\/08\/associate.jpg 800w, https:\/\/www.sj-cluny.org\/wp-content\/uploads\/2025\/08\/associate-300x150.jpg 300w, https:\/\/www.sj-cluny.org\/wp-content\/uploads\/2025\/08\/associate-768x384.jpg 768w, https:\/\/www.sj-cluny.org\/wp-content\/uploads\/2025\/08\/elementor\/thumbs\/associate-rai6l0t90ydywvcgk4a1sezpmd3hjvgekvnc5yjdv8.jpg 100w\" sizes=\"(max-width: 800px) 100vw, 800px\" \/>\t\t\t\t\t\t\t\t\t\t\t\t\t\t\t<\/div>\n\t\t\t\t<\/div>\n\t\t\t\t<div class=\"elementor-element elementor-element-c4da2c8 elementor-widget elementor-widget-heading\" data-id=\"c4da2c8\" data-element_type=\"widget\" data-widget_type=\"heading.default\">\n\t\t\t\t<div class=\"elementor-widget-container\">\n\t\t\t\t\t<h2 class=\"elementor-heading-title elementor-size-default\">Unirse a los asociados laicos<\/h2>\t\t\t\t<\/div>\n\t\t\t\t<\/div>\n\t\t\t\t<div class=\"elementor-element elementor-element-4882c79 elementor-widget elementor-widget-text-editor\" data-id=\"4882c79\" data-element_type=\"widget\" data-widget_type=\"text-editor.default\">\n\t\t\t\t<div class=\"elementor-widget-container\">\n\t\t\t\t\t\t\t\t\t<p>Los asociados son creyentes que desean crecer en su fe. Se unen a las hermanas de San Jos\u00e9 de Cluny para vivir el carisma y la espiritualidad de la congregaci\u00f3n.<\/p>\t\t\t\t\t\t\t\t<\/div>\n\t\t\t\t<\/div>\n\t\t\t\t<div class=\"elementor-element elementor-element-8daf639 elementor-widget elementor-widget-text-editor\" data-id=\"8daf639\" data-element_type=\"widget\" data-widget_type=\"text-editor.default\">\n\t\t\t\t<div class=\"elementor-widget-container\">\n\t\t\t\t\t\t\t\t\t<p>Puede ser Asociado  cualquier adulto, bautizado, hombre o mujer que desee vivir plenamente los valores evang\u00e9licos y que quiera compartir el esp\u00edritu y la visi\u00f3n de Ana Mar\u00eda Javouhey.<\/p>\t\t\t\t\t\t\t\t<\/div>\n\t\t\t\t<\/div>\n\t\t\t\t<div class=\"elementor-element elementor-element-c7fc6f3 elementor-widget elementor-widget-text-editor\" data-id=\"c7fc6f3\" data-element_type=\"widget\" data-widget_type=\"text-editor.default\">\n\t\t\t\t<div class=\"elementor-widget-container\">\n\t\t\t\t\t\t\t\t\t<p>P\u00f3ngase en contacto con las hermanas de San Jos\u00e9 de Cluny que viven cerca de usted.<\/p>\t\t\t\t\t\t\t\t<\/div>\n\t\t\t\t<\/div>\n\t\t\t\t<\/div>\n\t\t<div class=\"elementor-element elementor-element-bca40d4 e-flex e-con-boxed e-con e-parent\" data-id=\"bca40d4\" data-element_type=\"container\">\n\t\t\t\t\t<div class=\"e-con-inner\">\n\t\t\t\t<div class=\"elementor-element elementor-element-42e46b4 elementor-widget elementor-widget-spyrit_elementor_widget_masonry\" data-id=\"42e46b4\" data-element_type=\"widget\" data-widget_type=\"spyrit_elementor_widget_masonry.default\">\n\t\t\t\t<div class=\"elementor-widget-container\">\n\t\t\t\t\t        <div class='spyrit-elementor-widget widget-masonry'>\n            <div class=\"masonry-grid v4\">\n                <div class=\"col-1\">\n                                            <img decoding=\"async\" class=\"image-1\" src=\"https:\/\/www.sj-cluny.org\/wp-content\/uploads\/2025\/07\/image1.png\" alt=\"\">\n                    \n                                    <\/div>\n                <div class=\"col-2\">\n                    \n                                            <img decoding=\"async\" class=\"image-2\" src=\"https:\/\/www.sj-cluny.org\/wp-content\/uploads\/2025\/07\/associates.jpg\" alt=\"\">\n                    \n                    \n                                    <\/div>\n            <\/div>\n        <\/div>\n        \t\t\t\t<\/div>\n\t\t\t\t<\/div>\n\t\t\t\t\t<\/div>\n\t\t\t\t<\/div>\n\t\t\t\t<\/div>","protected":false},"excerpt":{"rendered":"<p>Unirse a los laicos asociados Los asociados son creyentes que desean crecer en su fe. Se unen a las Hermanas de San Jos\u00e9 de Cluny para vivir el carisma y la [...]<\/p>","protected":false},"author":1,"featured_media":0,"parent":73,"menu_order":3,"comment_status":"closed","ping_status":"closed","template":"","meta":{"_acf_changed":false,"footnotes":""},"class_list":["post-91","page","type-page","status-publish","hentry"],"acf":[],"yoast_head":"<!-- This site is optimized with the Yoast SEO plugin v26.3 - https:\/\/yoast.com\/wordpress\/plugins\/seo\/ -->\n<title>Devenir un Associ\u00e9 la\u00efc - S\u0153urs de Saint-Joseph de Cluny<\/title>\n<meta name=\"robots\" content=\"index, follow, max-snippet:-1, max-image-preview:large, max-video-preview:-1\" \/>\n<link rel=\"canonical\" href=\"https:\/\/www.sj-cluny.org\/es\/nous-rejoindre\/devenir-un-associe-laic\/\" \/>\n<meta property=\"og:locale\" content=\"es_ES\" \/>\n<meta property=\"og:type\" content=\"article\" \/>\n<meta property=\"og:title\" content=\"Devenir un Associ\u00e9 la\u00efc - S\u0153urs de Saint-Joseph de Cluny\" \/>\n<meta property=\"og:description\" content=\"Rejoindre les associ\u00e9s la\u00efcs Les associ\u00e9s sont des croyants qui, veulent grandir dans la foi. Ils rejoignent les s\u0153urs de Saint Joseph de Cluny pour vivre le charisme et la [&hellip;]\" \/>\n<meta property=\"og:url\" content=\"https:\/\/www.sj-cluny.org\/es\/nous-rejoindre\/devenir-un-associe-laic\/\" \/>\n<meta property=\"og:site_name\" content=\"S\u0153urs de Saint-Joseph de Cluny\" \/>\n<meta property=\"article:modified_time\" content=\"2025-08-23T09:17:30+00:00\" \/>\n<meta property=\"og:image\" content=\"https:\/\/www.sj-cluny.org\/wp-content\/uploads\/2025\/08\/associate.jpg\" \/>\n\t<meta property=\"og:image:width\" content=\"800\" \/>\n\t<meta property=\"og:image:height\" content=\"400\" \/>\n\t<meta property=\"og:image:type\" content=\"image\/jpeg\" \/>\n<meta name=\"twitter:card\" content=\"summary_large_image\" \/>\n<script type=\"application\/ld+json\" class=\"yoast-schema-graph\">{\"@context\":\"https:\/\/schema.org\",\"@graph\":[{\"@type\":\"WebPage\",\"@id\":\"https:\/\/www.sj-cluny.org\/en\/nous-rejoindre\/devenir-un-associe-laic\/\",\"url\":\"https:\/\/www.sj-cluny.org\/en\/nous-rejoindre\/devenir-un-associe-laic\/\",\"name\":\"Devenir un Associ\u00e9 la\u00efc - S\u0153urs de Saint-Joseph de Cluny\",\"isPartOf\":{\"@id\":\"https:\/\/www.sj-cluny.org\/#website\"},\"primaryImageOfPage\":{\"@id\":\"https:\/\/www.sj-cluny.org\/en\/nous-rejoindre\/devenir-un-associe-laic\/#primaryimage\"},\"image\":{\"@id\":\"https:\/\/www.sj-cluny.org\/en\/nous-rejoindre\/devenir-un-associe-laic\/#primaryimage\"},\"thumbnailUrl\":\"https:\/\/www.sj-cluny.org\/wp-content\/uploads\/2025\/08\/associate.jpg\",\"datePublished\":\"2025-05-20T14:20:12+00:00\",\"dateModified\":\"2025-08-23T09:17:30+00:00\",\"breadcrumb\":{\"@id\":\"https:\/\/www.sj-cluny.org\/en\/nous-rejoindre\/devenir-un-associe-laic\/#breadcrumb\"},\"inLanguage\":\"es-ES\",\"potentialAction\":[{\"@type\":\"ReadAction\",\"target\":[\"https:\/\/www.sj-cluny.org\/en\/nous-rejoindre\/devenir-un-associe-laic\/\"]}]},{\"@type\":\"ImageObject\",\"inLanguage\":\"es-ES\",\"@id\":\"https:\/\/www.sj-cluny.org\/en\/nous-rejoindre\/devenir-un-associe-laic\/#primaryimage\",\"url\":\"https:\/\/www.sj-cluny.org\/wp-content\/uploads\/2025\/08\/associate.jpg\",\"contentUrl\":\"https:\/\/www.sj-cluny.org\/wp-content\/uploads\/2025\/08\/associate.jpg\"},{\"@type\":\"BreadcrumbList\",\"@id\":\"https:\/\/www.sj-cluny.org\/en\/nous-rejoindre\/devenir-un-associe-laic\/#breadcrumb\",\"itemListElement\":[{\"@type\":\"ListItem\",\"position\":1,\"name\":\"Accueil\",\"item\":\"https:\/\/www.sj-cluny.org\/\"},{\"@type\":\"ListItem\",\"position\":2,\"name\":\"Nous rejoindre\",\"item\":\"https:\/\/www.sj-cluny.org\/nous-rejoindre\/\"},{\"@type\":\"ListItem\",\"position\":3,\"name\":\"Devenir un Associ\u00e9 la\u00efc\"}]},{\"@type\":\"WebSite\",\"@id\":\"https:\/\/www.sj-cluny.org\/#website\",\"url\":\"https:\/\/www.sj-cluny.org\/\",\"name\":\"S\u0153urs de Saint-Joseph de Cluny\",\"description\":\"\",\"potentialAction\":[{\"@type\":\"SearchAction\",\"target\":{\"@type\":\"EntryPoint\",\"urlTemplate\":\"https:\/\/www.sj-cluny.org\/?s={search_term_string}\"},\"query-input\":{\"@type\":\"PropertyValueSpecification\",\"valueRequired\":true,\"valueName\":\"search_term_string\"}}],\"inLanguage\":\"es-ES\"}]}<\/script>\n<!-- \/ Yoast SEO plugin. -->","yoast_head_json":{"title":"Devenir un Associ\u00e9 la\u00efc - S\u0153urs de Saint-Joseph de Cluny","robots":{"index":"index","follow":"follow","max-snippet":"max-snippet:-1","max-image-preview":"max-image-preview:large","max-video-preview":"max-video-preview:-1"},"canonical":"https:\/\/www.sj-cluny.org\/es\/nous-rejoindre\/devenir-un-associe-laic\/","og_locale":"es_ES","og_type":"article","og_title":"Devenir un Associ\u00e9 la\u00efc - S\u0153urs de Saint-Joseph de Cluny","og_description":"Rejoindre les associ\u00e9s la\u00efcs Les associ\u00e9s sont des croyants qui, veulent grandir dans la foi. Ils rejoignent les s\u0153urs de Saint Joseph de Cluny pour vivre le charisme et la [&hellip;]","og_url":"https:\/\/www.sj-cluny.org\/es\/nous-rejoindre\/devenir-un-associe-laic\/","og_site_name":"S\u0153urs de Saint-Joseph de Cluny","article_modified_time":"2025-08-23T09:17:30+00:00","og_image":[{"width":800,"height":400,"url":"https:\/\/www.sj-cluny.org\/wp-content\/uploads\/2025\/08\/associate.jpg","type":"image\/jpeg"}],"twitter_card":"summary_large_image","schema":{"@context":"https:\/\/schema.org","@graph":[{"@type":"WebPage","@id":"https:\/\/www.sj-cluny.org\/en\/nous-rejoindre\/devenir-un-associe-laic\/","url":"https:\/\/www.sj-cluny.org\/en\/nous-rejoindre\/devenir-un-associe-laic\/","name":"Devenir un Associ\u00e9 la\u00efc - S\u0153urs de Saint-Joseph de Cluny","isPartOf":{"@id":"https:\/\/www.sj-cluny.org\/#website"},"primaryImageOfPage":{"@id":"https:\/\/www.sj-cluny.org\/en\/nous-rejoindre\/devenir-un-associe-laic\/#primaryimage"},"image":{"@id":"https:\/\/www.sj-cluny.org\/en\/nous-rejoindre\/devenir-un-associe-laic\/#primaryimage"},"thumbnailUrl":"https:\/\/www.sj-cluny.org\/wp-content\/uploads\/2025\/08\/associate.jpg","datePublished":"2025-05-20T14:20:12+00:00","dateModified":"2025-08-23T09:17:30+00:00","breadcrumb":{"@id":"https:\/\/www.sj-cluny.org\/en\/nous-rejoindre\/devenir-un-associe-laic\/#breadcrumb"},"inLanguage":"es-ES","potentialAction":[{"@type":"ReadAction","target":["https:\/\/www.sj-cluny.org\/en\/nous-rejoindre\/devenir-un-associe-laic\/"]}]},{"@type":"ImageObject","inLanguage":"es-ES","@id":"https:\/\/www.sj-cluny.org\/en\/nous-rejoindre\/devenir-un-associe-laic\/#primaryimage","url":"https:\/\/www.sj-cluny.org\/wp-content\/uploads\/2025\/08\/associate.jpg","contentUrl":"https:\/\/www.sj-cluny.org\/wp-content\/uploads\/2025\/08\/associate.jpg"},{"@type":"BreadcrumbList","@id":"https:\/\/www.sj-cluny.org\/en\/nous-rejoindre\/devenir-un-associe-laic\/#breadcrumb","itemListElement":[{"@type":"ListItem","position":1,"name":"Accueil","item":"https:\/\/www.sj-cluny.org\/"},{"@type":"ListItem","position":2,"name":"Nous rejoindre","item":"https:\/\/www.sj-cluny.org\/nous-rejoindre\/"},{"@type":"ListItem","position":3,"name":"Devenir un Associ\u00e9 la\u00efc"}]},{"@type":"WebSite","@id":"https:\/\/www.sj-cluny.org\/#website","url":"https:\/\/www.sj-cluny.org\/","name":"Hermanas de San Jos\u00e9 de Cluny","description":"","potentialAction":[{"@type":"SearchAction","target":{"@type":"EntryPoint","urlTemplate":"https:\/\/www.sj-cluny.org\/?s={search_term_string}"},"query-input":{"@type":"PropertyValueSpecification","valueRequired":true,"valueName":"search_term_string"}}],"inLanguage":"es-ES"}]}},"_links":{"self":[{"href":"https:\/\/www.sj-cluny.org\/es\/wp-json\/wp\/v2\/pages\/91","targetHints":{"allow":["GET"]}}],"collection":[{"href":"https:\/\/www.sj-cluny.org\/es\/wp-json\/wp\/v2\/pages"}],"about":[{"href":"https:\/\/www.sj-cluny.org\/es\/wp-json\/wp\/v2\/types\/page"}],"author":[{"embeddable":true,"href":"https:\/\/www.sj-cluny.org\/es\/wp-json\/wp\/v2\/users\/1"}],"replies":[{"embeddable":true,"href":"https:\/\/www.sj-cluny.org\/es\/wp-json\/wp\/v2\/comments?post=91"}],"version-history":[{"count":10,"href":"https:\/\/www.sj-cluny.org\/es\/wp-json\/wp\/v2\/pages\/91\/revisions"}],"predecessor-version":[{"id":2646,"href":"https:\/\/www.sj-cluny.org\/es\/wp-json\/wp\/v2\/pages\/91\/revisions\/2646"}],"up":[{"embeddable":true,"href":"https:\/\/www.sj-cluny.org\/es\/wp-json\/wp\/v2\/pages\/73"}],"wp:attachment":[{"href":"https:\/\/www.sj-cluny.org\/es\/wp-json\/wp\/v2\/media?parent=91"}],"curies":[{"name":"wp","href":"https:\/\/api.w.org\/{rel}","templated":true}]}}