{"id":86,"date":"2025-05-20T16:19:31","date_gmt":"2025-05-20T14:19:31","guid":{"rendered":"https:\/\/www.sj-cluny.org\/notre-histoire\/congregation\/missionnaire\/"},"modified":"2025-09-01T09:42:07","modified_gmt":"2025-09-01T07:42:07","slug":"missionnaire","status":"publish","type":"page","link":"https:\/\/www.sj-cluny.org\/es\/notre-histoire\/congregation\/missionnaire\/","title":{"rendered":"Misionera"},"content":{"rendered":"<div data-elementor-type=\"wp-page\" data-elementor-id=\"86\" class=\"elementor elementor-86\" data-elementor-post-type=\"page\">\n\t\t\t\t<div class=\"elementor-element elementor-element-9de19b3 e-flex e-con-boxed e-con e-parent\" data-id=\"9de19b3\" data-element_type=\"container\">\n\t\t\t\t\t<div class=\"e-con-inner\">\n\t\t\t\t<div class=\"elementor-element elementor-element-4608ae9 elementor-widget elementor-widget-text-editor\" data-id=\"4608ae9\" data-element_type=\"widget\" data-widget_type=\"text-editor.default\">\n\t\t\t\t<div class=\"elementor-widget-container\">\n\t\t\t\t\t\t\t\t\t<p><strong>La Congregaci\u00f3n de las Hermanas de San Jos\u00e9 de Cluny cuenta actualmente con 2.300 hermanas repartidas en 55 pa\u00edses, 30 provincias y 398 comunidades en los 5 continentes. Trabajan en educaci\u00f3n, sanidad, evangelizaci\u00f3n y acci\u00f3n social. <\/strong><strong>Es una congregaci\u00f3n de religiosas de vida apost\u00f3lica, de derecho pontificio.<\/strong><\/p>\t\t\t\t\t\t\t\t<\/div>\n\t\t\t\t<\/div>\n\t\t\t\t<div class=\"elementor-element elementor-element-2b88693 elementor-widget elementor-widget-spyrit_elementor_widget_masonry\" data-id=\"2b88693\" data-element_type=\"widget\" data-widget_type=\"spyrit_elementor_widget_masonry.default\">\n\t\t\t\t<div class=\"elementor-widget-container\">\n\t\t\t\t\t        <div class='spyrit-elementor-widget widget-masonry'>\n            <div class=\"masonry-grid v2\">\n                <div class=\"col-1\">\n                                            <img decoding=\"async\" class=\"image-1\" src=\"https:\/\/www.sj-cluny.org\/wp-content\/uploads\/2025\/06\/moment.jpg\" alt=\"\">\n                    \n                    \n                                            <img decoding=\"async\" class=\"image-2\" src=\"https:\/\/www.sj-cluny.org\/wp-content\/uploads\/2025\/08\/visitforweb-2.jpg\" alt=\"\">\n                    \n                                    <\/div>\n                <div class=\"col-2\">\n                    \n                                            <img decoding=\"async\" class=\"image-3\" src=\"https:\/\/www.sj-cluny.org\/wp-content\/uploads\/2025\/07\/5-2.jpg\" alt=\"\">\n                                    <\/div>\n            <\/div>\n        <\/div>\n        \t\t\t\t<\/div>\n\t\t\t\t<\/div>\n\t\t\t\t<div class=\"elementor-element elementor-element-e5f64ba elementor-widget elementor-widget-text-editor\" data-id=\"e5f64ba\" data-element_type=\"widget\" data-widget_type=\"text-editor.default\">\n\t\t\t\t<div class=\"elementor-widget-container\">\n\t\t\t\t\t\t\t\t\t<p>Con una gran diversidad de lenguas, culturas y formaci\u00f3n, con un amplio abanico de compromisos apost\u00f3licos que evolucionan seg\u00fan las llamadas de los tiempos, la unidad de la congregaci\u00f3n se mantiene por el deseo de cada hermana de vivir el seguimiento de Cristo seg\u00fan el esp\u00edritu de nuestra fundadora, Ana Mar\u00eda Javouhey. Inspiradas por ella, buscamos ser verdaderas disc\u00edpulas misioneras, llamadas a llevar al mundo el fuego del amor y la esperanza.<\/p>\t\t\t\t\t\t\t\t<\/div>\n\t\t\t\t<\/div>\n\t\t\t\t<div class=\"elementor-element elementor-element-71d0e39 elementor-widget elementor-widget-spacer\" data-id=\"71d0e39\" data-element_type=\"widget\" data-widget_type=\"spacer.default\">\n\t\t\t\t<div class=\"elementor-widget-container\">\n\t\t\t\t\t\t\t<div class=\"elementor-spacer\">\n\t\t\t<div class=\"elementor-spacer-inner\"><\/div>\n\t\t<\/div>\n\t\t\t\t\t\t<\/div>\n\t\t\t\t<\/div>\n\t\t<div class=\"elementor-element elementor-element-12035e8 e-con-full e-flex e-con e-child\" data-id=\"12035e8\" data-element_type=\"container\" data-settings=\"{&quot;background_background&quot;:&quot;classic&quot;}\">\n\t\t\t\t<div class=\"elementor-element elementor-element-d846a76 elementor-widget elementor-widget-text-editor\" data-id=\"d846a76\" data-element_type=\"widget\" data-widget_type=\"text-editor.default\">\n\t\t\t\t<div class=\"elementor-widget-container\">\n\t\t\t\t\t\t\t\t\t<p>\" <strong><em>\u201cJuntas, avanzar en la disponibilidad misionera,<\/em><\/strong><br \/><strong><em>llevar a nuestras comunidades el amor y la esperanza,<\/em><\/strong><br \/><strong><em>dejarnos transformar para servir mejor a nuestro mundo\u201d<\/em>.<\/strong> \"<br \/>Cap\u00edtulo general 2024<\/p>\t\t\t\t\t\t\t\t<\/div>\n\t\t\t\t<\/div>\n\t\t\t\t<\/div>\n\t\t\t\t<div class=\"elementor-element elementor-element-63b5719 elementor-widget elementor-widget-spacer\" data-id=\"63b5719\" data-element_type=\"widget\" data-widget_type=\"spacer.default\">\n\t\t\t\t<div class=\"elementor-widget-container\">\n\t\t\t\t\t\t\t<div class=\"elementor-spacer\">\n\t\t\t<div class=\"elementor-spacer-inner\"><\/div>\n\t\t<\/div>\n\t\t\t\t\t\t<\/div>\n\t\t\t\t<\/div>\n\t\t\t\t\t<\/div>\n\t\t\t\t<\/div>\n\t\t\t\t<\/div>","protected":false},"excerpt":{"rendered":"<p>La Congregaci\u00f3n de las Hermanas de San Jos\u00e9 de Cluny cuenta actualmente con 2.300 hermanas repartidas en 55 pa\u00edses, 30 provincias y 398 comunidades en los 5 continentes. Trabajan en educaci\u00f3n, sanidad, [...].<\/p>","protected":false},"author":1,"featured_media":0,"parent":78,"menu_order":1,"comment_status":"closed","ping_status":"closed","template":"","meta":{"_acf_changed":false,"footnotes":""},"class_list":["post-86","page","type-page","status-publish","hentry"],"acf":[],"yoast_head":"<!-- This site is optimized with the Yoast SEO plugin v26.3 - https:\/\/yoast.com\/wordpress\/plugins\/seo\/ -->\n<title>Missionnaire - S\u0153urs de Saint-Joseph de Cluny<\/title>\n<meta name=\"robots\" content=\"index, follow, max-snippet:-1, max-image-preview:large, max-video-preview:-1\" \/>\n<link rel=\"canonical\" href=\"https:\/\/www.sj-cluny.org\/es\/notre-histoire\/congregation\/missionnaire\/\" \/>\n<meta property=\"og:locale\" content=\"es_ES\" \/>\n<meta property=\"og:type\" content=\"article\" \/>\n<meta property=\"og:title\" content=\"Missionnaire - S\u0153urs de Saint-Joseph de Cluny\" \/>\n<meta property=\"og:description\" content=\"La congr\u00e9gation des S\u0153urs de Saint-Joseph de Cluny rassemble aujourd\u2019hui 2300 s\u0153urs, r\u00e9parties dans 55 pays, 30 provinces, 398 communaut\u00e9s, sur les 5 continents. Elles travaillent dans l\u2019\u00e9ducation, la sant\u00e9, [&hellip;]\" \/>\n<meta property=\"og:url\" content=\"https:\/\/www.sj-cluny.org\/es\/notre-histoire\/congregation\/missionnaire\/\" \/>\n<meta property=\"og:site_name\" content=\"S\u0153urs de Saint-Joseph de Cluny\" \/>\n<meta property=\"article:modified_time\" content=\"2025-09-01T07:42:07+00:00\" \/>\n<meta property=\"og:image\" content=\"https:\/\/www.sj-cluny.org\/wp-content\/uploads\/2025\/06\/moment.jpg\" \/>\n<meta name=\"twitter:card\" content=\"summary_large_image\" \/>\n<meta name=\"twitter:label1\" content=\"Est. reading time\" \/>\n\t<meta name=\"twitter:data1\" content=\"1 minute\" \/>\n<script type=\"application\/ld+json\" class=\"yoast-schema-graph\">{\"@context\":\"https:\/\/schema.org\",\"@graph\":[{\"@type\":\"WebPage\",\"@id\":\"https:\/\/www.sj-cluny.org\/notre-histoire\/congregation\/missionnaire\/\",\"url\":\"https:\/\/www.sj-cluny.org\/notre-histoire\/congregation\/missionnaire\/\",\"name\":\"Missionnaire - S\u0153urs de Saint-Joseph de Cluny\",\"isPartOf\":{\"@id\":\"https:\/\/www.sj-cluny.org\/#website\"},\"primaryImageOfPage\":{\"@id\":\"https:\/\/www.sj-cluny.org\/notre-histoire\/congregation\/missionnaire\/#primaryimage\"},\"image\":{\"@id\":\"https:\/\/www.sj-cluny.org\/notre-histoire\/congregation\/missionnaire\/#primaryimage\"},\"thumbnailUrl\":\"https:\/\/www.sj-cluny.org\/wp-content\/uploads\/2025\/06\/moment.jpg\",\"datePublished\":\"2025-05-20T14:19:31+00:00\",\"dateModified\":\"2025-09-01T07:42:07+00:00\",\"breadcrumb\":{\"@id\":\"https:\/\/www.sj-cluny.org\/notre-histoire\/congregation\/missionnaire\/#breadcrumb\"},\"inLanguage\":\"es-ES\",\"potentialAction\":[{\"@type\":\"ReadAction\",\"target\":[\"https:\/\/www.sj-cluny.org\/notre-histoire\/congregation\/missionnaire\/\"]}]},{\"@type\":\"ImageObject\",\"inLanguage\":\"es-ES\",\"@id\":\"https:\/\/www.sj-cluny.org\/notre-histoire\/congregation\/missionnaire\/#primaryimage\",\"url\":\"https:\/\/www.sj-cluny.org\/wp-content\/uploads\/2025\/06\/moment.jpg\",\"contentUrl\":\"https:\/\/www.sj-cluny.org\/wp-content\/uploads\/2025\/06\/moment.jpg\"},{\"@type\":\"BreadcrumbList\",\"@id\":\"https:\/\/www.sj-cluny.org\/notre-histoire\/congregation\/missionnaire\/#breadcrumb\",\"itemListElement\":[{\"@type\":\"ListItem\",\"position\":1,\"name\":\"Accueil\",\"item\":\"https:\/\/www.sj-cluny.org\/\"},{\"@type\":\"ListItem\",\"position\":2,\"name\":\"Notre histoire\",\"item\":\"https:\/\/www.sj-cluny.org\/notre-histoire\/\"},{\"@type\":\"ListItem\",\"position\":3,\"name\":\"Congr\u00e9gation\",\"item\":\"https:\/\/www.sj-cluny.org\/notre-histoire\/congregation\/\"},{\"@type\":\"ListItem\",\"position\":4,\"name\":\"Missionnaire\"}]},{\"@type\":\"WebSite\",\"@id\":\"https:\/\/www.sj-cluny.org\/#website\",\"url\":\"https:\/\/www.sj-cluny.org\/\",\"name\":\"S\u0153urs de Saint-Joseph de Cluny\",\"description\":\"\",\"potentialAction\":[{\"@type\":\"SearchAction\",\"target\":{\"@type\":\"EntryPoint\",\"urlTemplate\":\"https:\/\/www.sj-cluny.org\/?s={search_term_string}\"},\"query-input\":{\"@type\":\"PropertyValueSpecification\",\"valueRequired\":true,\"valueName\":\"search_term_string\"}}],\"inLanguage\":\"es-ES\"}]}<\/script>\n<!-- \/ Yoast SEO plugin. -->","yoast_head_json":{"title":"Misionero - Hermanas de San Jos\u00e9 de Cluny","robots":{"index":"index","follow":"follow","max-snippet":"max-snippet:-1","max-image-preview":"max-image-preview:large","max-video-preview":"max-video-preview:-1"},"canonical":"https:\/\/www.sj-cluny.org\/es\/notre-histoire\/congregation\/missionnaire\/","og_locale":"es_ES","og_type":"article","og_title":"Missionnaire - S\u0153urs de Saint-Joseph de Cluny","og_description":"La congr\u00e9gation des S\u0153urs de Saint-Joseph de Cluny rassemble aujourd\u2019hui 2300 s\u0153urs, r\u00e9parties dans 55 pays, 30 provinces, 398 communaut\u00e9s, sur les 5 continents. Elles travaillent dans l\u2019\u00e9ducation, la sant\u00e9, [&hellip;]","og_url":"https:\/\/www.sj-cluny.org\/es\/notre-histoire\/congregation\/missionnaire\/","og_site_name":"S\u0153urs de Saint-Joseph de Cluny","article_modified_time":"2025-09-01T07:42:07+00:00","og_image":[{"url":"https:\/\/www.sj-cluny.org\/wp-content\/uploads\/2025\/06\/moment.jpg","type":"","width":"","height":""}],"twitter_card":"summary_large_image","twitter_misc":{"Est. reading time":"1 minute"},"schema":{"@context":"https:\/\/schema.org","@graph":[{"@type":"WebPage","@id":"https:\/\/www.sj-cluny.org\/notre-histoire\/congregation\/missionnaire\/","url":"https:\/\/www.sj-cluny.org\/notre-histoire\/congregation\/missionnaire\/","name":"Misionero - Hermanas de San Jos\u00e9 de Cluny","isPartOf":{"@id":"https:\/\/www.sj-cluny.org\/#website"},"primaryImageOfPage":{"@id":"https:\/\/www.sj-cluny.org\/notre-histoire\/congregation\/missionnaire\/#primaryimage"},"image":{"@id":"https:\/\/www.sj-cluny.org\/notre-histoire\/congregation\/missionnaire\/#primaryimage"},"thumbnailUrl":"https:\/\/www.sj-cluny.org\/wp-content\/uploads\/2025\/06\/moment.jpg","datePublished":"2025-05-20T14:19:31+00:00","dateModified":"2025-09-01T07:42:07+00:00","breadcrumb":{"@id":"https:\/\/www.sj-cluny.org\/notre-histoire\/congregation\/missionnaire\/#breadcrumb"},"inLanguage":"es-ES","potentialAction":[{"@type":"ReadAction","target":["https:\/\/www.sj-cluny.org\/notre-histoire\/congregation\/missionnaire\/"]}]},{"@type":"ImageObject","inLanguage":"es-ES","@id":"https:\/\/www.sj-cluny.org\/notre-histoire\/congregation\/missionnaire\/#primaryimage","url":"https:\/\/www.sj-cluny.org\/wp-content\/uploads\/2025\/06\/moment.jpg","contentUrl":"https:\/\/www.sj-cluny.org\/wp-content\/uploads\/2025\/06\/moment.jpg"},{"@type":"BreadcrumbList","@id":"https:\/\/www.sj-cluny.org\/notre-histoire\/congregation\/missionnaire\/#breadcrumb","itemListElement":[{"@type":"ListItem","position":1,"name":"Accueil","item":"https:\/\/www.sj-cluny.org\/"},{"@type":"ListItem","position":2,"name":"Notre histoire","item":"https:\/\/www.sj-cluny.org\/notre-histoire\/"},{"@type":"ListItem","position":3,"name":"Congr\u00e9gation","item":"https:\/\/www.sj-cluny.org\/notre-histoire\/congregation\/"},{"@type":"ListItem","position":4,"name":"Missionnaire"}]},{"@type":"WebSite","@id":"https:\/\/www.sj-cluny.org\/#website","url":"https:\/\/www.sj-cluny.org\/","name":"Hermanas de San Jos\u00e9 de Cluny","description":"","potentialAction":[{"@type":"SearchAction","target":{"@type":"EntryPoint","urlTemplate":"https:\/\/www.sj-cluny.org\/?s={search_term_string}"},"query-input":{"@type":"PropertyValueSpecification","valueRequired":true,"valueName":"search_term_string"}}],"inLanguage":"es-ES"}]}},"_links":{"self":[{"href":"https:\/\/www.sj-cluny.org\/es\/wp-json\/wp\/v2\/pages\/86","targetHints":{"allow":["GET"]}}],"collection":[{"href":"https:\/\/www.sj-cluny.org\/es\/wp-json\/wp\/v2\/pages"}],"about":[{"href":"https:\/\/www.sj-cluny.org\/es\/wp-json\/wp\/v2\/types\/page"}],"author":[{"embeddable":true,"href":"https:\/\/www.sj-cluny.org\/es\/wp-json\/wp\/v2\/users\/1"}],"replies":[{"embeddable":true,"href":"https:\/\/www.sj-cluny.org\/es\/wp-json\/wp\/v2\/comments?post=86"}],"version-history":[{"count":10,"href":"https:\/\/www.sj-cluny.org\/es\/wp-json\/wp\/v2\/pages\/86\/revisions"}],"predecessor-version":[{"id":3175,"href":"https:\/\/www.sj-cluny.org\/es\/wp-json\/wp\/v2\/pages\/86\/revisions\/3175"}],"up":[{"embeddable":true,"href":"https:\/\/www.sj-cluny.org\/es\/wp-json\/wp\/v2\/pages\/78"}],"wp:attachment":[{"href":"https:\/\/www.sj-cluny.org\/es\/wp-json\/wp\/v2\/media?parent=86"}],"curies":[{"name":"wp","href":"https:\/\/api.w.org\/{rel}","templated":true}]}}