{"id":83,"date":"2025-05-20T16:19:12","date_gmt":"2025-05-20T14:19:12","guid":{"rendered":"https:\/\/www.sj-cluny.org\/notre-histoire\/anne-marie-javouhey\/route-des-abolitions\/"},"modified":"2025-11-06T11:14:09","modified_gmt":"2025-11-06T10:14:09","slug":"route-des-abolitions","status":"publish","type":"page","link":"https:\/\/www.sj-cluny.org\/es\/notre-histoire\/anne-marie-javouhey\/route-des-abolitions\/","title":{"rendered":"Ruta de las aboliciones"},"content":{"rendered":"<div data-elementor-type=\"wp-page\" data-elementor-id=\"83\" class=\"elementor elementor-83\" data-elementor-post-type=\"page\">\n\t\t\t\t<div class=\"elementor-element elementor-element-77fe3b19 e-flex e-con-boxed e-con e-parent\" data-id=\"77fe3b19\" data-element_type=\"container\">\n\t\t\t\t\t<div class=\"e-con-inner\">\n\t\t\t\t<div class=\"elementor-element elementor-element-4608a56 elementor-blockquote--skin-border elementor-widget elementor-widget-blockquote\" data-id=\"4608a56\" data-element_type=\"widget\" data-widget_type=\"blockquote.default\">\n\t\t\t\t<div class=\"elementor-widget-container\">\n\t\t\t\t\t\t\t<blockquote class=\"elementor-blockquote\">\n\t\t\t<p class=\"elementor-blockquote__content\">\n\t\t\t\t2 de diciembre, D\u00eda Internacional para la Abolici\u00f3n de la Esclavitud\t\t\t<\/p>\n\t\t\t\t\t<\/blockquote>\n\t\t\t\t\t\t<\/div>\n\t\t\t\t<\/div>\n\t\t\t\t<div class=\"elementor-element elementor-element-8f04a22 elementor-widget elementor-widget-text-editor\" data-id=\"8f04a22\" data-element_type=\"widget\" data-widget_type=\"text-editor.default\">\n\t\t\t\t<div class=\"elementor-widget-container\">\n\t\t\t\t\t\t\t\t\t<p><span style=\"text-wrap-mode: initial;\">Lanzada en 2004, la \"Ruta de las aboliciones de la esclavitud\" forma parte del proyecto internacional \"La Ruta de la Esclavitud\", sostenida por la ONU y la UNESCO como deber de memoria, y pretende ser una prolongaci\u00f3n de la Ley de 10 de mayo de 2001 adoptada por Francia como \u201creconocimiento de la trata de negros y la esclavitud como crimen contra la humanidad\u201d.  Ana Mar\u00eda Javouhey, fundadora de la Congregaci\u00f3n de las Hermanas de San Jos\u00e9 de Cluny, ha sido incluida en este proyecto.<\/span><\/p>\t\t\t\t\t\t\t\t<\/div>\n\t\t\t\t<\/div>\n\t\t\t\t<div class=\"elementor-element elementor-element-b60038d elementor-widget elementor-widget-spyrit_elementor_widget_masonry\" data-id=\"b60038d\" data-element_type=\"widget\" data-widget_type=\"spyrit_elementor_widget_masonry.default\">\n\t\t\t\t<div class=\"elementor-widget-container\">\n\t\t\t\t\t        <div class='spyrit-elementor-widget widget-masonry'>\n            <div class=\"masonry-grid v2\">\n                <div class=\"col-1\">\n                                            <img decoding=\"async\" class=\"image-1\" src=\"https:\/\/www.sj-cluny.org\/wp-content\/uploads\/2025\/07\/carteabolition.jpg\" alt=\"\">\n                    \n                    \n                                            <img decoding=\"async\" class=\"image-2\" src=\"https:\/\/www.sj-cluny.org\/wp-content\/uploads\/2025\/07\/amj-new-image.jpg\" alt=\"\">\n                    \n                                    <\/div>\n                <div class=\"col-2\">\n                    \n                                            <img decoding=\"async\" class=\"image-3\" src=\"https:\/\/www.sj-cluny.org\/wp-content\/uploads\/2025\/07\/stainglass-portugal.jpg\" alt=\"\">\n                                    <\/div>\n            <\/div>\n        <\/div>\n        \t\t\t\t<\/div>\n\t\t\t\t<\/div>\n\t\t\t\t<div class=\"elementor-element elementor-element-4bf75bc1 elementor-widget elementor-widget-text-editor\" data-id=\"4bf75bc1\" data-element_type=\"widget\" data-widget_type=\"text-editor.default\">\n\t\t\t\t<div class=\"elementor-widget-container\">\n\t\t\t\t\t\t\t\t\t<p>Ana Mar\u00eda Javouhey, libertadora de los esclavos, recuerda a tiempo y a destiempo la dignidad de todo ser humano.<\/p><p>Para romper las cadenas injustas, \"devolver la libertad a los oprimidos\" (Profeta Isa\u00edas), va a demostrar al gobierno que los hombres y mujeres que han sido reducidos a la esclavitud son capaces de reintegrarse armoniosamente en la sociedad.<\/p><p>Nuestra fundadora, junto con otros hombres de la historia (los an\u00f3nimos de Champagney, el sacerdote Henri Gr\u00e9goire, el insurgente Toussaint Louverture, el senador republicano Victor Sch\u0153lcher), pas\u00f3 la antorcha de la justicia y la libertad. Ellos nos mostraron el camino.<\/p><p>Su camino contin\u00faa hoy en esta \"Ruta hacia la aboliciones de la esclavitud y los Derechos humanos\", que honra su memoria y nos invita a transmitir sus mensajes.<\/p><p><strong>M\u00e1s informaci\u00f3n :<\/strong><br \/><em>(franc\u00e9s)<\/em><\/p><ul><li>Una exposici\u00f3n itinerante: Ana Mar\u00eda Javouhey  (<a href=\"http:\/\/www.abolitions.org\/index.php?IdPage=1401971287\">Ver la exposici\u00f3n<\/a>). Creada por la Ruta de las Aboliciones en relaci\u00f3n con la asociaci\u00f3n de Chamblanc \u00e0 Mana sobre la ruta de las libertades, esta exposici\u00f3n recorre la vida y la obra de Ana Mar\u00eda Javouhey, fundadora de la Congregaci\u00f3n San Jos\u00e9 de Cluny y liberadora de los esclavos en Mana.<\/li><li><a href=\"http:\/\/www.abolitions.org\/index.php\">http:\/\/www.abolitions.org\/index.php<\/a><\/li><li>2 de diciembre D\u00eda Internacional para la Abolici\u00f3n de la Esclavitud<\/li><\/ul><p><em>(Portugu\u00eas)<\/em><\/p><ul><li><a href=\"http:\/\/pt.abolitions.org\/\">http:\/\/pt.abolitions.org\/<\/a><\/li><\/ul><p><em>(Espa\u00f1ol)<\/em><\/p><ul><li><a href=\"http:\/\/es.abolitions.org\/\">http:\/\/es.abolitions.org\/<\/a><\/li><\/ul><p><em>(ingl\u00e9s)<\/em><\/p><ul><li><a href=\"http:\/\/en.abolitions.org\/index.php\">Camino de las aboliciones<\/a><\/li><li><a href=\"http:\/\/www.un.org\/en\/events\/slaveryabolitionday\/index.shtml\">2 de diciembre - D\u00eda Internacional para la Abolici\u00f3n de la Esclavitud<\/a><\/li><li>PDF : Proyecto La Ruta del Esclavo, UNESCO<\/li><\/ul>\t\t\t\t\t\t\t\t<\/div>\n\t\t\t\t<\/div>\n\t\t\t\t\t<\/div>\n\t\t\t\t<\/div>\n\t\t\t\t<\/div>","protected":false},"excerpt":{"rendered":"<p>2 de diciembre, D\u00eda Internacional para la Abolici\u00f3n de la Esclavitud Iniciada en 2004, la \u00abRuta para la abolici\u00f3n de la esclavitud\u00bb forma parte del proyecto internacional \u00abLa Ruta del Esclavo\".<\/p>","protected":false},"author":1,"featured_media":0,"parent":79,"menu_order":2,"comment_status":"closed","ping_status":"closed","template":"","meta":{"_acf_changed":false,"footnotes":""},"class_list":["post-83","page","type-page","status-publish","hentry"],"acf":[],"yoast_head":"<!-- This site is optimized with the Yoast SEO plugin v26.3 - https:\/\/yoast.com\/wordpress\/plugins\/seo\/ -->\n<title>Route des abolitions - S\u0153urs de Saint-Joseph de Cluny<\/title>\n<meta name=\"robots\" content=\"index, follow, max-snippet:-1, max-image-preview:large, max-video-preview:-1\" \/>\n<link rel=\"canonical\" href=\"https:\/\/www.sj-cluny.org\/es\/notre-histoire\/anne-marie-javouhey\/route-des-abolitions\/\" \/>\n<meta property=\"og:locale\" content=\"es_ES\" \/>\n<meta property=\"og:type\" content=\"article\" \/>\n<meta property=\"og:title\" content=\"Route des abolitions - S\u0153urs de Saint-Joseph de Cluny\" \/>\n<meta property=\"og:description\" content=\"2 d\u00e9cembre, Journ\u00e9e internationale pour l\u2019abolition de l\u2019esclavage Lanc\u00e9e en 2004, la \u00ab Route des abolitions de l\u2019esclavage \u00bb, s\u2019inscrit dans le projet international de \u00ab la Route de l\u2019esclave [&hellip;]\" \/>\n<meta property=\"og:url\" content=\"https:\/\/www.sj-cluny.org\/es\/notre-histoire\/anne-marie-javouhey\/route-des-abolitions\/\" \/>\n<meta property=\"og:site_name\" content=\"S\u0153urs de Saint-Joseph de Cluny\" \/>\n<meta property=\"article:modified_time\" content=\"2025-11-06T10:14:09+00:00\" \/>\n<meta property=\"og:image\" content=\"https:\/\/www.sj-cluny.org\/wp-content\/uploads\/2025\/07\/carteabolition.jpg\" \/>\n<meta name=\"twitter:card\" content=\"summary_large_image\" \/>\n<meta name=\"twitter:label1\" content=\"Est. reading time\" \/>\n\t<meta name=\"twitter:data1\" content=\"2 minutes\" \/>\n<script type=\"application\/ld+json\" class=\"yoast-schema-graph\">{\"@context\":\"https:\/\/schema.org\",\"@graph\":[{\"@type\":\"WebPage\",\"@id\":\"https:\/\/www.sj-cluny.org\/notre-histoire\/anne-marie-javouhey\/route-des-abolitions\/\",\"url\":\"https:\/\/www.sj-cluny.org\/notre-histoire\/anne-marie-javouhey\/route-des-abolitions\/\",\"name\":\"Route des abolitions - S\u0153urs de Saint-Joseph de Cluny\",\"isPartOf\":{\"@id\":\"https:\/\/www.sj-cluny.org\/#website\"},\"primaryImageOfPage\":{\"@id\":\"https:\/\/www.sj-cluny.org\/notre-histoire\/anne-marie-javouhey\/route-des-abolitions\/#primaryimage\"},\"image\":{\"@id\":\"https:\/\/www.sj-cluny.org\/notre-histoire\/anne-marie-javouhey\/route-des-abolitions\/#primaryimage\"},\"thumbnailUrl\":\"https:\/\/www.sj-cluny.org\/wp-content\/uploads\/2025\/07\/carteabolition.jpg\",\"datePublished\":\"2025-05-20T14:19:12+00:00\",\"dateModified\":\"2025-11-06T10:14:09+00:00\",\"breadcrumb\":{\"@id\":\"https:\/\/www.sj-cluny.org\/notre-histoire\/anne-marie-javouhey\/route-des-abolitions\/#breadcrumb\"},\"inLanguage\":\"es-ES\",\"potentialAction\":[{\"@type\":\"ReadAction\",\"target\":[\"https:\/\/www.sj-cluny.org\/notre-histoire\/anne-marie-javouhey\/route-des-abolitions\/\"]}]},{\"@type\":\"ImageObject\",\"inLanguage\":\"es-ES\",\"@id\":\"https:\/\/www.sj-cluny.org\/notre-histoire\/anne-marie-javouhey\/route-des-abolitions\/#primaryimage\",\"url\":\"https:\/\/www.sj-cluny.org\/wp-content\/uploads\/2025\/07\/carteabolition.jpg\",\"contentUrl\":\"https:\/\/www.sj-cluny.org\/wp-content\/uploads\/2025\/07\/carteabolition.jpg\"},{\"@type\":\"BreadcrumbList\",\"@id\":\"https:\/\/www.sj-cluny.org\/notre-histoire\/anne-marie-javouhey\/route-des-abolitions\/#breadcrumb\",\"itemListElement\":[{\"@type\":\"ListItem\",\"position\":1,\"name\":\"Accueil\",\"item\":\"https:\/\/www.sj-cluny.org\/\"},{\"@type\":\"ListItem\",\"position\":2,\"name\":\"Notre histoire\",\"item\":\"https:\/\/www.sj-cluny.org\/notre-histoire\/\"},{\"@type\":\"ListItem\",\"position\":3,\"name\":\"Anne-Marie Javouhey\",\"item\":\"https:\/\/www.sj-cluny.org\/notre-histoire\/anne-marie-javouhey\/\"},{\"@type\":\"ListItem\",\"position\":4,\"name\":\"Route des abolitions\"}]},{\"@type\":\"WebSite\",\"@id\":\"https:\/\/www.sj-cluny.org\/#website\",\"url\":\"https:\/\/www.sj-cluny.org\/\",\"name\":\"S\u0153urs de Saint-Joseph de Cluny\",\"description\":\"\",\"potentialAction\":[{\"@type\":\"SearchAction\",\"target\":{\"@type\":\"EntryPoint\",\"urlTemplate\":\"https:\/\/www.sj-cluny.org\/?s={search_term_string}\"},\"query-input\":{\"@type\":\"PropertyValueSpecification\",\"valueRequired\":true,\"valueName\":\"search_term_string\"}}],\"inLanguage\":\"es-ES\"}]}<\/script>\n<!-- \/ Yoast SEO plugin. -->","yoast_head_json":{"title":"Route des abolitions - S\u0153urs de Saint-Joseph de Cluny","robots":{"index":"index","follow":"follow","max-snippet":"max-snippet:-1","max-image-preview":"max-image-preview:large","max-video-preview":"max-video-preview:-1"},"canonical":"https:\/\/www.sj-cluny.org\/es\/notre-histoire\/anne-marie-javouhey\/route-des-abolitions\/","og_locale":"es_ES","og_type":"article","og_title":"Route des abolitions - S\u0153urs de Saint-Joseph de Cluny","og_description":"2 d\u00e9cembre, Journ\u00e9e internationale pour l\u2019abolition de l\u2019esclavage Lanc\u00e9e en 2004, la \u00ab Route des abolitions de l\u2019esclavage \u00bb, s\u2019inscrit dans le projet international de \u00ab la Route de l\u2019esclave [&hellip;]","og_url":"https:\/\/www.sj-cluny.org\/es\/notre-histoire\/anne-marie-javouhey\/route-des-abolitions\/","og_site_name":"S\u0153urs de Saint-Joseph de Cluny","article_modified_time":"2025-11-06T10:14:09+00:00","og_image":[{"url":"https:\/\/www.sj-cluny.org\/wp-content\/uploads\/2025\/07\/carteabolition.jpg","type":"","width":"","height":""}],"twitter_card":"summary_large_image","twitter_misc":{"Est. reading time":"2 minutes"},"schema":{"@context":"https:\/\/schema.org","@graph":[{"@type":"WebPage","@id":"https:\/\/www.sj-cluny.org\/notre-histoire\/anne-marie-javouhey\/route-des-abolitions\/","url":"https:\/\/www.sj-cluny.org\/notre-histoire\/anne-marie-javouhey\/route-des-abolitions\/","name":"Route des abolitions - S\u0153urs de Saint-Joseph de Cluny","isPartOf":{"@id":"https:\/\/www.sj-cluny.org\/#website"},"primaryImageOfPage":{"@id":"https:\/\/www.sj-cluny.org\/notre-histoire\/anne-marie-javouhey\/route-des-abolitions\/#primaryimage"},"image":{"@id":"https:\/\/www.sj-cluny.org\/notre-histoire\/anne-marie-javouhey\/route-des-abolitions\/#primaryimage"},"thumbnailUrl":"https:\/\/www.sj-cluny.org\/wp-content\/uploads\/2025\/07\/carteabolition.jpg","datePublished":"2025-05-20T14:19:12+00:00","dateModified":"2025-11-06T10:14:09+00:00","breadcrumb":{"@id":"https:\/\/www.sj-cluny.org\/notre-histoire\/anne-marie-javouhey\/route-des-abolitions\/#breadcrumb"},"inLanguage":"es-ES","potentialAction":[{"@type":"ReadAction","target":["https:\/\/www.sj-cluny.org\/notre-histoire\/anne-marie-javouhey\/route-des-abolitions\/"]}]},{"@type":"ImageObject","inLanguage":"es-ES","@id":"https:\/\/www.sj-cluny.org\/notre-histoire\/anne-marie-javouhey\/route-des-abolitions\/#primaryimage","url":"https:\/\/www.sj-cluny.org\/wp-content\/uploads\/2025\/07\/carteabolition.jpg","contentUrl":"https:\/\/www.sj-cluny.org\/wp-content\/uploads\/2025\/07\/carteabolition.jpg"},{"@type":"BreadcrumbList","@id":"https:\/\/www.sj-cluny.org\/notre-histoire\/anne-marie-javouhey\/route-des-abolitions\/#breadcrumb","itemListElement":[{"@type":"ListItem","position":1,"name":"Accueil","item":"https:\/\/www.sj-cluny.org\/"},{"@type":"ListItem","position":2,"name":"Notre histoire","item":"https:\/\/www.sj-cluny.org\/notre-histoire\/"},{"@type":"ListItem","position":3,"name":"Anne-Marie Javouhey","item":"https:\/\/www.sj-cluny.org\/notre-histoire\/anne-marie-javouhey\/"},{"@type":"ListItem","position":4,"name":"Route des abolitions"}]},{"@type":"WebSite","@id":"https:\/\/www.sj-cluny.org\/#website","url":"https:\/\/www.sj-cluny.org\/","name":"Hermanas de San Jos\u00e9 de Cluny","description":"","potentialAction":[{"@type":"SearchAction","target":{"@type":"EntryPoint","urlTemplate":"https:\/\/www.sj-cluny.org\/?s={search_term_string}"},"query-input":{"@type":"PropertyValueSpecification","valueRequired":true,"valueName":"search_term_string"}}],"inLanguage":"es-ES"}]}},"_links":{"self":[{"href":"https:\/\/www.sj-cluny.org\/es\/wp-json\/wp\/v2\/pages\/83","targetHints":{"allow":["GET"]}}],"collection":[{"href":"https:\/\/www.sj-cluny.org\/es\/wp-json\/wp\/v2\/pages"}],"about":[{"href":"https:\/\/www.sj-cluny.org\/es\/wp-json\/wp\/v2\/types\/page"}],"author":[{"embeddable":true,"href":"https:\/\/www.sj-cluny.org\/es\/wp-json\/wp\/v2\/users\/1"}],"replies":[{"embeddable":true,"href":"https:\/\/www.sj-cluny.org\/es\/wp-json\/wp\/v2\/comments?post=83"}],"version-history":[{"count":10,"href":"https:\/\/www.sj-cluny.org\/es\/wp-json\/wp\/v2\/pages\/83\/revisions"}],"predecessor-version":[{"id":4077,"href":"https:\/\/www.sj-cluny.org\/es\/wp-json\/wp\/v2\/pages\/83\/revisions\/4077"}],"up":[{"embeddable":true,"href":"https:\/\/www.sj-cluny.org\/es\/wp-json\/wp\/v2\/pages\/79"}],"wp:attachment":[{"href":"https:\/\/www.sj-cluny.org\/es\/wp-json\/wp\/v2\/media?parent=83"}],"curies":[{"name":"wp","href":"https:\/\/api.w.org\/{rel}","templated":true}]}}