{"id":82,"date":"2025-05-20T16:19:12","date_gmt":"2025-05-20T14:19:12","guid":{"rendered":"https:\/\/www.sj-cluny.org\/notre-histoire\/anne-marie-javouhey\/histoire\/"},"modified":"2025-09-08T21:48:17","modified_gmt":"2025-09-08T19:48:17","slug":"histoire","status":"publish","type":"page","link":"https:\/\/www.sj-cluny.org\/es\/notre-histoire\/anne-marie-javouhey\/histoire\/","title":{"rendered":"Historia"},"content":{"rendered":"<div data-elementor-type=\"wp-page\" data-elementor-id=\"82\" class=\"elementor elementor-82\" data-elementor-post-type=\"page\">\n\t\t\t\t<div class=\"elementor-element elementor-element-3339dabb e-flex e-con-boxed e-con e-parent\" data-id=\"3339dabb\" data-element_type=\"container\">\n\t\t\t\t\t<div class=\"e-con-inner\">\n\t\t<div class=\"elementor-element elementor-element-24f6a4c e-con-full e-flex e-con e-child\" data-id=\"24f6a4c\" data-element_type=\"container\">\n\t\t<div class=\"elementor-element elementor-element-bb2b242 e-con-full e-flex e-con e-child\" data-id=\"bb2b242\" data-element_type=\"container\">\n\t\t\t\t<div class=\"elementor-element elementor-element-7ac304d elementor-widget elementor-widget-text-editor\" data-id=\"7ac304d\" data-element_type=\"widget\" data-widget_type=\"text-editor.default\">\n\t\t\t\t<div class=\"elementor-widget-container\">\n\t\t\t\t\t\t\t\t\t<p>Ana Mar\u00eda Javouhey, nacida el 10 de noviembre de 1779 en Chamblanc (Borgo\u00f1a), escuch\u00f3 la llamada de Dios a proclamar su amor a todos los pueblos de los cinco continentes, sin distinci\u00f3n de cultura, religi\u00f3n o condici\u00f3n social. A continuaci\u00f3n,  las fechas clave de su vida.<\/p>\t\t\t\t\t\t\t\t<\/div>\n\t\t\t\t<\/div>\n\t\t\t\t<\/div>\n\t\t<div class=\"elementor-element elementor-element-73b51fd e-con-full e-flex e-con e-child\" data-id=\"73b51fd\" data-element_type=\"container\">\n\t\t\t\t<div class=\"elementor-element elementor-element-54ee271 elementor-widget elementor-widget-image\" data-id=\"54ee271\" data-element_type=\"widget\" data-widget_type=\"image.default\">\n\t\t\t\t<div class=\"elementor-widget-container\">\n\t\t\t\t\t\t\t\t\t\t\t\t\t\t\t<img fetchpriority=\"high\" decoding=\"async\" width=\"300\" height=\"225\" src=\"https:\/\/www.sj-cluny.org\/wp-content\/uploads\/2025\/08\/signinchamblac-300x225-1.jpg\" class=\"attachment-large size-large wp-image-3030\" alt=\"\" srcset=\"https:\/\/www.sj-cluny.org\/wp-content\/uploads\/2025\/08\/signinchamblac-300x225-1.jpg 300w, https:\/\/www.sj-cluny.org\/wp-content\/uploads\/2025\/08\/signinchamblac-300x225-1-16x12.jpg 16w, https:\/\/www.sj-cluny.org\/wp-content\/uploads\/2025\/08\/signinchamblac-300x225-1-298x225.jpg 298w\" sizes=\"(max-width: 300px) 100vw, 300px\" \/>\t\t\t\t\t\t\t\t\t\t\t\t\t\t\t<\/div>\n\t\t\t\t<\/div>\n\t\t\t\t<\/div>\n\t\t\t\t<\/div>\n\t\t\t\t<div class=\"elementor-element elementor-element-c395647 elementor-widget elementor-widget-heading\" data-id=\"c395647\" data-element_type=\"widget\" data-widget_type=\"heading.default\">\n\t\t\t\t<div class=\"elementor-widget-container\">\n\t\t\t\t\t<h2 class=\"elementor-heading-title elementor-size-default\">Fechas clave<\/h2>\t\t\t\t<\/div>\n\t\t\t\t<\/div>\n\t\t\t\t<div class=\"elementor-element elementor-element-6ff53354 elementor-widget elementor-widget-text-editor\" data-id=\"6ff53354\" data-element_type=\"widget\" data-widget_type=\"text-editor.default\">\n\t\t\t\t<div class=\"elementor-widget-container\">\n\t\t\t\t\t\t\t\t\t<ul><li>1779<b> : <\/b>10 de noviembre, nacimiento de Anne-Marie Javouhey en un pueblo de Borgo\u00f1a, Francia.<\/li><li><b style=\"background-color: transparent; text-wrap-mode: initial;\">1798 : <\/b><span style=\"background-color: transparent; text-wrap-mode: initial;\">11 de noviembre, consagraci\u00f3n a Dios durante una misa clandestina<\/span><\/li><li><strong style=\"background-color: transparent; text-wrap-mode: initial;\">1807 : <\/strong><strong style=\"background-color: transparent; text-wrap-mode: initial;\">Fundaci\u00f3n de la congregaci\u00f3n de Chalon-sur-Sa\u00f4ne<\/strong><\/li><li><b style=\"font-family: var( --e-global-typography-secondary-font-family ), Sans-serif; font-style: var( --e-global-typography-secondary-font-style ); text-transform: var( --e-global-typography-secondary-text-transform ); text-align: var(--text-align);\"><b style=\"text-wrap-mode: initial;\"><b style=\"text-wrap-mode: initial;\"><b style=\"text-wrap-mode: initial;\"><b style=\"text-wrap-mode: initial;\"><strong style=\"text-wrap-mode: initial;\"><strong style=\"background-color: transparent; text-wrap-mode: initial;\">1812<\/strong>\u00a0: <\/strong><span style=\"text-wrap-mode: initial; font-weight: 500;\">Adquisici\u00f3n de la casa de Cluny; la congregaci\u00f3n toma el nombre de San Jos\u00e9 de Cluny<\/span><\/b><\/b><\/b><\/b><\/b><\/li><\/ul>\t\t\t\t\t\t\t\t<\/div>\n\t\t\t\t<\/div>\n\t\t\t\t<div class=\"elementor-element elementor-element-a32bb48 elementor-widget elementor-widget-text-editor\" data-id=\"a32bb48\" data-element_type=\"widget\" data-widget_type=\"text-editor.default\">\n\t\t\t\t<div class=\"elementor-widget-container\">\n\t\t\t\t\t\t\t\t\t<ul><li><strong>1817 : <\/strong>Las hermanas partieron hacia la isla Bourbon (isla Reuni\u00f3n) y m\u00e1s tarde hacia Senegal, las Antillas francesas e inglesas, San Pedro y Miquel\u00f3n, India, Ocean\u00eda y Madagascar.<\/li><li><strong>1822 : <\/strong>La Fundadora  se va dos a\u00f1os a \u00c1frica: Senegal, Gambia, Sierra Leona<\/li><li><strong>1828 : <\/strong>Fue a Mana, en la Guayana Francesa, hasta 1833.<\/li><li><strong>1835 : <\/strong>Segunda visita de la Madre Javouhey a la Guayana Francesa, donde el gobierno le confi\u00f3 la tarea de preparar a cientos de esclavos para su liberaci\u00f3n.<\/li><li><strong>1840 : <\/strong>19 de septiembre: ordenaci\u00f3n en Par\u00eds de los tres primeros sacerdotes senegaleses formados en Francia gracias al inter\u00e9s de la Madre Javouhey.<\/li><li><strong>1843 : <\/strong>En agosto, Madre Javouhey regres\u00f3 a Francia despu\u00e9s de que todos los esclavos de Mana hubieran sido liberados.<\/li><li><strong>1849 : <\/strong>Adquisici\u00f3n de la casa que se convertir\u00e1 en la Casa Madre , en Faubourg Saint Jacques, Par\u00eds.<\/li><\/ul>\t\t\t\t\t\t\t\t<\/div>\n\t\t\t\t<\/div>\n\t\t\t\t<div class=\"elementor-element elementor-element-d5e986e elementor-widget elementor-widget-image\" data-id=\"d5e986e\" data-element_type=\"widget\" data-widget_type=\"image.default\">\n\t\t\t\t<div class=\"elementor-widget-container\">\n\t\t\t\t\t\t\t\t\t\t\t\t\t\t\t<img decoding=\"async\" width=\"250\" height=\"188\" src=\"https:\/\/www.sj-cluny.org\/wp-content\/uploads\/2025\/08\/logobackofchapel.jpg\" class=\"attachment-large size-large wp-image-3029\" alt=\"\" srcset=\"https:\/\/www.sj-cluny.org\/wp-content\/uploads\/2025\/08\/logobackofchapel.jpg 250w, https:\/\/www.sj-cluny.org\/wp-content\/uploads\/2025\/08\/logobackofchapel-16x12.jpg 16w\" sizes=\"(max-width: 250px) 100vw, 250px\" \/>\t\t\t\t\t\t\t\t\t\t\t\t\t\t\t<\/div>\n\t\t\t\t<\/div>\n\t\t\t\t<div class=\"elementor-element elementor-element-c036984 elementor-widget elementor-widget-text-editor\" data-id=\"c036984\" data-element_type=\"widget\" data-widget_type=\"text-editor.default\">\n\t\t\t\t<div class=\"elementor-widget-container\">\n\t\t\t\t\t\t\t\t\t<ul><li><strong>1851<\/strong> 15 de julio: fallecimiento de Ana Mar\u00eda Javouhey en Par\u00eds. Deja m\u00e1s de 1.000 Hermanas en 140 comunidades en las cinco  partes del mundo.<\/li><li><strong>1950 : <\/strong>Beatificaci\u00f3n de Ana Mar\u00eda Javouhey en Roma por el Papa P\u00edo XII.<\/li><li><strong>2004 : <\/strong>Lanzadas en 2004 en el marco del \"A\u00f1o Internacional de Conmemoraci\u00f3n de la Lucha contra la Esclavitud y de su Abolici\u00f3n\", Chamblanc, Seurre y Jallanges (ciudades de la infancia de Anne-Marie Javouhey) forman parte del proyecto internacional de la UNESCO \"Ruta de laa Abolici\u00f3nes\".<\/li><li><strong>2011 : <\/strong>Los descendientes de los 185 esclavos liberados por Ana Mar\u00eda Javouhey en 1838 siguen los pasos de su \"ch\u00e9 M\u00e9\" para plantar el bosque de la memoria en tres lugares: Jallanges, el pueblo donde naci\u00f3, Seurre, donde fue bautizada, y Chamblanc, el pueblo donde creci\u00f3.<\/li><\/ul>\t\t\t\t\t\t\t\t<\/div>\n\t\t\t\t<\/div>\n\t\t\t\t<div class=\"elementor-element elementor-element-a50dad5 elementor-widget elementor-widget-heading\" data-id=\"a50dad5\" data-element_type=\"widget\" data-widget_type=\"heading.default\">\n\t\t\t\t<div class=\"elementor-widget-container\">\n\t\t\t\t\t<h2 class=\"elementor-heading-title elementor-size-default\">Lugares Fuente<\/h2>\t\t\t\t<\/div>\n\t\t\t\t<\/div>\n\t\t\t\t<div class=\"elementor-element elementor-element-594651c9 elementor-widget elementor-widget-text-editor\" data-id=\"594651c9\" data-element_type=\"widget\" data-widget_type=\"text-editor.default\">\n\t\t\t\t<div class=\"elementor-widget-container\">\n\t\t\t\t\t\t\t\t\t<p>Nuestra congregaci\u00f3n tiene la suerte de contar con lugares-fuente que nos permiten conocer la historia, el patrimonio y la vida de nuestra Fundadora.<br \/>En San Jos\u00e9  de Cluny, hay una serie de lugares en la Francia continental que nos son muy queridos  y que cuentan nuestra historia.<\/p>\t\t\t\t\t\t\t\t<\/div>\n\t\t\t\t<\/div>\n\t\t\t\t<div class=\"elementor-element elementor-element-4b9f259 elementor-widget elementor-widget-image\" data-id=\"4b9f259\" data-element_type=\"widget\" data-widget_type=\"image.default\">\n\t\t\t\t<div class=\"elementor-widget-container\">\n\t\t\t\t\t\t\t\t\t\t\t\t\t\t\t<img decoding=\"async\" width=\"300\" height=\"155\" src=\"https:\/\/www.sj-cluny.org\/wp-content\/uploads\/2025\/08\/cluny-convent-france-300x155-1.jpg\" class=\"attachment-medium_large size-medium_large wp-image-3028\" alt=\"\" srcset=\"https:\/\/www.sj-cluny.org\/wp-content\/uploads\/2025\/08\/cluny-convent-france-300x155-1.jpg 300w, https:\/\/www.sj-cluny.org\/wp-content\/uploads\/2025\/08\/cluny-convent-france-300x155-1-18x9.jpg 18w, https:\/\/www.sj-cluny.org\/wp-content\/uploads\/2025\/08\/cluny-convent-france-300x155-1-298x155.jpg 298w\" sizes=\"(max-width: 300px) 100vw, 300px\" \/>\t\t\t\t\t\t\t\t\t\t\t\t\t\t\t<\/div>\n\t\t\t\t<\/div>\n\t\t\t\t<div class=\"elementor-element elementor-element-5aa395c4 elementor-widget elementor-widget-text-editor\" data-id=\"5aa395c4\" data-element_type=\"widget\" data-widget_type=\"text-editor.default\">\n\t\t\t\t<div class=\"elementor-widget-container\">\n\t\t\t\t\t\t\t\t\t<p><strong>Los lugares Fuente  de las Hermanas de San Jos\u00e9 de Cluny :<\/strong><\/p><ul><li aria-level=\"1\"><strong>Jallanges,<\/strong>lugar donde Ana Mar\u00eda Javouhey naci\u00f3 y pas\u00f3 su primera infancia.<\/li><li aria-level=\"1\"><strong>Seurre,<\/strong> donde Nanette (Ana Mar\u00eda Javouhey) fue bautizada..<\/li><li aria-level=\"1\"><strong>Chamblanc,<\/strong>la casa familiar donde pas\u00f3 su infancia y adolescencia.<\/li><li aria-level=\"1\"><strong>Cluny,<\/strong>que dio su nombre al Instituto, primera casa madre de 1812 a 1854.<\/li><li aria-level=\"1\"><strong>Autun,<\/strong>instalaci\u00f3n de la primera escuela \"t\u00e9cnica\u201d<\/li><li aria-level=\"1\"><strong>Par\u00eds,<\/strong>segunda Casa Madre, comprada en 1849, lugar de su muerte.<\/li><li aria-level=\"1\"><strong>Senlis,<\/strong> donde fue enterrada.<\/li><\/ul>\t\t\t\t\t\t\t\t<\/div>\n\t\t\t\t<\/div>\n\t\t\t\t\t<\/div>\n\t\t\t\t<\/div>\n\t\t\t\t<\/div>","protected":false},"excerpt":{"rendered":"<p>Ana Mar\u00eda Javouhey, nacida el 10 de noviembre de 1779 en el pueblo de Chamblanc, en Borgo\u00f1a, escuch\u00f3 la llamada de Dios a proclamar su amor a todos, sin distinci\u00f3n, por los cinco continentes [...].<\/p>","protected":false},"author":1,"featured_media":0,"parent":79,"menu_order":1,"comment_status":"closed","ping_status":"closed","template":"","meta":{"_acf_changed":false,"footnotes":""},"class_list":["post-82","page","type-page","status-publish","hentry"],"acf":[],"yoast_head":"<!-- This site is optimized with the Yoast SEO plugin v26.3 - https:\/\/yoast.com\/wordpress\/plugins\/seo\/ -->\n<title>Histoire - S\u0153urs de Saint-Joseph de Cluny<\/title>\n<meta name=\"robots\" content=\"index, follow, max-snippet:-1, max-image-preview:large, max-video-preview:-1\" \/>\n<link rel=\"canonical\" href=\"https:\/\/www.sj-cluny.org\/es\/notre-histoire\/anne-marie-javouhey\/histoire\/\" \/>\n<meta property=\"og:locale\" content=\"es_ES\" \/>\n<meta property=\"og:type\" content=\"article\" \/>\n<meta property=\"og:title\" content=\"Histoire - S\u0153urs de Saint-Joseph de Cluny\" \/>\n<meta property=\"og:description\" content=\"Anne-Marie Javouhey, n\u00e9e le 10 novembre 1779 dans le village de Chamblanc, en Bourgogne, entend l\u2019appel de Dieu \u00e0 annoncer dans les cinq continents son amour pour tous, sans distinction [&hellip;]\" \/>\n<meta property=\"og:url\" content=\"https:\/\/www.sj-cluny.org\/es\/notre-histoire\/anne-marie-javouhey\/histoire\/\" \/>\n<meta property=\"og:site_name\" content=\"S\u0153urs de Saint-Joseph de Cluny\" \/>\n<meta property=\"article:modified_time\" content=\"2025-09-08T19:48:17+00:00\" \/>\n<meta property=\"og:image\" content=\"https:\/\/www.sj-cluny.org\/wp-content\/uploads\/2025\/08\/signinchamblac-300x225-1.jpg\" \/>\n\t<meta property=\"og:image:width\" content=\"300\" \/>\n\t<meta property=\"og:image:height\" content=\"225\" \/>\n\t<meta property=\"og:image:type\" content=\"image\/jpeg\" \/>\n<meta name=\"twitter:card\" content=\"summary_large_image\" \/>\n<meta name=\"twitter:label1\" content=\"Est. reading time\" \/>\n\t<meta name=\"twitter:data1\" content=\"2 minutes\" \/>\n<script type=\"application\/ld+json\" class=\"yoast-schema-graph\">{\"@context\":\"https:\/\/schema.org\",\"@graph\":[{\"@type\":\"WebPage\",\"@id\":\"https:\/\/www.sj-cluny.org\/notre-histoire\/anne-marie-javouhey\/histoire\/\",\"url\":\"https:\/\/www.sj-cluny.org\/notre-histoire\/anne-marie-javouhey\/histoire\/\",\"name\":\"Histoire - S\u0153urs de Saint-Joseph de Cluny\",\"isPartOf\":{\"@id\":\"https:\/\/www.sj-cluny.org\/#website\"},\"primaryImageOfPage\":{\"@id\":\"https:\/\/www.sj-cluny.org\/notre-histoire\/anne-marie-javouhey\/histoire\/#primaryimage\"},\"image\":{\"@id\":\"https:\/\/www.sj-cluny.org\/notre-histoire\/anne-marie-javouhey\/histoire\/#primaryimage\"},\"thumbnailUrl\":\"https:\/\/www.sj-cluny.org\/wp-content\/uploads\/2025\/08\/signinchamblac-300x225-1.jpg\",\"datePublished\":\"2025-05-20T14:19:12+00:00\",\"dateModified\":\"2025-09-08T19:48:17+00:00\",\"breadcrumb\":{\"@id\":\"https:\/\/www.sj-cluny.org\/notre-histoire\/anne-marie-javouhey\/histoire\/#breadcrumb\"},\"inLanguage\":\"es-ES\",\"potentialAction\":[{\"@type\":\"ReadAction\",\"target\":[\"https:\/\/www.sj-cluny.org\/notre-histoire\/anne-marie-javouhey\/histoire\/\"]}]},{\"@type\":\"ImageObject\",\"inLanguage\":\"es-ES\",\"@id\":\"https:\/\/www.sj-cluny.org\/notre-histoire\/anne-marie-javouhey\/histoire\/#primaryimage\",\"url\":\"https:\/\/www.sj-cluny.org\/wp-content\/uploads\/2025\/08\/signinchamblac-300x225-1.jpg\",\"contentUrl\":\"https:\/\/www.sj-cluny.org\/wp-content\/uploads\/2025\/08\/signinchamblac-300x225-1.jpg\"},{\"@type\":\"BreadcrumbList\",\"@id\":\"https:\/\/www.sj-cluny.org\/notre-histoire\/anne-marie-javouhey\/histoire\/#breadcrumb\",\"itemListElement\":[{\"@type\":\"ListItem\",\"position\":1,\"name\":\"Accueil\",\"item\":\"https:\/\/www.sj-cluny.org\/\"},{\"@type\":\"ListItem\",\"position\":2,\"name\":\"Notre histoire\",\"item\":\"https:\/\/www.sj-cluny.org\/notre-histoire\/\"},{\"@type\":\"ListItem\",\"position\":3,\"name\":\"Anne-Marie Javouhey\",\"item\":\"https:\/\/www.sj-cluny.org\/notre-histoire\/anne-marie-javouhey\/\"},{\"@type\":\"ListItem\",\"position\":4,\"name\":\"Histoire\"}]},{\"@type\":\"WebSite\",\"@id\":\"https:\/\/www.sj-cluny.org\/#website\",\"url\":\"https:\/\/www.sj-cluny.org\/\",\"name\":\"S\u0153urs de Saint-Joseph de Cluny\",\"description\":\"\",\"potentialAction\":[{\"@type\":\"SearchAction\",\"target\":{\"@type\":\"EntryPoint\",\"urlTemplate\":\"https:\/\/www.sj-cluny.org\/?s={search_term_string}\"},\"query-input\":{\"@type\":\"PropertyValueSpecification\",\"valueRequired\":true,\"valueName\":\"search_term_string\"}}],\"inLanguage\":\"es-ES\"}]}<\/script>\n<!-- \/ Yoast SEO plugin. -->","yoast_head_json":{"title":"Histoire - S\u0153urs de Saint-Joseph de Cluny","robots":{"index":"index","follow":"follow","max-snippet":"max-snippet:-1","max-image-preview":"max-image-preview:large","max-video-preview":"max-video-preview:-1"},"canonical":"https:\/\/www.sj-cluny.org\/es\/notre-histoire\/anne-marie-javouhey\/histoire\/","og_locale":"es_ES","og_type":"article","og_title":"Histoire - S\u0153urs de Saint-Joseph de Cluny","og_description":"Anne-Marie Javouhey, n\u00e9e le 10 novembre 1779 dans le village de Chamblanc, en Bourgogne, entend l\u2019appel de Dieu \u00e0 annoncer dans les cinq continents son amour pour tous, sans distinction [&hellip;]","og_url":"https:\/\/www.sj-cluny.org\/es\/notre-histoire\/anne-marie-javouhey\/histoire\/","og_site_name":"S\u0153urs de Saint-Joseph de Cluny","article_modified_time":"2025-09-08T19:48:17+00:00","og_image":[{"width":300,"height":225,"url":"https:\/\/www.sj-cluny.org\/wp-content\/uploads\/2025\/08\/signinchamblac-300x225-1.jpg","type":"image\/jpeg"}],"twitter_card":"summary_large_image","twitter_misc":{"Est. reading time":"2 minutes"},"schema":{"@context":"https:\/\/schema.org","@graph":[{"@type":"WebPage","@id":"https:\/\/www.sj-cluny.org\/notre-histoire\/anne-marie-javouhey\/histoire\/","url":"https:\/\/www.sj-cluny.org\/notre-histoire\/anne-marie-javouhey\/histoire\/","name":"Histoire - S\u0153urs de Saint-Joseph de Cluny","isPartOf":{"@id":"https:\/\/www.sj-cluny.org\/#website"},"primaryImageOfPage":{"@id":"https:\/\/www.sj-cluny.org\/notre-histoire\/anne-marie-javouhey\/histoire\/#primaryimage"},"image":{"@id":"https:\/\/www.sj-cluny.org\/notre-histoire\/anne-marie-javouhey\/histoire\/#primaryimage"},"thumbnailUrl":"https:\/\/www.sj-cluny.org\/wp-content\/uploads\/2025\/08\/signinchamblac-300x225-1.jpg","datePublished":"2025-05-20T14:19:12+00:00","dateModified":"2025-09-08T19:48:17+00:00","breadcrumb":{"@id":"https:\/\/www.sj-cluny.org\/notre-histoire\/anne-marie-javouhey\/histoire\/#breadcrumb"},"inLanguage":"es-ES","potentialAction":[{"@type":"ReadAction","target":["https:\/\/www.sj-cluny.org\/notre-histoire\/anne-marie-javouhey\/histoire\/"]}]},{"@type":"ImageObject","inLanguage":"es-ES","@id":"https:\/\/www.sj-cluny.org\/notre-histoire\/anne-marie-javouhey\/histoire\/#primaryimage","url":"https:\/\/www.sj-cluny.org\/wp-content\/uploads\/2025\/08\/signinchamblac-300x225-1.jpg","contentUrl":"https:\/\/www.sj-cluny.org\/wp-content\/uploads\/2025\/08\/signinchamblac-300x225-1.jpg"},{"@type":"BreadcrumbList","@id":"https:\/\/www.sj-cluny.org\/notre-histoire\/anne-marie-javouhey\/histoire\/#breadcrumb","itemListElement":[{"@type":"ListItem","position":1,"name":"Accueil","item":"https:\/\/www.sj-cluny.org\/"},{"@type":"ListItem","position":2,"name":"Notre histoire","item":"https:\/\/www.sj-cluny.org\/notre-histoire\/"},{"@type":"ListItem","position":3,"name":"Anne-Marie Javouhey","item":"https:\/\/www.sj-cluny.org\/notre-histoire\/anne-marie-javouhey\/"},{"@type":"ListItem","position":4,"name":"Histoire"}]},{"@type":"WebSite","@id":"https:\/\/www.sj-cluny.org\/#website","url":"https:\/\/www.sj-cluny.org\/","name":"Hermanas de San Jos\u00e9 de Cluny","description":"","potentialAction":[{"@type":"SearchAction","target":{"@type":"EntryPoint","urlTemplate":"https:\/\/www.sj-cluny.org\/?s={search_term_string}"},"query-input":{"@type":"PropertyValueSpecification","valueRequired":true,"valueName":"search_term_string"}}],"inLanguage":"es-ES"}]}},"_links":{"self":[{"href":"https:\/\/www.sj-cluny.org\/es\/wp-json\/wp\/v2\/pages\/82","targetHints":{"allow":["GET"]}}],"collection":[{"href":"https:\/\/www.sj-cluny.org\/es\/wp-json\/wp\/v2\/pages"}],"about":[{"href":"https:\/\/www.sj-cluny.org\/es\/wp-json\/wp\/v2\/types\/page"}],"author":[{"embeddable":true,"href":"https:\/\/www.sj-cluny.org\/es\/wp-json\/wp\/v2\/users\/1"}],"replies":[{"embeddable":true,"href":"https:\/\/www.sj-cluny.org\/es\/wp-json\/wp\/v2\/comments?post=82"}],"version-history":[{"count":10,"href":"https:\/\/www.sj-cluny.org\/es\/wp-json\/wp\/v2\/pages\/82\/revisions"}],"predecessor-version":[{"id":3300,"href":"https:\/\/www.sj-cluny.org\/es\/wp-json\/wp\/v2\/pages\/82\/revisions\/3300"}],"up":[{"embeddable":true,"href":"https:\/\/www.sj-cluny.org\/es\/wp-json\/wp\/v2\/pages\/79"}],"wp:attachment":[{"href":"https:\/\/www.sj-cluny.org\/es\/wp-json\/wp\/v2\/media?parent=82"}],"curies":[{"name":"wp","href":"https:\/\/api.w.org\/{rel}","templated":true}]}}