{"id":763,"date":"2025-07-04T15:19:29","date_gmt":"2025-07-04T13:19:29","guid":{"rendered":"https:\/\/www.sj-cluny.org\/notre-mission\/pastorale\/"},"modified":"2025-08-29T16:23:01","modified_gmt":"2025-08-29T14:23:01","slug":"pastorale","status":"publish","type":"page","link":"https:\/\/www.sj-cluny.org\/es\/notre-mission\/pastorale\/","title":{"rendered":"Pastoral"},"content":{"rendered":"<div data-elementor-type=\"wp-page\" data-elementor-id=\"763\" class=\"elementor elementor-763\" data-elementor-post-type=\"page\">\n\t\t\t\t<div class=\"elementor-element elementor-element-6dcd9dd e-con-full e-flex e-con e-child\" data-id=\"6dcd9dd\" data-element_type=\"container\">\n\t\t\t\t<div class=\"elementor-element elementor-element-297c248 elementor-widget elementor-widget-text-editor\" data-id=\"297c248\" data-element_type=\"widget\" data-widget_type=\"text-editor.default\">\n\t\t\t\t<div class=\"elementor-widget-container\">\n\t\t\t\t\t\t\t\t\t<p>\"Compartir entre nosotros este mensaje de esperanza -en la acci\u00f3n social, en el servicio, en la b\u00fasqueda de caminos para hacer de nuestro mundo un lugar mejor- da vida real a cada uno de nosotros y es un signo de esperanza para el mundo entero.\" (Papa Le\u00f3n XIV, Chicago 14 de junio de 2025)<\/p><p>Numerosas Hermanas est\u00e1n comprometidas en la pastoral, en la ciudad y en el campo, en estructuras establecidas (parroquias, escuelas, movimientos de j\u00f3venes o adultos, etc.) y tambi\u00e9n yendo al encuentro de las personas all\u00ed donde se encuentren, a veces aisladas.<\/p>\t\t\t\t\t\t\t\t<\/div>\n\t\t\t\t<\/div>\n\t\t\t\t<div class=\"elementor-element elementor-element-91f561d elementor-widget elementor-widget-spyrit_elementor_widget_masonry\" data-id=\"91f561d\" data-element_type=\"widget\" data-widget_type=\"spyrit_elementor_widget_masonry.default\">\n\t\t\t\t<div class=\"elementor-widget-container\">\n\t\t\t\t\t        <div class='spyrit-elementor-widget widget-masonry'>\n            <div class=\"masonry-grid v1\">\n                <div class=\"col-1\">\n                                            <img decoding=\"async\" class=\"image-1\" src=\"https:\/\/www.sj-cluny.org\/wp-content\/uploads\/2025\/07\/pas3.jpeg\" alt=\"\">\n                    \n                                    <\/div>\n                <div class=\"col-2\">\n                    \n                                            <img decoding=\"async\" class=\"image-2\" src=\"https:\/\/www.sj-cluny.org\/wp-content\/uploads\/2025\/07\/pastoral0.jpg\" alt=\"\">\n                    \n                    \n                                    <\/div>\n            <\/div>\n        <\/div>\n        \t\t\t\t<\/div>\n\t\t\t\t<\/div>\n\t\t\t\t<div class=\"elementor-element elementor-element-1accf9d elementor-widget elementor-widget-text-editor\" data-id=\"1accf9d\" data-element_type=\"widget\" data-widget_type=\"text-editor.default\">\n\t\t\t\t<div class=\"elementor-widget-container\">\n\t\t\t\t\t\t\t\t\t<p><strong>A continuaci\u00f3n,  algunos ejemplos de su labor pastoral:<\/strong><\/p><ul><li>Preparaci\u00f3n para la recepci\u00f3n de los sacramentos en parroquias y escuelas, para adultos y j\u00f3venes de todas las edades, ni\u00f1os de la calle, familias...<\/li><li>Trabajo en parroquias, di\u00f3cesis y secretar\u00edas parroquiales<\/li><li>Animaci\u00f3n lit\u00fargica responsables parroquiales, capellan\u00edas de comunidades extranjeras<\/li><li>Servicio a parroquias, iglesias, seminarios, casas diocesanas y nunciaturas<\/li><li>Apoyo a los programas de formaci\u00f3n de catequistas, iniciaci\u00f3n cristiana de adultos y conocimiento de la Biblia<\/li><li>Participaci\u00f3n en los consejos parroquiales, en numerosas asociaciones, en la radio cat\u00f3lica y en el di\u00e1logo interreligioso.<\/li><\/ul>\t\t\t\t\t\t\t\t<\/div>\n\t\t\t\t<\/div>\n\t\t\t\t<div class=\"elementor-element elementor-element-e0ddd0e elementor-widget elementor-widget-spyrit_elementor_widget_masonry\" data-id=\"e0ddd0e\" data-element_type=\"widget\" data-widget_type=\"spyrit_elementor_widget_masonry.default\">\n\t\t\t\t<div class=\"elementor-widget-container\">\n\t\t\t\t\t        <div class='spyrit-elementor-widget widget-masonry'>\n            <div class=\"masonry-grid v1\">\n                <div class=\"col-1\">\n                                            <img decoding=\"async\" class=\"image-1\" src=\"https:\/\/www.sj-cluny.org\/wp-content\/uploads\/2025\/07\/pas1-1.jpg\" alt=\"\">\n                    \n                                    <\/div>\n                <div class=\"col-2\">\n                    \n                                            <img decoding=\"async\" class=\"image-2\" src=\"https:\/\/www.sj-cluny.org\/wp-content\/uploads\/2025\/07\/first-communion.png\" alt=\"\">\n                    \n                    \n                                    <\/div>\n            <\/div>\n        <\/div>\n        \t\t\t\t<\/div>\n\t\t\t\t<\/div>\n\t\t\t\t<div class=\"elementor-element elementor-element-818fd5f elementor-widget elementor-widget-text-editor\" data-id=\"818fd5f\" data-element_type=\"widget\" data-widget_type=\"text-editor.default\">\n\t\t\t\t<div class=\"elementor-widget-container\">\n\t\t\t\t\t\t\t\t\t<ul><li>Servicio de acogida para grupos, familias, sacerdotes, obispos, religiosas de otras congregaciones, peregrinos, j\u00f3venes en b\u00fasqueda\u2026<\/li><li>Visitas a familias, ancianos, enfermos en casa o en el hospital, en los pueblos.<\/li><li>Salidas misioneras, direcci\u00f3n de peque\u00f1os grupos de oraci\u00f3n en pueblos<\/li><li>Visitas y atenci\u00f3n a los presos: visitas, cuidados, acogida de sus familias e hijos, actividades espirituales<\/li><li>Centros de retiro y renovaci\u00f3n espiritual abiertos a todos.<\/li><\/ul>\t\t\t\t\t\t\t\t<\/div>\n\t\t\t\t<\/div>\n\t\t\t\t<\/div>\n\t\t\t\t<\/div>","protected":false},"excerpt":{"rendered":"<p>\u00ab Partager ce message d&rsquo;espoir les uns avec les autres \u2014 dans l&rsquo;action sociale, dans le service, dans la recherche de moyens pour rendre notre monde meilleur \u2014 donne une [&hellip;]<\/p>","protected":false},"author":1,"featured_media":0,"parent":71,"menu_order":3,"comment_status":"closed","ping_status":"closed","template":"","meta":{"_acf_changed":false,"footnotes":""},"class_list":["post-763","page","type-page","status-publish","hentry"],"acf":[],"yoast_head":"<!-- This site is optimized with the Yoast SEO plugin v26.3 - https:\/\/yoast.com\/wordpress\/plugins\/seo\/ -->\n<title>Pastorale - S\u0153urs de Saint-Joseph de Cluny<\/title>\n<meta name=\"robots\" content=\"index, follow, max-snippet:-1, max-image-preview:large, max-video-preview:-1\" \/>\n<link rel=\"canonical\" href=\"https:\/\/www.sj-cluny.org\/es\/notre-mission\/pastorale\/\" \/>\n<meta property=\"og:locale\" content=\"es_ES\" \/>\n<meta property=\"og:type\" content=\"article\" \/>\n<meta property=\"og:title\" content=\"Pastorale - S\u0153urs de Saint-Joseph de Cluny\" \/>\n<meta property=\"og:description\" content=\"\u00ab Partager ce message d&rsquo;espoir les uns avec les autres \u2014 dans l&rsquo;action sociale, dans le service, dans la recherche de moyens pour rendre notre monde meilleur \u2014 donne une [&hellip;]\" \/>\n<meta property=\"og:url\" content=\"https:\/\/www.sj-cluny.org\/es\/notre-mission\/pastorale\/\" \/>\n<meta property=\"og:site_name\" content=\"S\u0153urs de Saint-Joseph de Cluny\" \/>\n<meta property=\"article:modified_time\" content=\"2025-08-29T14:23:01+00:00\" \/>\n<meta property=\"og:image\" content=\"https:\/\/www.sj-cluny.org\/wp-content\/uploads\/2025\/07\/pas3.jpeg\" \/>\n<meta name=\"twitter:card\" content=\"summary_large_image\" \/>\n<meta name=\"twitter:label1\" content=\"Est. reading time\" \/>\n\t<meta name=\"twitter:data1\" content=\"1 minute\" \/>\n<script type=\"application\/ld+json\" class=\"yoast-schema-graph\">{\"@context\":\"https:\/\/schema.org\",\"@graph\":[{\"@type\":\"WebPage\",\"@id\":\"https:\/\/www.sj-cluny.org\/notre-mission\/pastorale\/\",\"url\":\"https:\/\/www.sj-cluny.org\/notre-mission\/pastorale\/\",\"name\":\"Pastorale - S\u0153urs de Saint-Joseph de Cluny\",\"isPartOf\":{\"@id\":\"https:\/\/www.sj-cluny.org\/#website\"},\"primaryImageOfPage\":{\"@id\":\"https:\/\/www.sj-cluny.org\/notre-mission\/pastorale\/#primaryimage\"},\"image\":{\"@id\":\"https:\/\/www.sj-cluny.org\/notre-mission\/pastorale\/#primaryimage\"},\"thumbnailUrl\":\"https:\/\/www.sj-cluny.org\/wp-content\/uploads\/2025\/07\/pas3.jpeg\",\"datePublished\":\"2025-07-04T13:19:29+00:00\",\"dateModified\":\"2025-08-29T14:23:01+00:00\",\"breadcrumb\":{\"@id\":\"https:\/\/www.sj-cluny.org\/notre-mission\/pastorale\/#breadcrumb\"},\"inLanguage\":\"es-ES\",\"potentialAction\":[{\"@type\":\"ReadAction\",\"target\":[\"https:\/\/www.sj-cluny.org\/notre-mission\/pastorale\/\"]}]},{\"@type\":\"ImageObject\",\"inLanguage\":\"es-ES\",\"@id\":\"https:\/\/www.sj-cluny.org\/notre-mission\/pastorale\/#primaryimage\",\"url\":\"https:\/\/www.sj-cluny.org\/wp-content\/uploads\/2025\/07\/pas3.jpeg\",\"contentUrl\":\"https:\/\/www.sj-cluny.org\/wp-content\/uploads\/2025\/07\/pas3.jpeg\"},{\"@type\":\"BreadcrumbList\",\"@id\":\"https:\/\/www.sj-cluny.org\/notre-mission\/pastorale\/#breadcrumb\",\"itemListElement\":[{\"@type\":\"ListItem\",\"position\":1,\"name\":\"Accueil\",\"item\":\"https:\/\/www.sj-cluny.org\/\"},{\"@type\":\"ListItem\",\"position\":2,\"name\":\"Notre mission\",\"item\":\"https:\/\/www.sj-cluny.org\/notre-mission\/\"},{\"@type\":\"ListItem\",\"position\":3,\"name\":\"Pastorale\"}]},{\"@type\":\"WebSite\",\"@id\":\"https:\/\/www.sj-cluny.org\/#website\",\"url\":\"https:\/\/www.sj-cluny.org\/\",\"name\":\"S\u0153urs de Saint-Joseph de Cluny\",\"description\":\"\",\"potentialAction\":[{\"@type\":\"SearchAction\",\"target\":{\"@type\":\"EntryPoint\",\"urlTemplate\":\"https:\/\/www.sj-cluny.org\/?s={search_term_string}\"},\"query-input\":{\"@type\":\"PropertyValueSpecification\",\"valueRequired\":true,\"valueName\":\"search_term_string\"}}],\"inLanguage\":\"es-ES\"}]}<\/script>\n<!-- \/ Yoast SEO plugin. -->","yoast_head_json":{"title":"Pastorale - S\u0153urs de Saint-Joseph de Cluny","robots":{"index":"index","follow":"follow","max-snippet":"max-snippet:-1","max-image-preview":"max-image-preview:large","max-video-preview":"max-video-preview:-1"},"canonical":"https:\/\/www.sj-cluny.org\/es\/notre-mission\/pastorale\/","og_locale":"es_ES","og_type":"article","og_title":"Pastorale - S\u0153urs de Saint-Joseph de Cluny","og_description":"\u00ab Partager ce message d&rsquo;espoir les uns avec les autres \u2014 dans l&rsquo;action sociale, dans le service, dans la recherche de moyens pour rendre notre monde meilleur \u2014 donne une [&hellip;]","og_url":"https:\/\/www.sj-cluny.org\/es\/notre-mission\/pastorale\/","og_site_name":"S\u0153urs de Saint-Joseph de Cluny","article_modified_time":"2025-08-29T14:23:01+00:00","og_image":[{"url":"https:\/\/www.sj-cluny.org\/wp-content\/uploads\/2025\/07\/pas3.jpeg","type":"","width":"","height":""}],"twitter_card":"summary_large_image","twitter_misc":{"Est. reading time":"1 minute"},"schema":{"@context":"https:\/\/schema.org","@graph":[{"@type":"WebPage","@id":"https:\/\/www.sj-cluny.org\/notre-mission\/pastorale\/","url":"https:\/\/www.sj-cluny.org\/notre-mission\/pastorale\/","name":"Pastorale - S\u0153urs de Saint-Joseph de Cluny","isPartOf":{"@id":"https:\/\/www.sj-cluny.org\/#website"},"primaryImageOfPage":{"@id":"https:\/\/www.sj-cluny.org\/notre-mission\/pastorale\/#primaryimage"},"image":{"@id":"https:\/\/www.sj-cluny.org\/notre-mission\/pastorale\/#primaryimage"},"thumbnailUrl":"https:\/\/www.sj-cluny.org\/wp-content\/uploads\/2025\/07\/pas3.jpeg","datePublished":"2025-07-04T13:19:29+00:00","dateModified":"2025-08-29T14:23:01+00:00","breadcrumb":{"@id":"https:\/\/www.sj-cluny.org\/notre-mission\/pastorale\/#breadcrumb"},"inLanguage":"es-ES","potentialAction":[{"@type":"ReadAction","target":["https:\/\/www.sj-cluny.org\/notre-mission\/pastorale\/"]}]},{"@type":"ImageObject","inLanguage":"es-ES","@id":"https:\/\/www.sj-cluny.org\/notre-mission\/pastorale\/#primaryimage","url":"https:\/\/www.sj-cluny.org\/wp-content\/uploads\/2025\/07\/pas3.jpeg","contentUrl":"https:\/\/www.sj-cluny.org\/wp-content\/uploads\/2025\/07\/pas3.jpeg"},{"@type":"BreadcrumbList","@id":"https:\/\/www.sj-cluny.org\/notre-mission\/pastorale\/#breadcrumb","itemListElement":[{"@type":"ListItem","position":1,"name":"Accueil","item":"https:\/\/www.sj-cluny.org\/"},{"@type":"ListItem","position":2,"name":"Notre mission","item":"https:\/\/www.sj-cluny.org\/notre-mission\/"},{"@type":"ListItem","position":3,"name":"Pastorale"}]},{"@type":"WebSite","@id":"https:\/\/www.sj-cluny.org\/#website","url":"https:\/\/www.sj-cluny.org\/","name":"Hermanas de San Jos\u00e9 de Cluny","description":"","potentialAction":[{"@type":"SearchAction","target":{"@type":"EntryPoint","urlTemplate":"https:\/\/www.sj-cluny.org\/?s={search_term_string}"},"query-input":{"@type":"PropertyValueSpecification","valueRequired":true,"valueName":"search_term_string"}}],"inLanguage":"es-ES"}]}},"_links":{"self":[{"href":"https:\/\/www.sj-cluny.org\/es\/wp-json\/wp\/v2\/pages\/763","targetHints":{"allow":["GET"]}}],"collection":[{"href":"https:\/\/www.sj-cluny.org\/es\/wp-json\/wp\/v2\/pages"}],"about":[{"href":"https:\/\/www.sj-cluny.org\/es\/wp-json\/wp\/v2\/types\/page"}],"author":[{"embeddable":true,"href":"https:\/\/www.sj-cluny.org\/es\/wp-json\/wp\/v2\/users\/1"}],"replies":[{"embeddable":true,"href":"https:\/\/www.sj-cluny.org\/es\/wp-json\/wp\/v2\/comments?post=763"}],"version-history":[{"count":10,"href":"https:\/\/www.sj-cluny.org\/es\/wp-json\/wp\/v2\/pages\/763\/revisions"}],"predecessor-version":[{"id":3026,"href":"https:\/\/www.sj-cluny.org\/es\/wp-json\/wp\/v2\/pages\/763\/revisions\/3026"}],"up":[{"embeddable":true,"href":"https:\/\/www.sj-cluny.org\/es\/wp-json\/wp\/v2\/pages\/71"}],"wp:attachment":[{"href":"https:\/\/www.sj-cluny.org\/es\/wp-json\/wp\/v2\/media?parent=763"}],"curies":[{"name":"wp","href":"https:\/\/api.w.org\/{rel}","templated":true}]}}