{"id":759,"date":"2025-07-04T15:17:02","date_gmt":"2025-07-04T13:17:02","guid":{"rendered":"https:\/\/www.sj-cluny.org\/notre-histoire\/spiritualite\/la-volonte-de-dieu\/"},"modified":"2025-08-29T16:49:50","modified_gmt":"2025-08-29T14:49:50","slug":"la-volonte-de-dieu","status":"publish","type":"page","link":"https:\/\/www.sj-cluny.org\/es\/notre-histoire\/spiritualite\/la-volonte-de-dieu\/","title":{"rendered":"La voluntad de Dios"},"content":{"rendered":"<div data-elementor-type=\"wp-page\" data-elementor-id=\"759\" class=\"elementor elementor-759\" data-elementor-post-type=\"page\">\n\t\t\t\t<div class=\"elementor-element elementor-element-a03a602 e-flex e-con-boxed e-con e-parent\" data-id=\"a03a602\" data-element_type=\"container\">\n\t\t\t\t\t<div class=\"e-con-inner\">\n\t\t\t\t<div class=\"elementor-element elementor-element-0d25d6e elementor-widget elementor-widget-text-editor\" data-id=\"0d25d6e\" data-element_type=\"widget\" data-widget_type=\"text-editor.default\">\n\t\t\t\t<div class=\"elementor-widget-container\">\n\t\t\t\t\t\t\t\t\t<p>Conocer la Voluntad divina y cumplirla era la regla de pensamiento y de acci\u00f3n de nuestra Madre Fundadora, el secreto del equilibrio y fecundidad de su vida :<\/p>\t\t\t\t\t\t\t\t<\/div>\n\t\t\t\t<\/div>\n\t\t\t\t<div class=\"elementor-element elementor-element-a3f667b elementor-blockquote--skin-border elementor-widget elementor-widget-blockquote\" data-id=\"a3f667b\" data-element_type=\"widget\" data-widget_type=\"blockquote.default\">\n\t\t\t\t<div class=\"elementor-widget-container\">\n\t\t\t\t\t\t\t<blockquote class=\"elementor-blockquote\">\n\t\t\t<p class=\"elementor-blockquote__content\">\n\t\t\t\t\u201cHacer la voluntad de Dios, pero \u00a1si eso es todo Hay que verla en todo, amarla y hacerla amar \u00bb\n(Constituciones de las Hermanas de San Jos\u00e9 de Cluny)\n\t\t\t<\/p>\n\t\t\t\t\t<\/blockquote>\n\t\t\t\t\t\t<\/div>\n\t\t\t\t<\/div>\n\t\t\t\t<div class=\"elementor-element elementor-element-a6334ff elementor-widget elementor-widget-text-editor\" data-id=\"a6334ff\" data-element_type=\"widget\" data-widget_type=\"text-editor.default\">\n\t\t\t\t<div class=\"elementor-widget-container\">\n\t\t\t\t\t\t\t\t\t<p>La b\u00fasqueda de la voluntad de Dios se realiza en el di\u00e1logo, el discernimiento, el amor mutuo.<\/p>\t\t\t\t\t\t\t\t<\/div>\n\t\t\t\t<\/div>\n\t\t\t\t<div class=\"elementor-element elementor-element-b891f47 elementor-widget elementor-widget-heading\" data-id=\"b891f47\" data-element_type=\"widget\" data-widget_type=\"heading.default\">\n\t\t\t\t<div class=\"elementor-widget-container\">\n\t\t\t\t\t<h2 class=\"elementor-heading-title elementor-size-default\">Anne-Marie Javouhey: libre para amar<\/h2>\t\t\t\t<\/div>\n\t\t\t\t<\/div>\n\t\t\t\t<div class=\"elementor-element elementor-element-cc3786f elementor-widget elementor-widget-text-editor\" data-id=\"cc3786f\" data-element_type=\"widget\" data-widget_type=\"text-editor.default\">\n\t\t\t\t<div class=\"elementor-widget-container\">\n\t\t\t\t\t\t\t\t\t<p>Su vida y sus cartas muestran su \u00edntima uni\u00f3n con Dios, su celo ardiente por la salvaci\u00f3n de todos, su amor de compasi\u00f3n por los m\u00e1s desheredados. Su audacia misionera se basaba en la certeza de de que hab\u00eda sido enviada por Dios para liberar a todos de las diversas esclavitudes y restaurar en cada persona la dignidad de hijo de Dios.<\/p>\t\t\t\t\t\t\t\t<\/div>\n\t\t\t\t<\/div>\n\t\t\t\t<div class=\"elementor-element elementor-element-94d1429 elementor-widget elementor-widget-image\" data-id=\"94d1429\" data-element_type=\"widget\" data-widget_type=\"image.default\">\n\t\t\t\t<div class=\"elementor-widget-container\">\n\t\t\t\t\t\t\t\t\t\t\t\t\t\t\t<img decoding=\"async\" width=\"250\" height=\"189\" src=\"https:\/\/www.sj-cluny.org\/wp-content\/uploads\/2025\/07\/6-communityhands.jpg\" class=\"attachment-Banni\u00e8re actualit\u00e9 size-Banni\u00e8re actualit\u00e9 wp-image-1214\" alt=\"\" \/>\t\t\t\t\t\t\t\t\t\t\t\t\t\t\t<\/div>\n\t\t\t\t<\/div>\n\t\t\t\t<div class=\"elementor-element elementor-element-c2d6e91 elementor-widget elementor-widget-heading\" data-id=\"c2d6e91\" data-element_type=\"widget\" data-widget_type=\"heading.default\">\n\t\t\t\t<div class=\"elementor-widget-container\">\n\t\t\t\t\t<h2 class=\"elementor-heading-title elementor-size-default\">Llamados a ser m\u00edsticos y profetas: llamados a liberar para la vida en abundancia<\/h2>\t\t\t\t<\/div>\n\t\t\t\t<\/div>\n\t\t\t\t<div class=\"elementor-element elementor-element-04cfe8f elementor-widget elementor-widget-text-editor\" data-id=\"04cfe8f\" data-element_type=\"widget\" data-widget_type=\"text-editor.default\">\n\t\t\t\t<div class=\"elementor-widget-container\">\n\t\t\t\t\t\t\t\t\t<p>Siguiendo las huellas de Ana Mar\u00eda y adhiri\u00e9ndonos a Cristo, participamos en su misi\u00f3n. Toda nuestra acci\u00f3n est\u00e1 impregnada de contemplaci\u00f3n. Y nuestra contemplaci\u00f3n nos saca de nuestra zona de confort, cruzando fronteras para estar atentas al \"otro\", para llevar al mundo el fuego del amor y la esperanza.<\/p><p>La espiritualidad de las hermanas de San Jos\u00e9 de Cluny es una forma de vida que suscita una respuesta acorde con los signos de los tiempos. Constituye  nuestra identidad y nuestra unidad. Se renueva a medida que la compartimos. Es DIN\u00c1MICA, influye en nuestras vidas e inspira nuestras misiones. Est\u00e1 en el coraz\u00f3n de nuestra vida cotidiana.<\/p>\t\t\t\t\t\t\t\t<\/div>\n\t\t\t\t<\/div>\n\t\t\t\t\t<\/div>\n\t\t\t\t<\/div>\n\t\t<div class=\"elementor-element elementor-element-0cd7c4e e-flex e-con-boxed e-con e-parent\" data-id=\"0cd7c4e\" data-element_type=\"container\">\n\t\t\t\t\t<div class=\"e-con-inner\">\n\t\t\t\t<div class=\"elementor-element elementor-element-23cfa27 elementor-widget elementor-widget-image\" data-id=\"23cfa27\" data-element_type=\"widget\" data-widget_type=\"image.default\">\n\t\t\t\t<div class=\"elementor-widget-container\">\n\t\t\t\t\t\t\t\t\t\t\t\t\t\t\t<img decoding=\"async\" width=\"250\" height=\"188\" src=\"https:\/\/www.sj-cluny.org\/wp-content\/uploads\/2025\/08\/bird1-2-1c254bb54.jpg\" class=\"attachment-large size-large wp-image-1833\" alt=\"\" \/>\t\t\t\t\t\t\t\t\t\t\t\t\t\t\t<\/div>\n\t\t\t\t<\/div>\n\t\t<div class=\"elementor-element elementor-element-ebf3ecf e-con-full e-flex e-con e-child\" data-id=\"ebf3ecf\" data-element_type=\"container\">\n\t\t\t\t<div class=\"elementor-element elementor-element-1c1e0fc elementor-widget elementor-widget-image\" data-id=\"1c1e0fc\" data-element_type=\"widget\" data-widget_type=\"image.default\">\n\t\t\t\t<div class=\"elementor-widget-container\">\n\t\t\t\t\t\t\t\t\t\t\t\t\t\t\t<img decoding=\"async\" width=\"1\" height=\"1\" src=\"https:\/\/www.sj-cluny.org\/wp-content\/uploads\/2025\/05\/coeur.svg\" class=\"attachment-large size-large wp-image-133\" alt=\"\" \/>\t\t\t\t\t\t\t\t\t\t\t\t\t\t\t<\/div>\n\t\t\t\t<\/div>\n\t\t\t\t<div class=\"elementor-element elementor-element-6890693 elementor-widget elementor-widget-text-editor\" data-id=\"6890693\" data-element_type=\"widget\" data-widget_type=\"text-editor.default\">\n\t\t\t\t<div class=\"elementor-widget-container\">\n\t\t\t\t\t\t\t\t\t<h2><strong>Una Hermana de San Jos\u00e9 de Cluny \"es como un p\u00e1jaro en la rama, dispuesta a volar al primer soplo de la obediencia\".<\/strong><\/h2>\t\t\t\t\t\t\t\t<\/div>\n\t\t\t\t<\/div>\n\t\t\t\t<div class=\"elementor-element elementor-element-4ea52e7 elementor-widget__width-initial elementor-widget elementor-widget-text-editor\" data-id=\"4ea52e7\" data-element_type=\"widget\" data-widget_type=\"text-editor.default\">\n\t\t\t\t<div class=\"elementor-widget-container\">\n\t\t\t\t\t\t\t\t\t<p>Ana Mar\u00eda Javouhey<\/p>\t\t\t\t\t\t\t\t<\/div>\n\t\t\t\t<\/div>\n\t\t\t\t<\/div>\n\t\t\t\t\t<\/div>\n\t\t\t\t<\/div>\n\t\t\t\t<\/div>","protected":false},"excerpt":{"rendered":"<p>Conocer la voluntad divina y hacer lo que ella dec\u00eda era la regla por la que pensaba y actuaba nuestra madre fundadora, el secreto del equilibrio y la fecundidad de su vida: [...].<\/p>","protected":false},"author":1,"featured_media":0,"parent":80,"menu_order":1,"comment_status":"closed","ping_status":"closed","template":"","meta":{"_acf_changed":false,"footnotes":""},"class_list":["post-759","page","type-page","status-publish","hentry"],"acf":[],"yoast_head":"<!-- This site is optimized with the Yoast SEO plugin v26.3 - https:\/\/yoast.com\/wordpress\/plugins\/seo\/ -->\n<title>La volont\u00e9 de Dieu - S\u0153urs de Saint-Joseph de Cluny<\/title>\n<meta name=\"robots\" content=\"index, follow, max-snippet:-1, max-image-preview:large, max-video-preview:-1\" \/>\n<link rel=\"canonical\" href=\"https:\/\/www.sj-cluny.org\/es\/notre-histoire\/spiritualite\/la-volonte-de-dieu\/\" \/>\n<meta property=\"og:locale\" content=\"es_ES\" \/>\n<meta property=\"og:type\" content=\"article\" \/>\n<meta property=\"og:title\" content=\"La volont\u00e9 de Dieu - S\u0153urs de Saint-Joseph de Cluny\" \/>\n<meta property=\"og:description\" content=\"Conna\u00eetre le vouloir divin et le faire \u00e9tait la r\u00e8gle de pens\u00e9e et d\u2019action de notre m\u00e8re fondatrice, le secret de l\u2019\u00e9quilibre et de la f\u00e9condit\u00e9 de sa vie : [&hellip;]\" \/>\n<meta property=\"og:url\" content=\"https:\/\/www.sj-cluny.org\/es\/notre-histoire\/spiritualite\/la-volonte-de-dieu\/\" \/>\n<meta property=\"og:site_name\" content=\"S\u0153urs de Saint-Joseph de Cluny\" \/>\n<meta property=\"article:modified_time\" content=\"2025-08-29T14:49:50+00:00\" \/>\n<meta property=\"og:image\" content=\"https:\/\/www.sj-cluny.org\/wp-content\/uploads\/2025\/07\/6-communityhands.jpg\" \/>\n\t<meta property=\"og:image:width\" content=\"250\" \/>\n\t<meta property=\"og:image:height\" content=\"189\" \/>\n\t<meta property=\"og:image:type\" content=\"image\/jpeg\" \/>\n<meta name=\"twitter:card\" content=\"summary_large_image\" \/>\n<meta name=\"twitter:label1\" content=\"Est. reading time\" \/>\n\t<meta name=\"twitter:data1\" content=\"2 minutes\" \/>\n<script type=\"application\/ld+json\" class=\"yoast-schema-graph\">{\"@context\":\"https:\/\/schema.org\",\"@graph\":[{\"@type\":\"WebPage\",\"@id\":\"https:\/\/www.sj-cluny.org\/notre-histoire\/spiritualite\/la-volonte-de-dieu\/\",\"url\":\"https:\/\/www.sj-cluny.org\/notre-histoire\/spiritualite\/la-volonte-de-dieu\/\",\"name\":\"La volont\u00e9 de Dieu - S\u0153urs de Saint-Joseph de Cluny\",\"isPartOf\":{\"@id\":\"https:\/\/www.sj-cluny.org\/#website\"},\"primaryImageOfPage\":{\"@id\":\"https:\/\/www.sj-cluny.org\/notre-histoire\/spiritualite\/la-volonte-de-dieu\/#primaryimage\"},\"image\":{\"@id\":\"https:\/\/www.sj-cluny.org\/notre-histoire\/spiritualite\/la-volonte-de-dieu\/#primaryimage\"},\"thumbnailUrl\":\"https:\/\/www.sj-cluny.org\/wp-content\/uploads\/2025\/07\/6-communityhands.jpg\",\"datePublished\":\"2025-07-04T13:17:02+00:00\",\"dateModified\":\"2025-08-29T14:49:50+00:00\",\"breadcrumb\":{\"@id\":\"https:\/\/www.sj-cluny.org\/notre-histoire\/spiritualite\/la-volonte-de-dieu\/#breadcrumb\"},\"inLanguage\":\"es-ES\",\"potentialAction\":[{\"@type\":\"ReadAction\",\"target\":[\"https:\/\/www.sj-cluny.org\/notre-histoire\/spiritualite\/la-volonte-de-dieu\/\"]}]},{\"@type\":\"ImageObject\",\"inLanguage\":\"es-ES\",\"@id\":\"https:\/\/www.sj-cluny.org\/notre-histoire\/spiritualite\/la-volonte-de-dieu\/#primaryimage\",\"url\":\"https:\/\/www.sj-cluny.org\/wp-content\/uploads\/2025\/07\/6-communityhands.jpg\",\"contentUrl\":\"https:\/\/www.sj-cluny.org\/wp-content\/uploads\/2025\/07\/6-communityhands.jpg\"},{\"@type\":\"BreadcrumbList\",\"@id\":\"https:\/\/www.sj-cluny.org\/notre-histoire\/spiritualite\/la-volonte-de-dieu\/#breadcrumb\",\"itemListElement\":[{\"@type\":\"ListItem\",\"position\":1,\"name\":\"Accueil\",\"item\":\"https:\/\/www.sj-cluny.org\/\"},{\"@type\":\"ListItem\",\"position\":2,\"name\":\"Notre histoire\",\"item\":\"https:\/\/www.sj-cluny.org\/notre-histoire\/\"},{\"@type\":\"ListItem\",\"position\":3,\"name\":\"Spiritualit\u00e9\",\"item\":\"https:\/\/www.sj-cluny.org\/notre-histoire\/spiritualite\/\"},{\"@type\":\"ListItem\",\"position\":4,\"name\":\"La volont\u00e9 de Dieu\"}]},{\"@type\":\"WebSite\",\"@id\":\"https:\/\/www.sj-cluny.org\/#website\",\"url\":\"https:\/\/www.sj-cluny.org\/\",\"name\":\"S\u0153urs de Saint-Joseph de Cluny\",\"description\":\"\",\"potentialAction\":[{\"@type\":\"SearchAction\",\"target\":{\"@type\":\"EntryPoint\",\"urlTemplate\":\"https:\/\/www.sj-cluny.org\/?s={search_term_string}\"},\"query-input\":{\"@type\":\"PropertyValueSpecification\",\"valueRequired\":true,\"valueName\":\"search_term_string\"}}],\"inLanguage\":\"es-ES\"}]}<\/script>\n<!-- \/ Yoast SEO plugin. -->","yoast_head_json":{"title":"La volont\u00e9 de Dieu - S\u0153urs de Saint-Joseph de Cluny","robots":{"index":"index","follow":"follow","max-snippet":"max-snippet:-1","max-image-preview":"max-image-preview:large","max-video-preview":"max-video-preview:-1"},"canonical":"https:\/\/www.sj-cluny.org\/es\/notre-histoire\/spiritualite\/la-volonte-de-dieu\/","og_locale":"es_ES","og_type":"article","og_title":"La volont\u00e9 de Dieu - S\u0153urs de Saint-Joseph de Cluny","og_description":"Conna\u00eetre le vouloir divin et le faire \u00e9tait la r\u00e8gle de pens\u00e9e et d\u2019action de notre m\u00e8re fondatrice, le secret de l\u2019\u00e9quilibre et de la f\u00e9condit\u00e9 de sa vie : [&hellip;]","og_url":"https:\/\/www.sj-cluny.org\/es\/notre-histoire\/spiritualite\/la-volonte-de-dieu\/","og_site_name":"S\u0153urs de Saint-Joseph de Cluny","article_modified_time":"2025-08-29T14:49:50+00:00","og_image":[{"width":250,"height":189,"url":"https:\/\/www.sj-cluny.org\/wp-content\/uploads\/2025\/07\/6-communityhands.jpg","type":"image\/jpeg"}],"twitter_card":"summary_large_image","twitter_misc":{"Est. reading time":"2 minutes"},"schema":{"@context":"https:\/\/schema.org","@graph":[{"@type":"WebPage","@id":"https:\/\/www.sj-cluny.org\/notre-histoire\/spiritualite\/la-volonte-de-dieu\/","url":"https:\/\/www.sj-cluny.org\/notre-histoire\/spiritualite\/la-volonte-de-dieu\/","name":"La volont\u00e9 de Dieu - S\u0153urs de Saint-Joseph de Cluny","isPartOf":{"@id":"https:\/\/www.sj-cluny.org\/#website"},"primaryImageOfPage":{"@id":"https:\/\/www.sj-cluny.org\/notre-histoire\/spiritualite\/la-volonte-de-dieu\/#primaryimage"},"image":{"@id":"https:\/\/www.sj-cluny.org\/notre-histoire\/spiritualite\/la-volonte-de-dieu\/#primaryimage"},"thumbnailUrl":"https:\/\/www.sj-cluny.org\/wp-content\/uploads\/2025\/07\/6-communityhands.jpg","datePublished":"2025-07-04T13:17:02+00:00","dateModified":"2025-08-29T14:49:50+00:00","breadcrumb":{"@id":"https:\/\/www.sj-cluny.org\/notre-histoire\/spiritualite\/la-volonte-de-dieu\/#breadcrumb"},"inLanguage":"es-ES","potentialAction":[{"@type":"ReadAction","target":["https:\/\/www.sj-cluny.org\/notre-histoire\/spiritualite\/la-volonte-de-dieu\/"]}]},{"@type":"ImageObject","inLanguage":"es-ES","@id":"https:\/\/www.sj-cluny.org\/notre-histoire\/spiritualite\/la-volonte-de-dieu\/#primaryimage","url":"https:\/\/www.sj-cluny.org\/wp-content\/uploads\/2025\/07\/6-communityhands.jpg","contentUrl":"https:\/\/www.sj-cluny.org\/wp-content\/uploads\/2025\/07\/6-communityhands.jpg"},{"@type":"BreadcrumbList","@id":"https:\/\/www.sj-cluny.org\/notre-histoire\/spiritualite\/la-volonte-de-dieu\/#breadcrumb","itemListElement":[{"@type":"ListItem","position":1,"name":"Accueil","item":"https:\/\/www.sj-cluny.org\/"},{"@type":"ListItem","position":2,"name":"Notre histoire","item":"https:\/\/www.sj-cluny.org\/notre-histoire\/"},{"@type":"ListItem","position":3,"name":"Spiritualit\u00e9","item":"https:\/\/www.sj-cluny.org\/notre-histoire\/spiritualite\/"},{"@type":"ListItem","position":4,"name":"La volont\u00e9 de Dieu"}]},{"@type":"WebSite","@id":"https:\/\/www.sj-cluny.org\/#website","url":"https:\/\/www.sj-cluny.org\/","name":"Hermanas de San Jos\u00e9 de Cluny","description":"","potentialAction":[{"@type":"SearchAction","target":{"@type":"EntryPoint","urlTemplate":"https:\/\/www.sj-cluny.org\/?s={search_term_string}"},"query-input":{"@type":"PropertyValueSpecification","valueRequired":true,"valueName":"search_term_string"}}],"inLanguage":"es-ES"}]}},"_links":{"self":[{"href":"https:\/\/www.sj-cluny.org\/es\/wp-json\/wp\/v2\/pages\/759","targetHints":{"allow":["GET"]}}],"collection":[{"href":"https:\/\/www.sj-cluny.org\/es\/wp-json\/wp\/v2\/pages"}],"about":[{"href":"https:\/\/www.sj-cluny.org\/es\/wp-json\/wp\/v2\/types\/page"}],"author":[{"embeddable":true,"href":"https:\/\/www.sj-cluny.org\/es\/wp-json\/wp\/v2\/users\/1"}],"replies":[{"embeddable":true,"href":"https:\/\/www.sj-cluny.org\/es\/wp-json\/wp\/v2\/comments?post=759"}],"version-history":[{"count":11,"href":"https:\/\/www.sj-cluny.org\/es\/wp-json\/wp\/v2\/pages\/759\/revisions"}],"predecessor-version":[{"id":3156,"href":"https:\/\/www.sj-cluny.org\/es\/wp-json\/wp\/v2\/pages\/759\/revisions\/3156"}],"up":[{"embeddable":true,"href":"https:\/\/www.sj-cluny.org\/es\/wp-json\/wp\/v2\/pages\/80"}],"wp:attachment":[{"href":"https:\/\/www.sj-cluny.org\/es\/wp-json\/wp\/v2\/media?parent=759"}],"curies":[{"name":"wp","href":"https:\/\/api.w.org\/{rel}","templated":true}]}}