{"id":253,"date":"2025-05-22T15:39:14","date_gmt":"2025-05-22T13:39:14","guid":{"rendered":"https:\/\/www.sj-cluny.org\/?page_id=253"},"modified":"2025-08-18T21:22:48","modified_gmt":"2025-08-18T19:22:48","slug":"politique-de-confidentialite","status":"publish","type":"page","link":"https:\/\/www.sj-cluny.org\/es\/politique-de-confidentialite\/","title":{"rendered":"Pol\u00edtica de privacidad"},"content":{"rendered":"<div data-elementor-type=\"wp-page\" data-elementor-id=\"253\" class=\"elementor elementor-253\" data-elementor-post-type=\"page\">\n\t\t\t\t<div class=\"elementor-element elementor-element-6c457c71 e-flex e-con-boxed e-con e-parent\" data-id=\"6c457c71\" data-element_type=\"container\" data-settings=\"{&quot;background_background&quot;:&quot;classic&quot;,&quot;shape_divider_bottom&quot;:&quot;waves&quot;}\">\n\t\t\t\t\t<div class=\"e-con-inner\">\n\t\t\t\t<div class=\"elementor-shape elementor-shape-bottom\" aria-hidden=\"true\" data-negative=\"false\">\n\t\t\t<svg xmlns=\"http:\/\/www.w3.org\/2000\/svg\" viewbox=\"0 0 1000 100\" preserveaspectratio=\"none\">\n\t<path class=\"elementor-shape-fill\" d=\"M421.9,6.5c22.6-2.5,51.5,0.4,75.5,5.3c23.6,4.9,70.9,23.5,100.5,35.7c75.8,32.2,133.7,44.5,192.6,49.7\tc23.6,2.1,48.7,3.5,103.4-2.5c54.7-6,106.2-25.6,106.2-25.6V0H0v30.3c0,0,72,32.6,158.4,30.5c39.2-0.7,92.8-6.7,134-22.4\tc21.2-8.1,52.2-18.2,79.7-24.2C399.3,7.9,411.6,7.5,421.9,6.5z\"\/>\n<\/svg>\t\t<\/div>\n\t\t<div class=\"elementor-element elementor-element-7345be7e e-con-full e-flex e-con e-child\" data-id=\"7345be7e\" data-element_type=\"container\">\n\t\t\t\t<div class=\"elementor-element elementor-element-2eae5f36 elementor-absolute elementor-widget elementor-widget-image\" data-id=\"2eae5f36\" data-element_type=\"widget\" data-settings=\"{&quot;_position&quot;:&quot;absolute&quot;}\" data-widget_type=\"image.default\">\n\t\t\t\t<div class=\"elementor-widget-container\">\n\t\t\t\t\t\t\t\t\t\t\t\t\t\t\t<img decoding=\"async\" width=\"1\" height=\"1\" src=\"https:\/\/www.sj-cluny.org\/wp-content\/uploads\/2025\/06\/coeur-blanc.svg\" class=\"attachment-large size-large wp-image-450\" alt=\"\" \/>\t\t\t\t\t\t\t\t\t\t\t\t\t\t\t<\/div>\n\t\t\t\t<\/div>\n\t\t\t\t<\/div>\n\t\t\t\t\t<\/div>\n\t\t\t\t<\/div>\n\t\t<div class=\"elementor-element elementor-element-8c74422 e-flex e-con-boxed e-con e-parent\" data-id=\"8c74422\" data-element_type=\"container\" data-settings=\"{&quot;background_background&quot;:&quot;classic&quot;}\">\n\t\t\t\t\t<div class=\"e-con-inner\">\n\t\t\t\t<div class=\"elementor-element elementor-element-c9c3939 elementor-widget elementor-widget-text-editor\" data-id=\"c9c3939\" data-element_type=\"widget\" data-widget_type=\"text-editor.default\">\n\t\t\t\t<div class=\"elementor-widget-container\">\n\t\t\t\t\t\t\t\t\t<p>La Congregaci\u00f3n de San Jos\u00e9 de Cluny se compromete a respetar, como responsable del tratamiento de datos, las disposiciones de la Ley n.\u00ba 78-17 de 6 de enero de 1978 modificada (Ley de Protecci\u00f3n de Datos) y el Reglamento General de Protecci\u00f3n de Datos (GDPR - 2016\/679) y cualquier otro texto que pueda a\u00f1adirse.<\/p><p>En la pol\u00edtica de protecci\u00f3n de datos que figura a continuaci\u00f3n encontrar\u00e1 los medios que hemos aplicado para lograrlo.<\/p>\t\t\t\t\t\t\t\t<\/div>\n\t\t\t\t<\/div>\n\t\t\t\t<div class=\"elementor-element elementor-element-4a81f36 elementor-widget elementor-widget-heading\" data-id=\"4a81f36\" data-element_type=\"widget\" data-widget_type=\"heading.default\">\n\t\t\t\t<div class=\"elementor-widget-container\">\n\t\t\t\t\t<h2 class=\"elementor-heading-title elementor-size-default\">1. \u00c1mbito de aplicaci\u00f3n:<\/h2>\t\t\t\t<\/div>\n\t\t\t\t<\/div>\n\t\t\t\t<div class=\"elementor-element elementor-element-ccecba1 elementor-widget elementor-widget-text-editor\" data-id=\"ccecba1\" data-element_type=\"widget\" data-widget_type=\"text-editor.default\">\n\t\t\t\t<div class=\"elementor-widget-container\">\n\t\t\t\t\t\t\t\t\t<p>Esta pol\u00edtica se aplica a todos los tratamientos de datos personales efectuados por la Congr\u00e9gation de Saint Joseph de Cluny, independientemente del soporte en el que se recojan los datos.<\/p>\t\t\t\t\t\t\t\t<\/div>\n\t\t\t\t<\/div>\n\t\t\t\t<div class=\"elementor-element elementor-element-3514fd9 elementor-widget elementor-widget-heading\" data-id=\"3514fd9\" data-element_type=\"widget\" data-widget_type=\"heading.default\">\n\t\t\t\t<div class=\"elementor-widget-container\">\n\t\t\t\t\t<h2 class=\"elementor-heading-title elementor-size-default\">2. Los datos recogidos <\/h2>\t\t\t\t<\/div>\n\t\t\t\t<\/div>\n\t\t\t\t<div class=\"elementor-element elementor-element-3d0e294 elementor-widget elementor-widget-text-editor\" data-id=\"3d0e294\" data-element_type=\"widget\" data-widget_type=\"text-editor.default\">\n\t\t\t\t<div class=\"elementor-widget-container\">\n\t\t\t\t\t\t\t\t\t<p>Recogemos informaci\u00f3n <strong><em>l<\/em><\/strong>uando rellena un formulario: para hacer una pregunta, solicitar informaci\u00f3n o hacer un donativo. Recogemos la informaci\u00f3n que introduce: sus apellidos, nombre, direcci\u00f3n postal o de correo electr\u00f3nico, su n\u00famero de tel\u00e9fono, etc. Los datos bancarios de sus donativos no los conservamos nosotros, sino nuestro banco.<\/p><p>Cuando navega por nuestro sitio web, tambi\u00e9n recopilamos informaci\u00f3n t\u00e9cnica sobre su dispositivo (direcci\u00f3n IP) o estad\u00edsticas de navegaci\u00f3n.<\/p>\t\t\t\t\t\t\t\t<\/div>\n\t\t\t\t<\/div>\n\t\t\t\t<div class=\"elementor-element elementor-element-2999b25 elementor-widget elementor-widget-heading\" data-id=\"2999b25\" data-element_type=\"widget\" data-widget_type=\"heading.default\">\n\t\t\t\t<div class=\"elementor-widget-container\">\n\t\t\t\t\t<h2 class=\"elementor-heading-title elementor-size-default\">3. El objetivo de la recogida de datos:<\/h2>\t\t\t\t<\/div>\n\t\t\t\t<\/div>\n\t\t\t\t<div class=\"elementor-element elementor-element-2862a20 elementor-widget elementor-widget-text-editor\" data-id=\"2862a20\" data-element_type=\"widget\" data-widget_type=\"text-editor.default\">\n\t\t\t\t<div class=\"elementor-widget-container\">\n\t\t\t\t\t\t\t\t\t<p>Toda la informaci\u00f3n que recopilamos sobre usted puede ser utilizada por nuestro departamento de comunicaci\u00f3n y nuestro departamento de relaciones con los donantes para diversos fines: gesti\u00f3n de las relaciones con los donantes y emisi\u00f3n de recibos fiscales. Tambi\u00e9n utilizamos sus datos para enviarle informaci\u00f3n personalizada, apelar a su generosidad o con fines estad\u00edsticos, especialmente en relaci\u00f3n con la navegaci\u00f3n por nuestro sitio web.<\/p>\t\t\t\t\t\t\t\t<\/div>\n\t\t\t\t<\/div>\n\t\t\t\t<div class=\"elementor-element elementor-element-24841fe elementor-widget elementor-widget-heading\" data-id=\"24841fe\" data-element_type=\"widget\" data-widget_type=\"heading.default\">\n\t\t\t\t<div class=\"elementor-widget-container\">\n\t\t\t\t\t<h2 class=\"elementor-heading-title elementor-size-default\">4. Caducidad: <\/h2>\t\t\t\t<\/div>\n\t\t\t\t<\/div>\n\t\t\t\t<div class=\"elementor-element elementor-element-bfbe394 elementor-widget elementor-widget-text-editor\" data-id=\"bfbe394\" data-element_type=\"widget\" data-widget_type=\"text-editor.default\">\n\t\t\t\t<div class=\"elementor-widget-container\">\n\t\t\t\t\t\t\t\t\t<p>La Congr\u00e9gation de Saint Joseph de Cluny conserva sus datos durante el tiempo estrictamente necesario para los fines mencionados anteriormente.<\/p>\t\t\t\t\t\t\t\t<\/div>\n\t\t\t\t<\/div>\n\t\t\t\t<div class=\"elementor-element elementor-element-1316bc5 elementor-widget elementor-widget-heading\" data-id=\"1316bc5\" data-element_type=\"widget\" data-widget_type=\"heading.default\">\n\t\t\t\t<div class=\"elementor-widget-container\">\n\t\t\t\t\t<h2 class=\"elementor-heading-title elementor-size-default\">5. 5. Almacenamiento y seguridad de los datos:<\/h2>\t\t\t\t<\/div>\n\t\t\t\t<\/div>\n\t\t\t\t<div class=\"elementor-element elementor-element-9fd0b83 elementor-widget elementor-widget-text-editor\" data-id=\"9fd0b83\" data-element_type=\"widget\" data-widget_type=\"text-editor.default\">\n\t\t\t\t<div class=\"elementor-widget-container\">\n\t\t\t\t\t\t\t\t\t<p>La Congr\u00e9gation de Saint Joseph de Cluny toma todas las medidas necesarias para proteger la seguridad de los datos personales que le son confiados. Para ello, aplica las medidas t\u00e9cnicas y organizativas necesarias para evitar, en la medida de lo posible, cualquier alteraci\u00f3n, p\u00e9rdida o acceso no autorizado a sus datos.<\/p><p>La Congregaci\u00f3n de San Jos\u00e9 de Cluny tambi\u00e9n trabaja con proveedores de servicios que act\u00faan de conformidad con la Ley francesa de Protecci\u00f3n de Datos y el Reglamento General de Protecci\u00f3n de Datos. (RGPD).<\/p><p>Los datos personales se almacenan en la Uni\u00f3n Europea, en nuestros programas inform\u00e1ticos, en forma de copias impresas conservadas en ficheros y\/o en los de nuestros proveedores de servicios.  En el caso de las donaciones realizadas a comunidades fuera de la Uni\u00f3n Europea, puede oponerse a que solo se transmitan sus datos postales o de correo electr\u00f3nico con el \u00fanico fin de que la comunidad local le env\u00ede su agradecimiento.<\/p>\t\t\t\t\t\t\t\t<\/div>\n\t\t\t\t<\/div>\n\t\t\t\t<div class=\"elementor-element elementor-element-46f449d elementor-widget elementor-widget-heading\" data-id=\"46f449d\" data-element_type=\"widget\" data-widget_type=\"heading.default\">\n\t\t\t\t<div class=\"elementor-widget-container\">\n\t\t\t\t\t<h2 class=\"elementor-heading-title elementor-size-default\">6. Derecho de acceso:<\/h2>\t\t\t\t<\/div>\n\t\t\t\t<\/div>\n\t\t\t\t<div class=\"elementor-element elementor-element-bb00afa elementor-widget elementor-widget-text-editor\" data-id=\"bb00afa\" data-element_type=\"widget\" data-widget_type=\"text-editor.default\">\n\t\t\t\t<div class=\"elementor-widget-container\">\n\t\t\t\t\t\t\t\t\t<p>De conformidad con la Ley francesa de protecci\u00f3n de datos n.\u00ba 78-17 de 16 de enero de 1978 y el Reglamento general de protecci\u00f3n de datos 2016\/679, tiene derecho a acceder, rectificar, limitar y eliminar sus datos personales.<\/p><p>Puede enviar sus solicitudes a la Congr\u00e9gation de Saint Joseph de Cluny por correo electr\u00f3nico a la siguiente direcci\u00f3n:<\/p><p><em>Direcci\u00f3n: Congregaci\u00f3n de San Jos\u00e9 de Cluny, 21 rue M\u00e9chain, 75014 PAR\u00cdS<\/em><\/p><p><span style=\"text-decoration: underline;\"><strong><a href=\"https:\/\/www.sj-cluny.org\/es\/contact\/\"><em>P\u00f3ngase en contacto con nosotros por correo electr\u00f3nico<\/em><\/a><\/strong><\/span><\/p>\t\t\t\t\t\t\t\t<\/div>\n\t\t\t\t<\/div>\n\t\t\t\t<div class=\"elementor-element elementor-element-a2231d7 elementor-widget elementor-widget-heading\" data-id=\"a2231d7\" data-element_type=\"widget\" data-widget_type=\"heading.default\">\n\t\t\t\t<div class=\"elementor-widget-container\">\n\t\t\t\t\t<h2 class=\"elementor-heading-title elementor-size-default\">7. Consentimiento:<\/h2>\t\t\t\t<\/div>\n\t\t\t\t<\/div>\n\t\t\t\t<div class=\"elementor-element elementor-element-5a7110e elementor-widget elementor-widget-text-editor\" data-id=\"5a7110e\" data-element_type=\"widget\" data-widget_type=\"text-editor.default\">\n\t\t\t\t<div class=\"elementor-widget-container\">\n\t\t\t\t\t\t\t\t\t<p>Al utilizar nuestro sitio web, usted acepta nuestra pol\u00edtica de privacidad. Para los dem\u00e1s medios de comunicaci\u00f3n, se facilita informaci\u00f3n en cada documento para informarle del uso que hacemos de sus datos personales y de sus derechos al respecto.<\/p>\t\t\t\t\t\t\t\t<\/div>\n\t\t\t\t<\/div>\n\t\t\t\t\t<\/div>\n\t\t\t\t<\/div>\n\t\t\t\t<\/div>","protected":false},"excerpt":{"rendered":"<p>La Congr\u00e9gation de Saint Joseph de Cluny s&rsquo;engage \u00e0 respecter, en tant que responsable de traitement, les dispositions de la Loi n \u00b0 78-17 du 6 janvier 1978 modifi\u00e9e (Loi [&hellip;]<\/p>","protected":false},"author":1,"featured_media":0,"parent":0,"menu_order":0,"comment_status":"closed","ping_status":"closed","template":"elementor_header_footer","meta":{"_acf_changed":false,"footnotes":""},"class_list":["post-253","page","type-page","status-publish","hentry"],"acf":[],"yoast_head":"<!-- This site is optimized with the Yoast SEO plugin v26.3 - https:\/\/yoast.com\/wordpress\/plugins\/seo\/ -->\n<title>Politique de confidentialit\u00e9 - S\u0153urs de Saint-Joseph de Cluny<\/title>\n<meta name=\"robots\" content=\"index, follow, max-snippet:-1, max-image-preview:large, max-video-preview:-1\" \/>\n<link rel=\"canonical\" href=\"https:\/\/www.sj-cluny.org\/es\/politique-de-confidentialite\/\" \/>\n<meta property=\"og:locale\" content=\"es_ES\" \/>\n<meta property=\"og:type\" content=\"article\" \/>\n<meta property=\"og:title\" content=\"Politique de confidentialit\u00e9 - S\u0153urs de Saint-Joseph de Cluny\" \/>\n<meta property=\"og:description\" content=\"La Congr\u00e9gation de Saint Joseph de Cluny s&rsquo;engage \u00e0 respecter, en tant que responsable de traitement, les dispositions de la Loi n \u00b0 78-17 du 6 janvier 1978 modifi\u00e9e (Loi [&hellip;]\" \/>\n<meta property=\"og:url\" content=\"https:\/\/www.sj-cluny.org\/es\/politique-de-confidentialite\/\" \/>\n<meta property=\"og:site_name\" content=\"S\u0153urs de Saint-Joseph de Cluny\" \/>\n<meta property=\"article:modified_time\" content=\"2025-08-18T19:22:48+00:00\" \/>\n<meta name=\"twitter:card\" content=\"summary_large_image\" \/>\n<meta name=\"twitter:label1\" content=\"Est. reading time\" \/>\n\t<meta name=\"twitter:data1\" content=\"3 minutes\" \/>\n<script type=\"application\/ld+json\" class=\"yoast-schema-graph\">{\"@context\":\"https:\/\/schema.org\",\"@graph\":[{\"@type\":\"WebPage\",\"@id\":\"https:\/\/www.sj-cluny.org\/politique-de-confidentialite\/\",\"url\":\"https:\/\/www.sj-cluny.org\/politique-de-confidentialite\/\",\"name\":\"Politique de confidentialit\u00e9 - S\u0153urs de Saint-Joseph de Cluny\",\"isPartOf\":{\"@id\":\"https:\/\/www.sj-cluny.org\/#website\"},\"primaryImageOfPage\":{\"@id\":\"https:\/\/www.sj-cluny.org\/politique-de-confidentialite\/#primaryimage\"},\"image\":{\"@id\":\"https:\/\/www.sj-cluny.org\/politique-de-confidentialite\/#primaryimage\"},\"thumbnailUrl\":\"https:\/\/www.sj-cluny.org\/wp-content\/uploads\/2025\/06\/coeur-blanc.svg\",\"datePublished\":\"2025-05-22T13:39:14+00:00\",\"dateModified\":\"2025-08-18T19:22:48+00:00\",\"breadcrumb\":{\"@id\":\"https:\/\/www.sj-cluny.org\/politique-de-confidentialite\/#breadcrumb\"},\"inLanguage\":\"es-ES\",\"potentialAction\":[{\"@type\":\"ReadAction\",\"target\":[\"https:\/\/www.sj-cluny.org\/politique-de-confidentialite\/\"]}]},{\"@type\":\"ImageObject\",\"inLanguage\":\"es-ES\",\"@id\":\"https:\/\/www.sj-cluny.org\/politique-de-confidentialite\/#primaryimage\",\"url\":\"https:\/\/www.sj-cluny.org\/wp-content\/uploads\/2025\/06\/coeur-blanc.svg\",\"contentUrl\":\"https:\/\/www.sj-cluny.org\/wp-content\/uploads\/2025\/06\/coeur-blanc.svg\"},{\"@type\":\"BreadcrumbList\",\"@id\":\"https:\/\/www.sj-cluny.org\/politique-de-confidentialite\/#breadcrumb\",\"itemListElement\":[{\"@type\":\"ListItem\",\"position\":1,\"name\":\"Accueil\",\"item\":\"https:\/\/www.sj-cluny.org\/\"},{\"@type\":\"ListItem\",\"position\":2,\"name\":\"Politique de confidentialit\u00e9\"}]},{\"@type\":\"WebSite\",\"@id\":\"https:\/\/www.sj-cluny.org\/#website\",\"url\":\"https:\/\/www.sj-cluny.org\/\",\"name\":\"S\u0153urs de Saint-Joseph de Cluny\",\"description\":\"\",\"potentialAction\":[{\"@type\":\"SearchAction\",\"target\":{\"@type\":\"EntryPoint\",\"urlTemplate\":\"https:\/\/www.sj-cluny.org\/?s={search_term_string}\"},\"query-input\":{\"@type\":\"PropertyValueSpecification\",\"valueRequired\":true,\"valueName\":\"search_term_string\"}}],\"inLanguage\":\"es-ES\"}]}<\/script>\n<!-- \/ Yoast SEO plugin. -->","yoast_head_json":{"title":"Politique de confidentialit\u00e9 - S\u0153urs de Saint-Joseph de Cluny","robots":{"index":"index","follow":"follow","max-snippet":"max-snippet:-1","max-image-preview":"max-image-preview:large","max-video-preview":"max-video-preview:-1"},"canonical":"https:\/\/www.sj-cluny.org\/es\/politique-de-confidentialite\/","og_locale":"es_ES","og_type":"article","og_title":"Politique de confidentialit\u00e9 - S\u0153urs de Saint-Joseph de Cluny","og_description":"La Congr\u00e9gation de Saint Joseph de Cluny s&rsquo;engage \u00e0 respecter, en tant que responsable de traitement, les dispositions de la Loi n \u00b0 78-17 du 6 janvier 1978 modifi\u00e9e (Loi [&hellip;]","og_url":"https:\/\/www.sj-cluny.org\/es\/politique-de-confidentialite\/","og_site_name":"S\u0153urs de Saint-Joseph de Cluny","article_modified_time":"2025-08-18T19:22:48+00:00","twitter_card":"summary_large_image","twitter_misc":{"Est. reading time":"3 minutes"},"schema":{"@context":"https:\/\/schema.org","@graph":[{"@type":"WebPage","@id":"https:\/\/www.sj-cluny.org\/politique-de-confidentialite\/","url":"https:\/\/www.sj-cluny.org\/politique-de-confidentialite\/","name":"Politique de confidentialit\u00e9 - S\u0153urs de Saint-Joseph de Cluny","isPartOf":{"@id":"https:\/\/www.sj-cluny.org\/#website"},"primaryImageOfPage":{"@id":"https:\/\/www.sj-cluny.org\/politique-de-confidentialite\/#primaryimage"},"image":{"@id":"https:\/\/www.sj-cluny.org\/politique-de-confidentialite\/#primaryimage"},"thumbnailUrl":"https:\/\/www.sj-cluny.org\/wp-content\/uploads\/2025\/06\/coeur-blanc.svg","datePublished":"2025-05-22T13:39:14+00:00","dateModified":"2025-08-18T19:22:48+00:00","breadcrumb":{"@id":"https:\/\/www.sj-cluny.org\/politique-de-confidentialite\/#breadcrumb"},"inLanguage":"es-ES","potentialAction":[{"@type":"ReadAction","target":["https:\/\/www.sj-cluny.org\/politique-de-confidentialite\/"]}]},{"@type":"ImageObject","inLanguage":"es-ES","@id":"https:\/\/www.sj-cluny.org\/politique-de-confidentialite\/#primaryimage","url":"https:\/\/www.sj-cluny.org\/wp-content\/uploads\/2025\/06\/coeur-blanc.svg","contentUrl":"https:\/\/www.sj-cluny.org\/wp-content\/uploads\/2025\/06\/coeur-blanc.svg"},{"@type":"BreadcrumbList","@id":"https:\/\/www.sj-cluny.org\/politique-de-confidentialite\/#breadcrumb","itemListElement":[{"@type":"ListItem","position":1,"name":"Accueil","item":"https:\/\/www.sj-cluny.org\/"},{"@type":"ListItem","position":2,"name":"Politique de confidentialit\u00e9"}]},{"@type":"WebSite","@id":"https:\/\/www.sj-cluny.org\/#website","url":"https:\/\/www.sj-cluny.org\/","name":"Hermanas de San Jos\u00e9 de Cluny","description":"","potentialAction":[{"@type":"SearchAction","target":{"@type":"EntryPoint","urlTemplate":"https:\/\/www.sj-cluny.org\/?s={search_term_string}"},"query-input":{"@type":"PropertyValueSpecification","valueRequired":true,"valueName":"search_term_string"}}],"inLanguage":"es-ES"}]}},"_links":{"self":[{"href":"https:\/\/www.sj-cluny.org\/es\/wp-json\/wp\/v2\/pages\/253","targetHints":{"allow":["GET"]}}],"collection":[{"href":"https:\/\/www.sj-cluny.org\/es\/wp-json\/wp\/v2\/pages"}],"about":[{"href":"https:\/\/www.sj-cluny.org\/es\/wp-json\/wp\/v2\/types\/page"}],"author":[{"embeddable":true,"href":"https:\/\/www.sj-cluny.org\/es\/wp-json\/wp\/v2\/users\/1"}],"replies":[{"embeddable":true,"href":"https:\/\/www.sj-cluny.org\/es\/wp-json\/wp\/v2\/comments?post=253"}],"version-history":[{"count":10,"href":"https:\/\/www.sj-cluny.org\/es\/wp-json\/wp\/v2\/pages\/253\/revisions"}],"predecessor-version":[{"id":2270,"href":"https:\/\/www.sj-cluny.org\/es\/wp-json\/wp\/v2\/pages\/253\/revisions\/2270"}],"wp:attachment":[{"href":"https:\/\/www.sj-cluny.org\/es\/wp-json\/wp\/v2\/media?parent=253"}],"curies":[{"name":"wp","href":"https:\/\/api.w.org\/{rel}","templated":true}]}}