{"id":88,"date":"2025-05-20T16:19:31","date_gmt":"2025-05-20T14:19:31","guid":{"rendered":"https:\/\/www.sj-cluny.org\/notre-histoire\/congregation\/maison-mere\/"},"modified":"2025-08-22T11:30:53","modified_gmt":"2025-08-22T09:30:53","slug":"maison-mere","status":"publish","type":"page","link":"https:\/\/www.sj-cluny.org\/en\/notre-histoire\/congregation\/maison-mere\/","title":{"rendered":"Mother House"},"content":{"rendered":"<div data-elementor-type=\"wp-page\" data-elementor-id=\"88\" class=\"elementor elementor-88\" data-elementor-post-type=\"page\">\n\t\t\t\t<div class=\"elementor-element elementor-element-2335a47c e-flex e-con-boxed e-con e-parent\" data-id=\"2335a47c\" data-element_type=\"container\">\n\t\t\t\t\t<div class=\"e-con-inner\">\n\t\t\t\t<div class=\"elementor-element elementor-element-7b46a398 elementor-widget elementor-widget-text-editor\" data-id=\"7b46a398\" data-element_type=\"widget\" data-widget_type=\"text-editor.default\">\n\t\t\t\t<div class=\"elementor-widget-container\">\n\t\t\t\t\t\t\t\t\t<p>The Mother House is ...<\/p><ul><li style=\"list-style-type: none;\"><ul style=\"font-style: italic;\"><li>the center of animation and coordination<\/li><li>a place of meeting and renewal<\/li><\/ul><\/li><\/ul><p><span style=\"font-style: italic;\">\"Keeping alive the memory and spirit of the Foundress, it is a sign of unity for all the Sisters.<\/span><\/p><p>Deeply rooted in fertile soil and exposed to sunlight and wind, the <strong>ginkgo<\/strong>has flourished for over 200 years.<\/p>\t\t\t\t\t\t\t\t<\/div>\n\t\t\t\t<\/div>\n\t\t\t\t<div class=\"elementor-element elementor-element-7718a0f elementor-widget elementor-widget-image\" data-id=\"7718a0f\" data-element_type=\"widget\" data-widget_type=\"image.default\">\n\t\t\t\t<div class=\"elementor-widget-container\">\n\t\t\t\t\t\t\t\t\t\t\t\t\t\t\t<img fetchpriority=\"high\" decoding=\"async\" width=\"800\" height=\"600\" src=\"https:\/\/www.sj-cluny.org\/wp-content\/uploads\/2025\/07\/mm-gingo-1024x768.jpg\" class=\"attachment-large size-large wp-image-1221\" alt=\"\" srcset=\"https:\/\/www.sj-cluny.org\/wp-content\/uploads\/2025\/07\/mm-gingo-1024x768.jpg 1024w, https:\/\/www.sj-cluny.org\/wp-content\/uploads\/2025\/07\/mm-gingo-300x225.jpg 300w, https:\/\/www.sj-cluny.org\/wp-content\/uploads\/2025\/07\/mm-gingo-768x576.jpg 768w, https:\/\/www.sj-cluny.org\/wp-content\/uploads\/2025\/07\/mm-gingo-1536x1152.jpg 1536w, https:\/\/www.sj-cluny.org\/wp-content\/uploads\/2025\/07\/mm-gingo-2048x1536.jpg 2048w\" sizes=\"(max-width: 800px) 100vw, 800px\" \/>\t\t\t\t\t\t\t\t\t\t\t\t\t\t\t<\/div>\n\t\t\t\t<\/div>\n\t\t\t\t<div class=\"elementor-element elementor-element-1e3a37d elementor-widget elementor-widget-text-editor\" data-id=\"1e3a37d\" data-element_type=\"widget\" data-widget_type=\"text-editor.default\">\n\t\t\t\t<div class=\"elementor-widget-container\">\n\t\t\t\t\t\t\t\t\t<p><strong>The chapel,<\/strong> consecrated on 1 May 1860, invites us to pray.<\/p><p>Under the chapel is the <strong>crypt.<\/strong> It is an ideal place for prayer, whether alone or in a group. Here is kept the precious relic of the Heart\nof Anne Marie Javouhey, preserved intact since her death in July 15th 1851.<\/p><p><strong>Saint Joseph<\/strong> watches over the Mother House and the entire Congregation.<\/p>\t\t\t\t\t\t\t\t<\/div>\n\t\t\t\t<\/div>\n\t\t\t\t<div class=\"elementor-element elementor-element-6abafad5 elementor-widget elementor-widget-spyrit_elementor_widget_masonry\" data-id=\"6abafad5\" data-element_type=\"widget\" data-widget_type=\"spyrit_elementor_widget_masonry.default\">\n\t\t\t\t<div class=\"elementor-widget-container\">\n\t\t\t\t\t        <div class='spyrit-elementor-widget widget-masonry'>\n            <div class=\"masonry-grid v2\">\n                <div class=\"col-1\">\n                                            <img decoding=\"async\" class=\"image-1\" src=\"https:\/\/www.sj-cluny.org\/wp-content\/uploads\/2025\/05\/img-1833-scaled.jpeg\" alt=\"\">\n                    \n                    \n                                            <img decoding=\"async\" class=\"image-2\" src=\"https:\/\/www.sj-cluny.org\/wp-content\/uploads\/2025\/07\/mhbackcourtyard.jpg\" alt=\"\">\n                    \n                                    <\/div>\n                <div class=\"col-2\">\n                    \n                                            <img decoding=\"async\" class=\"image-3\" src=\"https:\/\/www.sj-cluny.org\/wp-content\/uploads\/2025\/07\/saint-joseph-scaled-e1752780298234.jpeg\" alt=\"\">\n                                    <\/div>\n            <\/div>\n        <\/div>\n        \t\t\t\t<\/div>\n\t\t\t\t<\/div>\n\t\t\t\t\t<\/div>\n\t\t\t\t<\/div>\n\t\t\t\t<\/div>","protected":false},"excerpt":{"rendered":"<p>La Maison-m\u00e8re \u2026 Centre d\u2019animation et de coordination, lieu de rencontre et de ressourcement. \u00ab\u00a0Gardant toujours vivant le souvenir et l\u2019esprit de la Fondatrice, elle est pour toutes les S\u0153urs [&hellip;]<\/p>","protected":false},"author":1,"featured_media":0,"parent":78,"menu_order":3,"comment_status":"closed","ping_status":"closed","template":"","meta":{"_acf_changed":false,"footnotes":""},"class_list":["post-88","page","type-page","status-publish","hentry"],"acf":[],"yoast_head":"<!-- This site is optimized with the Yoast SEO plugin v26.3 - https:\/\/yoast.com\/wordpress\/plugins\/seo\/ -->\n<title>Maison M\u00e8re - S\u0153urs de Saint-Joseph de Cluny<\/title>\n<meta name=\"robots\" content=\"index, follow, max-snippet:-1, max-image-preview:large, max-video-preview:-1\" \/>\n<link rel=\"canonical\" href=\"https:\/\/www.sj-cluny.org\/en\/notre-histoire\/congregation\/maison-mere\/\" \/>\n<meta property=\"og:locale\" content=\"en_GB\" \/>\n<meta property=\"og:type\" content=\"article\" \/>\n<meta property=\"og:title\" content=\"Maison M\u00e8re - S\u0153urs de Saint-Joseph de Cluny\" \/>\n<meta property=\"og:description\" content=\"La Maison-m\u00e8re \u2026 Centre d\u2019animation et de coordination, lieu de rencontre et de ressourcement. \u00ab\u00a0Gardant toujours vivant le souvenir et l\u2019esprit de la Fondatrice, elle est pour toutes les S\u0153urs [&hellip;]\" \/>\n<meta property=\"og:url\" content=\"https:\/\/www.sj-cluny.org\/en\/notre-histoire\/congregation\/maison-mere\/\" \/>\n<meta property=\"og:site_name\" content=\"S\u0153urs de Saint-Joseph de Cluny\" \/>\n<meta property=\"article:modified_time\" content=\"2025-08-22T09:30:53+00:00\" \/>\n<meta property=\"og:image\" content=\"https:\/\/www.sj-cluny.org\/wp-content\/uploads\/2025\/07\/mm-gingo-scaled.jpg\" \/>\n\t<meta property=\"og:image:width\" content=\"2560\" \/>\n\t<meta property=\"og:image:height\" content=\"1920\" \/>\n\t<meta property=\"og:image:type\" content=\"image\/jpeg\" \/>\n<meta name=\"twitter:card\" content=\"summary_large_image\" \/>\n<meta name=\"twitter:label1\" content=\"Est. reading time\" \/>\n\t<meta name=\"twitter:data1\" content=\"1 minute\" \/>\n<script type=\"application\/ld+json\" class=\"yoast-schema-graph\">{\"@context\":\"https:\/\/schema.org\",\"@graph\":[{\"@type\":\"WebPage\",\"@id\":\"https:\/\/www.sj-cluny.org\/notre-histoire\/congregation\/maison-mere\/\",\"url\":\"https:\/\/www.sj-cluny.org\/notre-histoire\/congregation\/maison-mere\/\",\"name\":\"Maison M\u00e8re - S\u0153urs de Saint-Joseph de Cluny\",\"isPartOf\":{\"@id\":\"https:\/\/www.sj-cluny.org\/#website\"},\"primaryImageOfPage\":{\"@id\":\"https:\/\/www.sj-cluny.org\/notre-histoire\/congregation\/maison-mere\/#primaryimage\"},\"image\":{\"@id\":\"https:\/\/www.sj-cluny.org\/notre-histoire\/congregation\/maison-mere\/#primaryimage\"},\"thumbnailUrl\":\"https:\/\/www.sj-cluny.org\/wp-content\/uploads\/2025\/07\/mm-gingo-1024x768.jpg\",\"datePublished\":\"2025-05-20T14:19:31+00:00\",\"dateModified\":\"2025-08-22T09:30:53+00:00\",\"breadcrumb\":{\"@id\":\"https:\/\/www.sj-cluny.org\/notre-histoire\/congregation\/maison-mere\/#breadcrumb\"},\"inLanguage\":\"en-GB\",\"potentialAction\":[{\"@type\":\"ReadAction\",\"target\":[\"https:\/\/www.sj-cluny.org\/notre-histoire\/congregation\/maison-mere\/\"]}]},{\"@type\":\"ImageObject\",\"inLanguage\":\"en-GB\",\"@id\":\"https:\/\/www.sj-cluny.org\/notre-histoire\/congregation\/maison-mere\/#primaryimage\",\"url\":\"https:\/\/www.sj-cluny.org\/wp-content\/uploads\/2025\/07\/mm-gingo-1024x768.jpg\",\"contentUrl\":\"https:\/\/www.sj-cluny.org\/wp-content\/uploads\/2025\/07\/mm-gingo-1024x768.jpg\"},{\"@type\":\"BreadcrumbList\",\"@id\":\"https:\/\/www.sj-cluny.org\/notre-histoire\/congregation\/maison-mere\/#breadcrumb\",\"itemListElement\":[{\"@type\":\"ListItem\",\"position\":1,\"name\":\"Accueil\",\"item\":\"https:\/\/www.sj-cluny.org\/\"},{\"@type\":\"ListItem\",\"position\":2,\"name\":\"Notre histoire\",\"item\":\"https:\/\/www.sj-cluny.org\/notre-histoire\/\"},{\"@type\":\"ListItem\",\"position\":3,\"name\":\"Congr\u00e9gation\",\"item\":\"https:\/\/www.sj-cluny.org\/notre-histoire\/congregation\/\"},{\"@type\":\"ListItem\",\"position\":4,\"name\":\"Maison M\u00e8re\"}]},{\"@type\":\"WebSite\",\"@id\":\"https:\/\/www.sj-cluny.org\/#website\",\"url\":\"https:\/\/www.sj-cluny.org\/\",\"name\":\"S\u0153urs de Saint-Joseph de Cluny\",\"description\":\"\",\"potentialAction\":[{\"@type\":\"SearchAction\",\"target\":{\"@type\":\"EntryPoint\",\"urlTemplate\":\"https:\/\/www.sj-cluny.org\/?s={search_term_string}\"},\"query-input\":{\"@type\":\"PropertyValueSpecification\",\"valueRequired\":true,\"valueName\":\"search_term_string\"}}],\"inLanguage\":\"en-GB\"}]}<\/script>\n<!-- \/ Yoast SEO plugin. -->","yoast_head_json":{"title":"Maison M\u00e8re - S\u0153urs de Saint-Joseph de Cluny","robots":{"index":"index","follow":"follow","max-snippet":"max-snippet:-1","max-image-preview":"max-image-preview:large","max-video-preview":"max-video-preview:-1"},"canonical":"https:\/\/www.sj-cluny.org\/en\/notre-histoire\/congregation\/maison-mere\/","og_locale":"en_GB","og_type":"article","og_title":"Maison M\u00e8re - S\u0153urs de Saint-Joseph de Cluny","og_description":"La Maison-m\u00e8re \u2026 Centre d\u2019animation et de coordination, lieu de rencontre et de ressourcement. \u00ab\u00a0Gardant toujours vivant le souvenir et l\u2019esprit de la Fondatrice, elle est pour toutes les S\u0153urs [&hellip;]","og_url":"https:\/\/www.sj-cluny.org\/en\/notre-histoire\/congregation\/maison-mere\/","og_site_name":"S\u0153urs de Saint-Joseph de Cluny","article_modified_time":"2025-08-22T09:30:53+00:00","og_image":[{"width":2560,"height":1920,"url":"https:\/\/www.sj-cluny.org\/wp-content\/uploads\/2025\/07\/mm-gingo-scaled.jpg","type":"image\/jpeg"}],"twitter_card":"summary_large_image","twitter_misc":{"Est. reading time":"1 minute"},"schema":{"@context":"https:\/\/schema.org","@graph":[{"@type":"WebPage","@id":"https:\/\/www.sj-cluny.org\/notre-histoire\/congregation\/maison-mere\/","url":"https:\/\/www.sj-cluny.org\/notre-histoire\/congregation\/maison-mere\/","name":"Maison M\u00e8re - S\u0153urs de Saint-Joseph de Cluny","isPartOf":{"@id":"https:\/\/www.sj-cluny.org\/#website"},"primaryImageOfPage":{"@id":"https:\/\/www.sj-cluny.org\/notre-histoire\/congregation\/maison-mere\/#primaryimage"},"image":{"@id":"https:\/\/www.sj-cluny.org\/notre-histoire\/congregation\/maison-mere\/#primaryimage"},"thumbnailUrl":"https:\/\/www.sj-cluny.org\/wp-content\/uploads\/2025\/07\/mm-gingo-1024x768.jpg","datePublished":"2025-05-20T14:19:31+00:00","dateModified":"2025-08-22T09:30:53+00:00","breadcrumb":{"@id":"https:\/\/www.sj-cluny.org\/notre-histoire\/congregation\/maison-mere\/#breadcrumb"},"inLanguage":"en-GB","potentialAction":[{"@type":"ReadAction","target":["https:\/\/www.sj-cluny.org\/notre-histoire\/congregation\/maison-mere\/"]}]},{"@type":"ImageObject","inLanguage":"en-GB","@id":"https:\/\/www.sj-cluny.org\/notre-histoire\/congregation\/maison-mere\/#primaryimage","url":"https:\/\/www.sj-cluny.org\/wp-content\/uploads\/2025\/07\/mm-gingo-1024x768.jpg","contentUrl":"https:\/\/www.sj-cluny.org\/wp-content\/uploads\/2025\/07\/mm-gingo-1024x768.jpg"},{"@type":"BreadcrumbList","@id":"https:\/\/www.sj-cluny.org\/notre-histoire\/congregation\/maison-mere\/#breadcrumb","itemListElement":[{"@type":"ListItem","position":1,"name":"Accueil","item":"https:\/\/www.sj-cluny.org\/"},{"@type":"ListItem","position":2,"name":"Notre histoire","item":"https:\/\/www.sj-cluny.org\/notre-histoire\/"},{"@type":"ListItem","position":3,"name":"Congr\u00e9gation","item":"https:\/\/www.sj-cluny.org\/notre-histoire\/congregation\/"},{"@type":"ListItem","position":4,"name":"Maison M\u00e8re"}]},{"@type":"WebSite","@id":"https:\/\/www.sj-cluny.org\/#website","url":"https:\/\/www.sj-cluny.org\/","name":"Sisters of Saint Joseph of Cluny","description":"","potentialAction":[{"@type":"SearchAction","target":{"@type":"EntryPoint","urlTemplate":"https:\/\/www.sj-cluny.org\/?s={search_term_string}"},"query-input":{"@type":"PropertyValueSpecification","valueRequired":true,"valueName":"search_term_string"}}],"inLanguage":"en-GB"}]}},"_links":{"self":[{"href":"https:\/\/www.sj-cluny.org\/en\/wp-json\/wp\/v2\/pages\/88","targetHints":{"allow":["GET"]}}],"collection":[{"href":"https:\/\/www.sj-cluny.org\/en\/wp-json\/wp\/v2\/pages"}],"about":[{"href":"https:\/\/www.sj-cluny.org\/en\/wp-json\/wp\/v2\/types\/page"}],"author":[{"embeddable":true,"href":"https:\/\/www.sj-cluny.org\/en\/wp-json\/wp\/v2\/users\/1"}],"replies":[{"embeddable":true,"href":"https:\/\/www.sj-cluny.org\/en\/wp-json\/wp\/v2\/comments?post=88"}],"version-history":[{"count":10,"href":"https:\/\/www.sj-cluny.org\/en\/wp-json\/wp\/v2\/pages\/88\/revisions"}],"predecessor-version":[{"id":2601,"href":"https:\/\/www.sj-cluny.org\/en\/wp-json\/wp\/v2\/pages\/88\/revisions\/2601"}],"up":[{"embeddable":true,"href":"https:\/\/www.sj-cluny.org\/en\/wp-json\/wp\/v2\/pages\/78"}],"wp:attachment":[{"href":"https:\/\/www.sj-cluny.org\/en\/wp-json\/wp\/v2\/media?parent=88"}],"curies":[{"name":"wp","href":"https:\/\/api.w.org\/{rel}","templated":true}]}}