{"id":84,"date":"2025-05-20T16:19:12","date_gmt":"2025-05-20T14:19:12","guid":{"rendered":"https:\/\/www.sj-cluny.org\/notre-histoire\/anne-marie-javouhey\/prieres-a-amj\/"},"modified":"2025-09-08T22:24:50","modified_gmt":"2025-09-08T20:24:50","slug":"prieres-a-amj","status":"publish","type":"page","link":"https:\/\/www.sj-cluny.org\/en\/notre-histoire\/anne-marie-javouhey\/prieres-a-amj\/","title":{"rendered":"Prayers to Anne-Marie Javouhey"},"content":{"rendered":"<div data-elementor-type=\"wp-page\" data-elementor-id=\"84\" class=\"elementor elementor-84\" data-elementor-post-type=\"page\">\n\t\t\t\t<div class=\"elementor-element elementor-element-35b34c12 e-flex e-con-boxed e-con e-parent\" data-id=\"35b34c12\" data-element_type=\"container\">\n\t\t\t\t\t<div class=\"e-con-inner\">\n\t\t\t\t<div class=\"elementor-element elementor-element-67fa1ccd elementor-widget elementor-widget-text-editor\" data-id=\"67fa1ccd\" data-element_type=\"widget\" data-widget_type=\"text-editor.default\">\n\t\t\t\t<div class=\"elementor-widget-container\">\n\t\t\t\t\t\t\t\t\t<p>As members of one Cluny family, the Sisters of Saint Joseph of Cluny are daily united in prayer to their foundress, Blessed Anne-Marie Javouhey. Like her, we ask God to fill us with His love and to help us to do his Holy Will at all times and in all places. Join us in praying to this great missionary for guidance in seeking the Will of God in your life!<\/p>\t\t\t\t\t\t\t\t<\/div>\n\t\t\t\t<\/div>\n\t\t\t\t<div class=\"elementor-element elementor-element-0dd96ec elementor-widget elementor-widget-heading\" data-id=\"0dd96ec\" data-element_type=\"widget\" data-widget_type=\"heading.default\">\n\t\t\t\t<div class=\"elementor-widget-container\">\n\t\t\t\t\t<h2 class=\"elementor-heading-title elementor-size-default\">Obtain for us a heart like yours<\/h2>\t\t\t\t<\/div>\n\t\t\t\t<\/div>\n\t\t\t\t<div class=\"elementor-element elementor-element-4177da90 elementor-widget elementor-widget-text-editor\" data-id=\"4177da90\" data-element_type=\"widget\" data-widget_type=\"text-editor.default\">\n\t\t\t\t<div class=\"elementor-widget-container\">\n\t\t\t\t\t\t\t\t\t<blockquote><p>O Blessed Anne-Marie Javouhey, whose heart beat only for God and souls, teach us to love as you loved, to pray as you prayed, to suffer and to pardon, to give ourselves as you did. Obtain for us a heart like yours, loving intensely God\u2019s Holy Will, believing in His love in everything; a heart strong and kind, ardent and pure, loyal and faithful, humble and confiding; a heart ready for every sacrifice, a heart like to the hearts of Jesus, Mary and Joseph. Amen<\/p><\/blockquote>\t\t\t\t\t\t\t\t<\/div>\n\t\t\t\t<\/div>\n\t\t\t\t<div class=\"elementor-element elementor-element-b3012e1 elementor-widget elementor-widget-heading\" data-id=\"b3012e1\" data-element_type=\"widget\" data-widget_type=\"heading.default\">\n\t\t\t\t<div class=\"elementor-widget-container\">\n\t\t\t\t\t<h2 class=\"elementor-heading-title elementor-size-default\">Obtain for us your vivid faith<\/h2>\t\t\t\t<\/div>\n\t\t\t\t<\/div>\n\t\t\t\t<div class=\"elementor-element elementor-element-2d8d9da elementor-widget elementor-widget-text-editor\" data-id=\"2d8d9da\" data-element_type=\"widget\" data-widget_type=\"text-editor.default\">\n\t\t\t\t<div class=\"elementor-widget-container\">\n\t\t\t\t\t\t\t\t\t<blockquote><p>O Blessed Anne-Marie Javouhey, who, following the example of Our Lord Jesus Christ, found the nourishment of your soul in the Holy Will of God and the exercise of your zeal in works for the salvation of souls,<br \/>obtain for us your ardent faith that makes us recognise, love and fulfil every will of God: your heroic trust and abandonment to Providence, your sovereign love for God and souls. Amen<\/p><\/blockquote>\t\t\t\t\t\t\t\t<\/div>\n\t\t\t\t<\/div>\n\t\t\t\t<div class=\"elementor-element elementor-element-6202306 elementor-widget elementor-widget-spyrit_elementor_widget_masonry\" data-id=\"6202306\" data-element_type=\"widget\" data-widget_type=\"spyrit_elementor_widget_masonry.default\">\n\t\t\t\t<div class=\"elementor-widget-container\">\n\t\t\t\t\t        <div class='spyrit-elementor-widget widget-masonry'>\n            <div class=\"masonry-grid v2\">\n                <div class=\"col-1\">\n                                            <img decoding=\"async\" class=\"image-1\" src=\"https:\/\/www.sj-cluny.org\/wp-content\/uploads\/2025\/07\/amj-logo.jpg\" alt=\"\">\n                    \n                    \n                                            <img decoding=\"async\" class=\"image-2\" src=\"https:\/\/www.sj-cluny.org\/wp-content\/uploads\/2025\/07\/iris-for-web-scaled.jpg\" alt=\"\">\n                    \n                                    <\/div>\n                <div class=\"col-2\">\n                    \n                                            <img decoding=\"async\" class=\"image-3\" src=\"https:\/\/www.sj-cluny.org\/wp-content\/uploads\/2025\/07\/candlelogo.jpg\" alt=\"\">\n                                    <\/div>\n            <\/div>\n        <\/div>\n        \t\t\t\t<\/div>\n\t\t\t\t<\/div>\n\t\t\t\t<div class=\"elementor-element elementor-element-423e43d elementor-widget elementor-widget-heading\" data-id=\"423e43d\" data-element_type=\"widget\" data-widget_type=\"heading.default\">\n\t\t\t\t<div class=\"elementor-widget-container\">\n\t\t\t\t\t<h2 class=\"elementor-heading-title elementor-size-default\">Guide Us in the Path of Love<\/h2>\t\t\t\t<\/div>\n\t\t\t\t<\/div>\n\t\t\t\t<div class=\"elementor-element elementor-element-74eadcc elementor-widget elementor-widget-text-editor\" data-id=\"74eadcc\" data-element_type=\"widget\" data-widget_type=\"text-editor.default\">\n\t\t\t\t<div class=\"elementor-widget-container\">\n\t\t\t\t\t\t\t\t\t<blockquote><p>Blessed Anne-Marie, you always sought light and strength from the heart of Christ. Teach us to live in constant communion with him, to accomplish the will of the Father without reserve. Guide us in the path of love, which passes through simplicity, detachment and availability. Obtain for us from God the grace to reveal to all the presence and tenderness of God, for the greater glory of the Father, Son and Holy Spirit. Amen<\/p><\/blockquote>\t\t\t\t\t\t\t\t<\/div>\n\t\t\t\t<\/div>\n\t\t\t\t<div class=\"elementor-element elementor-element-29f4e5d elementor-widget elementor-widget-heading\" data-id=\"29f4e5d\" data-element_type=\"widget\" data-widget_type=\"heading.default\">\n\t\t\t\t<div class=\"elementor-widget-container\">\n\t\t\t\t\t<h2 class=\"elementor-heading-title elementor-size-default\">Grant us the favor of her canonization<\/h2>\t\t\t\t<\/div>\n\t\t\t\t<\/div>\n\t\t\t\t<div class=\"elementor-element elementor-element-f30ee0b elementor-widget elementor-widget-text-editor\" data-id=\"f30ee0b\" data-element_type=\"widget\" data-widget_type=\"text-editor.default\">\n\t\t\t\t<div class=\"elementor-widget-container\">\n\t\t\t\t\t\t\t\t\t<blockquote><p>Lord our God, you enabled Blessed Anne-Marie to consecrate herself to the carrying out of your Holy Will in all things and to be ever attentive to your calls as manifested through the poorest of her brothers and sisters. Grant that we, in the Church of our day, may zealously continue the work you confided to her. Through her intercession hear the prayers we address to You...<br \/>In your goodness, grant us the favor of her canonization, for your glory and to promote your reign of love, justice and peace. Amen!<\/p><\/blockquote>\t\t\t\t\t\t\t\t<\/div>\n\t\t\t\t<\/div>\n\t\t\t\t\t<\/div>\n\t\t\t\t<\/div>\n\t\t\t\t<\/div>","protected":false},"excerpt":{"rendered":"<p>En tant que membres d\u2019une m\u00eame famille de Cluny, les s\u0153urs de Saint Joseph de Cluny sont unies dans la pri\u00e8re quotidienne \u00e0 leur fondatrice, la bienheureuse Anne-Marie Javouhey. Comme [&hellip;]<\/p>","protected":false},"author":1,"featured_media":0,"parent":79,"menu_order":3,"comment_status":"closed","ping_status":"closed","template":"","meta":{"_acf_changed":false,"footnotes":""},"class_list":["post-84","page","type-page","status-publish","hentry"],"acf":[],"yoast_head":"<!-- This site is optimized with the Yoast SEO plugin v26.3 - https:\/\/yoast.com\/wordpress\/plugins\/seo\/ -->\n<title>Pri\u00e8res \u00e0 AMJ - S\u0153urs de Saint-Joseph de Cluny<\/title>\n<meta name=\"robots\" content=\"index, follow, max-snippet:-1, max-image-preview:large, max-video-preview:-1\" \/>\n<link rel=\"canonical\" href=\"https:\/\/www.sj-cluny.org\/en\/notre-histoire\/anne-marie-javouhey\/prieres-a-amj\/\" \/>\n<meta property=\"og:locale\" content=\"en_GB\" \/>\n<meta property=\"og:type\" content=\"article\" \/>\n<meta property=\"og:title\" content=\"Pri\u00e8res \u00e0 AMJ - S\u0153urs de Saint-Joseph de Cluny\" \/>\n<meta property=\"og:description\" content=\"En tant que membres d\u2019une m\u00eame famille de Cluny, les s\u0153urs de Saint Joseph de Cluny sont unies dans la pri\u00e8re quotidienne \u00e0 leur fondatrice, la bienheureuse Anne-Marie Javouhey. Comme [&hellip;]\" \/>\n<meta property=\"og:url\" content=\"https:\/\/www.sj-cluny.org\/en\/notre-histoire\/anne-marie-javouhey\/prieres-a-amj\/\" \/>\n<meta property=\"og:site_name\" content=\"S\u0153urs de Saint-Joseph de Cluny\" \/>\n<meta property=\"article:modified_time\" content=\"2025-09-08T20:24:50+00:00\" \/>\n<meta property=\"og:image\" content=\"https:\/\/www.sj-cluny.org\/wp-content\/uploads\/2025\/07\/amj-logo.jpg\" \/>\n<meta name=\"twitter:card\" content=\"summary_large_image\" \/>\n<meta name=\"twitter:label1\" content=\"Est. reading time\" \/>\n\t<meta name=\"twitter:data1\" content=\"2 minutes\" \/>\n<script type=\"application\/ld+json\" class=\"yoast-schema-graph\">{\"@context\":\"https:\/\/schema.org\",\"@graph\":[{\"@type\":\"WebPage\",\"@id\":\"https:\/\/www.sj-cluny.org\/notre-histoire\/anne-marie-javouhey\/prieres-a-amj\/\",\"url\":\"https:\/\/www.sj-cluny.org\/notre-histoire\/anne-marie-javouhey\/prieres-a-amj\/\",\"name\":\"Pri\u00e8res \u00e0 AMJ - S\u0153urs de Saint-Joseph de Cluny\",\"isPartOf\":{\"@id\":\"https:\/\/www.sj-cluny.org\/#website\"},\"primaryImageOfPage\":{\"@id\":\"https:\/\/www.sj-cluny.org\/notre-histoire\/anne-marie-javouhey\/prieres-a-amj\/#primaryimage\"},\"image\":{\"@id\":\"https:\/\/www.sj-cluny.org\/notre-histoire\/anne-marie-javouhey\/prieres-a-amj\/#primaryimage\"},\"thumbnailUrl\":\"https:\/\/www.sj-cluny.org\/wp-content\/uploads\/2025\/07\/amj-logo.jpg\",\"datePublished\":\"2025-05-20T14:19:12+00:00\",\"dateModified\":\"2025-09-08T20:24:50+00:00\",\"breadcrumb\":{\"@id\":\"https:\/\/www.sj-cluny.org\/notre-histoire\/anne-marie-javouhey\/prieres-a-amj\/#breadcrumb\"},\"inLanguage\":\"en-GB\",\"potentialAction\":[{\"@type\":\"ReadAction\",\"target\":[\"https:\/\/www.sj-cluny.org\/notre-histoire\/anne-marie-javouhey\/prieres-a-amj\/\"]}]},{\"@type\":\"ImageObject\",\"inLanguage\":\"en-GB\",\"@id\":\"https:\/\/www.sj-cluny.org\/notre-histoire\/anne-marie-javouhey\/prieres-a-amj\/#primaryimage\",\"url\":\"https:\/\/www.sj-cluny.org\/wp-content\/uploads\/2025\/07\/amj-logo.jpg\",\"contentUrl\":\"https:\/\/www.sj-cluny.org\/wp-content\/uploads\/2025\/07\/amj-logo.jpg\"},{\"@type\":\"BreadcrumbList\",\"@id\":\"https:\/\/www.sj-cluny.org\/notre-histoire\/anne-marie-javouhey\/prieres-a-amj\/#breadcrumb\",\"itemListElement\":[{\"@type\":\"ListItem\",\"position\":1,\"name\":\"Accueil\",\"item\":\"https:\/\/www.sj-cluny.org\/\"},{\"@type\":\"ListItem\",\"position\":2,\"name\":\"Notre histoire\",\"item\":\"https:\/\/www.sj-cluny.org\/notre-histoire\/\"},{\"@type\":\"ListItem\",\"position\":3,\"name\":\"Anne-Marie Javouhey\",\"item\":\"https:\/\/www.sj-cluny.org\/notre-histoire\/anne-marie-javouhey\/\"},{\"@type\":\"ListItem\",\"position\":4,\"name\":\"Pri\u00e8res \u00e0 AMJ\"}]},{\"@type\":\"WebSite\",\"@id\":\"https:\/\/www.sj-cluny.org\/#website\",\"url\":\"https:\/\/www.sj-cluny.org\/\",\"name\":\"S\u0153urs de Saint-Joseph de Cluny\",\"description\":\"\",\"potentialAction\":[{\"@type\":\"SearchAction\",\"target\":{\"@type\":\"EntryPoint\",\"urlTemplate\":\"https:\/\/www.sj-cluny.org\/?s={search_term_string}\"},\"query-input\":{\"@type\":\"PropertyValueSpecification\",\"valueRequired\":true,\"valueName\":\"search_term_string\"}}],\"inLanguage\":\"en-GB\"}]}<\/script>\n<!-- \/ Yoast SEO plugin. -->","yoast_head_json":{"title":"Pri\u00e8res \u00e0 AMJ - S\u0153urs de Saint-Joseph de Cluny","robots":{"index":"index","follow":"follow","max-snippet":"max-snippet:-1","max-image-preview":"max-image-preview:large","max-video-preview":"max-video-preview:-1"},"canonical":"https:\/\/www.sj-cluny.org\/en\/notre-histoire\/anne-marie-javouhey\/prieres-a-amj\/","og_locale":"en_GB","og_type":"article","og_title":"Pri\u00e8res \u00e0 AMJ - S\u0153urs de Saint-Joseph de Cluny","og_description":"En tant que membres d\u2019une m\u00eame famille de Cluny, les s\u0153urs de Saint Joseph de Cluny sont unies dans la pri\u00e8re quotidienne \u00e0 leur fondatrice, la bienheureuse Anne-Marie Javouhey. Comme [&hellip;]","og_url":"https:\/\/www.sj-cluny.org\/en\/notre-histoire\/anne-marie-javouhey\/prieres-a-amj\/","og_site_name":"S\u0153urs de Saint-Joseph de Cluny","article_modified_time":"2025-09-08T20:24:50+00:00","og_image":[{"url":"https:\/\/www.sj-cluny.org\/wp-content\/uploads\/2025\/07\/amj-logo.jpg","type":"","width":"","height":""}],"twitter_card":"summary_large_image","twitter_misc":{"Est. reading time":"2 minutes"},"schema":{"@context":"https:\/\/schema.org","@graph":[{"@type":"WebPage","@id":"https:\/\/www.sj-cluny.org\/notre-histoire\/anne-marie-javouhey\/prieres-a-amj\/","url":"https:\/\/www.sj-cluny.org\/notre-histoire\/anne-marie-javouhey\/prieres-a-amj\/","name":"Pri\u00e8res \u00e0 AMJ - S\u0153urs de Saint-Joseph de Cluny","isPartOf":{"@id":"https:\/\/www.sj-cluny.org\/#website"},"primaryImageOfPage":{"@id":"https:\/\/www.sj-cluny.org\/notre-histoire\/anne-marie-javouhey\/prieres-a-amj\/#primaryimage"},"image":{"@id":"https:\/\/www.sj-cluny.org\/notre-histoire\/anne-marie-javouhey\/prieres-a-amj\/#primaryimage"},"thumbnailUrl":"https:\/\/www.sj-cluny.org\/wp-content\/uploads\/2025\/07\/amj-logo.jpg","datePublished":"2025-05-20T14:19:12+00:00","dateModified":"2025-09-08T20:24:50+00:00","breadcrumb":{"@id":"https:\/\/www.sj-cluny.org\/notre-histoire\/anne-marie-javouhey\/prieres-a-amj\/#breadcrumb"},"inLanguage":"en-GB","potentialAction":[{"@type":"ReadAction","target":["https:\/\/www.sj-cluny.org\/notre-histoire\/anne-marie-javouhey\/prieres-a-amj\/"]}]},{"@type":"ImageObject","inLanguage":"en-GB","@id":"https:\/\/www.sj-cluny.org\/notre-histoire\/anne-marie-javouhey\/prieres-a-amj\/#primaryimage","url":"https:\/\/www.sj-cluny.org\/wp-content\/uploads\/2025\/07\/amj-logo.jpg","contentUrl":"https:\/\/www.sj-cluny.org\/wp-content\/uploads\/2025\/07\/amj-logo.jpg"},{"@type":"BreadcrumbList","@id":"https:\/\/www.sj-cluny.org\/notre-histoire\/anne-marie-javouhey\/prieres-a-amj\/#breadcrumb","itemListElement":[{"@type":"ListItem","position":1,"name":"Accueil","item":"https:\/\/www.sj-cluny.org\/"},{"@type":"ListItem","position":2,"name":"Notre histoire","item":"https:\/\/www.sj-cluny.org\/notre-histoire\/"},{"@type":"ListItem","position":3,"name":"Anne-Marie Javouhey","item":"https:\/\/www.sj-cluny.org\/notre-histoire\/anne-marie-javouhey\/"},{"@type":"ListItem","position":4,"name":"Pri\u00e8res \u00e0 AMJ"}]},{"@type":"WebSite","@id":"https:\/\/www.sj-cluny.org\/#website","url":"https:\/\/www.sj-cluny.org\/","name":"Sisters of Saint Joseph of Cluny","description":"","potentialAction":[{"@type":"SearchAction","target":{"@type":"EntryPoint","urlTemplate":"https:\/\/www.sj-cluny.org\/?s={search_term_string}"},"query-input":{"@type":"PropertyValueSpecification","valueRequired":true,"valueName":"search_term_string"}}],"inLanguage":"en-GB"}]}},"_links":{"self":[{"href":"https:\/\/www.sj-cluny.org\/en\/wp-json\/wp\/v2\/pages\/84","targetHints":{"allow":["GET"]}}],"collection":[{"href":"https:\/\/www.sj-cluny.org\/en\/wp-json\/wp\/v2\/pages"}],"about":[{"href":"https:\/\/www.sj-cluny.org\/en\/wp-json\/wp\/v2\/types\/page"}],"author":[{"embeddable":true,"href":"https:\/\/www.sj-cluny.org\/en\/wp-json\/wp\/v2\/users\/1"}],"replies":[{"embeddable":true,"href":"https:\/\/www.sj-cluny.org\/en\/wp-json\/wp\/v2\/comments?post=84"}],"version-history":[{"count":10,"href":"https:\/\/www.sj-cluny.org\/en\/wp-json\/wp\/v2\/pages\/84\/revisions"}],"predecessor-version":[{"id":3303,"href":"https:\/\/www.sj-cluny.org\/en\/wp-json\/wp\/v2\/pages\/84\/revisions\/3303"}],"up":[{"embeddable":true,"href":"https:\/\/www.sj-cluny.org\/en\/wp-json\/wp\/v2\/pages\/79"}],"wp:attachment":[{"href":"https:\/\/www.sj-cluny.org\/en\/wp-json\/wp\/v2\/media?parent=84"}],"curies":[{"name":"wp","href":"https:\/\/api.w.org\/{rel}","templated":true}]}}