{"id":766,"date":"2025-07-04T15:19:30","date_gmt":"2025-07-04T13:19:30","guid":{"rendered":"https:\/\/www.sj-cluny.org\/notre-mission\/les-dons\/"},"modified":"2026-01-15T17:31:50","modified_gmt":"2026-01-15T16:31:50","slug":"les-dons","status":"publish","type":"page","link":"https:\/\/www.sj-cluny.org\/en\/notre-mission\/les-dons\/","title":{"rendered":"Donations"},"content":{"rendered":"<div data-elementor-type=\"wp-page\" data-elementor-id=\"766\" class=\"elementor elementor-766\" data-elementor-post-type=\"page\">\n\t\t\t\t<div class=\"elementor-element elementor-element-f5a0b5c e-con-full e-flex e-con e-child\" data-id=\"f5a0b5c\" data-element_type=\"container\">\n\t\t\t\t<div class=\"elementor-element elementor-element-e5b22a4 elementor-widget elementor-widget-image\" data-id=\"e5b22a4\" data-element_type=\"widget\" data-widget_type=\"image.default\">\n\t\t\t\t<div class=\"elementor-widget-container\">\n\t\t\t\t\t\t\t\t\t\t\t\t\t\t\t<img fetchpriority=\"high\" decoding=\"async\" width=\"768\" height=\"341\" src=\"https:\/\/www.sj-cluny.org\/wp-content\/uploads\/2026\/01\/0-768x341.jpg\" class=\"attachment-medium_large size-medium_large wp-image-5464\" alt=\"\" srcset=\"https:\/\/www.sj-cluny.org\/wp-content\/uploads\/2026\/01\/0-768x341.jpg 768w, https:\/\/www.sj-cluny.org\/wp-content\/uploads\/2026\/01\/0-300x133.jpg 300w, https:\/\/www.sj-cluny.org\/wp-content\/uploads\/2026\/01\/0-18x8.jpg 18w, https:\/\/www.sj-cluny.org\/wp-content\/uploads\/2026\/01\/0.jpg 900w\" sizes=\"(max-width: 768px) 100vw, 768px\" \/>\t\t\t\t\t\t\t\t\t\t\t\t\t\t\t<\/div>\n\t\t\t\t<\/div>\n\t\t\t\t<div class=\"elementor-element elementor-element-ae018da elementor-widget elementor-widget-text-editor\" data-id=\"ae018da\" data-element_type=\"widget\" data-widget_type=\"text-editor.default\">\n\t\t\t\t<div class=\"elementor-widget-container\">\n\t\t\t\t\t\t\t\t\t<p>You can support the ministry of the Sisters of Saint Joseph of Cluny through your prayers or by making a donation. Thank you for your support!<\/p>\t\t\t\t\t\t\t\t<\/div>\n\t\t\t\t<\/div>\n\t\t\t\t<div class=\"elementor-element elementor-element-5415f56 elementor-widget elementor-widget-heading\" data-id=\"5415f56\" data-element_type=\"widget\" data-widget_type=\"heading.default\">\n\t\t\t\t<div class=\"elementor-widget-container\">\n\t\t\t\t\t<h2 class=\"elementor-heading-title elementor-size-default\">Supporting the mission of the Sisters of Saint Joseph of Cluny through prayer<\/h2>\t\t\t\t<\/div>\n\t\t\t\t<\/div>\n\t\t\t\t<div class=\"elementor-element elementor-element-b43428d elementor-widget elementor-widget-text-editor\" data-id=\"b43428d\" data-element_type=\"widget\" data-widget_type=\"text-editor.default\">\n\t\t\t\t<div class=\"elementor-widget-container\">\n\t\t\t\t\t\t\t\t\t<p>Each day of the month, the Sisters of Saint Joseph of Cluny pray for a mission in a particular geographical area of the world and we invite you to pray with us.<\/p><p><a href=\"https:\/\/www.sj-cluny.org\/en\/nous-rejoindre\/prier-pour-les-missions\/\"><em>Praying with the Sisters of Saint Joseph of Cluny for the missions<\/em><\/a><\/p>\t\t\t\t\t\t\t\t<\/div>\n\t\t\t\t<\/div>\n\t\t\t\t<div class=\"elementor-element elementor-element-c123d2a elementor-widget elementor-widget-spyrit_elementor_widget_masonry\" data-id=\"c123d2a\" data-element_type=\"widget\" data-widget_type=\"spyrit_elementor_widget_masonry.default\">\n\t\t\t\t<div class=\"elementor-widget-container\">\n\t\t\t\t\t        <div class='spyrit-elementor-widget widget-masonry'>\n            <div class=\"masonry-grid v5\">\n                <div class=\"col-1\">\n                                            <img decoding=\"async\" class=\"image-1\" src=\"https:\/\/www.sj-cluny.org\/wp-content\/uploads\/2026\/01\/2-scaled.jpg\" alt=\"\">\n                    \n                                    <\/div>\n                <div class=\"col-2\">\n                    \n                                            <img decoding=\"async\" class=\"image-2\" src=\"https:\/\/www.sj-cluny.org\/wp-content\/uploads\/2026\/01\/1-scaled.jpg\" alt=\"\">\n                    \n                    \n                                    <\/div>\n            <\/div>\n        <\/div>\n        \t\t\t\t<\/div>\n\t\t\t\t<\/div>\n\t\t\t\t<div class=\"elementor-element elementor-element-09fc7bd elementor-widget elementor-widget-heading\" data-id=\"09fc7bd\" data-element_type=\"widget\" data-widget_type=\"heading.default\">\n\t\t\t\t<div class=\"elementor-widget-container\">\n\t\t\t\t\t<h2 class=\"elementor-heading-title elementor-size-default\">Make an online donation to \"the works\" of the Congregation<\/h2>\t\t\t\t<\/div>\n\t\t\t\t<\/div>\n\t\t\t\t<div class=\"elementor-element elementor-element-22b2b20 elementor-widget elementor-widget-text-editor\" data-id=\"22b2b20\" data-element_type=\"widget\" data-widget_type=\"text-editor.default\">\n\t\t\t\t<div class=\"elementor-widget-container\">\n\t\t\t\t\t\t\t\t\t<p>You can make a donation to support <strong>the works<\/strong> of the Sisters of Saint Joseph of Cluny and<b> receive a tax receipt (France) <\/b>by clicking on the button<b> \"works\" <\/b>below.<\/p>\t\t\t\t\t\t\t\t<\/div>\n\t\t\t\t<\/div>\n\t\t\t\t<div class=\"elementor-element elementor-element-a2f139d elementor-widget elementor-widget-spyrit_elementor_widget_button\" data-id=\"a2f139d\" data-element_type=\"widget\" data-widget_type=\"spyrit_elementor_widget_button.default\">\n\t\t\t\t<div class=\"elementor-widget-container\">\n\t\t\t\t\t\n        <div class=\"spyrit-elementor-widget widget-button\">\n            <a href=\"https:\/\/www.venio.fr\/donation\/77\/F3HMPA\/create\" class=\"custom-btn btn-primary btn-md\" title=\"Make a donation to the &quot;works&quot;\" target=\"_blank\">\n                Make a donation to the \"works\"                            <\/a>\n        <\/div>\n        \t\t\t\t<\/div>\n\t\t\t\t<\/div>\n\t\t\t\t<div class=\"elementor-element elementor-element-814a8c5 elementor-widget elementor-widget-spacer\" data-id=\"814a8c5\" data-element_type=\"widget\" data-widget_type=\"spacer.default\">\n\t\t\t\t<div class=\"elementor-widget-container\">\n\t\t\t\t\t\t\t<div class=\"elementor-spacer\">\n\t\t\t<div class=\"elementor-spacer-inner\"><\/div>\n\t\t<\/div>\n\t\t\t\t\t\t<\/div>\n\t\t\t\t<\/div>\n\t\t\t\t<div class=\"elementor-element elementor-element-45066a2 elementor-widget elementor-widget-heading\" data-id=\"45066a2\" data-element_type=\"widget\" data-widget_type=\"heading.default\">\n\t\t\t\t<div class=\"elementor-widget-container\">\n\t\t\t\t\t<h2 class=\"elementor-heading-title elementor-size-default\">Make an online donation to the \"sisters\" of the Congregation<\/h2>\t\t\t\t<\/div>\n\t\t\t\t<\/div>\n\t\t\t\t<div class=\"elementor-element elementor-element-c688db6 elementor-widget elementor-widget-text-editor\" data-id=\"c688db6\" data-element_type=\"widget\" data-widget_type=\"text-editor.default\">\n\t\t\t\t<div class=\"elementor-widget-container\">\n\t\t\t\t\t\t\t\t\t<p>You can also make a donation to <b>the Sisters themselves (without tax receipt) <\/b>by clicking on the button<b> \"sisters\" <\/b>below.<\/p>\t\t\t\t\t\t\t\t<\/div>\n\t\t\t\t<\/div>\n\t\t\t\t<div class=\"elementor-element elementor-element-1dea967 elementor-widget elementor-widget-spyrit_elementor_widget_masonry\" data-id=\"1dea967\" data-element_type=\"widget\" data-widget_type=\"spyrit_elementor_widget_masonry.default\">\n\t\t\t\t<div class=\"elementor-widget-container\">\n\t\t\t\t\t        <div class='spyrit-elementor-widget widget-masonry'>\n            <div class=\"masonry-grid v3\">\n                <div class=\"col-1\">\n                                            <img decoding=\"async\" class=\"image-1\" src=\"https:\/\/www.sj-cluny.org\/wp-content\/uploads\/2026\/01\/1000107917-e1768484808640.jpg\" alt=\"\">\n                    \n                    \n                                            <img decoding=\"async\" class=\"image-2\" src=\"https:\/\/www.sj-cluny.org\/wp-content\/uploads\/2025\/08\/scotland4.jpg\" alt=\"\">\n                    \n                                    <\/div>\n                <div class=\"col-2\">\n                    \n                                            <img decoding=\"async\" class=\"image-3\" src=\"https:\/\/www.sj-cluny.org\/wp-content\/uploads\/2026\/01\/photo-3.jpeg\" alt=\"\">\n                                    <\/div>\n            <\/div>\n        <\/div>\n        \t\t\t\t<\/div>\n\t\t\t\t<\/div>\n\t\t\t\t<div class=\"elementor-element elementor-element-fb51f5d elementor-widget elementor-widget-spyrit_elementor_widget_button\" data-id=\"fb51f5d\" data-element_type=\"widget\" data-widget_type=\"spyrit_elementor_widget_button.default\">\n\t\t\t\t<div class=\"elementor-widget-container\">\n\t\t\t\t\t\n        <div class=\"spyrit-elementor-widget widget-button\">\n            <a href=\"https:\/\/www.venio.fr\/donation\/80\/6DLEJK\/create\" class=\"custom-btn btn-primary btn-md\" title=\"Make a donation for the &quot;sisters&quot;\" target=\"_blank\">\n                Make a donation for the \"sisters\"                            <\/a>\n        <\/div>\n        \t\t\t\t<\/div>\n\t\t\t\t<\/div>\n\t\t\t\t<div class=\"elementor-element elementor-element-1b44c2c elementor-widget elementor-widget-spacer\" data-id=\"1b44c2c\" data-element_type=\"widget\" data-widget_type=\"spacer.default\">\n\t\t\t\t<div class=\"elementor-widget-container\">\n\t\t\t\t\t\t\t<div class=\"elementor-spacer\">\n\t\t\t<div class=\"elementor-spacer-inner\"><\/div>\n\t\t<\/div>\n\t\t\t\t\t\t<\/div>\n\t\t\t\t<\/div>\n\t\t\t\t<div class=\"elementor-element elementor-element-15e5d66 elementor-widget elementor-widget-text-editor\" data-id=\"15e5d66\" data-element_type=\"widget\" data-widget_type=\"text-editor.default\">\n\t\t\t\t<div class=\"elementor-widget-container\">\n\t\t\t\t\t\t\t\t\t<p>If you prefer ...<\/p><p>\u00a0<\/p><p>Make a donation by <strong>cheque<\/strong>:\u00a0<\/p><p>send your cheques to the following address\u00a0<strong>21 Rue M\u00e9chain 75014 Paris\u00a0<\/strong><\/p>\t\t\t\t\t\t\t\t<\/div>\n\t\t\t\t<\/div>\n\t\t\t\t<div class=\"elementor-element elementor-element-9d83043 elementor-widget elementor-widget-text-editor\" data-id=\"9d83043\" data-element_type=\"widget\" data-widget_type=\"text-editor.default\">\n\t\t\t\t<div class=\"elementor-widget-container\">\n\t\t\t\t\t\t\t\t\t<p>or<\/p><p>\u00a0<\/p><p>Make a <strong>bank transfer<\/strong> to :<\/p><p>Account holder : CONGREGATION ST JOSEPH DE CLUNY<\/p><p>21 rue M\u00e9chain. 75014 PARIS<\/p><p>IBAN: FR76 3056 8199 2600 0446 6840 371<\/p><p>BIC: CMCIFRPP<\/p><p>Direct debit (Bank) : Banque Transatlantique<\/p><p>26 avenue Franklin D. Roosevelt<\/p><p>75372 PARIS CEDEX 08<\/p><p>\u00a0<\/p>\t\t\t\t\t\t\t\t<\/div>\n\t\t\t\t<\/div>\n\t\t<div class=\"elementor-element elementor-element-dba3a83 e-flex e-con-boxed e-con e-child\" data-id=\"dba3a83\" data-element_type=\"container\" data-settings=\"{&quot;background_background&quot;:&quot;classic&quot;}\">\n\t\t\t\t\t<div class=\"e-con-inner\">\n\t\t<div class=\"elementor-element elementor-element-856c88a e-con-full e-flex e-con e-child\" data-id=\"856c88a\" data-element_type=\"container\">\n\t\t\t\t<div class=\"elementor-element elementor-element-b8efc56 elementor-widget__width-initial elementor-widget elementor-widget-text-editor\" data-id=\"b8efc56\" data-element_type=\"widget\" data-widget_type=\"text-editor.default\">\n\t\t\t\t<div class=\"elementor-widget-container\">\n\t\t\t\t\t\t\t\t\t<p><strong>Note<\/strong> If you live in a country other than France and would like to make a donation and receive a tax receipt, please contact the Provincial House of the Sisters of St Joseph of Cluny in your country.<\/p>\t\t\t\t\t\t\t\t<\/div>\n\t\t\t\t<\/div>\n\t\t\t\t<div class=\"elementor-element elementor-element-2811089 elementor-widget elementor-widget-text-editor\" data-id=\"2811089\" data-element_type=\"widget\" data-widget_type=\"text-editor.default\">\n\t\t\t\t<div class=\"elementor-widget-container\">\n\t\t\t\t\t\t\t\t\t<p><em>+33 1 47 07 95 72<\/em><\/p>\t\t\t\t\t\t\t\t<\/div>\n\t\t\t\t<\/div>\n\t\t\t\t<div class=\"elementor-element elementor-element-160794e elementor-widget elementor-widget-spyrit_elementor_widget_button\" data-id=\"160794e\" data-element_type=\"widget\" data-widget_type=\"spyrit_elementor_widget_button.default\">\n\t\t\t\t<div class=\"elementor-widget-container\">\n\t\t\t\t\t\n        <div class=\"spyrit-elementor-widget widget-button\">\n            <a href=\"https:\/\/www.sj-cluny.org\/en\/contact\/\" class=\"custom-btn btn-outline btn-md\" title=\"Contact us by e-mail\" target=\"_self\">\n                Contact us by e-mail                            <\/a>\n        <\/div>\n        \t\t\t\t<\/div>\n\t\t\t\t<\/div>\n\t\t\t\t<\/div>\n\t\t\t\t<div class=\"elementor-element elementor-element-792920d elementor-widget elementor-widget-spyrit_elementor_widget_button\" data-id=\"792920d\" data-element_type=\"widget\" data-widget_type=\"spyrit_elementor_widget_button.default\">\n\t\t\t\t<div class=\"elementor-widget-container\">\n\t\t\t\t\t\n        <div class=\"spyrit-elementor-widget widget-button\">\n            <a href=\"https:\/\/www.sj-cluny.org\/en\/ou-nous-trouver\/\" class=\"custom-btn btn-primary btn-md\" title=\"Where to find us\" target=\"_self\">\n                Where to find us                            <\/a>\n        <\/div>\n        \t\t\t\t<\/div>\n\t\t\t\t<\/div>\n\t\t\t\t\t<\/div>\n\t\t\t\t<\/div>\n\t\t\t\t<\/div>\n\t\t\t\t<\/div>","protected":false},"excerpt":{"rendered":"<p>You can support the apostolate of the Sisters of Saint Joseph of Cluny through your prayers or by making a donation. Thank you for your support! Supporting the mission of the Sisters of Saint Joseph of [...]<\/p>","protected":false},"author":1,"featured_media":0,"parent":71,"menu_order":6,"comment_status":"closed","ping_status":"closed","template":"","meta":{"_acf_changed":false,"footnotes":""},"class_list":["post-766","page","type-page","status-publish","hentry"],"acf":[],"yoast_head":"<!-- This site is optimized with the Yoast SEO plugin v26.3 - https:\/\/yoast.com\/wordpress\/plugins\/seo\/ -->\n<title>Les dons - S\u0153urs de Saint-Joseph de Cluny<\/title>\n<meta name=\"robots\" content=\"index, follow, max-snippet:-1, max-image-preview:large, max-video-preview:-1\" \/>\n<link rel=\"canonical\" href=\"https:\/\/www.sj-cluny.org\/en\/notre-mission\/les-dons\/\" \/>\n<meta property=\"og:locale\" content=\"en_GB\" \/>\n<meta property=\"og:type\" content=\"article\" \/>\n<meta property=\"og:title\" content=\"Les dons - S\u0153urs de Saint-Joseph de Cluny\" \/>\n<meta property=\"og:description\" content=\"Vous pouvez soutenir l\u2019apostolat des S\u0153urs de Saint Joseph de Cluny, par vos pri\u00e8res ou en faisant un don. Merci ! Porter la mission des S\u0153urs de Saint Joseph de [&hellip;]\" \/>\n<meta property=\"og:url\" content=\"https:\/\/www.sj-cluny.org\/en\/notre-mission\/les-dons\/\" \/>\n<meta property=\"og:site_name\" content=\"S\u0153urs de Saint-Joseph de Cluny\" \/>\n<meta property=\"article:modified_time\" content=\"2026-01-15T16:31:50+00:00\" \/>\n<meta property=\"og:image\" content=\"https:\/\/www.sj-cluny.org\/wp-content\/uploads\/2026\/01\/0-768x341.jpg\" \/>\n<meta name=\"twitter:card\" content=\"summary_large_image\" \/>\n<meta name=\"twitter:label1\" content=\"Est. reading time\" \/>\n\t<meta name=\"twitter:data1\" content=\"3 minutes\" \/>\n<script type=\"application\/ld+json\" class=\"yoast-schema-graph\">{\"@context\":\"https:\/\/schema.org\",\"@graph\":[{\"@type\":\"WebPage\",\"@id\":\"https:\/\/www.sj-cluny.org\/notre-mission\/les-dons\/\",\"url\":\"https:\/\/www.sj-cluny.org\/notre-mission\/les-dons\/\",\"name\":\"Les dons - S\u0153urs de Saint-Joseph de Cluny\",\"isPartOf\":{\"@id\":\"https:\/\/www.sj-cluny.org\/#website\"},\"primaryImageOfPage\":{\"@id\":\"https:\/\/www.sj-cluny.org\/notre-mission\/les-dons\/#primaryimage\"},\"image\":{\"@id\":\"https:\/\/www.sj-cluny.org\/notre-mission\/les-dons\/#primaryimage\"},\"thumbnailUrl\":\"https:\/\/www.sj-cluny.org\/wp-content\/uploads\/2026\/01\/0-768x341.jpg\",\"datePublished\":\"2025-07-04T13:19:30+00:00\",\"dateModified\":\"2026-01-15T16:31:50+00:00\",\"breadcrumb\":{\"@id\":\"https:\/\/www.sj-cluny.org\/notre-mission\/les-dons\/#breadcrumb\"},\"inLanguage\":\"en-GB\",\"potentialAction\":[{\"@type\":\"ReadAction\",\"target\":[\"https:\/\/www.sj-cluny.org\/notre-mission\/les-dons\/\"]}]},{\"@type\":\"ImageObject\",\"inLanguage\":\"en-GB\",\"@id\":\"https:\/\/www.sj-cluny.org\/notre-mission\/les-dons\/#primaryimage\",\"url\":\"https:\/\/www.sj-cluny.org\/wp-content\/uploads\/2026\/01\/0-768x341.jpg\",\"contentUrl\":\"https:\/\/www.sj-cluny.org\/wp-content\/uploads\/2026\/01\/0-768x341.jpg\"},{\"@type\":\"BreadcrumbList\",\"@id\":\"https:\/\/www.sj-cluny.org\/notre-mission\/les-dons\/#breadcrumb\",\"itemListElement\":[{\"@type\":\"ListItem\",\"position\":1,\"name\":\"Accueil\",\"item\":\"https:\/\/www.sj-cluny.org\/\"},{\"@type\":\"ListItem\",\"position\":2,\"name\":\"Notre mission\",\"item\":\"https:\/\/www.sj-cluny.org\/notre-mission\/\"},{\"@type\":\"ListItem\",\"position\":3,\"name\":\"Les dons\"}]},{\"@type\":\"WebSite\",\"@id\":\"https:\/\/www.sj-cluny.org\/#website\",\"url\":\"https:\/\/www.sj-cluny.org\/\",\"name\":\"S\u0153urs de Saint-Joseph de Cluny\",\"description\":\"\",\"potentialAction\":[{\"@type\":\"SearchAction\",\"target\":{\"@type\":\"EntryPoint\",\"urlTemplate\":\"https:\/\/www.sj-cluny.org\/?s={search_term_string}\"},\"query-input\":{\"@type\":\"PropertyValueSpecification\",\"valueRequired\":true,\"valueName\":\"search_term_string\"}}],\"inLanguage\":\"en-GB\"}]}<\/script>\n<!-- \/ Yoast SEO plugin. -->","yoast_head_json":{"title":"Les dons - S\u0153urs de Saint-Joseph de Cluny","robots":{"index":"index","follow":"follow","max-snippet":"max-snippet:-1","max-image-preview":"max-image-preview:large","max-video-preview":"max-video-preview:-1"},"canonical":"https:\/\/www.sj-cluny.org\/en\/notre-mission\/les-dons\/","og_locale":"en_GB","og_type":"article","og_title":"Les dons - S\u0153urs de Saint-Joseph de Cluny","og_description":"Vous pouvez soutenir l\u2019apostolat des S\u0153urs de Saint Joseph de Cluny, par vos pri\u00e8res ou en faisant un don. Merci ! Porter la mission des S\u0153urs de Saint Joseph de [&hellip;]","og_url":"https:\/\/www.sj-cluny.org\/en\/notre-mission\/les-dons\/","og_site_name":"S\u0153urs de Saint-Joseph de Cluny","article_modified_time":"2026-01-15T16:31:50+00:00","og_image":[{"url":"https:\/\/www.sj-cluny.org\/wp-content\/uploads\/2026\/01\/0-768x341.jpg","type":"","width":"","height":""}],"twitter_card":"summary_large_image","twitter_misc":{"Est. reading time":"3 minutes"},"schema":{"@context":"https:\/\/schema.org","@graph":[{"@type":"WebPage","@id":"https:\/\/www.sj-cluny.org\/notre-mission\/les-dons\/","url":"https:\/\/www.sj-cluny.org\/notre-mission\/les-dons\/","name":"Les dons - S\u0153urs de Saint-Joseph de Cluny","isPartOf":{"@id":"https:\/\/www.sj-cluny.org\/#website"},"primaryImageOfPage":{"@id":"https:\/\/www.sj-cluny.org\/notre-mission\/les-dons\/#primaryimage"},"image":{"@id":"https:\/\/www.sj-cluny.org\/notre-mission\/les-dons\/#primaryimage"},"thumbnailUrl":"https:\/\/www.sj-cluny.org\/wp-content\/uploads\/2026\/01\/0-768x341.jpg","datePublished":"2025-07-04T13:19:30+00:00","dateModified":"2026-01-15T16:31:50+00:00","breadcrumb":{"@id":"https:\/\/www.sj-cluny.org\/notre-mission\/les-dons\/#breadcrumb"},"inLanguage":"en-GB","potentialAction":[{"@type":"ReadAction","target":["https:\/\/www.sj-cluny.org\/notre-mission\/les-dons\/"]}]},{"@type":"ImageObject","inLanguage":"en-GB","@id":"https:\/\/www.sj-cluny.org\/notre-mission\/les-dons\/#primaryimage","url":"https:\/\/www.sj-cluny.org\/wp-content\/uploads\/2026\/01\/0-768x341.jpg","contentUrl":"https:\/\/www.sj-cluny.org\/wp-content\/uploads\/2026\/01\/0-768x341.jpg"},{"@type":"BreadcrumbList","@id":"https:\/\/www.sj-cluny.org\/notre-mission\/les-dons\/#breadcrumb","itemListElement":[{"@type":"ListItem","position":1,"name":"Accueil","item":"https:\/\/www.sj-cluny.org\/"},{"@type":"ListItem","position":2,"name":"Notre mission","item":"https:\/\/www.sj-cluny.org\/notre-mission\/"},{"@type":"ListItem","position":3,"name":"Les dons"}]},{"@type":"WebSite","@id":"https:\/\/www.sj-cluny.org\/#website","url":"https:\/\/www.sj-cluny.org\/","name":"Sisters of Saint Joseph of Cluny","description":"","potentialAction":[{"@type":"SearchAction","target":{"@type":"EntryPoint","urlTemplate":"https:\/\/www.sj-cluny.org\/?s={search_term_string}"},"query-input":{"@type":"PropertyValueSpecification","valueRequired":true,"valueName":"search_term_string"}}],"inLanguage":"en-GB"}]}},"_links":{"self":[{"href":"https:\/\/www.sj-cluny.org\/en\/wp-json\/wp\/v2\/pages\/766","targetHints":{"allow":["GET"]}}],"collection":[{"href":"https:\/\/www.sj-cluny.org\/en\/wp-json\/wp\/v2\/pages"}],"about":[{"href":"https:\/\/www.sj-cluny.org\/en\/wp-json\/wp\/v2\/types\/page"}],"author":[{"embeddable":true,"href":"https:\/\/www.sj-cluny.org\/en\/wp-json\/wp\/v2\/users\/1"}],"replies":[{"embeddable":true,"href":"https:\/\/www.sj-cluny.org\/en\/wp-json\/wp\/v2\/comments?post=766"}],"version-history":[{"count":10,"href":"https:\/\/www.sj-cluny.org\/en\/wp-json\/wp\/v2\/pages\/766\/revisions"}],"predecessor-version":[{"id":5467,"href":"https:\/\/www.sj-cluny.org\/en\/wp-json\/wp\/v2\/pages\/766\/revisions\/5467"}],"up":[{"embeddable":true,"href":"https:\/\/www.sj-cluny.org\/en\/wp-json\/wp\/v2\/pages\/71"}],"wp:attachment":[{"href":"https:\/\/www.sj-cluny.org\/en\/wp-json\/wp\/v2\/media?parent=766"}],"curies":[{"name":"wp","href":"https:\/\/api.w.org\/{rel}","templated":true}]}}