{"id":765,"date":"2025-07-04T15:19:30","date_gmt":"2025-07-04T13:19:30","guid":{"rendered":"https:\/\/www.sj-cluny.org\/notre-mission\/action-sociale\/"},"modified":"2025-08-22T17:25:05","modified_gmt":"2025-08-22T15:25:05","slug":"action-sociale","status":"publish","type":"page","link":"https:\/\/www.sj-cluny.org\/en\/notre-mission\/action-sociale\/","title":{"rendered":"Social action"},"content":{"rendered":"<div data-elementor-type=\"wp-page\" data-elementor-id=\"765\" class=\"elementor elementor-765\" data-elementor-post-type=\"page\">\n\t\t\t\t<div class=\"elementor-element elementor-element-1f67fee e-con-full e-flex e-con e-child\" data-id=\"1f67fee\" data-element_type=\"container\">\n\t\t\t\t<div class=\"elementor-element elementor-element-8997217 elementor-widget elementor-widget-text-editor\" data-id=\"8997217\" data-element_type=\"widget\" data-widget_type=\"text-editor.default\">\n\t\t\t\t<div class=\"elementor-widget-container\">\n\t\t\t\t\t\t\t\t\t<p>The ministry of social action is often carried out in the context of education, pastoral care, health activities and more particularly with certain categories of people, especially the weak, the oppressed, whose basic needs are not being met. These are often women and children.<\/p>\t\t\t\t\t\t\t\t<\/div>\n\t\t\t\t<\/div>\n\t\t\t\t<div class=\"elementor-element elementor-element-64d5708 elementor-widget elementor-widget-heading\" data-id=\"64d5708\" data-element_type=\"widget\" data-widget_type=\"heading.default\">\n\t\t\t\t<div class=\"elementor-widget-container\">\n\t\t\t\t\t<h2 class=\"elementor-heading-title elementor-size-default\">The children<\/h2>\t\t\t\t<\/div>\n\t\t\t\t<\/div>\n\t\t<div class=\"elementor-element elementor-element-3bdab92 e-flex e-con-boxed e-con e-child\" data-id=\"3bdab92\" data-element_type=\"container\">\n\t\t\t\t\t<div class=\"e-con-inner\">\n\t\t\t\t<div class=\"elementor-element elementor-element-1cbdfb4 elementor-widget elementor-widget-image\" data-id=\"1cbdfb4\" data-element_type=\"widget\" data-widget_type=\"image.default\">\n\t\t\t\t<div class=\"elementor-widget-container\">\n\t\t\t\t\t\t\t\t\t\t\t\t\t\t\t<img fetchpriority=\"high\" decoding=\"async\" width=\"800\" height=\"594\" src=\"https:\/\/www.sj-cluny.org\/wp-content\/uploads\/2025\/08\/child-labor-sign-2-1-1024x760.jpeg\" class=\"attachment-large size-large wp-image-2621\" alt=\"\" srcset=\"https:\/\/www.sj-cluny.org\/wp-content\/uploads\/2025\/08\/child-labor-sign-2-1-1024x760.jpeg 1024w, https:\/\/www.sj-cluny.org\/wp-content\/uploads\/2025\/08\/child-labor-sign-2-1-300x223.jpeg 300w, https:\/\/www.sj-cluny.org\/wp-content\/uploads\/2025\/08\/child-labor-sign-2-1-768x570.jpeg 768w, https:\/\/www.sj-cluny.org\/wp-content\/uploads\/2025\/08\/child-labor-sign-2-1.jpeg 1029w\" sizes=\"(max-width: 800px) 100vw, 800px\" \/>\t\t\t\t\t\t\t\t\t\t\t\t\t\t\t<\/div>\n\t\t\t\t<\/div>\n\t\t\t\t<div class=\"elementor-element elementor-element-1991472 elementor-widget elementor-widget-spyrit_elementor_widget_masonry\" data-id=\"1991472\" data-element_type=\"widget\" data-widget_type=\"spyrit_elementor_widget_masonry.default\">\n\t\t\t\t<div class=\"elementor-widget-container\">\n\t\t\t\t\t        <div class='spyrit-elementor-widget widget-masonry'>\n            <div class=\"masonry-grid v1\">\n                <div class=\"col-1\">\n                                            <img decoding=\"async\" class=\"image-1\" src=\"https:\/\/www.sj-cluny.org\/wp-content\/uploads\/2025\/07\/soc5.jpeg\" alt=\"\">\n                    \n                                    <\/div>\n                <div class=\"col-2\">\n                    \n                                            <img decoding=\"async\" class=\"image-2\" src=\"https:\/\/www.sj-cluny.org\/wp-content\/uploads\/2025\/07\/soc12-scaled.jpg\" alt=\"\">\n                    \n                    \n                                    <\/div>\n            <\/div>\n        <\/div>\n        \t\t\t\t<\/div>\n\t\t\t\t<\/div>\n\t\t\t\t\t<\/div>\n\t\t\t\t<\/div>\n\t\t\t\t<div class=\"elementor-element elementor-element-910fa0f elementor-widget elementor-widget-text-editor\" data-id=\"910fa0f\" data-element_type=\"widget\" data-widget_type=\"text-editor.default\">\n\t\t\t\t<div class=\"elementor-widget-container\">\n\t\t\t\t\t\t\t\t\t<p>The sisters help children at risk: orphans, street children, victims of war, children abused by their families. They set up shelters, distribute food and clothing, and give these children the opportunity to learn, train and prepare for their future.<\/p>\t\t\t\t\t\t\t\t<\/div>\n\t\t\t\t<\/div>\n\t\t\t\t<div class=\"elementor-element elementor-element-8175ad3 elementor-widget elementor-widget-heading\" data-id=\"8175ad3\" data-element_type=\"widget\" data-widget_type=\"heading.default\">\n\t\t\t\t<div class=\"elementor-widget-container\">\n\t\t\t\t\t<h2 class=\"elementor-heading-title elementor-size-default\">The dignity of women<\/h2>\t\t\t\t<\/div>\n\t\t\t\t<\/div>\n\t\t\t\t<div class=\"elementor-element elementor-element-d76e2ee elementor-widget elementor-widget-spyrit_elementor_widget_masonry\" data-id=\"d76e2ee\" data-element_type=\"widget\" data-widget_type=\"spyrit_elementor_widget_masonry.default\">\n\t\t\t\t<div class=\"elementor-widget-container\">\n\t\t\t\t\t        <div class='spyrit-elementor-widget widget-masonry'>\n            <div class=\"masonry-grid v1\">\n                <div class=\"col-1\">\n                                            <img decoding=\"async\" class=\"image-1\" src=\"https:\/\/www.sj-cluny.org\/wp-content\/uploads\/2025\/08\/work-with-women-namibie.jpg\" alt=\"\">\n                    \n                                    <\/div>\n                <div class=\"col-2\">\n                    \n                                            <img decoding=\"async\" class=\"image-2\" src=\"https:\/\/www.sj-cluny.org\/wp-content\/uploads\/2025\/07\/soc9.jpg\" alt=\"\">\n                    \n                    \n                                    <\/div>\n            <\/div>\n        <\/div>\n        \t\t\t\t<\/div>\n\t\t\t\t<\/div>\n\t\t\t\t<div class=\"elementor-element elementor-element-0f93590 elementor-widget elementor-widget-text-editor\" data-id=\"0f93590\" data-element_type=\"widget\" data-widget_type=\"text-editor.default\">\n\t\t\t\t<div class=\"elementor-widget-container\">\n\t\t\t\t\t\t\t\t\t<p>In order to promote the dignity of women, the sisters carry out a wide range of activities, generally aimed at enabling women to be self-sufficient and to take their place in the family and society. By forming groups of women who receive training and help each other, they learn how to manage money and progress in the realisation of projects within their reach.<\/p>\t\t\t\t\t\t\t\t<\/div>\n\t\t\t\t<\/div>\n\t\t\t\t<div class=\"elementor-element elementor-element-1ff779c elementor-widget elementor-widget-heading\" data-id=\"1ff779c\" data-element_type=\"widget\" data-widget_type=\"heading.default\">\n\t\t\t\t<div class=\"elementor-widget-container\">\n\t\t\t\t\t<h2 class=\"elementor-heading-title elementor-size-default\">Refugees, immigrants and displaced persons<\/h2>\t\t\t\t<\/div>\n\t\t\t\t<\/div>\n\t\t\t\t<div class=\"elementor-element elementor-element-18f9e13 elementor-widget elementor-widget-spyrit_elementor_widget_masonry\" data-id=\"18f9e13\" data-element_type=\"widget\" data-widget_type=\"spyrit_elementor_widget_masonry.default\">\n\t\t\t\t<div class=\"elementor-widget-container\">\n\t\t\t\t\t        <div class='spyrit-elementor-widget widget-masonry'>\n            <div class=\"masonry-grid v1\">\n                <div class=\"col-1\">\n                                            <img decoding=\"async\" class=\"image-1\" src=\"https:\/\/www.sj-cluny.org\/wp-content\/uploads\/2025\/07\/soc.jpg\" alt=\"\">\n                    \n                                    <\/div>\n                <div class=\"col-2\">\n                    \n                                            <img decoding=\"async\" class=\"image-2\" src=\"https:\/\/www.sj-cluny.org\/wp-content\/uploads\/2025\/07\/soc0.jpg\" alt=\"\">\n                    \n                    \n                                    <\/div>\n            <\/div>\n        <\/div>\n        \t\t\t\t<\/div>\n\t\t\t\t<\/div>\n\t\t\t\t<div class=\"elementor-element elementor-element-2ad51a9 elementor-widget elementor-widget-text-editor\" data-id=\"2ad51a9\" data-element_type=\"widget\" data-widget_type=\"text-editor.default\">\n\t\t\t\t<div class=\"elementor-widget-container\">\n\t\t\t\t\t\t\t\t\t<p>To refugees and displaced persons, the sisters provide assistance that varies according to circumstances.<\/p><p>In several places, the sisters provide the support the immigrants need in terms of seeking work and better living conditions. Elsewhere, they focus on categories of people who are more or less rejected by society.<\/p>\t\t\t\t\t\t\t\t<\/div>\n\t\t\t\t<\/div>\n\t\t\t\t<div class=\"elementor-element elementor-element-b24ce6d elementor-widget elementor-widget-heading\" data-id=\"b24ce6d\" data-element_type=\"widget\" data-widget_type=\"heading.default\">\n\t\t\t\t<div class=\"elementor-widget-container\">\n\t\t\t\t\t<h2 class=\"elementor-heading-title elementor-size-default\">Justice and Peace<\/h2>\t\t\t\t<\/div>\n\t\t\t\t<\/div>\n\t\t\t\t<div class=\"elementor-element elementor-element-f93e397 elementor-widget elementor-widget-image\" data-id=\"f93e397\" data-element_type=\"widget\" data-widget_type=\"image.default\">\n\t\t\t\t<div class=\"elementor-widget-container\">\n\t\t\t\t\t\t\t\t\t\t\t\t\t\t\t<img decoding=\"async\" width=\"800\" height=\"376\" src=\"https:\/\/www.sj-cluny.org\/wp-content\/uploads\/2025\/07\/paraguay4-1024x481.jpg\" class=\"attachment-large size-large wp-image-1490\" alt=\"\" srcset=\"https:\/\/www.sj-cluny.org\/wp-content\/uploads\/2025\/07\/paraguay4-1024x481.jpg 1024w, https:\/\/www.sj-cluny.org\/wp-content\/uploads\/2025\/07\/paraguay4-300x141.jpg 300w, https:\/\/www.sj-cluny.org\/wp-content\/uploads\/2025\/07\/paraguay4-768x361.jpg 768w, https:\/\/www.sj-cluny.org\/wp-content\/uploads\/2025\/07\/paraguay4.jpg 1167w\" sizes=\"(max-width: 800px) 100vw, 800px\" \/>\t\t\t\t\t\t\t\t\t\t\t\t\t\t\t<\/div>\n\t\t\t\t<\/div>\n\t\t\t\t<div class=\"elementor-element elementor-element-7231ce9 elementor-widget elementor-widget-text-editor\" data-id=\"7231ce9\" data-element_type=\"widget\" data-widget_type=\"text-editor.default\">\n\t\t\t\t<div class=\"elementor-widget-container\">\n\t\t\t\t\t\t\t\t\t<p>Some provinces have justice committees, and elsewhere sisters are involved in parish or diocesan Justice and Peace commissions.<\/p><p>Everywhere the sisters are concerned to help the people they meet to progress towards the fullness of LIFE, to give them the means to do so and to accompany them on this journey.<\/p>\t\t\t\t\t\t\t\t<\/div>\n\t\t\t\t<\/div>\n\t\t\t\t<\/div>\n\t\t\t\t<\/div>","protected":false},"excerpt":{"rendered":"<p>The apostolate of social action is often carried out in the context of education, pastoral care and health activities, and more particularly with certain categories of people, especially those who [...].<\/p>","protected":false},"author":1,"featured_media":0,"parent":71,"menu_order":5,"comment_status":"closed","ping_status":"closed","template":"","meta":{"_acf_changed":false,"footnotes":""},"class_list":["post-765","page","type-page","status-publish","hentry"],"acf":[],"yoast_head":"<!-- This site is optimized with the Yoast SEO plugin v26.3 - https:\/\/yoast.com\/wordpress\/plugins\/seo\/ -->\n<title>Action sociale - S\u0153urs de Saint-Joseph de Cluny<\/title>\n<meta name=\"robots\" content=\"index, follow, max-snippet:-1, max-image-preview:large, max-video-preview:-1\" \/>\n<link rel=\"canonical\" href=\"https:\/\/www.sj-cluny.org\/en\/notre-mission\/action-sociale\/\" \/>\n<meta property=\"og:locale\" content=\"en_GB\" \/>\n<meta property=\"og:type\" content=\"article\" \/>\n<meta property=\"og:title\" content=\"Action sociale - S\u0153urs de Saint-Joseph de Cluny\" \/>\n<meta property=\"og:description\" content=\"L&rsquo;apostolat de l\u2019action sociale s\u2019 effectue souvent dans le contexte de l\u2019\u00e9ducation, la pastorale, les activit\u00e9s de sant\u00e9 et plus particuli\u00e8rement avec certaines cat\u00e9gories de personnes, en particulier ceux qui [&hellip;]\" \/>\n<meta property=\"og:url\" content=\"https:\/\/www.sj-cluny.org\/en\/notre-mission\/action-sociale\/\" \/>\n<meta property=\"og:site_name\" content=\"S\u0153urs de Saint-Joseph de Cluny\" \/>\n<meta property=\"article:modified_time\" content=\"2025-08-22T15:25:05+00:00\" \/>\n<meta property=\"og:image\" content=\"https:\/\/www.sj-cluny.org\/wp-content\/uploads\/2025\/08\/child-labor-sign-2-1.jpeg\" \/>\n\t<meta property=\"og:image:width\" content=\"1029\" \/>\n\t<meta property=\"og:image:height\" content=\"764\" \/>\n\t<meta property=\"og:image:type\" content=\"image\/jpeg\" \/>\n<meta name=\"twitter:card\" content=\"summary_large_image\" \/>\n<meta name=\"twitter:label1\" content=\"Est. reading time\" \/>\n\t<meta name=\"twitter:data1\" content=\"2 minutes\" \/>\n<script type=\"application\/ld+json\" class=\"yoast-schema-graph\">{\"@context\":\"https:\/\/schema.org\",\"@graph\":[{\"@type\":\"WebPage\",\"@id\":\"https:\/\/www.sj-cluny.org\/notre-mission\/action-sociale\/\",\"url\":\"https:\/\/www.sj-cluny.org\/notre-mission\/action-sociale\/\",\"name\":\"Action sociale - S\u0153urs de Saint-Joseph de Cluny\",\"isPartOf\":{\"@id\":\"https:\/\/www.sj-cluny.org\/#website\"},\"primaryImageOfPage\":{\"@id\":\"https:\/\/www.sj-cluny.org\/notre-mission\/action-sociale\/#primaryimage\"},\"image\":{\"@id\":\"https:\/\/www.sj-cluny.org\/notre-mission\/action-sociale\/#primaryimage\"},\"thumbnailUrl\":\"https:\/\/www.sj-cluny.org\/wp-content\/uploads\/2025\/08\/child-labor-sign-2-1-1024x760.jpeg\",\"datePublished\":\"2025-07-04T13:19:30+00:00\",\"dateModified\":\"2025-08-22T15:25:05+00:00\",\"breadcrumb\":{\"@id\":\"https:\/\/www.sj-cluny.org\/notre-mission\/action-sociale\/#breadcrumb\"},\"inLanguage\":\"en-GB\",\"potentialAction\":[{\"@type\":\"ReadAction\",\"target\":[\"https:\/\/www.sj-cluny.org\/notre-mission\/action-sociale\/\"]}]},{\"@type\":\"ImageObject\",\"inLanguage\":\"en-GB\",\"@id\":\"https:\/\/www.sj-cluny.org\/notre-mission\/action-sociale\/#primaryimage\",\"url\":\"https:\/\/www.sj-cluny.org\/wp-content\/uploads\/2025\/08\/child-labor-sign-2-1-1024x760.jpeg\",\"contentUrl\":\"https:\/\/www.sj-cluny.org\/wp-content\/uploads\/2025\/08\/child-labor-sign-2-1-1024x760.jpeg\"},{\"@type\":\"BreadcrumbList\",\"@id\":\"https:\/\/www.sj-cluny.org\/notre-mission\/action-sociale\/#breadcrumb\",\"itemListElement\":[{\"@type\":\"ListItem\",\"position\":1,\"name\":\"Accueil\",\"item\":\"https:\/\/www.sj-cluny.org\/\"},{\"@type\":\"ListItem\",\"position\":2,\"name\":\"Notre mission\",\"item\":\"https:\/\/www.sj-cluny.org\/notre-mission\/\"},{\"@type\":\"ListItem\",\"position\":3,\"name\":\"Action sociale\"}]},{\"@type\":\"WebSite\",\"@id\":\"https:\/\/www.sj-cluny.org\/#website\",\"url\":\"https:\/\/www.sj-cluny.org\/\",\"name\":\"S\u0153urs de Saint-Joseph de Cluny\",\"description\":\"\",\"potentialAction\":[{\"@type\":\"SearchAction\",\"target\":{\"@type\":\"EntryPoint\",\"urlTemplate\":\"https:\/\/www.sj-cluny.org\/?s={search_term_string}\"},\"query-input\":{\"@type\":\"PropertyValueSpecification\",\"valueRequired\":true,\"valueName\":\"search_term_string\"}}],\"inLanguage\":\"en-GB\"}]}<\/script>\n<!-- \/ Yoast SEO plugin. -->","yoast_head_json":{"title":"Action sociale - S\u0153urs de Saint-Joseph de Cluny","robots":{"index":"index","follow":"follow","max-snippet":"max-snippet:-1","max-image-preview":"max-image-preview:large","max-video-preview":"max-video-preview:-1"},"canonical":"https:\/\/www.sj-cluny.org\/en\/notre-mission\/action-sociale\/","og_locale":"en_GB","og_type":"article","og_title":"Action sociale - S\u0153urs de Saint-Joseph de Cluny","og_description":"L&rsquo;apostolat de l\u2019action sociale s\u2019 effectue souvent dans le contexte de l\u2019\u00e9ducation, la pastorale, les activit\u00e9s de sant\u00e9 et plus particuli\u00e8rement avec certaines cat\u00e9gories de personnes, en particulier ceux qui [&hellip;]","og_url":"https:\/\/www.sj-cluny.org\/en\/notre-mission\/action-sociale\/","og_site_name":"S\u0153urs de Saint-Joseph de Cluny","article_modified_time":"2025-08-22T15:25:05+00:00","og_image":[{"width":1029,"height":764,"url":"https:\/\/www.sj-cluny.org\/wp-content\/uploads\/2025\/08\/child-labor-sign-2-1.jpeg","type":"image\/jpeg"}],"twitter_card":"summary_large_image","twitter_misc":{"Est. reading time":"2 minutes"},"schema":{"@context":"https:\/\/schema.org","@graph":[{"@type":"WebPage","@id":"https:\/\/www.sj-cluny.org\/notre-mission\/action-sociale\/","url":"https:\/\/www.sj-cluny.org\/notre-mission\/action-sociale\/","name":"Action sociale - S\u0153urs de Saint-Joseph de Cluny","isPartOf":{"@id":"https:\/\/www.sj-cluny.org\/#website"},"primaryImageOfPage":{"@id":"https:\/\/www.sj-cluny.org\/notre-mission\/action-sociale\/#primaryimage"},"image":{"@id":"https:\/\/www.sj-cluny.org\/notre-mission\/action-sociale\/#primaryimage"},"thumbnailUrl":"https:\/\/www.sj-cluny.org\/wp-content\/uploads\/2025\/08\/child-labor-sign-2-1-1024x760.jpeg","datePublished":"2025-07-04T13:19:30+00:00","dateModified":"2025-08-22T15:25:05+00:00","breadcrumb":{"@id":"https:\/\/www.sj-cluny.org\/notre-mission\/action-sociale\/#breadcrumb"},"inLanguage":"en-GB","potentialAction":[{"@type":"ReadAction","target":["https:\/\/www.sj-cluny.org\/notre-mission\/action-sociale\/"]}]},{"@type":"ImageObject","inLanguage":"en-GB","@id":"https:\/\/www.sj-cluny.org\/notre-mission\/action-sociale\/#primaryimage","url":"https:\/\/www.sj-cluny.org\/wp-content\/uploads\/2025\/08\/child-labor-sign-2-1-1024x760.jpeg","contentUrl":"https:\/\/www.sj-cluny.org\/wp-content\/uploads\/2025\/08\/child-labor-sign-2-1-1024x760.jpeg"},{"@type":"BreadcrumbList","@id":"https:\/\/www.sj-cluny.org\/notre-mission\/action-sociale\/#breadcrumb","itemListElement":[{"@type":"ListItem","position":1,"name":"Accueil","item":"https:\/\/www.sj-cluny.org\/"},{"@type":"ListItem","position":2,"name":"Notre mission","item":"https:\/\/www.sj-cluny.org\/notre-mission\/"},{"@type":"ListItem","position":3,"name":"Action sociale"}]},{"@type":"WebSite","@id":"https:\/\/www.sj-cluny.org\/#website","url":"https:\/\/www.sj-cluny.org\/","name":"Sisters of Saint Joseph of Cluny","description":"","potentialAction":[{"@type":"SearchAction","target":{"@type":"EntryPoint","urlTemplate":"https:\/\/www.sj-cluny.org\/?s={search_term_string}"},"query-input":{"@type":"PropertyValueSpecification","valueRequired":true,"valueName":"search_term_string"}}],"inLanguage":"en-GB"}]}},"_links":{"self":[{"href":"https:\/\/www.sj-cluny.org\/en\/wp-json\/wp\/v2\/pages\/765","targetHints":{"allow":["GET"]}}],"collection":[{"href":"https:\/\/www.sj-cluny.org\/en\/wp-json\/wp\/v2\/pages"}],"about":[{"href":"https:\/\/www.sj-cluny.org\/en\/wp-json\/wp\/v2\/types\/page"}],"author":[{"embeddable":true,"href":"https:\/\/www.sj-cluny.org\/en\/wp-json\/wp\/v2\/users\/1"}],"replies":[{"embeddable":true,"href":"https:\/\/www.sj-cluny.org\/en\/wp-json\/wp\/v2\/comments?post=765"}],"version-history":[{"count":10,"href":"https:\/\/www.sj-cluny.org\/en\/wp-json\/wp\/v2\/pages\/765\/revisions"}],"predecessor-version":[{"id":2628,"href":"https:\/\/www.sj-cluny.org\/en\/wp-json\/wp\/v2\/pages\/765\/revisions\/2628"}],"up":[{"embeddable":true,"href":"https:\/\/www.sj-cluny.org\/en\/wp-json\/wp\/v2\/pages\/71"}],"wp:attachment":[{"href":"https:\/\/www.sj-cluny.org\/en\/wp-json\/wp\/v2\/media?parent=765"}],"curies":[{"name":"wp","href":"https:\/\/api.w.org\/{rel}","templated":true}]}}