{"id":251,"date":"2025-05-22T15:38:59","date_gmt":"2025-05-22T13:38:59","guid":{"rendered":"https:\/\/www.sj-cluny.org\/?page_id=251"},"modified":"2025-08-18T21:21:48","modified_gmt":"2025-08-18T19:21:48","slug":"mentions-legales","status":"publish","type":"page","link":"https:\/\/www.sj-cluny.org\/en\/mentions-legales\/","title":{"rendered":"Legal information"},"content":{"rendered":"<div data-elementor-type=\"wp-page\" data-elementor-id=\"251\" class=\"elementor elementor-251\" data-elementor-post-type=\"page\">\n\t\t\t\t<div class=\"elementor-element elementor-element-39d75c0d e-flex e-con-boxed e-con e-parent\" data-id=\"39d75c0d\" data-element_type=\"container\" data-settings=\"{&quot;background_background&quot;:&quot;classic&quot;,&quot;shape_divider_bottom&quot;:&quot;waves&quot;}\">\n\t\t\t\t\t<div class=\"e-con-inner\">\n\t\t\t\t<div class=\"elementor-shape elementor-shape-bottom\" aria-hidden=\"true\" data-negative=\"false\">\n\t\t\t<svg xmlns=\"http:\/\/www.w3.org\/2000\/svg\" viewbox=\"0 0 1000 100\" preserveaspectratio=\"none\">\n\t<path class=\"elementor-shape-fill\" d=\"M421.9,6.5c22.6-2.5,51.5,0.4,75.5,5.3c23.6,4.9,70.9,23.5,100.5,35.7c75.8,32.2,133.7,44.5,192.6,49.7\tc23.6,2.1,48.7,3.5,103.4-2.5c54.7-6,106.2-25.6,106.2-25.6V0H0v30.3c0,0,72,32.6,158.4,30.5c39.2-0.7,92.8-6.7,134-22.4\tc21.2-8.1,52.2-18.2,79.7-24.2C399.3,7.9,411.6,7.5,421.9,6.5z\"\/>\n<\/svg>\t\t<\/div>\n\t\t<div class=\"elementor-element elementor-element-45e6fbc9 e-con-full e-flex e-con e-child\" data-id=\"45e6fbc9\" data-element_type=\"container\">\n\t\t\t\t<div class=\"elementor-element elementor-element-322b6e5b elementor-absolute elementor-widget elementor-widget-image\" data-id=\"322b6e5b\" data-element_type=\"widget\" data-settings=\"{&quot;_position&quot;:&quot;absolute&quot;}\" data-widget_type=\"image.default\">\n\t\t\t\t<div class=\"elementor-widget-container\">\n\t\t\t\t\t\t\t\t\t\t\t\t\t\t\t<img decoding=\"async\" width=\"1\" height=\"1\" src=\"https:\/\/www.sj-cluny.org\/wp-content\/uploads\/2025\/06\/coeur-blanc.svg\" class=\"attachment-large size-large wp-image-450\" alt=\"\" \/>\t\t\t\t\t\t\t\t\t\t\t\t\t\t\t<\/div>\n\t\t\t\t<\/div>\n\t\t\t\t<\/div>\n\t\t\t\t\t<\/div>\n\t\t\t\t<\/div>\n\t\t<div class=\"elementor-element elementor-element-7cbdccae e-flex e-con-boxed e-con e-parent\" data-id=\"7cbdccae\" data-element_type=\"container\" data-settings=\"{&quot;background_background&quot;:&quot;classic&quot;}\">\n\t\t\t\t\t<div class=\"e-con-inner\">\n\t\t\t\t<div class=\"elementor-element elementor-element-7f19de6b elementor-widget elementor-widget-heading\" data-id=\"7f19de6b\" data-element_type=\"widget\" data-widget_type=\"heading.default\">\n\t\t\t\t<div class=\"elementor-widget-container\">\n\t\t\t\t\t<h2 class=\"elementor-heading-title elementor-size-default\">Site publisher<\/h2>\t\t\t\t<\/div>\n\t\t\t\t<\/div>\n\t\t\t\t<div class=\"elementor-element elementor-element-ff46786 elementor-widget elementor-widget-text-editor\" data-id=\"ff46786\" data-element_type=\"widget\" data-widget_type=\"text-editor.default\">\n\t\t\t\t<div class=\"elementor-widget-container\">\n\t\t\t\t\t\t\t\t\t<p>The www.sj-cluny.org website is published by :<\/p><p><strong>The Sisters of Saint Joseph of Cluny<\/strong><br \/>21 Rue M\u00e9chain<br \/>75014 Paris<\/p><p>Publication director: Sister Clare Stanley<\/p>\t\t\t\t\t\t\t\t<\/div>\n\t\t\t\t<\/div>\n\t\t\t\t<div class=\"elementor-element elementor-element-ba1e0b5 elementor-widget elementor-widget-heading\" data-id=\"ba1e0b5\" data-element_type=\"widget\" data-widget_type=\"heading.default\">\n\t\t\t\t<div class=\"elementor-widget-container\">\n\t\t\t\t\t<h2 class=\"elementor-heading-title elementor-size-default\">Directed by<\/h2>\t\t\t\t<\/div>\n\t\t\t\t<\/div>\n\t\t\t\t<div class=\"elementor-element elementor-element-036678d elementor-widget elementor-widget-text-editor\" data-id=\"036678d\" data-element_type=\"widget\" data-widget_type=\"text-editor.default\">\n\t\t\t\t<div class=\"elementor-widget-container\">\n\t\t\t\t\t\t\t\t\t<p>Website design and production : <span style=\"text-decoration: underline;\"><a href=\"https:\/\/spyrit.net\/\" target=\"_blank\" rel=\"noopener\">SPYRIT<\/a><\/span><\/p>\t\t\t\t\t\t\t\t<\/div>\n\t\t\t\t<\/div>\n\t\t\t\t<div class=\"elementor-element elementor-element-fef9b06 elementor-widget elementor-widget-heading\" data-id=\"fef9b06\" data-element_type=\"widget\" data-widget_type=\"heading.default\">\n\t\t\t\t<div class=\"elementor-widget-container\">\n\t\t\t\t\t<h2 class=\"elementor-heading-title elementor-size-default\">Hosting<\/h2>\t\t\t\t<\/div>\n\t\t\t\t<\/div>\n\t\t\t\t<div class=\"elementor-element elementor-element-02e9135 elementor-widget elementor-widget-text-editor\" data-id=\"02e9135\" data-element_type=\"widget\" data-widget_type=\"text-editor.default\">\n\t\t\t\t<div class=\"elementor-widget-container\">\n\t\t\t\t\t\t\t\t\t<p>The site is hosted by :<\/p><p><strong>OVH SAS<\/strong><br \/>www.ovh.com<br \/>2 rue Kellermann - BP 80157<br \/>59053 ROUBAIX Cedex 1<br \/>Tel. +33 (0)8 203 203 63<\/p>\t\t\t\t\t\t\t\t<\/div>\n\t\t\t\t<\/div>\n\t\t\t\t<div class=\"elementor-element elementor-element-f276a14 elementor-widget elementor-widget-heading\" data-id=\"f276a14\" data-element_type=\"widget\" data-widget_type=\"heading.default\">\n\t\t\t\t<div class=\"elementor-widget-container\">\n\t\t\t\t\t<h2 class=\"elementor-heading-title elementor-size-default\">Protection of personal data<\/h2>\t\t\t\t<\/div>\n\t\t\t\t<\/div>\n\t\t\t\t<div class=\"elementor-element elementor-element-1dd8cf8 elementor-widget elementor-widget-text-editor\" data-id=\"1dd8cf8\" data-element_type=\"widget\" data-widget_type=\"text-editor.default\">\n\t\t\t\t<div class=\"elementor-widget-container\">\n\t\t\t\t\t\t\t\t\t<p>On 25 May 2018, the General Data Protection Regulation came into force. It guarantees European citizens new rights regarding the use of their personal data by third parties. We assure you of the commitment of the Congregation of Saint Joseph de Cluny in this area.<\/p><p>The Congr\u00e9gation de Saint Joseph de Cluny protects your data and remains the sole owner. Your data is neither sold to third parties nor exchanged. It is used to inform you of the actions of the Congregation of Saint Joseph de Cluny, to manage your donations, to improve your experience on our site or to appeal to your generosity. We keep it for the time strictly necessary to achieve the purposes mentioned above.<\/p><p>You can find full details of our privacy policy at<span style=\"text-wrap-mode: initial;\">\u00a0the page <\/span><a style=\"text-wrap-mode: initial; background-color: #f4f9fc;\" href=\"https:\/\/www.sj-cluny.org\/en\/politique-de-confidentialite\/\"><span style=\"text-decoration-line: underline;\">Privacy policy<\/span><\/a><span style=\"text-wrap-mode: initial;\">.<\/span><\/p><p>Sisters of Saint Joseph of Cluny<\/p>\t\t\t\t\t\t\t\t<\/div>\n\t\t\t\t<\/div>\n\t\t\t\t\t<\/div>\n\t\t\t\t<\/div>\n\t\t\t\t<\/div>","protected":false},"excerpt":{"rendered":"<p>Website publisher The www.sj-cluny.org website is published by : Les Soeurs de Saint Joseph de Cluny21 Rue M\u00e9chain75014 Paris Publication director: Sister Clare Stanley Production [...]<\/p>","protected":false},"author":1,"featured_media":0,"parent":0,"menu_order":0,"comment_status":"closed","ping_status":"closed","template":"elementor_header_footer","meta":{"_acf_changed":false,"footnotes":""},"class_list":["post-251","page","type-page","status-publish","hentry"],"acf":[],"yoast_head":"<!-- This site is optimized with the Yoast SEO plugin v26.3 - https:\/\/yoast.com\/wordpress\/plugins\/seo\/ -->\n<title>Mentions l\u00e9gales - S\u0153urs de Saint-Joseph de Cluny<\/title>\n<meta name=\"robots\" content=\"index, follow, max-snippet:-1, max-image-preview:large, max-video-preview:-1\" \/>\n<link rel=\"canonical\" href=\"https:\/\/www.sj-cluny.org\/en\/mentions-legales\/\" \/>\n<meta property=\"og:locale\" content=\"en_GB\" \/>\n<meta property=\"og:type\" content=\"article\" \/>\n<meta property=\"og:title\" content=\"Mentions l\u00e9gales - S\u0153urs de Saint-Joseph de Cluny\" \/>\n<meta property=\"og:description\" content=\"\u00c9diteur du site Le site web www.sj-cluny.org est \u00e9dit\u00e9 par : Les Soeurs de Saint Joseph de Cluny21 Rue M\u00e9chain75014 Paris Directrice de la publication : S\u0153ur Clare Stanley R\u00e9alisation [&hellip;]\" \/>\n<meta property=\"og:url\" content=\"https:\/\/www.sj-cluny.org\/en\/mentions-legales\/\" \/>\n<meta property=\"og:site_name\" content=\"S\u0153urs de Saint-Joseph de Cluny\" \/>\n<meta property=\"article:modified_time\" content=\"2025-08-18T19:21:48+00:00\" \/>\n<meta name=\"twitter:card\" content=\"summary_large_image\" \/>\n<meta name=\"twitter:label1\" content=\"Est. reading time\" \/>\n\t<meta name=\"twitter:data1\" content=\"1 minute\" \/>\n<script type=\"application\/ld+json\" class=\"yoast-schema-graph\">{\"@context\":\"https:\/\/schema.org\",\"@graph\":[{\"@type\":\"WebPage\",\"@id\":\"https:\/\/www.sj-cluny.org\/mentions-legales\/\",\"url\":\"https:\/\/www.sj-cluny.org\/mentions-legales\/\",\"name\":\"Mentions l\u00e9gales - S\u0153urs de Saint-Joseph de Cluny\",\"isPartOf\":{\"@id\":\"https:\/\/www.sj-cluny.org\/#website\"},\"primaryImageOfPage\":{\"@id\":\"https:\/\/www.sj-cluny.org\/mentions-legales\/#primaryimage\"},\"image\":{\"@id\":\"https:\/\/www.sj-cluny.org\/mentions-legales\/#primaryimage\"},\"thumbnailUrl\":\"https:\/\/www.sj-cluny.org\/wp-content\/uploads\/2025\/06\/coeur-blanc.svg\",\"datePublished\":\"2025-05-22T13:38:59+00:00\",\"dateModified\":\"2025-08-18T19:21:48+00:00\",\"breadcrumb\":{\"@id\":\"https:\/\/www.sj-cluny.org\/mentions-legales\/#breadcrumb\"},\"inLanguage\":\"en-GB\",\"potentialAction\":[{\"@type\":\"ReadAction\",\"target\":[\"https:\/\/www.sj-cluny.org\/mentions-legales\/\"]}]},{\"@type\":\"ImageObject\",\"inLanguage\":\"en-GB\",\"@id\":\"https:\/\/www.sj-cluny.org\/mentions-legales\/#primaryimage\",\"url\":\"https:\/\/www.sj-cluny.org\/wp-content\/uploads\/2025\/06\/coeur-blanc.svg\",\"contentUrl\":\"https:\/\/www.sj-cluny.org\/wp-content\/uploads\/2025\/06\/coeur-blanc.svg\"},{\"@type\":\"BreadcrumbList\",\"@id\":\"https:\/\/www.sj-cluny.org\/mentions-legales\/#breadcrumb\",\"itemListElement\":[{\"@type\":\"ListItem\",\"position\":1,\"name\":\"Accueil\",\"item\":\"https:\/\/www.sj-cluny.org\/\"},{\"@type\":\"ListItem\",\"position\":2,\"name\":\"Mentions l\u00e9gales\"}]},{\"@type\":\"WebSite\",\"@id\":\"https:\/\/www.sj-cluny.org\/#website\",\"url\":\"https:\/\/www.sj-cluny.org\/\",\"name\":\"S\u0153urs de Saint-Joseph de Cluny\",\"description\":\"\",\"potentialAction\":[{\"@type\":\"SearchAction\",\"target\":{\"@type\":\"EntryPoint\",\"urlTemplate\":\"https:\/\/www.sj-cluny.org\/?s={search_term_string}\"},\"query-input\":{\"@type\":\"PropertyValueSpecification\",\"valueRequired\":true,\"valueName\":\"search_term_string\"}}],\"inLanguage\":\"en-GB\"}]}<\/script>\n<!-- \/ Yoast SEO plugin. -->","yoast_head_json":{"title":"Legal information - Sisters of Saint Joseph of Cluny","robots":{"index":"index","follow":"follow","max-snippet":"max-snippet:-1","max-image-preview":"max-image-preview:large","max-video-preview":"max-video-preview:-1"},"canonical":"https:\/\/www.sj-cluny.org\/en\/mentions-legales\/","og_locale":"en_GB","og_type":"article","og_title":"Mentions l\u00e9gales - S\u0153urs de Saint-Joseph de Cluny","og_description":"\u00c9diteur du site Le site web www.sj-cluny.org est \u00e9dit\u00e9 par : Les Soeurs de Saint Joseph de Cluny21 Rue M\u00e9chain75014 Paris Directrice de la publication : S\u0153ur Clare Stanley R\u00e9alisation [&hellip;]","og_url":"https:\/\/www.sj-cluny.org\/en\/mentions-legales\/","og_site_name":"S\u0153urs de Saint-Joseph de Cluny","article_modified_time":"2025-08-18T19:21:48+00:00","twitter_card":"summary_large_image","twitter_misc":{"Est. reading time":"1 minute"},"schema":{"@context":"https:\/\/schema.org","@graph":[{"@type":"WebPage","@id":"https:\/\/www.sj-cluny.org\/mentions-legales\/","url":"https:\/\/www.sj-cluny.org\/mentions-legales\/","name":"Legal information - Sisters of Saint Joseph of Cluny","isPartOf":{"@id":"https:\/\/www.sj-cluny.org\/#website"},"primaryImageOfPage":{"@id":"https:\/\/www.sj-cluny.org\/mentions-legales\/#primaryimage"},"image":{"@id":"https:\/\/www.sj-cluny.org\/mentions-legales\/#primaryimage"},"thumbnailUrl":"https:\/\/www.sj-cluny.org\/wp-content\/uploads\/2025\/06\/coeur-blanc.svg","datePublished":"2025-05-22T13:38:59+00:00","dateModified":"2025-08-18T19:21:48+00:00","breadcrumb":{"@id":"https:\/\/www.sj-cluny.org\/mentions-legales\/#breadcrumb"},"inLanguage":"en-GB","potentialAction":[{"@type":"ReadAction","target":["https:\/\/www.sj-cluny.org\/mentions-legales\/"]}]},{"@type":"ImageObject","inLanguage":"en-GB","@id":"https:\/\/www.sj-cluny.org\/mentions-legales\/#primaryimage","url":"https:\/\/www.sj-cluny.org\/wp-content\/uploads\/2025\/06\/coeur-blanc.svg","contentUrl":"https:\/\/www.sj-cluny.org\/wp-content\/uploads\/2025\/06\/coeur-blanc.svg"},{"@type":"BreadcrumbList","@id":"https:\/\/www.sj-cluny.org\/mentions-legales\/#breadcrumb","itemListElement":[{"@type":"ListItem","position":1,"name":"Accueil","item":"https:\/\/www.sj-cluny.org\/"},{"@type":"ListItem","position":2,"name":"Mentions l\u00e9gales"}]},{"@type":"WebSite","@id":"https:\/\/www.sj-cluny.org\/#website","url":"https:\/\/www.sj-cluny.org\/","name":"Sisters of Saint Joseph of Cluny","description":"","potentialAction":[{"@type":"SearchAction","target":{"@type":"EntryPoint","urlTemplate":"https:\/\/www.sj-cluny.org\/?s={search_term_string}"},"query-input":{"@type":"PropertyValueSpecification","valueRequired":true,"valueName":"search_term_string"}}],"inLanguage":"en-GB"}]}},"_links":{"self":[{"href":"https:\/\/www.sj-cluny.org\/en\/wp-json\/wp\/v2\/pages\/251","targetHints":{"allow":["GET"]}}],"collection":[{"href":"https:\/\/www.sj-cluny.org\/en\/wp-json\/wp\/v2\/pages"}],"about":[{"href":"https:\/\/www.sj-cluny.org\/en\/wp-json\/wp\/v2\/types\/page"}],"author":[{"embeddable":true,"href":"https:\/\/www.sj-cluny.org\/en\/wp-json\/wp\/v2\/users\/1"}],"replies":[{"embeddable":true,"href":"https:\/\/www.sj-cluny.org\/en\/wp-json\/wp\/v2\/comments?post=251"}],"version-history":[{"count":10,"href":"https:\/\/www.sj-cluny.org\/en\/wp-json\/wp\/v2\/pages\/251\/revisions"}],"predecessor-version":[{"id":2267,"href":"https:\/\/www.sj-cluny.org\/en\/wp-json\/wp\/v2\/pages\/251\/revisions\/2267"}],"wp:attachment":[{"href":"https:\/\/www.sj-cluny.org\/en\/wp-json\/wp\/v2\/media?parent=251"}],"curies":[{"name":"wp","href":"https:\/\/api.w.org\/{rel}","templated":true}]}}